{"id":4977,"date":"2023-05-08T14:04:20","date_gmt":"2023-05-08T12:04:20","guid":{"rendered":"https:\/\/www.botek.se\/?post_type=product&#038;p=4977"},"modified":"2026-03-19T14:00:05","modified_gmt":"2026-03-19T13:00:05","slug":"kasipaate","status":"publish","type":"product","link":"https:\/\/www.botek.se\/fi\/produkt\/kasipaate\/","title":{"rendered":"K\u00e4sip\u00e4\u00e4te"},"content":{"rendered":"<div class=\"key-figures mc mc--xl lw lw--mw-cntnt-pd\"><div class=\"key-figure\"> <h2 class=\"pre-title\">P\u00f6lytiivis<\/h2> <p class=\"value\">IP65, IEC 60529<\/p> <p class=\"text\">Kest\u00e4\u00e4 p\u00e4ivitt\u00e4isen k\u00e4yt\u00f6n<\/p><\/div><div class=\"key-figure\"> <h2 class=\"pre-title\">Vedenkest\u00e4vyys<\/h2> <p class=\"value\">IP65<\/p> <p class=\"text\">Kest\u00e4\u00e4 kevytt\u00e4 sadetta<\/p><\/div><div class=\"key-figure\"> <h2 class=\"pre-title\">Iskunkest\u00e4vyys<\/h2> <p class=\"value\">26 pudotusta<\/p> <p class=\"text\">Kest\u00e4\u00e4 26 pudotusta 1,2 metrist\u00e4<\/p><\/div><\/div>\n\n<div class=\"container mc mc--xl lw lw--mw-txt bw\"><div class=\"container__inner bw\">\n\n<h3 class=\"wp-block-heading\"><strong>Sopii erilaisiin asetuksiin<\/strong><\/h3>\n\n\n\n<p>Yhdess\u00e4 Uppm\u00e4rkning-ohjelmiston kanssa tiedostomuoto mukautetaan vastaamaan eri k\u00e4ytt\u00e4jien asetuksia.<\/p>\n\n\n\n<p>Kolmella yksinkertaisella napinpainalluksella rekister\u00f6id\u00e4\u00e4n viivakoodi, RFID-tunniste ja GPS-sijainti. J\u00e4teastian koon tai j\u00e4tejakeen tiedot voidaan tallentaa my\u00f6s pudotusvalikon kautta. Tiedot siirret\u00e4\u00e4n sen j\u00e4lkeen hallintaj\u00e4rjestelm\u00e4\u00e4n, jossa sopimustiedot sijaitsevat.<\/p>\n\n<\/div><\/div>\n\n<div class=\"technical-specifications mc mc--none lw lw--mw-cntnt-pd\"><div class=\"technical-specifications__header\"><h2>Tekniset tiedot<\/h2><span class=\"subtitle\">Nautiz X2<\/span><\/div><dl class=\"technical-specifications__specifications\"> <div class=\"specification\"> <dt><\/dt> <dd><p>Laser Scanner 1D<\/p><\/dd> <\/div> <div class=\"specification\"> <dt><\/dt> <dd><p>RFID EM- ja BDE-standardit, 125\u2013134,2 kHz<\/p><\/dd> <\/div> <div class=\"specification\"> <dt><\/dt> <dd><p>GPS\/GLONASS<\/p><\/dd> <\/div> <div class=\"specification\"> <dt><\/dt> <dd><p>LTE (4G) + WiFi<\/p><\/dd> <\/div><\/dl><\/div>","protected":false},"featured_media":4978,"template":"","class_list":["post-4977","product","type-product","status-publish","has-post-thumbnail","hentry"],"acf":[],"yoast_head":"<!-- This site is optimized with the Yoast SEO plugin v27.3 - https:\/\/yoast.com\/product\/yoast-seo-wordpress\/ -->\n<title>K\u00e4sip\u00e4\u00e4te - Botek<\/title>\n<meta name=\"robots\" content=\"index, follow, max-snippet:-1, max-image-preview:large, max-video-preview:-1\" \/>\n<link rel=\"canonical\" href=\"https:\/\/www.botek.se\/fi\/produkt\/kasipaate\/\" \/>\n<meta property=\"og:locale\" content=\"fi_FI\" \/>\n<meta property=\"og:type\" content=\"article\" \/>\n<meta property=\"og:title\" content=\"K\u00e4sip\u00e4\u00e4te - Botek\" \/>\n<meta property=\"og:description\" content=\"J\u00e4teastioiden merkint\u00e4\u00e4n k\u00e4ytet\u00e4\u00e4n Handheldin Android-pohjaista Nautiz X2 -k\u00e4sip\u00e4\u00e4tett\u00e4.\" \/>\n<meta property=\"og:url\" content=\"https:\/\/www.botek.se\/fi\/produkt\/kasipaate\/\" \/>\n<meta property=\"og:site_name\" content=\"Botek\" \/>\n<meta property=\"article:publisher\" content=\"https:\/\/www.facebook.com\/BotekSystems\/\" \/>\n<meta property=\"article:modified_time\" content=\"2026-03-19T13:00:05+00:00\" \/>\n<meta property=\"og:image\" content=\"https:\/\/www.botek.se\/wp-content\/uploads\/2023\/05\/handdator-e1684313086337.png\" \/>\n\t<meta property=\"og:image:width\" content=\"705\" \/>\n\t<meta property=\"og:image:height\" content=\"850\" \/>\n\t<meta property=\"og:image:type\" content=\"image\/png\" \/>\n<meta name=\"twitter:card\" content=\"summary_large_image\" \/>\n<meta name=\"twitter:label1\" content=\"Arvioitu lukuaika\" \/>\n\t<meta name=\"twitter:data1\" content=\"1 minuutti\" \/>\n<script type=\"application\/ld+json\" class=\"yoast-schema-graph\">{\"@context\":\"https:\\\/\\\/schema.org\",\"@graph\":[{\"@type\":\"WebPage\",\"@id\":\"https:\\\/\\\/www.botek.se\\\/fi\\\/produkt\\\/kasipaate\\\/\",\"url\":\"https:\\\/\\\/www.botek.se\\\/fi\\\/produkt\\\/kasipaate\\\/\",\"name\":\"K\u00e4sip\u00e4\u00e4te - Botek\",\"isPartOf\":{\"@id\":\"https:\\\/\\\/www.botek.se\\\/#website\"},\"primaryImageOfPage\":{\"@id\":\"https:\\\/\\\/www.botek.se\\\/fi\\\/produkt\\\/kasipaate\\\/#primaryimage\"},\"image\":{\"@id\":\"https:\\\/\\\/www.botek.se\\\/fi\\\/produkt\\\/kasipaate\\\/#primaryimage\"},\"thumbnailUrl\":\"https:\\\/\\\/www.botek.se\\\/wp-content\\\/uploads\\\/2023\\\/05\\\/handdator-e1684313086337.png\",\"datePublished\":\"2023-05-08T12:04:20+00:00\",\"dateModified\":\"2026-03-19T13:00:05+00:00\",\"breadcrumb\":{\"@id\":\"https:\\\/\\\/www.botek.se\\\/fi\\\/produkt\\\/kasipaate\\\/#breadcrumb\"},\"inLanguage\":\"fi\",\"potentialAction\":[{\"@type\":\"ReadAction\",\"target\":[\"https:\\\/\\\/www.botek.se\\\/fi\\\/produkt\\\/kasipaate\\\/\"]}]},{\"@type\":\"ImageObject\",\"inLanguage\":\"fi\",\"@id\":\"https:\\\/\\\/www.botek.se\\\/fi\\\/produkt\\\/kasipaate\\\/#primaryimage\",\"url\":\"https:\\\/\\\/www.botek.se\\\/wp-content\\\/uploads\\\/2023\\\/05\\\/handdator-e1684313086337.png\",\"contentUrl\":\"https:\\\/\\\/www.botek.se\\\/wp-content\\\/uploads\\\/2023\\\/05\\\/handdator-e1684313086337.png\",\"width\":705,\"height\":850},{\"@type\":\"BreadcrumbList\",\"@id\":\"https:\\\/\\\/www.botek.se\\\/fi\\\/produkt\\\/kasipaate\\\/#breadcrumb\",\"itemListElement\":[{\"@type\":\"ListItem\",\"position\":1,\"name\":\"Etusivu\",\"item\":\"https:\\\/\\\/www.botek.se\\\/fi\\\/\"},{\"@type\":\"ListItem\",\"position\":2,\"name\":\"K\u00e4sip\u00e4\u00e4te\"}]},{\"@type\":\"WebSite\",\"@id\":\"https:\\\/\\\/www.botek.se\\\/#website\",\"url\":\"https:\\\/\\\/www.botek.se\\\/\",\"name\":\"Botek\",\"description\":\"\",\"publisher\":{\"@id\":\"https:\\\/\\\/www.botek.se\\\/#organization\"},\"potentialAction\":[{\"@type\":\"SearchAction\",\"target\":{\"@type\":\"EntryPoint\",\"urlTemplate\":\"https:\\\/\\\/www.botek.se\\\/?s={search_term_string}\"},\"query-input\":{\"@type\":\"PropertyValueSpecification\",\"valueRequired\":true,\"valueName\":\"search_term_string\"}}],\"inLanguage\":\"fi\"},{\"@type\":\"Organization\",\"@id\":\"https:\\\/\\\/www.botek.se\\\/#organization\",\"name\":\"Botek\",\"url\":\"https:\\\/\\\/www.botek.se\\\/\",\"logo\":{\"@type\":\"ImageObject\",\"inLanguage\":\"fi\",\"@id\":\"https:\\\/\\\/www.botek.se\\\/#\\\/schema\\\/logo\\\/image\\\/\",\"url\":\"https:\\\/\\\/www.botek.se\\\/wp-content\\\/uploads\\\/2023\\\/05\\\/logo.png\",\"contentUrl\":\"https:\\\/\\\/www.botek.se\\\/wp-content\\\/uploads\\\/2023\\\/05\\\/logo.png\",\"width\":594,\"height\":140,\"caption\":\"Botek\"},\"image\":{\"@id\":\"https:\\\/\\\/www.botek.se\\\/#\\\/schema\\\/logo\\\/image\\\/\"},\"sameAs\":[\"https:\\\/\\\/www.facebook.com\\\/BotekSystems\\\/\",\"https:\\\/\\\/www.linkedin.com\\\/company\\\/botek-systems-ab\\\/\",\"https:\\\/\\\/www.instagram.com\\\/boteksystemsab\\\/\"]}]}<\/script>\n<!-- \/ Yoast SEO plugin. -->","yoast_head_json":{"title":"K\u00e4sip\u00e4\u00e4te - Botek","robots":{"index":"index","follow":"follow","max-snippet":"max-snippet:-1","max-image-preview":"max-image-preview:large","max-video-preview":"max-video-preview:-1"},"canonical":"https:\/\/www.botek.se\/fi\/produkt\/kasipaate\/","og_locale":"fi_FI","og_type":"article","og_title":"K\u00e4sip\u00e4\u00e4te - Botek","og_description":"J\u00e4teastioiden merkint\u00e4\u00e4n k\u00e4ytet\u00e4\u00e4n Handheldin Android-pohjaista Nautiz X2 -k\u00e4sip\u00e4\u00e4tett\u00e4.","og_url":"https:\/\/www.botek.se\/fi\/produkt\/kasipaate\/","og_site_name":"Botek","article_publisher":"https:\/\/www.facebook.com\/BotekSystems\/","article_modified_time":"2026-03-19T13:00:05+00:00","og_image":[{"width":705,"height":850,"url":"https:\/\/www.botek.se\/wp-content\/uploads\/2023\/05\/handdator-e1684313086337.png","type":"image\/png"}],"twitter_card":"summary_large_image","twitter_misc":{"Arvioitu lukuaika":"1 minuutti"},"schema":{"@context":"https:\/\/schema.org","@graph":[{"@type":"WebPage","@id":"https:\/\/www.botek.se\/fi\/produkt\/kasipaate\/","url":"https:\/\/www.botek.se\/fi\/produkt\/kasipaate\/","name":"K\u00e4sip\u00e4\u00e4te - Botek","isPartOf":{"@id":"https:\/\/www.botek.se\/#website"},"primaryImageOfPage":{"@id":"https:\/\/www.botek.se\/fi\/produkt\/kasipaate\/#primaryimage"},"image":{"@id":"https:\/\/www.botek.se\/fi\/produkt\/kasipaate\/#primaryimage"},"thumbnailUrl":"https:\/\/www.botek.se\/wp-content\/uploads\/2023\/05\/handdator-e1684313086337.png","datePublished":"2023-05-08T12:04:20+00:00","dateModified":"2026-03-19T13:00:05+00:00","breadcrumb":{"@id":"https:\/\/www.botek.se\/fi\/produkt\/kasipaate\/#breadcrumb"},"inLanguage":"fi","potentialAction":[{"@type":"ReadAction","target":["https:\/\/www.botek.se\/fi\/produkt\/kasipaate\/"]}]},{"@type":"ImageObject","inLanguage":"fi","@id":"https:\/\/www.botek.se\/fi\/produkt\/kasipaate\/#primaryimage","url":"https:\/\/www.botek.se\/wp-content\/uploads\/2023\/05\/handdator-e1684313086337.png","contentUrl":"https:\/\/www.botek.se\/wp-content\/uploads\/2023\/05\/handdator-e1684313086337.png","width":705,"height":850},{"@type":"BreadcrumbList","@id":"https:\/\/www.botek.se\/fi\/produkt\/kasipaate\/#breadcrumb","itemListElement":[{"@type":"ListItem","position":1,"name":"Etusivu","item":"https:\/\/www.botek.se\/fi\/"},{"@type":"ListItem","position":2,"name":"K\u00e4sip\u00e4\u00e4te"}]},{"@type":"WebSite","@id":"https:\/\/www.botek.se\/#website","url":"https:\/\/www.botek.se\/","name":"Botek","description":"","publisher":{"@id":"https:\/\/www.botek.se\/#organization"},"potentialAction":[{"@type":"SearchAction","target":{"@type":"EntryPoint","urlTemplate":"https:\/\/www.botek.se\/?s={search_term_string}"},"query-input":{"@type":"PropertyValueSpecification","valueRequired":true,"valueName":"search_term_string"}}],"inLanguage":"fi"},{"@type":"Organization","@id":"https:\/\/www.botek.se\/#organization","name":"Botek","url":"https:\/\/www.botek.se\/","logo":{"@type":"ImageObject","inLanguage":"fi","@id":"https:\/\/www.botek.se\/#\/schema\/logo\/image\/","url":"https:\/\/www.botek.se\/wp-content\/uploads\/2023\/05\/logo.png","contentUrl":"https:\/\/www.botek.se\/wp-content\/uploads\/2023\/05\/logo.png","width":594,"height":140,"caption":"Botek"},"image":{"@id":"https:\/\/www.botek.se\/#\/schema\/logo\/image\/"},"sameAs":["https:\/\/www.facebook.com\/BotekSystems\/","https:\/\/www.linkedin.com\/company\/botek-systems-ab\/","https:\/\/www.instagram.com\/boteksystemsab\/"]}]}},"_links":{"self":[{"href":"https:\/\/www.botek.se\/fi\/wp-json\/wp\/v2\/product\/4977","targetHints":{"allow":["GET"]}}],"collection":[{"href":"https:\/\/www.botek.se\/fi\/wp-json\/wp\/v2\/product"}],"about":[{"href":"https:\/\/www.botek.se\/fi\/wp-json\/wp\/v2\/types\/product"}],"version-history":[{"count":1,"href":"https:\/\/www.botek.se\/fi\/wp-json\/wp\/v2\/product\/4977\/revisions"}],"predecessor-version":[{"id":4979,"href":"https:\/\/www.botek.se\/fi\/wp-json\/wp\/v2\/product\/4977\/revisions\/4979"}],"wp:featuredmedia":[{"embeddable":true,"href":"https:\/\/www.botek.se\/fi\/wp-json\/wp\/v2\/media\/4978"}],"wp:attachment":[{"href":"https:\/\/www.botek.se\/fi\/wp-json\/wp\/v2\/media?parent=4977"}],"curies":[{"name":"wp","href":"https:\/\/api.w.org\/{rel}","templated":true}]}}