{"id":4971,"date":"2023-05-08T14:08:04","date_gmt":"2023-05-08T12:08:04","guid":{"rendered":"https:\/\/www.botek.se\/?post_type=product&#038;p=4971"},"modified":"2026-03-19T13:56:26","modified_gmt":"2026-03-19T12:56:26","slug":"tarrat-ja-tulostimet","status":"publish","type":"product","link":"https:\/\/www.botek.se\/fi\/produkt\/tarrat-ja-tulostimet\/","title":{"rendered":"Tarrat ja tulostimet"},"content":{"rendered":"<div class=\"container mc mc--xl lw lw--mw-txt bw container--padding-single\"><div class=\"container__inner bw\">\n\n<h3 class=\"wp-block-heading\"><strong>Kulutusta kest\u00e4v\u00e4t tarrat j\u00e4teastioille<\/strong><\/h3>\n\n\n\n<p>J\u00e4teastioiden merkint\u00e4\u00e4n tarkoitettu tarramme on kehitetty ja testattu tarttumaan hyvin, kest\u00e4m\u00e4\u00e4n l\u00e4mp\u00f6tilan vaihteluita ja s\u00e4ilytt\u00e4m\u00e4\u00e4n luettavuutensa ulkona jopa 15 vuoden ajan.<\/p>\n\n\n\n<p>Tarran uloin kerros on p\u00e4\u00e4llystetty kiilt\u00e4v\u00e4ll\u00e4 polypropeenikalvolla, joka kest\u00e4\u00e4 vett\u00e4, \u00f6ljy\u00e4 ja kemikaaleja. Tarrat painetaan Thermotransfer-l\u00e4mp\u00f6siirrolla hartsipohjaisella v\u00e4rinauhalla.<\/p>\n\n\n\n<h3 class=\"wp-block-heading\"><strong>Tulosta tarrat j\u00e4teastioihin<\/strong><\/h3>\n\n\n\n<p>Toimittamamme tarratulostimet k\u00e4ytt\u00e4v\u00e4t Thermotransfer-l\u00e4mp\u00f6siirtomenetelm\u00e4\u00e4 tarrojen musteen painamiseen. T\u00e4m\u00e4n menetelm\u00e4n avulla painatus ei p\u00e4\u00e4se haalistumaan ajan my\u00f6t\u00e4; tarra voi s\u00e4ilytt\u00e4\u00e4 luettavuutensa ulkona jopa 15 vuoden ajan.<\/p>\n\n\n\n<p>Tarratulostin valitaan sen mukaan, tulostetaanko tarrat toimistossa vai j\u00e4tehuoltoajoneuvossa.<\/p>\n\n\n\n<p>Ota yhteytt\u00e4, niin kerromme, mik\u00e4 tulostin sopii parhaiten teid\u00e4n tarpeisiinne.<\/p>\n\n<\/div><\/div>\n\n<div class=\"technical-specifications mc mc--none lw lw--mw-cntnt-pd\"><div class=\"technical-specifications__header\"><h2>Tekniset tiedot<\/h2><span class=\"subtitle\">Tarrat ja tulostimet<\/span><\/div><dl class=\"technical-specifications__specifications\"> <div class=\"specification\"> <dt><\/dt> <dd><p>100x90mm<\/p><\/dd> <\/div> <div class=\"specification\"> <dt><\/dt> <dd><p>100x60mm<\/p><\/dd> <\/div> <div class=\"specification\"> <dt><\/dt> <dd><p>100&#215;50 mm (mobiilitulostimelle)<\/p><\/dd> <\/div><\/dl><\/div>","protected":false},"featured_media":4975,"template":"","class_list":["post-4971","product","type-product","status-publish","has-post-thumbnail","hentry"],"acf":[],"yoast_head":"<!-- This site is optimized with the Yoast SEO plugin v27.3 - https:\/\/yoast.com\/product\/yoast-seo-wordpress\/ -->\n<title>Tarrat ja tulostimet - Botek<\/title>\n<meta name=\"robots\" content=\"index, follow, max-snippet:-1, max-image-preview:large, max-video-preview:-1\" \/>\n<link rel=\"canonical\" href=\"https:\/\/www.botek.se\/fi\/produkt\/tarrat-ja-tulostimet\/\" \/>\n<meta property=\"og:locale\" content=\"fi_FI\" \/>\n<meta property=\"og:type\" content=\"article\" \/>\n<meta property=\"og:title\" content=\"Tarrat ja tulostimet - Botek\" \/>\n<meta property=\"og:description\" content=\"Tulostin ja tarra, jossa on j\u00e4teastian yksil\u00f6llinen viivakoodi.\" \/>\n<meta property=\"og:url\" content=\"https:\/\/www.botek.se\/fi\/produkt\/tarrat-ja-tulostimet\/\" \/>\n<meta property=\"og:site_name\" content=\"Botek\" \/>\n<meta property=\"article:publisher\" content=\"https:\/\/www.facebook.com\/BotekSystems\/\" \/>\n<meta property=\"article:modified_time\" content=\"2026-03-19T12:56:26+00:00\" \/>\n<meta property=\"og:image\" content=\"https:\/\/www.botek.se\/wp-content\/uploads\/2023\/05\/ZT231_ZD421.png\" \/>\n\t<meta property=\"og:image:width\" content=\"1430\" \/>\n\t<meta property=\"og:image:height\" content=\"850\" \/>\n\t<meta property=\"og:image:type\" content=\"image\/png\" \/>\n<meta name=\"twitter:card\" content=\"summary_large_image\" \/>\n<meta name=\"twitter:label1\" content=\"Arvioitu lukuaika\" \/>\n\t<meta name=\"twitter:data1\" content=\"1 minuutti\" \/>\n<script type=\"application\/ld+json\" class=\"yoast-schema-graph\">{\"@context\":\"https:\\\/\\\/schema.org\",\"@graph\":[{\"@type\":\"WebPage\",\"@id\":\"https:\\\/\\\/www.botek.se\\\/fi\\\/produkt\\\/tarrat-ja-tulostimet\\\/\",\"url\":\"https:\\\/\\\/www.botek.se\\\/fi\\\/produkt\\\/tarrat-ja-tulostimet\\\/\",\"name\":\"Tarrat ja tulostimet - Botek\",\"isPartOf\":{\"@id\":\"https:\\\/\\\/www.botek.se\\\/#website\"},\"primaryImageOfPage\":{\"@id\":\"https:\\\/\\\/www.botek.se\\\/fi\\\/produkt\\\/tarrat-ja-tulostimet\\\/#primaryimage\"},\"image\":{\"@id\":\"https:\\\/\\\/www.botek.se\\\/fi\\\/produkt\\\/tarrat-ja-tulostimet\\\/#primaryimage\"},\"thumbnailUrl\":\"https:\\\/\\\/www.botek.se\\\/wp-content\\\/uploads\\\/2023\\\/05\\\/ZT231_ZD421.png\",\"datePublished\":\"2023-05-08T12:08:04+00:00\",\"dateModified\":\"2026-03-19T12:56:26+00:00\",\"breadcrumb\":{\"@id\":\"https:\\\/\\\/www.botek.se\\\/fi\\\/produkt\\\/tarrat-ja-tulostimet\\\/#breadcrumb\"},\"inLanguage\":\"fi\",\"potentialAction\":[{\"@type\":\"ReadAction\",\"target\":[\"https:\\\/\\\/www.botek.se\\\/fi\\\/produkt\\\/tarrat-ja-tulostimet\\\/\"]}]},{\"@type\":\"ImageObject\",\"inLanguage\":\"fi\",\"@id\":\"https:\\\/\\\/www.botek.se\\\/fi\\\/produkt\\\/tarrat-ja-tulostimet\\\/#primaryimage\",\"url\":\"https:\\\/\\\/www.botek.se\\\/wp-content\\\/uploads\\\/2023\\\/05\\\/ZT231_ZD421.png\",\"contentUrl\":\"https:\\\/\\\/www.botek.se\\\/wp-content\\\/uploads\\\/2023\\\/05\\\/ZT231_ZD421.png\",\"width\":1430,\"height\":850},{\"@type\":\"BreadcrumbList\",\"@id\":\"https:\\\/\\\/www.botek.se\\\/fi\\\/produkt\\\/tarrat-ja-tulostimet\\\/#breadcrumb\",\"itemListElement\":[{\"@type\":\"ListItem\",\"position\":1,\"name\":\"Etusivu\",\"item\":\"https:\\\/\\\/www.botek.se\\\/fi\\\/\"},{\"@type\":\"ListItem\",\"position\":2,\"name\":\"Tarrat ja tulostimet\"}]},{\"@type\":\"WebSite\",\"@id\":\"https:\\\/\\\/www.botek.se\\\/#website\",\"url\":\"https:\\\/\\\/www.botek.se\\\/\",\"name\":\"Botek\",\"description\":\"\",\"publisher\":{\"@id\":\"https:\\\/\\\/www.botek.se\\\/#organization\"},\"potentialAction\":[{\"@type\":\"SearchAction\",\"target\":{\"@type\":\"EntryPoint\",\"urlTemplate\":\"https:\\\/\\\/www.botek.se\\\/?s={search_term_string}\"},\"query-input\":{\"@type\":\"PropertyValueSpecification\",\"valueRequired\":true,\"valueName\":\"search_term_string\"}}],\"inLanguage\":\"fi\"},{\"@type\":\"Organization\",\"@id\":\"https:\\\/\\\/www.botek.se\\\/#organization\",\"name\":\"Botek\",\"url\":\"https:\\\/\\\/www.botek.se\\\/\",\"logo\":{\"@type\":\"ImageObject\",\"inLanguage\":\"fi\",\"@id\":\"https:\\\/\\\/www.botek.se\\\/#\\\/schema\\\/logo\\\/image\\\/\",\"url\":\"https:\\\/\\\/www.botek.se\\\/wp-content\\\/uploads\\\/2023\\\/05\\\/logo.png\",\"contentUrl\":\"https:\\\/\\\/www.botek.se\\\/wp-content\\\/uploads\\\/2023\\\/05\\\/logo.png\",\"width\":594,\"height\":140,\"caption\":\"Botek\"},\"image\":{\"@id\":\"https:\\\/\\\/www.botek.se\\\/#\\\/schema\\\/logo\\\/image\\\/\"},\"sameAs\":[\"https:\\\/\\\/www.facebook.com\\\/BotekSystems\\\/\",\"https:\\\/\\\/www.linkedin.com\\\/company\\\/botek-systems-ab\\\/\",\"https:\\\/\\\/www.instagram.com\\\/boteksystemsab\\\/\"]}]}<\/script>\n<!-- \/ Yoast SEO plugin. -->","yoast_head_json":{"title":"Tarrat ja tulostimet - Botek","robots":{"index":"index","follow":"follow","max-snippet":"max-snippet:-1","max-image-preview":"max-image-preview:large","max-video-preview":"max-video-preview:-1"},"canonical":"https:\/\/www.botek.se\/fi\/produkt\/tarrat-ja-tulostimet\/","og_locale":"fi_FI","og_type":"article","og_title":"Tarrat ja tulostimet - Botek","og_description":"Tulostin ja tarra, jossa on j\u00e4teastian yksil\u00f6llinen viivakoodi.","og_url":"https:\/\/www.botek.se\/fi\/produkt\/tarrat-ja-tulostimet\/","og_site_name":"Botek","article_publisher":"https:\/\/www.facebook.com\/BotekSystems\/","article_modified_time":"2026-03-19T12:56:26+00:00","og_image":[{"width":1430,"height":850,"url":"https:\/\/www.botek.se\/wp-content\/uploads\/2023\/05\/ZT231_ZD421.png","type":"image\/png"}],"twitter_card":"summary_large_image","twitter_misc":{"Arvioitu lukuaika":"1 minuutti"},"schema":{"@context":"https:\/\/schema.org","@graph":[{"@type":"WebPage","@id":"https:\/\/www.botek.se\/fi\/produkt\/tarrat-ja-tulostimet\/","url":"https:\/\/www.botek.se\/fi\/produkt\/tarrat-ja-tulostimet\/","name":"Tarrat ja tulostimet - Botek","isPartOf":{"@id":"https:\/\/www.botek.se\/#website"},"primaryImageOfPage":{"@id":"https:\/\/www.botek.se\/fi\/produkt\/tarrat-ja-tulostimet\/#primaryimage"},"image":{"@id":"https:\/\/www.botek.se\/fi\/produkt\/tarrat-ja-tulostimet\/#primaryimage"},"thumbnailUrl":"https:\/\/www.botek.se\/wp-content\/uploads\/2023\/05\/ZT231_ZD421.png","datePublished":"2023-05-08T12:08:04+00:00","dateModified":"2026-03-19T12:56:26+00:00","breadcrumb":{"@id":"https:\/\/www.botek.se\/fi\/produkt\/tarrat-ja-tulostimet\/#breadcrumb"},"inLanguage":"fi","potentialAction":[{"@type":"ReadAction","target":["https:\/\/www.botek.se\/fi\/produkt\/tarrat-ja-tulostimet\/"]}]},{"@type":"ImageObject","inLanguage":"fi","@id":"https:\/\/www.botek.se\/fi\/produkt\/tarrat-ja-tulostimet\/#primaryimage","url":"https:\/\/www.botek.se\/wp-content\/uploads\/2023\/05\/ZT231_ZD421.png","contentUrl":"https:\/\/www.botek.se\/wp-content\/uploads\/2023\/05\/ZT231_ZD421.png","width":1430,"height":850},{"@type":"BreadcrumbList","@id":"https:\/\/www.botek.se\/fi\/produkt\/tarrat-ja-tulostimet\/#breadcrumb","itemListElement":[{"@type":"ListItem","position":1,"name":"Etusivu","item":"https:\/\/www.botek.se\/fi\/"},{"@type":"ListItem","position":2,"name":"Tarrat ja tulostimet"}]},{"@type":"WebSite","@id":"https:\/\/www.botek.se\/#website","url":"https:\/\/www.botek.se\/","name":"Botek","description":"","publisher":{"@id":"https:\/\/www.botek.se\/#organization"},"potentialAction":[{"@type":"SearchAction","target":{"@type":"EntryPoint","urlTemplate":"https:\/\/www.botek.se\/?s={search_term_string}"},"query-input":{"@type":"PropertyValueSpecification","valueRequired":true,"valueName":"search_term_string"}}],"inLanguage":"fi"},{"@type":"Organization","@id":"https:\/\/www.botek.se\/#organization","name":"Botek","url":"https:\/\/www.botek.se\/","logo":{"@type":"ImageObject","inLanguage":"fi","@id":"https:\/\/www.botek.se\/#\/schema\/logo\/image\/","url":"https:\/\/www.botek.se\/wp-content\/uploads\/2023\/05\/logo.png","contentUrl":"https:\/\/www.botek.se\/wp-content\/uploads\/2023\/05\/logo.png","width":594,"height":140,"caption":"Botek"},"image":{"@id":"https:\/\/www.botek.se\/#\/schema\/logo\/image\/"},"sameAs":["https:\/\/www.facebook.com\/BotekSystems\/","https:\/\/www.linkedin.com\/company\/botek-systems-ab\/","https:\/\/www.instagram.com\/boteksystemsab\/"]}]}},"_links":{"self":[{"href":"https:\/\/www.botek.se\/fi\/wp-json\/wp\/v2\/product\/4971","targetHints":{"allow":["GET"]}}],"collection":[{"href":"https:\/\/www.botek.se\/fi\/wp-json\/wp\/v2\/product"}],"about":[{"href":"https:\/\/www.botek.se\/fi\/wp-json\/wp\/v2\/types\/product"}],"version-history":[{"count":1,"href":"https:\/\/www.botek.se\/fi\/wp-json\/wp\/v2\/product\/4971\/revisions"}],"predecessor-version":[{"id":4976,"href":"https:\/\/www.botek.se\/fi\/wp-json\/wp\/v2\/product\/4971\/revisions\/4976"}],"wp:featuredmedia":[{"embeddable":true,"href":"https:\/\/www.botek.se\/fi\/wp-json\/wp\/v2\/media\/4975"}],"wp:attachment":[{"href":"https:\/\/www.botek.se\/fi\/wp-json\/wp\/v2\/media?parent=4971"}],"curies":[{"name":"wp","href":"https:\/\/api.w.org\/{rel}","templated":true}]}}