{"id":4959,"date":"2023-05-08T14:53:28","date_gmt":"2023-05-08T12:53:28","guid":{"rendered":"https:\/\/www.botek.se\/?post_type=product&#038;p=4959"},"modified":"2026-03-19T13:59:08","modified_gmt":"2026-03-19T12:59:08","slug":"ajoneuvoon-asennettu-rfid","status":"publish","type":"product","link":"https:\/\/www.botek.se\/fi\/produkt\/ajoneuvoon-asennettu-rfid\/","title":{"rendered":"Ajoneuvoon asennettu RFID"},"content":{"rendered":"<div class=\"key-figures mc mc--xl lw lw--mw-cntnt-pd\"><div class=\"key-figure\"> <h2 class=\"pre-title\">Antennit<\/h2> <p class=\"value\">3<\/p> <p class=\"text\">B4200 tukee jopa kolmea antennia<\/p><\/div><div class=\"key-figure\"> <h2 class=\"pre-title\">RFID-tunniste<\/h2> <p class=\"value\">Kaikki<\/p> <p class=\"text\">B4200 lukee kaikentyyppisi\u00e4 tunnisteita<\/p><\/div><div class=\"key-figure\"> <h2 class=\"pre-title\">Rakenne<\/h2> <p class=\"value\">Vankka<\/p> <p class=\"text\">B4200 kest\u00e4\u00e4 kovaa k\u00e4sittely\u00e4<\/p><\/div><\/div>\n\n<div class=\"large-highlight mc mc--xl lw lw--mw-cntnt-pd\"> <div class=\"large-highlight__inner\"> <div class=\"large-highlight__photo\"> <div class=\"image image--non-ofi\"> <div style=\"padding-bottom: 72.100313479624%\"><\/div> <img decoding=\"async\" class=\"lazy-image-full js-lazy-image\" src=\"\" data-src=\"https:\/\/www.botek.se\/wp-content\/uploads\/2023\/05\/RFID-B4200-1.png\" data-srcset=\"https:\/\/www.botek.se\/wp-content\/uploads\/2023\/05\/RFID-B4200-1.png 638w, https:\/\/www.botek.se\/wp-content\/uploads\/2023\/05\/RFID-B4200-1-300x216.png 300w\" sizes=\"(max-width: 638px) 100vw, 638px\" alt=\"\"\/><img decoding=\"async\" class=\"lazy-image-preview lazy-image-preview--lazy-not-loaded js-preview-image\" src=\"https:\/\/www.botek.se\/wp-content\/uploads\/2023\/05\/RFID-B4200-1-150x150.png\" alt=\"\"\/> <\/div> <\/div> <div class=\"large-highlight__content\"> <h2>Botek B4200 -monilukija<\/h2><p>J\u00e4tehuoltoajoneuvoihin tarkoitettu Botek Multil\u00e4sare B4200 on kehitetty lukemaan kaikkia j\u00e4tehuoltoalalla yleisesti k\u00e4ytettyj\u00e4 RFID-tunnisteita. Laite on riippumaton tunnistetyypist\u00e4, taajuudesta ja koodauksesta. Tunnisteen lukeminen edellytt\u00e4\u00e4 ainoastaan antennin rakenteen ja sijoituksen mukauttamista. Joten oikeantyyppisen antennin avulla voit lukea eri tunnistetyyppej\u00e4 samalla RFID-lukijalla. B4200 tukee samanaikaisesti jopa kolmea antennia, joilla on yksil\u00f6llinen konfiguraatio.<\/p> <\/div> <\/div> <\/div>\n\n<div class=\"technical-specifications mc mc--xl lw lw--mw-cntnt-pd\"><div class=\"technical-specifications__header\"><h2>Tekniset tiedot<\/h2><span class=\"subtitle\">B4200<\/span><\/div><dl class=\"technical-specifications__specifications\"> <div class=\"specification\"> <dt><\/dt> <dd><p>Vankka rakenne<\/p><\/dd> <\/div> <div class=\"specification\"> <dt><\/dt> <dd><p>Lukija tukee EM-standardin (Unique), FDX-b- ja HDX-tunnisteiden lukemista<\/p><\/dd> <\/div> <div class=\"specification\"> <dt><\/dt> <dd><p>DIN30745 \/ EN14803:2020<\/p><\/dd> <\/div> <div class=\"specification\"> <dt><\/dt> <dd><p>Jopa kolme antennia<\/p><\/dd> <\/div><\/dl><\/div>\n\n<div class=\"large-highlight is-style-image-right mc mc--xl lw lw--mw-cntnt-pd\"> <div class=\"large-highlight__inner\"> <div class=\"large-highlight__photo\"> <div class=\"image image--non-ofi\"> <div style=\"padding-bottom: 66.666666666667%\"><\/div> <img decoding=\"async\" class=\"lazy-image-full js-lazy-image\" src=\"\" data-src=\"https:\/\/www.botek.se\/wp-content\/uploads\/2023\/05\/RFID-Antenn.png\" data-srcset=\"https:\/\/www.botek.se\/wp-content\/uploads\/2023\/05\/RFID-Antenn.png 1200w, https:\/\/www.botek.se\/wp-content\/uploads\/2023\/05\/RFID-Antenn-300x200.png 300w, https:\/\/www.botek.se\/wp-content\/uploads\/2023\/05\/RFID-Antenn-1024x683.png 1024w, https:\/\/www.botek.se\/wp-content\/uploads\/2023\/05\/RFID-Antenn-768x512.png 768w\" sizes=\"(max-width: 1200px) 100vw, 1200px\" alt=\"\"\/><img decoding=\"async\" class=\"lazy-image-preview lazy-image-preview--lazy-not-loaded js-preview-image\" src=\"https:\/\/www.botek.se\/wp-content\/uploads\/2023\/05\/RFID-Antenn-150x150.png\" alt=\"\"\/> <\/div> <\/div> <div class=\"large-highlight__content\"> <h2>Mage-RFID-antenni saatavilla eri kokoisina<\/h2><p>Itse valmistamamme RFID-antenni on suunniteltu kest\u00e4m\u00e4\u00e4n vaativia olosuhteita. Koska erilaiset rakenteet vaativat erilaisia mittoja ja mukautuksia, antenni on saatavana eri kokoisina. RFID-antenni liitet\u00e4\u00e4n B4200 -RFID-lukijaan.<\/p> <\/div> <\/div> <\/div>\n\n<div class=\"technical-specifications mc mc--xl lw lw--mw-cntnt-pd\"><div class=\"technical-specifications__header\"><h2>Tekniset tiedot<\/h2><span class=\"subtitle\">Mage-RFID-antenni<\/span><\/div><dl class=\"technical-specifications__specifications\"> <div class=\"specification\"> <dt>TCR 100<\/dt> <dd><p>200x100x36 mm (LxKxS)<\/p><\/dd> <\/div> <div class=\"specification\"> <dt>TCR 190<\/dt> <dd><p>390x190x36 mm (LxKxS)<\/p><\/dd> <\/div> <div class=\"specification\"> <dt>TCR 203<\/dt> <dd><p>600x200x35 mm (LxKxS)<\/p><\/dd> <\/div> <div class=\"specification\"> <dt>TCR 251<\/dt> <dd><p>290x290x36 mm (LxKxS)<\/p><\/dd> <\/div><\/dl><\/div>\n\n<div class=\"large-highlight is-style-image-left mc mc--xl lw lw--mw-cntnt-pd\"> <div class=\"large-highlight__inner\"> <div class=\"large-highlight__photo\"> <div class=\"image image--non-ofi\"> <div style=\"padding-bottom: 64.963503649635%\"><\/div> <img decoding=\"async\" class=\"lazy-image-full js-lazy-image\" src=\"\" data-src=\"https:\/\/www.botek.se\/wp-content\/uploads\/2023\/05\/RFID-tand.png\" data-srcset=\"https:\/\/www.botek.se\/wp-content\/uploads\/2023\/05\/RFID-tand.png 1096w, https:\/\/www.botek.se\/wp-content\/uploads\/2023\/05\/RFID-tand-300x195.png 300w, https:\/\/www.botek.se\/wp-content\/uploads\/2023\/05\/RFID-tand-1024x665.png 1024w, https:\/\/www.botek.se\/wp-content\/uploads\/2023\/05\/RFID-tand-768x499.png 768w\" sizes=\"(max-width: 1096px) 100vw, 1096px\" alt=\"\"\/><img decoding=\"async\" class=\"lazy-image-preview lazy-image-preview--lazy-not-loaded js-preview-image\" src=\"https:\/\/www.botek.se\/wp-content\/uploads\/2023\/05\/RFID-tand-150x150.png\" alt=\"\"\/> <\/div> <\/div> <div class=\"large-highlight__content\"> <h2>Tand-RFID-antenni standardikokoisena<\/h2><p>Itse valmistamamme RFID-antenni on suunniteltu kest\u00e4m\u00e4\u00e4n vaativia olosuhteita. TCR 024-tand-antenni on standardikokoinen ja sopii nostimiin, jotka on valmisteltu tand-antenneja varten. RFID-antenni liitet\u00e4\u00e4n B4200 -RFID-lukijaan.<\/p> <\/div> <\/div> <\/div>\n\n<div class=\"technical-specifications mc mc--none lw lw--mw-cntnt-pd\"><div class=\"technical-specifications__header\"><h2>Tekniset tiedot<\/h2><span class=\"subtitle\">Tand-RFID-antenni<\/span><\/div><dl class=\"technical-specifications__specifications\"> <div class=\"specification\"> <dt><\/dt> <dd><p>DIN-standardikoko, Chipnest-tunnisteiden lukemiseen<\/p><\/dd> <\/div><\/dl><\/div>","protected":false},"featured_media":4965,"template":"","class_list":["post-4959","product","type-product","status-publish","has-post-thumbnail","hentry"],"acf":[],"yoast_head":"<!-- This site is optimized with the Yoast SEO plugin v27.3 - https:\/\/yoast.com\/product\/yoast-seo-wordpress\/ -->\n<title>Ajoneuvoon asennettu RFID - Botek<\/title>\n<meta name=\"robots\" content=\"index, follow, max-snippet:-1, max-image-preview:large, max-video-preview:-1\" \/>\n<link rel=\"canonical\" href=\"https:\/\/www.botek.se\/fi\/produkt\/ajoneuvoon-asennettu-rfid\/\" \/>\n<meta property=\"og:locale\" content=\"fi_FI\" \/>\n<meta property=\"og:type\" content=\"article\" \/>\n<meta property=\"og:title\" content=\"Ajoneuvoon asennettu RFID - Botek\" \/>\n<meta property=\"og:description\" content=\"Monilukija pystyy lukemaan eri tyyppisi\u00e4 RFID-tunnisteita samalla lukijalla riippumatta tunnistetyypist\u00e4, taajuudesta tai koodauksesta.\" \/>\n<meta property=\"og:url\" content=\"https:\/\/www.botek.se\/fi\/produkt\/ajoneuvoon-asennettu-rfid\/\" \/>\n<meta property=\"og:site_name\" content=\"Botek\" \/>\n<meta property=\"article:publisher\" content=\"https:\/\/www.facebook.com\/BotekSystems\/\" \/>\n<meta property=\"article:modified_time\" content=\"2026-03-19T12:59:08+00:00\" \/>\n<meta property=\"og:image\" content=\"https:\/\/www.botek.se\/wp-content\/uploads\/2023\/05\/2-Fack-RFID-antenner_x2.png\" \/>\n\t<meta property=\"og:image:width\" content=\"2500\" \/>\n\t<meta property=\"og:image:height\" content=\"900\" \/>\n\t<meta property=\"og:image:type\" content=\"image\/png\" \/>\n<meta name=\"twitter:card\" content=\"summary_large_image\" \/>\n<meta name=\"twitter:label1\" content=\"Arvioitu lukuaika\" \/>\n\t<meta name=\"twitter:data1\" content=\"1 minuutti\" \/>\n<script type=\"application\/ld+json\" class=\"yoast-schema-graph\">{\"@context\":\"https:\\\/\\\/schema.org\",\"@graph\":[{\"@type\":\"WebPage\",\"@id\":\"https:\\\/\\\/www.botek.se\\\/fi\\\/produkt\\\/ajoneuvoon-asennettu-rfid\\\/\",\"url\":\"https:\\\/\\\/www.botek.se\\\/fi\\\/produkt\\\/ajoneuvoon-asennettu-rfid\\\/\",\"name\":\"Ajoneuvoon asennettu RFID - Botek\",\"isPartOf\":{\"@id\":\"https:\\\/\\\/www.botek.se\\\/#website\"},\"primaryImageOfPage\":{\"@id\":\"https:\\\/\\\/www.botek.se\\\/fi\\\/produkt\\\/ajoneuvoon-asennettu-rfid\\\/#primaryimage\"},\"image\":{\"@id\":\"https:\\\/\\\/www.botek.se\\\/fi\\\/produkt\\\/ajoneuvoon-asennettu-rfid\\\/#primaryimage\"},\"thumbnailUrl\":\"https:\\\/\\\/www.botek.se\\\/wp-content\\\/uploads\\\/2023\\\/05\\\/2-Fack-RFID-antenner_x2.png\",\"datePublished\":\"2023-05-08T12:53:28+00:00\",\"dateModified\":\"2026-03-19T12:59:08+00:00\",\"breadcrumb\":{\"@id\":\"https:\\\/\\\/www.botek.se\\\/fi\\\/produkt\\\/ajoneuvoon-asennettu-rfid\\\/#breadcrumb\"},\"inLanguage\":\"fi\",\"potentialAction\":[{\"@type\":\"ReadAction\",\"target\":[\"https:\\\/\\\/www.botek.se\\\/fi\\\/produkt\\\/ajoneuvoon-asennettu-rfid\\\/\"]}]},{\"@type\":\"ImageObject\",\"inLanguage\":\"fi\",\"@id\":\"https:\\\/\\\/www.botek.se\\\/fi\\\/produkt\\\/ajoneuvoon-asennettu-rfid\\\/#primaryimage\",\"url\":\"https:\\\/\\\/www.botek.se\\\/wp-content\\\/uploads\\\/2023\\\/05\\\/2-Fack-RFID-antenner_x2.png\",\"contentUrl\":\"https:\\\/\\\/www.botek.se\\\/wp-content\\\/uploads\\\/2023\\\/05\\\/2-Fack-RFID-antenner_x2.png\",\"width\":2500,\"height\":900},{\"@type\":\"BreadcrumbList\",\"@id\":\"https:\\\/\\\/www.botek.se\\\/fi\\\/produkt\\\/ajoneuvoon-asennettu-rfid\\\/#breadcrumb\",\"itemListElement\":[{\"@type\":\"ListItem\",\"position\":1,\"name\":\"Etusivu\",\"item\":\"https:\\\/\\\/www.botek.se\\\/fi\\\/\"},{\"@type\":\"ListItem\",\"position\":2,\"name\":\"Ajoneuvoon asennettu RFID\"}]},{\"@type\":\"WebSite\",\"@id\":\"https:\\\/\\\/www.botek.se\\\/#website\",\"url\":\"https:\\\/\\\/www.botek.se\\\/\",\"name\":\"Botek\",\"description\":\"\",\"publisher\":{\"@id\":\"https:\\\/\\\/www.botek.se\\\/#organization\"},\"potentialAction\":[{\"@type\":\"SearchAction\",\"target\":{\"@type\":\"EntryPoint\",\"urlTemplate\":\"https:\\\/\\\/www.botek.se\\\/?s={search_term_string}\"},\"query-input\":{\"@type\":\"PropertyValueSpecification\",\"valueRequired\":true,\"valueName\":\"search_term_string\"}}],\"inLanguage\":\"fi\"},{\"@type\":\"Organization\",\"@id\":\"https:\\\/\\\/www.botek.se\\\/#organization\",\"name\":\"Botek\",\"url\":\"https:\\\/\\\/www.botek.se\\\/\",\"logo\":{\"@type\":\"ImageObject\",\"inLanguage\":\"fi\",\"@id\":\"https:\\\/\\\/www.botek.se\\\/#\\\/schema\\\/logo\\\/image\\\/\",\"url\":\"https:\\\/\\\/www.botek.se\\\/wp-content\\\/uploads\\\/2023\\\/05\\\/logo.png\",\"contentUrl\":\"https:\\\/\\\/www.botek.se\\\/wp-content\\\/uploads\\\/2023\\\/05\\\/logo.png\",\"width\":594,\"height\":140,\"caption\":\"Botek\"},\"image\":{\"@id\":\"https:\\\/\\\/www.botek.se\\\/#\\\/schema\\\/logo\\\/image\\\/\"},\"sameAs\":[\"https:\\\/\\\/www.facebook.com\\\/BotekSystems\\\/\",\"https:\\\/\\\/www.linkedin.com\\\/company\\\/botek-systems-ab\\\/\",\"https:\\\/\\\/www.instagram.com\\\/boteksystemsab\\\/\"]}]}<\/script>\n<!-- \/ Yoast SEO plugin. -->","yoast_head_json":{"title":"Ajoneuvoon asennettu RFID - Botek","robots":{"index":"index","follow":"follow","max-snippet":"max-snippet:-1","max-image-preview":"max-image-preview:large","max-video-preview":"max-video-preview:-1"},"canonical":"https:\/\/www.botek.se\/fi\/produkt\/ajoneuvoon-asennettu-rfid\/","og_locale":"fi_FI","og_type":"article","og_title":"Ajoneuvoon asennettu RFID - Botek","og_description":"Monilukija pystyy lukemaan eri tyyppisi\u00e4 RFID-tunnisteita samalla lukijalla riippumatta tunnistetyypist\u00e4, taajuudesta tai koodauksesta.","og_url":"https:\/\/www.botek.se\/fi\/produkt\/ajoneuvoon-asennettu-rfid\/","og_site_name":"Botek","article_publisher":"https:\/\/www.facebook.com\/BotekSystems\/","article_modified_time":"2026-03-19T12:59:08+00:00","og_image":[{"width":2500,"height":900,"url":"https:\/\/www.botek.se\/wp-content\/uploads\/2023\/05\/2-Fack-RFID-antenner_x2.png","type":"image\/png"}],"twitter_card":"summary_large_image","twitter_misc":{"Arvioitu lukuaika":"1 minuutti"},"schema":{"@context":"https:\/\/schema.org","@graph":[{"@type":"WebPage","@id":"https:\/\/www.botek.se\/fi\/produkt\/ajoneuvoon-asennettu-rfid\/","url":"https:\/\/www.botek.se\/fi\/produkt\/ajoneuvoon-asennettu-rfid\/","name":"Ajoneuvoon asennettu RFID - Botek","isPartOf":{"@id":"https:\/\/www.botek.se\/#website"},"primaryImageOfPage":{"@id":"https:\/\/www.botek.se\/fi\/produkt\/ajoneuvoon-asennettu-rfid\/#primaryimage"},"image":{"@id":"https:\/\/www.botek.se\/fi\/produkt\/ajoneuvoon-asennettu-rfid\/#primaryimage"},"thumbnailUrl":"https:\/\/www.botek.se\/wp-content\/uploads\/2023\/05\/2-Fack-RFID-antenner_x2.png","datePublished":"2023-05-08T12:53:28+00:00","dateModified":"2026-03-19T12:59:08+00:00","breadcrumb":{"@id":"https:\/\/www.botek.se\/fi\/produkt\/ajoneuvoon-asennettu-rfid\/#breadcrumb"},"inLanguage":"fi","potentialAction":[{"@type":"ReadAction","target":["https:\/\/www.botek.se\/fi\/produkt\/ajoneuvoon-asennettu-rfid\/"]}]},{"@type":"ImageObject","inLanguage":"fi","@id":"https:\/\/www.botek.se\/fi\/produkt\/ajoneuvoon-asennettu-rfid\/#primaryimage","url":"https:\/\/www.botek.se\/wp-content\/uploads\/2023\/05\/2-Fack-RFID-antenner_x2.png","contentUrl":"https:\/\/www.botek.se\/wp-content\/uploads\/2023\/05\/2-Fack-RFID-antenner_x2.png","width":2500,"height":900},{"@type":"BreadcrumbList","@id":"https:\/\/www.botek.se\/fi\/produkt\/ajoneuvoon-asennettu-rfid\/#breadcrumb","itemListElement":[{"@type":"ListItem","position":1,"name":"Etusivu","item":"https:\/\/www.botek.se\/fi\/"},{"@type":"ListItem","position":2,"name":"Ajoneuvoon asennettu RFID"}]},{"@type":"WebSite","@id":"https:\/\/www.botek.se\/#website","url":"https:\/\/www.botek.se\/","name":"Botek","description":"","publisher":{"@id":"https:\/\/www.botek.se\/#organization"},"potentialAction":[{"@type":"SearchAction","target":{"@type":"EntryPoint","urlTemplate":"https:\/\/www.botek.se\/?s={search_term_string}"},"query-input":{"@type":"PropertyValueSpecification","valueRequired":true,"valueName":"search_term_string"}}],"inLanguage":"fi"},{"@type":"Organization","@id":"https:\/\/www.botek.se\/#organization","name":"Botek","url":"https:\/\/www.botek.se\/","logo":{"@type":"ImageObject","inLanguage":"fi","@id":"https:\/\/www.botek.se\/#\/schema\/logo\/image\/","url":"https:\/\/www.botek.se\/wp-content\/uploads\/2023\/05\/logo.png","contentUrl":"https:\/\/www.botek.se\/wp-content\/uploads\/2023\/05\/logo.png","width":594,"height":140,"caption":"Botek"},"image":{"@id":"https:\/\/www.botek.se\/#\/schema\/logo\/image\/"},"sameAs":["https:\/\/www.facebook.com\/BotekSystems\/","https:\/\/www.linkedin.com\/company\/botek-systems-ab\/","https:\/\/www.instagram.com\/boteksystemsab\/"]}]}},"_links":{"self":[{"href":"https:\/\/www.botek.se\/fi\/wp-json\/wp\/v2\/product\/4959","targetHints":{"allow":["GET"]}}],"collection":[{"href":"https:\/\/www.botek.se\/fi\/wp-json\/wp\/v2\/product"}],"about":[{"href":"https:\/\/www.botek.se\/fi\/wp-json\/wp\/v2\/types\/product"}],"version-history":[{"count":1,"href":"https:\/\/www.botek.se\/fi\/wp-json\/wp\/v2\/product\/4959\/revisions"}],"predecessor-version":[{"id":4967,"href":"https:\/\/www.botek.se\/fi\/wp-json\/wp\/v2\/product\/4959\/revisions\/4967"}],"wp:featuredmedia":[{"embeddable":true,"href":"https:\/\/www.botek.se\/fi\/wp-json\/wp\/v2\/media\/4965"}],"wp:attachment":[{"href":"https:\/\/www.botek.se\/fi\/wp-json\/wp\/v2\/media?parent=4959"}],"curies":[{"name":"wp","href":"https:\/\/api.w.org\/{rel}","templated":true}]}}