{"id":4955,"date":"2023-05-08T14:58:04","date_gmt":"2023-05-08T12:58:04","guid":{"rendered":"https:\/\/www.botek.se\/?post_type=product&#038;p=4955"},"modified":"2026-03-19T13:58:51","modified_gmt":"2026-03-19T12:58:51","slug":"kasikayttoinen-rfid","status":"publish","type":"product","link":"https:\/\/www.botek.se\/fi\/produkt\/kasikayttoinen-rfid\/","title":{"rendered":"K\u00e4sik\u00e4ytt\u00f6inen RFID"},"content":{"rendered":"<div class=\"key-figures mc mc--xl lw lw--mw-cntnt-pd\"><div class=\"key-figure\"> <h2 class=\"pre-title\">RFID-formaatti<\/h2> <p class=\"value\">Kaikki<\/p> <p class=\"text\">Kaikki j\u00e4tehuoltoalalla k\u00e4ytett\u00e4v\u00e4t formaatit<\/p><\/div><div class=\"key-figure\"> <h2 class=\"pre-title\">Tunnisteen numero<\/h2> <p class=\"value\">2 000 kpl<\/p> <p class=\"text\">Aikaleimattu p\u00e4iv\u00e4m\u00e4\u00e4r\u00e4ll\u00e4 ja kellonajalla<\/p><\/div><div class=\"key-figure\"> <h2 class=\"pre-title\">Koko<\/h2> <p class=\"value\">Tulitikkurasia<\/p> <p class=\"text\">Lukija, jossa on antenni, akku ja Bluetooth<\/p><\/div><\/div>\n\n<div class=\"hammer is-style-head-left mc mc--xl lw lw--mw-cntnt-pd hammer--image\"> <div class=\"hammer__inner\"> <div class=\"hammer__head\"> <div class=\"image ofi-holder hammer__image\"> <img decoding=\"async\" class=\"lazy-image-full js-lazy-image\" src=\"\" data-src=\"https:\/\/www.botek.se\/wp-content\/uploads\/2023\/05\/handburen-RFID.jpg\" data-srcset=\"https:\/\/www.botek.se\/wp-content\/uploads\/2023\/05\/handburen-RFID.jpg 1023w, https:\/\/www.botek.se\/wp-content\/uploads\/2023\/05\/handburen-RFID-300x121.jpg 300w, https:\/\/www.botek.se\/wp-content\/uploads\/2023\/05\/handburen-RFID-768x309.jpg 768w\" sizes=\"(max-width: 500px) 140.00912408759vw, (max-width: 1180px) 70.004562043796vw, 826.05383211679px\" alt=\"\"\/><img decoding=\"async\" class=\"lazy-image-preview lazy-image-preview--lazy-not-loaded js-preview-image\" src=\"https:\/\/www.botek.se\/wp-content\/uploads\/2023\/05\/handburen-RFID-150x150.jpg\" alt=\"\"\/> <\/div> <\/div> <div class=\"hammer__handle\"> <div class=\"hammer__handle-inner bw\"> \n\n<h3 class=\"wp-block-heading\"><strong>T\u00e4ydent\u00e4v\u00e4 ratkaisu ajoneuvoihin, joissa on ajoneuvoon asennetut lukijat<\/strong><\/h3>\n\n\n\n<p>Lukija tukee kaikkia j\u00e4tehuoltoalalla k\u00e4ytett\u00e4vi\u00e4 RFID-formaatteja. Tiedonsiirto tapahtuu Bluetoothin kautta, kun lukija on is\u00e4nt\u00e4tietokoneen l\u00e4heisyydess\u00e4.<\/p>\n\n\n\n<p>Lukija tallentaa jopa 2 000 tunnistenumeroa, joihin liitet\u00e4\u00e4n lukemishetken p\u00e4iv\u00e4m\u00e4\u00e4r\u00e4 ja kellonaika. Antennilla, akulla ja Bluetooth-moduulilla varustettu lukija on vain hieman tulitikkurasiaa suurempi.<\/p>\n\n <\/div> <\/div> <\/div> <\/div>\n\n\n<div class=\"wp-block-columns mc mc--xl lw lw--mw-cntnt-pd is-layout-flex wp-container-core-columns-is-layout-9d6595d7 wp-block-columns-is-layout-flex\">\n<div class=\"wp-block-column lw lw--mw-cntnt-pd bw is-layout-flow wp-block-column-is-layout-flow\">\n<h3 class=\"wp-block-heading\">K\u00e4sik\u00e4ytt\u00f6isen RFID-lukijan edut<\/h3>\n\n\n\n<p>K\u00e4sitelt\u00e4v\u00e4 j\u00e4te voi sijaita hankalassa paikassa, j\u00e4teastioiden RFID-tunnisteet voivat olla huonosti sijoitettuja tai j\u00e4te voi olla suurikokoista ja hankalasti k\u00e4sitelt\u00e4v\u00e4\u00e4. T\u00e4llaisissa tilanteissa MiniTrio on k\u00e4tev\u00e4 pit\u00e4\u00e4 ranteessa.<\/p>\n<\/div>\n\n\n\n<div class=\"wp-block-column lw lw--mw-cntnt-pd bw is-layout-flow wp-block-column-is-layout-flow\"><\/div>\n<\/div>\n\n\n<div class=\"icon-highlights mc mc--xl lw lw--mw-cntnt-pd icon-highlights--max-per-row-4 icon-highlights--icon-size-small icon-highlights--alignment-left\"> <div class=\"icon-highlights__inner\"> <div class=\"icon-highlights__highlight\"><div class=\"icon-highlights__icon\"><svg width=\"48\" height=\"48\" viewBox=\"0 0 48 48\" fill=\"none\" xmlns=\"http:\/\/www.w3.org\/2000\/svg\"><path d=\"M31 18L22 30L16 24\" stroke=\"#b60008\" stroke-width=\"3\" stroke-linecap=\"round\" stroke-linejoin=\"round\"\/><g clip-path=\"url(#clip0_2323_7014)\"><path d=\"M24 46.5C36.4264 46.5 46.5 36.4264 46.5 24C46.5 11.5736 36.4264 1.5 24 1.5C11.5736 1.5 1.5 11.5736 1.5 24C1.5 36.4264 11.5736 46.5 24 46.5Z\" stroke=\"#b60008\" stroke-width=\"3\" stroke-linecap=\"round\" stroke-linejoin=\"round\"\/><\/g><defs><clipPath id=\"clip0_2323_7014\"><rect width=\"48\" height=\"48\" fill=\"white\"\/><\/clipPath><\/defs><\/svg><\/div><div class=\"icon-highlights__content\"><span class=\"title\"><\/span><p>J\u00e4tehuoneiden, konttien ja kaivojen tyhjennysten kirjaamiseen<\/p><\/div><\/div><div class=\"icon-highlights__highlight\"><div class=\"icon-highlights__icon\"><svg width=\"48\" height=\"48\" viewBox=\"0 0 48 48\" fill=\"none\" xmlns=\"http:\/\/www.w3.org\/2000\/svg\"><path d=\"M31 18L22 30L16 24\" stroke=\"#b60008\" stroke-width=\"3\" stroke-linecap=\"round\" stroke-linejoin=\"round\"\/><g clip-path=\"url(#clip0_2323_7014)\"><path d=\"M24 46.5C36.4264 46.5 46.5 36.4264 46.5 24C46.5 11.5736 36.4264 1.5 24 1.5C11.5736 1.5 1.5 11.5736 1.5 24C1.5 36.4264 11.5736 46.5 24 46.5Z\" stroke=\"#b60008\" stroke-width=\"3\" stroke-linecap=\"round\" stroke-linejoin=\"round\"\/><\/g><defs><clipPath id=\"clip0_2323_7014\"><rect width=\"48\" height=\"48\" fill=\"white\"\/><\/clipPath><\/defs><\/svg><\/div><div class=\"icon-highlights__content\"><span class=\"title\"><\/span><p>T\u00e4ydellinen t\u00e4ydent\u00e4v\u00e4 ratkaisu ajoneuvoihin, joissa on ajoneuvoon asennetut lukijat<\/p><\/div><\/div><div class=\"icon-highlights__highlight\"><div class=\"icon-highlights__icon\"><svg width=\"48\" height=\"48\" viewBox=\"0 0 48 48\" fill=\"none\" xmlns=\"http:\/\/www.w3.org\/2000\/svg\"><path d=\"M31 18L22 30L16 24\" stroke=\"#b60008\" stroke-width=\"3\" stroke-linecap=\"round\" stroke-linejoin=\"round\"\/><g clip-path=\"url(#clip0_2323_7014)\"><path d=\"M24 46.5C36.4264 46.5 46.5 36.4264 46.5 24C46.5 11.5736 36.4264 1.5 24 1.5C11.5736 1.5 1.5 11.5736 1.5 24C1.5 36.4264 11.5736 46.5 24 46.5Z\" stroke=\"#b60008\" stroke-width=\"3\" stroke-linecap=\"round\" stroke-linejoin=\"round\"\/><\/g><defs><clipPath id=\"clip0_2323_7014\"><rect width=\"48\" height=\"48\" fill=\"white\"\/><\/clipPath><\/defs><\/svg><\/div><div class=\"icon-highlights__content\"><span class=\"title\"><\/span><p>Tyhjien j\u00e4teastioiden kirjaaminen ilman siirt\u00e4mist\u00e4 nostolaitteelle<\/p><\/div><\/div><div class=\"icon-highlights__highlight\"><div class=\"icon-highlights__icon\"><svg width=\"48\" height=\"48\" viewBox=\"0 0 48 48\" fill=\"none\" xmlns=\"http:\/\/www.w3.org\/2000\/svg\"><path d=\"M31 18L22 30L16 24\" stroke=\"#b60008\" stroke-width=\"3\" stroke-linecap=\"round\" stroke-linejoin=\"round\"\/><g clip-path=\"url(#clip0_2323_7014)\"><path d=\"M24 46.5C36.4264 46.5 46.5 36.4264 46.5 24C46.5 11.5736 36.4264 1.5 24 1.5C11.5736 1.5 1.5 11.5736 1.5 24C1.5 36.4264 11.5736 46.5 24 46.5Z\" stroke=\"#b60008\" stroke-width=\"3\" stroke-linecap=\"round\" stroke-linejoin=\"round\"\/><\/g><defs><clipPath id=\"clip0_2323_7014\"><rect width=\"48\" height=\"48\" fill=\"white\"\/><\/clipPath><\/defs><\/svg><\/div><div class=\"icon-highlights__content\"><span class=\"title\"><\/span><p>Lukee j\u00e4tehuollossa yleisimmin k\u00e4ytetyt RFID-tunnisteet<\/p><\/div><\/div><div class=\"icon-highlights__highlight\"><div class=\"icon-highlights__icon\"><svg width=\"48\" height=\"48\" viewBox=\"0 0 48 48\" fill=\"none\" xmlns=\"http:\/\/www.w3.org\/2000\/svg\"><path d=\"M31 18L22 30L16 24\" stroke=\"#b60008\" stroke-width=\"3\" stroke-linecap=\"round\" stroke-linejoin=\"round\"\/><g clip-path=\"url(#clip0_2323_7014)\"><path d=\"M24 46.5C36.4264 46.5 46.5 36.4264 46.5 24C46.5 11.5736 36.4264 1.5 24 1.5C11.5736 1.5 1.5 11.5736 1.5 24C1.5 36.4264 11.5736 46.5 24 46.5Z\" stroke=\"#b60008\" stroke-width=\"3\" stroke-linecap=\"round\" stroke-linejoin=\"round\"\/><\/g><defs><clipPath id=\"clip0_2323_7014\"><rect width=\"48\" height=\"48\" fill=\"white\"\/><\/clipPath><\/defs><\/svg><\/div><div class=\"icon-highlights__content\"><span class=\"title\"><\/span><p>Voidaan integroida Botekin nykyiseen ohjelmistoon<\/p><\/div><\/div><div class=\"icon-highlights__highlight\"><div class=\"icon-highlights__icon\"><svg width=\"48\" height=\"48\" viewBox=\"0 0 48 48\" fill=\"none\" xmlns=\"http:\/\/www.w3.org\/2000\/svg\"><path d=\"M31 18L22 30L16 24\" stroke=\"#b60008\" stroke-width=\"3\" stroke-linecap=\"round\" stroke-linejoin=\"round\"\/><g clip-path=\"url(#clip0_2323_7014)\"><path d=\"M24 46.5C36.4264 46.5 46.5 36.4264 46.5 24C46.5 11.5736 36.4264 1.5 24 1.5C11.5736 1.5 1.5 11.5736 1.5 24C1.5 36.4264 11.5736 46.5 24 46.5Z\" stroke=\"#b60008\" stroke-width=\"3\" stroke-linecap=\"round\" stroke-linejoin=\"round\"\/><\/g><defs><clipPath id=\"clip0_2323_7014\"><rect width=\"48\" height=\"48\" fill=\"white\"\/><\/clipPath><\/defs><\/svg><\/div><div class=\"icon-highlights__content\"><span class=\"title\"><\/span><p>Eritt\u00e4in helppok\u00e4ytt\u00f6inen<\/p><\/div><\/div> <\/div> <\/div>\n\n<div class=\"technical-specifications mc mc--none lw lw--mw-cntnt-pd\"><div class=\"technical-specifications__header\"><h2>Tekniset tiedot<\/h2><span class=\"subtitle\">MiniTrio<\/span><\/div><dl class=\"technical-specifications__specifications\"> <div class=\"specification\"> <dt>RFID-formaatti<\/dt> <dd><p>125 kHz: EM Unique<\/p><p>134,2 kHz: HDX \/ FDX-b<\/p><\/dd> <\/div> <div class=\"specification\"> <dt>Lukuet\u00e4isyys<\/dt> <dd><p>Jopa 60 mm<\/p><\/dd> <\/div> <div class=\"specification\"> <dt>Akun k\u00e4ytt\u00f6ik\u00e4<\/dt> <dd><p>n. 16 tuntia k\u00e4yt\u00f6ss\u00e4, 1000 tuntia valmiustilassa<\/p><\/dd> <\/div> <div class=\"specification\"> <dt>Muisti<\/dt> <dd><p>Jopa 2 000 rekister\u00f6inti\u00e4<\/p><\/dd> <\/div> <div class=\"specification\"> <dt>Akun tyyppi<\/dt> <dd><p>900 mAh polymeerilitiumioniakku<\/p><\/dd> <\/div> <div class=\"specification\"> <dt>Viestint\u00e4<\/dt> <dd><p>Bluetooth<\/p><\/dd> <\/div> <div class=\"specification\"> <dt>Protokolla<\/dt> <dd><p>Sarjanumero tarkistussummalla<\/p><\/dd> <\/div> <div class=\"specification\"> <dt>Mitat<\/dt> <dd><p>80x62x20 mm<\/p><\/dd> <\/div> <div class=\"specification\"> <dt>Paino<\/dt> <dd><p>55 grammaa<\/p><\/dd> <\/div><\/dl><\/div>","protected":false},"featured_media":4956,"template":"","class_list":["post-4955","product","type-product","status-publish","has-post-thumbnail","hentry"],"acf":[],"yoast_head":"<!-- This site is optimized with the Yoast SEO plugin v27.3 - https:\/\/yoast.com\/product\/yoast-seo-wordpress\/ -->\n<title>K\u00e4sik\u00e4ytt\u00f6inen RFID - Botek<\/title>\n<meta name=\"robots\" content=\"index, follow, max-snippet:-1, max-image-preview:large, max-video-preview:-1\" \/>\n<link rel=\"canonical\" href=\"https:\/\/www.botek.se\/fi\/produkt\/kasikayttoinen-rfid\/\" \/>\n<meta property=\"og:locale\" content=\"fi_FI\" \/>\n<meta property=\"og:type\" content=\"article\" \/>\n<meta property=\"og:title\" content=\"K\u00e4sik\u00e4ytt\u00f6inen RFID - Botek\" \/>\n<meta property=\"og:description\" content=\"MiniTrio on ranteeseen kiinnitett\u00e4v\u00e4 RFID-lukija, jota k\u00e4ytet\u00e4\u00e4n p\u00e4\u00e4asiassa j\u00e4tehuoneissa ja konteissa olevien tunnisteiden lukemiseen.\" \/>\n<meta property=\"og:url\" content=\"https:\/\/www.botek.se\/fi\/produkt\/kasikayttoinen-rfid\/\" \/>\n<meta property=\"og:site_name\" content=\"Botek\" \/>\n<meta property=\"article:publisher\" content=\"https:\/\/www.facebook.com\/BotekSystems\/\" \/>\n<meta property=\"article:modified_time\" content=\"2026-03-19T12:58:51+00:00\" \/>\n<meta property=\"og:image\" content=\"https:\/\/www.botek.se\/wp-content\/uploads\/2023\/05\/Mini-trio.png\" \/>\n\t<meta property=\"og:image:width\" content=\"1920\" \/>\n\t<meta property=\"og:image:height\" content=\"1280\" \/>\n\t<meta property=\"og:image:type\" content=\"image\/png\" \/>\n<meta name=\"twitter:card\" content=\"summary_large_image\" \/>\n<meta name=\"twitter:label1\" content=\"Arvioitu lukuaika\" \/>\n\t<meta name=\"twitter:data1\" content=\"1 minuutti\" \/>\n<script type=\"application\/ld+json\" class=\"yoast-schema-graph\">{\"@context\":\"https:\\\/\\\/schema.org\",\"@graph\":[{\"@type\":\"WebPage\",\"@id\":\"https:\\\/\\\/www.botek.se\\\/fi\\\/produkt\\\/kasikayttoinen-rfid\\\/\",\"url\":\"https:\\\/\\\/www.botek.se\\\/fi\\\/produkt\\\/kasikayttoinen-rfid\\\/\",\"name\":\"K\u00e4sik\u00e4ytt\u00f6inen RFID - Botek\",\"isPartOf\":{\"@id\":\"https:\\\/\\\/www.botek.se\\\/#website\"},\"primaryImageOfPage\":{\"@id\":\"https:\\\/\\\/www.botek.se\\\/fi\\\/produkt\\\/kasikayttoinen-rfid\\\/#primaryimage\"},\"image\":{\"@id\":\"https:\\\/\\\/www.botek.se\\\/fi\\\/produkt\\\/kasikayttoinen-rfid\\\/#primaryimage\"},\"thumbnailUrl\":\"https:\\\/\\\/www.botek.se\\\/wp-content\\\/uploads\\\/2023\\\/05\\\/Mini-trio.png\",\"datePublished\":\"2023-05-08T12:58:04+00:00\",\"dateModified\":\"2026-03-19T12:58:51+00:00\",\"breadcrumb\":{\"@id\":\"https:\\\/\\\/www.botek.se\\\/fi\\\/produkt\\\/kasikayttoinen-rfid\\\/#breadcrumb\"},\"inLanguage\":\"fi\",\"potentialAction\":[{\"@type\":\"ReadAction\",\"target\":[\"https:\\\/\\\/www.botek.se\\\/fi\\\/produkt\\\/kasikayttoinen-rfid\\\/\"]}]},{\"@type\":\"ImageObject\",\"inLanguage\":\"fi\",\"@id\":\"https:\\\/\\\/www.botek.se\\\/fi\\\/produkt\\\/kasikayttoinen-rfid\\\/#primaryimage\",\"url\":\"https:\\\/\\\/www.botek.se\\\/wp-content\\\/uploads\\\/2023\\\/05\\\/Mini-trio.png\",\"contentUrl\":\"https:\\\/\\\/www.botek.se\\\/wp-content\\\/uploads\\\/2023\\\/05\\\/Mini-trio.png\",\"width\":1920,\"height\":1280},{\"@type\":\"BreadcrumbList\",\"@id\":\"https:\\\/\\\/www.botek.se\\\/fi\\\/produkt\\\/kasikayttoinen-rfid\\\/#breadcrumb\",\"itemListElement\":[{\"@type\":\"ListItem\",\"position\":1,\"name\":\"Etusivu\",\"item\":\"https:\\\/\\\/www.botek.se\\\/fi\\\/\"},{\"@type\":\"ListItem\",\"position\":2,\"name\":\"K\u00e4sik\u00e4ytt\u00f6inen RFID\"}]},{\"@type\":\"WebSite\",\"@id\":\"https:\\\/\\\/www.botek.se\\\/#website\",\"url\":\"https:\\\/\\\/www.botek.se\\\/\",\"name\":\"Botek\",\"description\":\"\",\"publisher\":{\"@id\":\"https:\\\/\\\/www.botek.se\\\/#organization\"},\"potentialAction\":[{\"@type\":\"SearchAction\",\"target\":{\"@type\":\"EntryPoint\",\"urlTemplate\":\"https:\\\/\\\/www.botek.se\\\/?s={search_term_string}\"},\"query-input\":{\"@type\":\"PropertyValueSpecification\",\"valueRequired\":true,\"valueName\":\"search_term_string\"}}],\"inLanguage\":\"fi\"},{\"@type\":\"Organization\",\"@id\":\"https:\\\/\\\/www.botek.se\\\/#organization\",\"name\":\"Botek\",\"url\":\"https:\\\/\\\/www.botek.se\\\/\",\"logo\":{\"@type\":\"ImageObject\",\"inLanguage\":\"fi\",\"@id\":\"https:\\\/\\\/www.botek.se\\\/#\\\/schema\\\/logo\\\/image\\\/\",\"url\":\"https:\\\/\\\/www.botek.se\\\/wp-content\\\/uploads\\\/2023\\\/05\\\/logo.png\",\"contentUrl\":\"https:\\\/\\\/www.botek.se\\\/wp-content\\\/uploads\\\/2023\\\/05\\\/logo.png\",\"width\":594,\"height\":140,\"caption\":\"Botek\"},\"image\":{\"@id\":\"https:\\\/\\\/www.botek.se\\\/#\\\/schema\\\/logo\\\/image\\\/\"},\"sameAs\":[\"https:\\\/\\\/www.facebook.com\\\/BotekSystems\\\/\",\"https:\\\/\\\/www.linkedin.com\\\/company\\\/botek-systems-ab\\\/\",\"https:\\\/\\\/www.instagram.com\\\/boteksystemsab\\\/\"]}]}<\/script>\n<!-- \/ Yoast SEO plugin. -->","yoast_head_json":{"title":"K\u00e4sik\u00e4ytt\u00f6inen RFID - Botek","robots":{"index":"index","follow":"follow","max-snippet":"max-snippet:-1","max-image-preview":"max-image-preview:large","max-video-preview":"max-video-preview:-1"},"canonical":"https:\/\/www.botek.se\/fi\/produkt\/kasikayttoinen-rfid\/","og_locale":"fi_FI","og_type":"article","og_title":"K\u00e4sik\u00e4ytt\u00f6inen RFID - Botek","og_description":"MiniTrio on ranteeseen kiinnitett\u00e4v\u00e4 RFID-lukija, jota k\u00e4ytet\u00e4\u00e4n p\u00e4\u00e4asiassa j\u00e4tehuoneissa ja konteissa olevien tunnisteiden lukemiseen.","og_url":"https:\/\/www.botek.se\/fi\/produkt\/kasikayttoinen-rfid\/","og_site_name":"Botek","article_publisher":"https:\/\/www.facebook.com\/BotekSystems\/","article_modified_time":"2026-03-19T12:58:51+00:00","og_image":[{"width":1920,"height":1280,"url":"https:\/\/www.botek.se\/wp-content\/uploads\/2023\/05\/Mini-trio.png","type":"image\/png"}],"twitter_card":"summary_large_image","twitter_misc":{"Arvioitu lukuaika":"1 minuutti"},"schema":{"@context":"https:\/\/schema.org","@graph":[{"@type":"WebPage","@id":"https:\/\/www.botek.se\/fi\/produkt\/kasikayttoinen-rfid\/","url":"https:\/\/www.botek.se\/fi\/produkt\/kasikayttoinen-rfid\/","name":"K\u00e4sik\u00e4ytt\u00f6inen RFID - Botek","isPartOf":{"@id":"https:\/\/www.botek.se\/#website"},"primaryImageOfPage":{"@id":"https:\/\/www.botek.se\/fi\/produkt\/kasikayttoinen-rfid\/#primaryimage"},"image":{"@id":"https:\/\/www.botek.se\/fi\/produkt\/kasikayttoinen-rfid\/#primaryimage"},"thumbnailUrl":"https:\/\/www.botek.se\/wp-content\/uploads\/2023\/05\/Mini-trio.png","datePublished":"2023-05-08T12:58:04+00:00","dateModified":"2026-03-19T12:58:51+00:00","breadcrumb":{"@id":"https:\/\/www.botek.se\/fi\/produkt\/kasikayttoinen-rfid\/#breadcrumb"},"inLanguage":"fi","potentialAction":[{"@type":"ReadAction","target":["https:\/\/www.botek.se\/fi\/produkt\/kasikayttoinen-rfid\/"]}]},{"@type":"ImageObject","inLanguage":"fi","@id":"https:\/\/www.botek.se\/fi\/produkt\/kasikayttoinen-rfid\/#primaryimage","url":"https:\/\/www.botek.se\/wp-content\/uploads\/2023\/05\/Mini-trio.png","contentUrl":"https:\/\/www.botek.se\/wp-content\/uploads\/2023\/05\/Mini-trio.png","width":1920,"height":1280},{"@type":"BreadcrumbList","@id":"https:\/\/www.botek.se\/fi\/produkt\/kasikayttoinen-rfid\/#breadcrumb","itemListElement":[{"@type":"ListItem","position":1,"name":"Etusivu","item":"https:\/\/www.botek.se\/fi\/"},{"@type":"ListItem","position":2,"name":"K\u00e4sik\u00e4ytt\u00f6inen RFID"}]},{"@type":"WebSite","@id":"https:\/\/www.botek.se\/#website","url":"https:\/\/www.botek.se\/","name":"Botek","description":"","publisher":{"@id":"https:\/\/www.botek.se\/#organization"},"potentialAction":[{"@type":"SearchAction","target":{"@type":"EntryPoint","urlTemplate":"https:\/\/www.botek.se\/?s={search_term_string}"},"query-input":{"@type":"PropertyValueSpecification","valueRequired":true,"valueName":"search_term_string"}}],"inLanguage":"fi"},{"@type":"Organization","@id":"https:\/\/www.botek.se\/#organization","name":"Botek","url":"https:\/\/www.botek.se\/","logo":{"@type":"ImageObject","inLanguage":"fi","@id":"https:\/\/www.botek.se\/#\/schema\/logo\/image\/","url":"https:\/\/www.botek.se\/wp-content\/uploads\/2023\/05\/logo.png","contentUrl":"https:\/\/www.botek.se\/wp-content\/uploads\/2023\/05\/logo.png","width":594,"height":140,"caption":"Botek"},"image":{"@id":"https:\/\/www.botek.se\/#\/schema\/logo\/image\/"},"sameAs":["https:\/\/www.facebook.com\/BotekSystems\/","https:\/\/www.linkedin.com\/company\/botek-systems-ab\/","https:\/\/www.instagram.com\/boteksystemsab\/"]}]}},"_links":{"self":[{"href":"https:\/\/www.botek.se\/fi\/wp-json\/wp\/v2\/product\/4955","targetHints":{"allow":["GET"]}}],"collection":[{"href":"https:\/\/www.botek.se\/fi\/wp-json\/wp\/v2\/product"}],"about":[{"href":"https:\/\/www.botek.se\/fi\/wp-json\/wp\/v2\/types\/product"}],"version-history":[{"count":1,"href":"https:\/\/www.botek.se\/fi\/wp-json\/wp\/v2\/product\/4955\/revisions"}],"predecessor-version":[{"id":4958,"href":"https:\/\/www.botek.se\/fi\/wp-json\/wp\/v2\/product\/4955\/revisions\/4958"}],"wp:featuredmedia":[{"embeddable":true,"href":"https:\/\/www.botek.se\/fi\/wp-json\/wp\/v2\/media\/4956"}],"wp:attachment":[{"href":"https:\/\/www.botek.se\/fi\/wp-json\/wp\/v2\/media?parent=4955"}],"curies":[{"name":"wp","href":"https:\/\/api.w.org\/{rel}","templated":true}]}}