{"id":4951,"date":"2023-05-08T15:05:14","date_gmt":"2023-05-08T13:05:14","guid":{"rendered":"https:\/\/www.botek.se\/?post_type=product&#038;p=4951"},"modified":"2026-03-19T13:58:36","modified_gmt":"2026-03-19T12:58:36","slug":"pc-pohjainen-ajoneuvotietokone","status":"publish","type":"product","link":"https:\/\/www.botek.se\/fi\/produkt\/pc-pohjainen-ajoneuvotietokone\/","title":{"rendered":"PC-pohjainen ajoneuvotietokone"},"content":{"rendered":"<div class=\"key-figures mc mc--xl lw lw--mw-cntnt-pd\"><div class=\"key-figure\"> <h2 class=\"pre-title\">Tiiviys<\/h2> <p class=\"value\">IP65<\/p> <p class=\"text\">P\u00f6lytiivis ja suojattu kevyelt\u00e4 sateelta<\/p><\/div><div class=\"key-figure\"> <h2 class=\"pre-title\">L\u00e4mp\u00f6tila<\/h2> <p class=\"value\">-21\u00b0C\u201360\u00b0C<\/p> <p class=\"text\">Kest\u00e4\u00e4 vaativia s\u00e4\u00e4olosuhteita<\/p><\/div><div class=\"key-figure\"> <h2 class=\"pre-title\">Kosteus<\/h2> <p class=\"value\">95 % RH<\/p> <p class=\"text\">Ei kondensaatiota korkeassa ilmankosteudessa<\/p><\/div><\/div>\n\n<div class=\"container mc mc--xl lw lw--mw-txt bw\"><div class=\"container__inner bw\">\n\n<h3 class=\"wp-block-heading\"><strong>Kest\u00e4v\u00e4 ja k\u00e4ytt\u00f6valmis<\/strong><\/h3>\n\n\n\n<p>Toimitamme ja integroimme ratkaisuja useisiin eri j\u00e4rjestelmiin, jotka edellytt\u00e4v\u00e4t luotettavaa ja kest\u00e4v\u00e4\u00e4 ajoneuvotietokonetta. Jos j\u00e4rjestelm\u00e4 edellytt\u00e4\u00e4 Windows-k\u00e4ytt\u00f6j\u00e4rjestelm\u00e4ll\u00e4 varustetun tietokoneen, Getac F110 on siihen sopiva ratkaisu. Toimimme Getacin j\u00e4lleenmyyj\u00e4n\u00e4 ja tarjoamme asiakkaillemme n\u00e4iden laitteiden ensitason-tukea.<\/p>\n\n\n\n<p>Kest\u00e4v\u00e4 tabletti, jossa on monikosketusn\u00e4ytt\u00f6 ja tehokas suorituskyky. Ajoneuvotelakan avulla virran- ja tiedonsiirto tapahtuu ilman irrallisia kaapeleita, kun tietokone asetetaan ajoneuvoon tai poistetaan siit\u00e4.<\/p>\n\n<\/div><\/div>\n\n<div class=\"technical-specifications mc mc--none lw lw--mw-cntnt-pd\"><div class=\"technical-specifications__header\"><h2>Tekniset tiedot<\/h2><span class=\"subtitle\">Getac F110<\/span><\/div><dl class=\"technical-specifications__specifications\"> <div class=\"specification\"> <dt><\/dt> <dd><p>Vankkarakenteinen laite, joka kest\u00e4\u00e4 k\u00e4ytt\u00f6\u00e4 -20\u2212+60 \u00b0C l\u00e4mp\u00f6tiloissa<\/p><\/dd> <\/div> <div class=\"specification\"> <dt><\/dt> <dd><p>11,6 tuuman IPS-n\u00e4ytt\u00f6 (1920 \u00d7 1080), kirkkaus 800 niti\u00e4<\/p><\/dd> <\/div> <div class=\"specification\"> <dt><\/dt> <dd><p>Dockning med portar f\u00f6r anslutningar<\/p><\/dd> <\/div> <div class=\"specification\"> <dt><\/dt> <dd><p>MIL-STD 810G och IP65-klassad<\/p><\/dd> <\/div><\/dl><\/div>","protected":false},"featured_media":4953,"template":"","class_list":["post-4951","product","type-product","status-publish","has-post-thumbnail","hentry"],"acf":[],"yoast_head":"<!-- This site is optimized with the Yoast SEO plugin v27.3 - https:\/\/yoast.com\/product\/yoast-seo-wordpress\/ -->\n<title>PC-pohjainen ajoneuvotietokone - Botek<\/title>\n<meta name=\"robots\" content=\"index, follow, max-snippet:-1, max-image-preview:large, max-video-preview:-1\" \/>\n<link rel=\"canonical\" href=\"https:\/\/www.botek.se\/fi\/produkt\/pc-pohjainen-ajoneuvotietokone\/\" \/>\n<meta property=\"og:locale\" content=\"fi_FI\" \/>\n<meta property=\"og:type\" content=\"article\" \/>\n<meta property=\"og:title\" content=\"PC-pohjainen ajoneuvotietokone - Botek\" \/>\n<meta property=\"og:description\" content=\"Getac F110 on nopea, tehokas ja toimintavarma laite useiden reittien hallintaan j\u00e4tehuoltoautolla.\" \/>\n<meta property=\"og:url\" content=\"https:\/\/www.botek.se\/fi\/produkt\/pc-pohjainen-ajoneuvotietokone\/\" \/>\n<meta property=\"og:site_name\" content=\"Botek\" \/>\n<meta property=\"article:publisher\" content=\"https:\/\/www.facebook.com\/BotekSystems\/\" \/>\n<meta property=\"article:modified_time\" content=\"2026-03-19T12:58:36+00:00\" \/>\n<meta property=\"og:image\" content=\"https:\/\/www.botek.se\/wp-content\/uploads\/2023\/05\/Getac_F110_G6_LEFT.png\" \/>\n\t<meta property=\"og:image:width\" content=\"1131\" \/>\n\t<meta property=\"og:image:height\" content=\"1050\" \/>\n\t<meta property=\"og:image:type\" content=\"image\/png\" \/>\n<meta name=\"twitter:card\" content=\"summary_large_image\" \/>\n<meta name=\"twitter:label1\" content=\"Arvioitu lukuaika\" \/>\n\t<meta name=\"twitter:data1\" content=\"1 minuutti\" \/>\n<script type=\"application\/ld+json\" class=\"yoast-schema-graph\">{\"@context\":\"https:\\\/\\\/schema.org\",\"@graph\":[{\"@type\":\"WebPage\",\"@id\":\"https:\\\/\\\/www.botek.se\\\/fi\\\/produkt\\\/pc-pohjainen-ajoneuvotietokone\\\/\",\"url\":\"https:\\\/\\\/www.botek.se\\\/fi\\\/produkt\\\/pc-pohjainen-ajoneuvotietokone\\\/\",\"name\":\"PC-pohjainen ajoneuvotietokone - Botek\",\"isPartOf\":{\"@id\":\"https:\\\/\\\/www.botek.se\\\/#website\"},\"primaryImageOfPage\":{\"@id\":\"https:\\\/\\\/www.botek.se\\\/fi\\\/produkt\\\/pc-pohjainen-ajoneuvotietokone\\\/#primaryimage\"},\"image\":{\"@id\":\"https:\\\/\\\/www.botek.se\\\/fi\\\/produkt\\\/pc-pohjainen-ajoneuvotietokone\\\/#primaryimage\"},\"thumbnailUrl\":\"https:\\\/\\\/www.botek.se\\\/wp-content\\\/uploads\\\/2023\\\/05\\\/Getac_F110_G6_LEFT.png\",\"datePublished\":\"2023-05-08T13:05:14+00:00\",\"dateModified\":\"2026-03-19T12:58:36+00:00\",\"breadcrumb\":{\"@id\":\"https:\\\/\\\/www.botek.se\\\/fi\\\/produkt\\\/pc-pohjainen-ajoneuvotietokone\\\/#breadcrumb\"},\"inLanguage\":\"fi\",\"potentialAction\":[{\"@type\":\"ReadAction\",\"target\":[\"https:\\\/\\\/www.botek.se\\\/fi\\\/produkt\\\/pc-pohjainen-ajoneuvotietokone\\\/\"]}]},{\"@type\":\"ImageObject\",\"inLanguage\":\"fi\",\"@id\":\"https:\\\/\\\/www.botek.se\\\/fi\\\/produkt\\\/pc-pohjainen-ajoneuvotietokone\\\/#primaryimage\",\"url\":\"https:\\\/\\\/www.botek.se\\\/wp-content\\\/uploads\\\/2023\\\/05\\\/Getac_F110_G6_LEFT.png\",\"contentUrl\":\"https:\\\/\\\/www.botek.se\\\/wp-content\\\/uploads\\\/2023\\\/05\\\/Getac_F110_G6_LEFT.png\",\"width\":1131,\"height\":1050},{\"@type\":\"BreadcrumbList\",\"@id\":\"https:\\\/\\\/www.botek.se\\\/fi\\\/produkt\\\/pc-pohjainen-ajoneuvotietokone\\\/#breadcrumb\",\"itemListElement\":[{\"@type\":\"ListItem\",\"position\":1,\"name\":\"Etusivu\",\"item\":\"https:\\\/\\\/www.botek.se\\\/fi\\\/\"},{\"@type\":\"ListItem\",\"position\":2,\"name\":\"PC-pohjainen ajoneuvotietokone\"}]},{\"@type\":\"WebSite\",\"@id\":\"https:\\\/\\\/www.botek.se\\\/#website\",\"url\":\"https:\\\/\\\/www.botek.se\\\/\",\"name\":\"Botek\",\"description\":\"\",\"publisher\":{\"@id\":\"https:\\\/\\\/www.botek.se\\\/#organization\"},\"potentialAction\":[{\"@type\":\"SearchAction\",\"target\":{\"@type\":\"EntryPoint\",\"urlTemplate\":\"https:\\\/\\\/www.botek.se\\\/?s={search_term_string}\"},\"query-input\":{\"@type\":\"PropertyValueSpecification\",\"valueRequired\":true,\"valueName\":\"search_term_string\"}}],\"inLanguage\":\"fi\"},{\"@type\":\"Organization\",\"@id\":\"https:\\\/\\\/www.botek.se\\\/#organization\",\"name\":\"Botek\",\"url\":\"https:\\\/\\\/www.botek.se\\\/\",\"logo\":{\"@type\":\"ImageObject\",\"inLanguage\":\"fi\",\"@id\":\"https:\\\/\\\/www.botek.se\\\/#\\\/schema\\\/logo\\\/image\\\/\",\"url\":\"https:\\\/\\\/www.botek.se\\\/wp-content\\\/uploads\\\/2023\\\/05\\\/logo.png\",\"contentUrl\":\"https:\\\/\\\/www.botek.se\\\/wp-content\\\/uploads\\\/2023\\\/05\\\/logo.png\",\"width\":594,\"height\":140,\"caption\":\"Botek\"},\"image\":{\"@id\":\"https:\\\/\\\/www.botek.se\\\/#\\\/schema\\\/logo\\\/image\\\/\"},\"sameAs\":[\"https:\\\/\\\/www.facebook.com\\\/BotekSystems\\\/\",\"https:\\\/\\\/www.linkedin.com\\\/company\\\/botek-systems-ab\\\/\",\"https:\\\/\\\/www.instagram.com\\\/boteksystemsab\\\/\"]}]}<\/script>\n<!-- \/ Yoast SEO plugin. -->","yoast_head_json":{"title":"PC-pohjainen ajoneuvotietokone - Botek","robots":{"index":"index","follow":"follow","max-snippet":"max-snippet:-1","max-image-preview":"max-image-preview:large","max-video-preview":"max-video-preview:-1"},"canonical":"https:\/\/www.botek.se\/fi\/produkt\/pc-pohjainen-ajoneuvotietokone\/","og_locale":"fi_FI","og_type":"article","og_title":"PC-pohjainen ajoneuvotietokone - Botek","og_description":"Getac F110 on nopea, tehokas ja toimintavarma laite useiden reittien hallintaan j\u00e4tehuoltoautolla.","og_url":"https:\/\/www.botek.se\/fi\/produkt\/pc-pohjainen-ajoneuvotietokone\/","og_site_name":"Botek","article_publisher":"https:\/\/www.facebook.com\/BotekSystems\/","article_modified_time":"2026-03-19T12:58:36+00:00","og_image":[{"width":1131,"height":1050,"url":"https:\/\/www.botek.se\/wp-content\/uploads\/2023\/05\/Getac_F110_G6_LEFT.png","type":"image\/png"}],"twitter_card":"summary_large_image","twitter_misc":{"Arvioitu lukuaika":"1 minuutti"},"schema":{"@context":"https:\/\/schema.org","@graph":[{"@type":"WebPage","@id":"https:\/\/www.botek.se\/fi\/produkt\/pc-pohjainen-ajoneuvotietokone\/","url":"https:\/\/www.botek.se\/fi\/produkt\/pc-pohjainen-ajoneuvotietokone\/","name":"PC-pohjainen ajoneuvotietokone - Botek","isPartOf":{"@id":"https:\/\/www.botek.se\/#website"},"primaryImageOfPage":{"@id":"https:\/\/www.botek.se\/fi\/produkt\/pc-pohjainen-ajoneuvotietokone\/#primaryimage"},"image":{"@id":"https:\/\/www.botek.se\/fi\/produkt\/pc-pohjainen-ajoneuvotietokone\/#primaryimage"},"thumbnailUrl":"https:\/\/www.botek.se\/wp-content\/uploads\/2023\/05\/Getac_F110_G6_LEFT.png","datePublished":"2023-05-08T13:05:14+00:00","dateModified":"2026-03-19T12:58:36+00:00","breadcrumb":{"@id":"https:\/\/www.botek.se\/fi\/produkt\/pc-pohjainen-ajoneuvotietokone\/#breadcrumb"},"inLanguage":"fi","potentialAction":[{"@type":"ReadAction","target":["https:\/\/www.botek.se\/fi\/produkt\/pc-pohjainen-ajoneuvotietokone\/"]}]},{"@type":"ImageObject","inLanguage":"fi","@id":"https:\/\/www.botek.se\/fi\/produkt\/pc-pohjainen-ajoneuvotietokone\/#primaryimage","url":"https:\/\/www.botek.se\/wp-content\/uploads\/2023\/05\/Getac_F110_G6_LEFT.png","contentUrl":"https:\/\/www.botek.se\/wp-content\/uploads\/2023\/05\/Getac_F110_G6_LEFT.png","width":1131,"height":1050},{"@type":"BreadcrumbList","@id":"https:\/\/www.botek.se\/fi\/produkt\/pc-pohjainen-ajoneuvotietokone\/#breadcrumb","itemListElement":[{"@type":"ListItem","position":1,"name":"Etusivu","item":"https:\/\/www.botek.se\/fi\/"},{"@type":"ListItem","position":2,"name":"PC-pohjainen ajoneuvotietokone"}]},{"@type":"WebSite","@id":"https:\/\/www.botek.se\/#website","url":"https:\/\/www.botek.se\/","name":"Botek","description":"","publisher":{"@id":"https:\/\/www.botek.se\/#organization"},"potentialAction":[{"@type":"SearchAction","target":{"@type":"EntryPoint","urlTemplate":"https:\/\/www.botek.se\/?s={search_term_string}"},"query-input":{"@type":"PropertyValueSpecification","valueRequired":true,"valueName":"search_term_string"}}],"inLanguage":"fi"},{"@type":"Organization","@id":"https:\/\/www.botek.se\/#organization","name":"Botek","url":"https:\/\/www.botek.se\/","logo":{"@type":"ImageObject","inLanguage":"fi","@id":"https:\/\/www.botek.se\/#\/schema\/logo\/image\/","url":"https:\/\/www.botek.se\/wp-content\/uploads\/2023\/05\/logo.png","contentUrl":"https:\/\/www.botek.se\/wp-content\/uploads\/2023\/05\/logo.png","width":594,"height":140,"caption":"Botek"},"image":{"@id":"https:\/\/www.botek.se\/#\/schema\/logo\/image\/"},"sameAs":["https:\/\/www.facebook.com\/BotekSystems\/","https:\/\/www.linkedin.com\/company\/botek-systems-ab\/","https:\/\/www.instagram.com\/boteksystemsab\/"]}]}},"_links":{"self":[{"href":"https:\/\/www.botek.se\/fi\/wp-json\/wp\/v2\/product\/4951","targetHints":{"allow":["GET"]}}],"collection":[{"href":"https:\/\/www.botek.se\/fi\/wp-json\/wp\/v2\/product"}],"about":[{"href":"https:\/\/www.botek.se\/fi\/wp-json\/wp\/v2\/types\/product"}],"version-history":[{"count":1,"href":"https:\/\/www.botek.se\/fi\/wp-json\/wp\/v2\/product\/4951\/revisions"}],"predecessor-version":[{"id":4954,"href":"https:\/\/www.botek.se\/fi\/wp-json\/wp\/v2\/product\/4951\/revisions\/4954"}],"wp:featuredmedia":[{"embeddable":true,"href":"https:\/\/www.botek.se\/fi\/wp-json\/wp\/v2\/media\/4953"}],"wp:attachment":[{"href":"https:\/\/www.botek.se\/fi\/wp-json\/wp\/v2\/media?parent=4951"}],"curies":[{"name":"wp","href":"https:\/\/api.w.org\/{rel}","templated":true}]}}