{"id":4948,"date":"2023-05-09T10:04:55","date_gmt":"2023-05-09T08:04:55","guid":{"rendered":"https:\/\/www.botek.se\/?post_type=product&#038;p=4948"},"modified":"2026-03-19T13:58:16","modified_gmt":"2026-03-19T12:58:16","slug":"evolution-collector","status":"publish","type":"product","link":"https:\/\/www.botek.se\/fi\/produkt\/evolution-collector\/","title":{"rendered":"Evolution Collector"},"content":{"rendered":"<div class=\"key-figures mc mc--xl lw lw--mw-cntnt-pd\"><div class=\"key-figure\"> <h2 class=\"pre-title\">Dynaamiset ajoreitit<\/h2> <p class=\"value\">Kyll\u00e4<\/p> <p class=\"text\">Voidaan muokata toimistossa<\/p><\/div><div class=\"key-figure\"> <h2 class=\"pre-title\">Kosketusn\u00e4ytt\u00f6<\/h2> <p class=\"value\">Kyll\u00e4<\/p> <p class=\"text\">Helppo k\u00e4ytt\u00e4\u00e4 n\u00e4yt\u00f6n kautta<\/p><\/div><div class=\"key-figure\"> <h2 class=\"pre-title\">Asetukset<\/h2> <p class=\"value\">Yksinkertainen<\/p> <p class=\"text\">Asetukset m\u00e4\u00e4ritell\u00e4\u00e4n k\u00e4ytt\u00e4j\u00e4tasolla<\/p><\/div><\/div>\n\n<div class=\"container mc mc--xl lw lw--mw-txt bw container--padding-double\"><div class=\"container__inner bw\">\n\n<h3 class=\"wp-block-heading\"><strong>Helppoa ker\u00e4ilyty\u00f6t\u00e4 kuljettajalle<\/strong><\/h3>\n\n\n\n<p>Evolution Collector on k\u00e4ytt\u00e4j\u00e4yst\u00e4v\u00e4llinen Android-sovellus, joka tarjoaa kuljettajalle tehokkaan ker\u00e4ysty\u00f6n edellytt\u00e4m\u00e4t ty\u00f6kalut. Reitit n\u00e4kyv\u00e4t kuljettajalle sek\u00e4 kartalla ett\u00e4 listana. Ajoj\u00e4rjestys on optimoitu tehokasta ker\u00e4yst\u00e4 varten.<\/p>\n\n\n\n<h3 class=\"wp-block-heading\"><strong>Mobiilit ty\u00f6m\u00e4\u00e4r\u00e4ykset<\/strong><\/h3>\n\n\n\n<p>Sovelluksessa on my\u00f6s toimintoja, jotka tukevat j\u00e4teastioiden toimitusta, vaihtoa ja noutoa. My\u00f6s muita kentt\u00e4t\u00f6it\u00e4 voidaan suunnitella ja raportoida, kuten pussien jakelu, ker\u00e4yspisteiden tarkastus, j\u00e4teastioiden korjaus ja tunnisteen vaihto. Mobiilitulostimen avulla sovelluksesta voidaan tulostaa osoitetarroja j\u00e4teastioiden merkitsemist\u00e4 varten.<\/p>\n\n\n\n<h3 class=\"wp-block-heading\"><strong>Dynaamiset reitit reaaliajassa<\/strong><\/h3>\n\n\n\n<p>Koska reitit ovat dynaamisia, toimiston henkil\u00f6kunta voi muuttaa reitti\u00e4 my\u00f6s ker\u00e4yksen ollessa k\u00e4ynniss\u00e4. Lis\u00e4ksi useat kuljettajat voivat ty\u00f6skennell\u00e4 samalla reitill\u00e4, ja jokainen tyhjennys p\u00e4ivittyy kaikille k\u00e4ytt\u00e4jille reaaliajassa.<\/p>\n\n<\/div><\/div>\n\n\n<div class=\"wp-block-columns are-vertically-aligned-top mc mc--xl lw lw--mw-cntnt-pd is-layout-flex wp-container-core-columns-is-layout-9d6595d7 wp-block-columns-is-layout-flex\">\n<div class=\"wp-block-column is-vertically-aligned-top lw lw--mw-cntnt-pd bw is-layout-flow wp-block-column-is-layout-flow\">\n<h3 class=\"wp-block-heading\">Evolution Collector tekee ty\u00f6st\u00e4si tehokkaampaa<\/h3>\n\n\n\n<p>Hy\u00f6tyj\u00e4 on monia: reittien optimointi ja tehostaminen v\u00e4hent\u00e4v\u00e4t ajoaikaa ja polttoaineenkulutusta, ja paremmin suunnitellut reitit parantavat asiakaspalvelua.<\/p>\n<\/div>\n\n\n\n<div class=\"wp-block-column is-vertically-aligned-top lw lw--mw-cntnt-pd bw is-layout-flow wp-block-column-is-layout-flow\"><\/div>\n<\/div>\n\n\n<div class=\"icon-highlights mc mc--xl lw lw--mw-cntnt-pd icon-highlights--max-per-row-3 icon-highlights--icon-size-small icon-highlights--alignment-left\"> <div class=\"icon-highlights__inner\"> <div class=\"icon-highlights__highlight\"><div class=\"icon-highlights__icon\"><svg width=\"48\" height=\"48\" viewBox=\"0 0 48 48\" fill=\"none\" xmlns=\"http:\/\/www.w3.org\/2000\/svg\"><g clip-path=\"url(#clip0_2323_7015)\"><path d=\"M46.5 9C46.5 12.4 41.426 20.356 39.626 23.072C39.5576 23.1752 39.4648 23.2598 39.3556 23.3182C39.2466 23.3768 39.1248 23.4074 39.001 23.4074C38.8772 23.4074 38.7554 23.3768 38.6464 23.3182C38.5372 23.2598 38.4444 23.1752 38.376 23.072C36.574 20.358 31.5 12.4 31.5 9C31.5 7.01088 32.2902 5.10322 33.6966 3.6967C35.1032 2.29018 37.0108 1.5 39 1.5C40.9892 1.5 42.8968 2.29018 44.3034 3.6967C45.7098 5.10322 46.5 7.01088 46.5 9Z\" stroke=\"#b60008\" stroke-width=\"3\" stroke-linecap=\"round\" stroke-linejoin=\"round\"\/><path d=\"M10.5 16.5C12.8869 16.5 15.1761 17.4482 16.864 19.136C18.5518 20.8238 19.5 23.113 19.5 25.5C19.5 29.342 14.124 36.654 11.682 39.776C11.5417 39.9556 11.3624 40.1008 11.1575 40.2006C10.9527 40.3006 10.7279 40.3524 10.5 40.3524C10.2721 40.3524 10.0473 40.3006 9.84246 40.2006C9.63764 40.1008 9.4583 39.9556 9.318 39.776C6.876 36.652 1.5 29.342 1.5 25.5C1.5 23.113 2.44822 20.8238 4.13604 19.136C5.82386 17.4482 8.11306 16.5 10.5 16.5Z\" stroke=\"#b60008\" stroke-width=\"3\" stroke-linecap=\"round\" stroke-linejoin=\"round\"\/><path d=\"M13.5 46.5L39 30\" stroke=\"#b60008\" stroke-width=\"3\" stroke-linecap=\"round\" stroke-linejoin=\"round\"\/><path d=\"M10.5 26.25C10.0858 26.25 9.75 25.9142 9.75 25.5C9.75 25.0858 10.0858 24.75 10.5 24.75\" stroke=\"#b60008\" stroke-width=\"3\"\/><path d=\"M10.5 26.25C10.9142 26.25 11.25 25.9142 11.25 25.5C11.25 25.0858 10.9142 24.75 10.5 24.75\" stroke=\"#b60008\" stroke-width=\"3\"\/><path d=\"M39 9.75C38.5858 9.75 38.25 9.41422 38.25 9C38.25 8.58578 38.5858 8.25 39 8.25\" stroke=\"#b60008\" stroke-width=\"3\"\/><path d=\"M39 9.75C39.4142 9.75 39.75 9.41422 39.75 9C39.75 8.58578 39.4142 8.25 39 8.25\" stroke=\"#b60008\" stroke-width=\"3\"\/><\/g><defs><clipPath id=\"clip0_2323_7015\"><rect width=\"48\" height=\"48\" fill=\"white\"\/><\/clipPath><\/defs><\/svg><\/div><div class=\"icon-highlights__content\"><span class=\"title\">Dynaamiset reitit<\/span><p>Muutos ker\u00e4yksen aikana<\/p><\/div><\/div><div class=\"icon-highlights__highlight\"><div class=\"icon-highlights__icon\"><svg xmlns=\"http:\/\/www.w3.org\/2000\/svg\" fill=\"none\" viewBox=\"0 0 24 24\" height=\"48\" width=\"48\"><path stroke=\"#b60008\" stroke-linecap=\"round\" stroke-linejoin=\"round\" stroke-width=\"1.5\" d=\"M12 6.73004C13.0523 6.72996 14.0622 7.14452 14.8109 7.88388C15.5596 8.62325 15.9869 9.62786 16 10.68C16 12.36 13.64 15.57 12.57 16.94C12.509 17.0135 12.4326 17.0726 12.3462 17.1131C12.2598 17.1537 12.1655 17.1747 12.07 17.1747C11.9746 17.1747 11.8803 17.1537 11.7938 17.1131C11.7074 17.0726 11.631 17.0135 11.57 16.94C10.5 15.57 8.14001 12.36 8.14001 10.68C8.15224 9.65166 8.5601 8.66751 9.2789 7.93195C9.9977 7.1964 10.9722 6.76596 12 6.73004Z\"><\/path><path stroke=\"#b60008\" stroke-linecap=\"round\" stroke-linejoin=\"round\" stroke-width=\"1.5\" d=\"M23.25 10.5L21 12.75L18.75 10.5\"><\/path><path stroke=\"#b60008\" stroke-linecap=\"round\" stroke-linejoin=\"round\" stroke-width=\"1.5\" d=\"M4.53003 7.00002C5.63476 5.3317 7.26395 4.07909 9.16014 3.44016C11.0563 2.80123 13.1114 2.81241 15.0005 3.47194C16.8896 4.13147 18.5051 5.40173 19.5916 7.08198C20.6781 8.76222 21.1737 10.7566 21 12.75\"><\/path><path stroke=\"#b60008\" stroke-linecap=\"round\" stroke-linejoin=\"round\" stroke-width=\"1.5\" d=\"M0.75 13.5L3 11.25L5.25 13.5\"><\/path><path stroke=\"#b60008\" stroke-linecap=\"round\" stroke-linejoin=\"round\" stroke-width=\"1.5\" d=\"M19.47 17C18.3653 18.6683 16.7361 19.9209 14.8399 20.5599C12.9437 21.1988 10.8887 21.1876 8.99959 20.5281C7.11047 19.8686 5.495 18.5983 4.40849 16.918C3.32198 15.2378 2.82639 13.2434 3.00003 11.25\"><\/path><g><path stroke=\"#b60008\" stroke-width=\"1.5\" d=\"M11.995 10.875C11.7879 10.875 11.62 10.7071 11.62 10.5C11.62 10.2929 11.7879 10.125 11.995 10.125\"><\/path><path stroke=\"#b60008\" stroke-width=\"1.5\" d=\"M11.995 10.875C12.2021 10.875 12.37 10.7071 12.37 10.5C12.37 10.2929 12.2021 10.125 11.995 10.125\"><\/path><\/g><\/svg><\/div><div class=\"icon-highlights__content\"><span class=\"title\">Reaaliaikainen p\u00e4ivitys<\/span><p>Useat kuljettajat voivat ty\u00f6skennell\u00e4 samalla reitill\u00e4<\/p><\/div><\/div><div class=\"icon-highlights__highlight\"><div class=\"icon-highlights__icon\"><svg width=\"51\" height=\"48\" viewBox=\"0 0 51 48\" fill=\"none\" xmlns=\"http:\/\/www.w3.org\/2000\/svg\"><path d=\"M6 45.1767C5.20435 45.1767 4.44129 44.8334 3.87868 44.2224C3.31607 43.6115 3 42.7828 3 41.9188V6.33359C3.00211 5.4038 3.34303 4.51271 3.94826 3.85504C4.55348 3.19738 5.37382 2.8266 6.23 2.82373H44.786C45.6379 2.8266 46.4542 3.19554 47.0564 3.84995C47.6587 4.50436 47.9979 5.39103 48 6.31622V41.669C47.9979 42.5986 47.6569 43.4894 47.0516 44.1468C46.4463 44.8041 45.626 45.1744 44.77 45.1767H6Z\" stroke=\"#b60008\" stroke-width=\"3\" stroke-linecap=\"round\" stroke-linejoin=\"round\"\/><path d=\"M48 12.5977H3\" stroke=\"#b60008\" stroke-width=\"3\" stroke-linecap=\"round\" stroke-linejoin=\"round\"\/><path d=\"M36 2.82373V12.5975\" stroke=\"#b60008\" stroke-width=\"3\" stroke-linecap=\"round\" stroke-linejoin=\"round\"\/><path d=\"M27 2.82373V12.5975\" stroke=\"#b60008\" stroke-width=\"3\" stroke-linecap=\"round\" stroke-linejoin=\"round\"\/><path d=\"M13.5039 20.7427H16.5039\" stroke=\"#b60008\" stroke-width=\"3\" stroke-linecap=\"round\" stroke-linejoin=\"round\"\/><path d=\"M13.5039 27.2583H16.5039\" stroke=\"#b60008\" stroke-width=\"3\" stroke-linecap=\"round\" stroke-linejoin=\"round\"\/><path d=\"M13.5039 33.7739H16.5039\" stroke=\"#b60008\" stroke-width=\"3\" stroke-linecap=\"round\" stroke-linejoin=\"round\"\/><path d=\"M22.5 20.7427H37.5\" stroke=\"#b60008\" stroke-width=\"3\" stroke-linecap=\"round\" stroke-linejoin=\"round\"\/><path d=\"M22.5 27.2583H37.5\" stroke=\"#b60008\" stroke-width=\"3\" stroke-linecap=\"round\" stroke-linejoin=\"round\"\/><path d=\"M22.5 33.7739H37.5\" stroke=\"#b60008\" stroke-width=\"3\" stroke-linecap=\"round\" stroke-linejoin=\"round\"\/><\/svg><\/div><div class=\"icon-highlights__content\"><span class=\"title\">K\u00e4ytt\u00e4j\u00e4yst\u00e4v\u00e4llinen k\u00e4ytt\u00f6liittym\u00e4<\/span><p>Yksil\u00f6lliset asetteluasetukset<\/p><\/div><\/div> <\/div> <\/div>\n\n<div class=\"technical-specifications mc mc--xl lw lw--mw-cntnt-pd\"><div class=\"technical-specifications__header\"><h2>Tekniset tiedot<\/h2><span class=\"subtitle\">Evolution Collector<\/span><\/div><dl class=\"technical-specifications__specifications\"> <div class=\"specification\"> <dt><\/dt> <dd><p>Android-sovellus<\/p><\/dd> <\/div> <div class=\"specification\"> <dt><\/dt> <dd><p>Dynaamiset ajoreitit<\/p><\/dd> <\/div> <div class=\"specification\"> <dt><\/dt> <dd><p>Reitti kartalla ja listalla<\/p><\/dd> <\/div> <div class=\"specification\"> <dt><\/dt> <dd><p>Yhdistetty lista kaduista tai noutopaikoista<\/p><\/dd> <\/div> <div class=\"specification\"> <dt><\/dt> <dd><p>Lajittele lista optimoidun reitin tai viimeisimm\u00e4n ajoj\u00e4rjestyksen mukaan<\/p><\/dd> <\/div> <div class=\"specification\"> <dt><\/dt> <dd><p>Navigointi<\/p><\/dd> <\/div> <div class=\"specification\"> <dt><\/dt> <dd><p>Ilmoitukset uusista ty\u00f6m\u00e4\u00e4r\u00e4yksist\u00e4<\/p><\/dd> <\/div> <div class=\"specification\"> <dt><\/dt> <dd><p>Poikkeamien kirjaaminen ja valokuvaustoiminto<\/p><\/dd> <\/div> <div class=\"specification\"> <dt><\/dt> <dd><p>Kertyv\u00e4 paino ja ylikuormah\u00e4lytys<\/p><\/dd> <\/div> <div class=\"specification\"> <dt><\/dt> <dd><p>Painon t\u00e4sm\u00e4ytys laitosvaa\u2019an kanssa<\/p><\/dd> <\/div> <div class=\"specification\"> <dt><\/dt> <dd><p>Tekstiviestit<\/p><\/dd> <\/div> <div class=\"specification\"> <dt><\/dt> <dd><p>Hakutoiminto<\/p><\/dd> <\/div> <div class=\"specification\"> <dt><\/dt> <dd><p>J\u00e4ljell\u00e4 olevien j\u00e4teastioiden laskenta<\/p><\/dd> <\/div> <div class=\"specification\"> <dt><\/dt> <dd><p>Asennus ja automaattiset p\u00e4ivitykset Google Playn kautta<\/p><\/dd> <\/div><\/dl><\/div>","protected":false},"featured_media":4949,"template":"","class_list":["post-4948","product","type-product","status-publish","has-post-thumbnail","hentry"],"acf":[],"yoast_head":"<!-- This site is optimized with the Yoast SEO plugin v27.3 - https:\/\/yoast.com\/product\/yoast-seo-wordpress\/ -->\n<title>Evolution Collector - Botek<\/title>\n<meta name=\"robots\" content=\"index, follow, max-snippet:-1, max-image-preview:large, max-video-preview:-1\" \/>\n<link rel=\"canonical\" href=\"https:\/\/www.botek.se\/fi\/produkt\/evolution-collector\/\" \/>\n<meta property=\"og:locale\" content=\"fi_FI\" \/>\n<meta property=\"og:type\" content=\"article\" \/>\n<meta property=\"og:title\" content=\"Evolution Collector - Botek\" \/>\n<meta property=\"og:description\" content=\"Reitit n\u00e4kyv\u00e4t kuljettajalle sek\u00e4 karttan\u00e4kym\u00e4ss\u00e4 ett\u00e4 listana. Ker\u00e4ys rekister\u00f6id\u00e4\u00e4n automaattisesti, ja poikkeamat voidaan k\u00e4sitell\u00e4 helposti kosketusn\u00e4yt\u00f6ll\u00e4.\" \/>\n<meta property=\"og:url\" content=\"https:\/\/www.botek.se\/fi\/produkt\/evolution-collector\/\" \/>\n<meta property=\"og:site_name\" content=\"Botek\" \/>\n<meta property=\"article:publisher\" content=\"https:\/\/www.facebook.com\/BotekSystems\/\" \/>\n<meta property=\"article:modified_time\" content=\"2026-03-19T12:58:16+00:00\" \/>\n<meta property=\"og:image\" content=\"https:\/\/www.botek.se\/wp-content\/uploads\/2023\/05\/botek-evolution-collector-hero.jpg\" \/>\n\t<meta property=\"og:image:width\" content=\"2048\" \/>\n\t<meta property=\"og:image:height\" content=\"1024\" \/>\n\t<meta property=\"og:image:type\" content=\"image\/jpeg\" \/>\n<meta name=\"twitter:card\" content=\"summary_large_image\" \/>\n<meta name=\"twitter:label1\" content=\"Arvioitu lukuaika\" \/>\n\t<meta name=\"twitter:data1\" content=\"1 minuutti\" \/>\n<script type=\"application\/ld+json\" class=\"yoast-schema-graph\">{\"@context\":\"https:\\\/\\\/schema.org\",\"@graph\":[{\"@type\":\"WebPage\",\"@id\":\"https:\\\/\\\/www.botek.se\\\/fi\\\/produkt\\\/evolution-collector\\\/\",\"url\":\"https:\\\/\\\/www.botek.se\\\/fi\\\/produkt\\\/evolution-collector\\\/\",\"name\":\"Evolution Collector - Botek\",\"isPartOf\":{\"@id\":\"https:\\\/\\\/www.botek.se\\\/#website\"},\"primaryImageOfPage\":{\"@id\":\"https:\\\/\\\/www.botek.se\\\/fi\\\/produkt\\\/evolution-collector\\\/#primaryimage\"},\"image\":{\"@id\":\"https:\\\/\\\/www.botek.se\\\/fi\\\/produkt\\\/evolution-collector\\\/#primaryimage\"},\"thumbnailUrl\":\"https:\\\/\\\/www.botek.se\\\/wp-content\\\/uploads\\\/2023\\\/05\\\/botek-evolution-collector-hero.jpg\",\"datePublished\":\"2023-05-09T08:04:55+00:00\",\"dateModified\":\"2026-03-19T12:58:16+00:00\",\"breadcrumb\":{\"@id\":\"https:\\\/\\\/www.botek.se\\\/fi\\\/produkt\\\/evolution-collector\\\/#breadcrumb\"},\"inLanguage\":\"fi\",\"potentialAction\":[{\"@type\":\"ReadAction\",\"target\":[\"https:\\\/\\\/www.botek.se\\\/fi\\\/produkt\\\/evolution-collector\\\/\"]}]},{\"@type\":\"ImageObject\",\"inLanguage\":\"fi\",\"@id\":\"https:\\\/\\\/www.botek.se\\\/fi\\\/produkt\\\/evolution-collector\\\/#primaryimage\",\"url\":\"https:\\\/\\\/www.botek.se\\\/wp-content\\\/uploads\\\/2023\\\/05\\\/botek-evolution-collector-hero.jpg\",\"contentUrl\":\"https:\\\/\\\/www.botek.se\\\/wp-content\\\/uploads\\\/2023\\\/05\\\/botek-evolution-collector-hero.jpg\",\"width\":2048,\"height\":1024},{\"@type\":\"BreadcrumbList\",\"@id\":\"https:\\\/\\\/www.botek.se\\\/fi\\\/produkt\\\/evolution-collector\\\/#breadcrumb\",\"itemListElement\":[{\"@type\":\"ListItem\",\"position\":1,\"name\":\"Etusivu\",\"item\":\"https:\\\/\\\/www.botek.se\\\/fi\\\/\"},{\"@type\":\"ListItem\",\"position\":2,\"name\":\"Evolution Collector\"}]},{\"@type\":\"WebSite\",\"@id\":\"https:\\\/\\\/www.botek.se\\\/#website\",\"url\":\"https:\\\/\\\/www.botek.se\\\/\",\"name\":\"Botek\",\"description\":\"\",\"publisher\":{\"@id\":\"https:\\\/\\\/www.botek.se\\\/#organization\"},\"potentialAction\":[{\"@type\":\"SearchAction\",\"target\":{\"@type\":\"EntryPoint\",\"urlTemplate\":\"https:\\\/\\\/www.botek.se\\\/?s={search_term_string}\"},\"query-input\":{\"@type\":\"PropertyValueSpecification\",\"valueRequired\":true,\"valueName\":\"search_term_string\"}}],\"inLanguage\":\"fi\"},{\"@type\":\"Organization\",\"@id\":\"https:\\\/\\\/www.botek.se\\\/#organization\",\"name\":\"Botek\",\"url\":\"https:\\\/\\\/www.botek.se\\\/\",\"logo\":{\"@type\":\"ImageObject\",\"inLanguage\":\"fi\",\"@id\":\"https:\\\/\\\/www.botek.se\\\/#\\\/schema\\\/logo\\\/image\\\/\",\"url\":\"https:\\\/\\\/www.botek.se\\\/wp-content\\\/uploads\\\/2023\\\/05\\\/logo.png\",\"contentUrl\":\"https:\\\/\\\/www.botek.se\\\/wp-content\\\/uploads\\\/2023\\\/05\\\/logo.png\",\"width\":594,\"height\":140,\"caption\":\"Botek\"},\"image\":{\"@id\":\"https:\\\/\\\/www.botek.se\\\/#\\\/schema\\\/logo\\\/image\\\/\"},\"sameAs\":[\"https:\\\/\\\/www.facebook.com\\\/BotekSystems\\\/\",\"https:\\\/\\\/www.linkedin.com\\\/company\\\/botek-systems-ab\\\/\",\"https:\\\/\\\/www.instagram.com\\\/boteksystemsab\\\/\"]}]}<\/script>\n<!-- \/ Yoast SEO plugin. -->","yoast_head_json":{"title":"Evolution Collector - Botek","robots":{"index":"index","follow":"follow","max-snippet":"max-snippet:-1","max-image-preview":"max-image-preview:large","max-video-preview":"max-video-preview:-1"},"canonical":"https:\/\/www.botek.se\/fi\/produkt\/evolution-collector\/","og_locale":"fi_FI","og_type":"article","og_title":"Evolution Collector - Botek","og_description":"Reitit n\u00e4kyv\u00e4t kuljettajalle sek\u00e4 karttan\u00e4kym\u00e4ss\u00e4 ett\u00e4 listana. Ker\u00e4ys rekister\u00f6id\u00e4\u00e4n automaattisesti, ja poikkeamat voidaan k\u00e4sitell\u00e4 helposti kosketusn\u00e4yt\u00f6ll\u00e4.","og_url":"https:\/\/www.botek.se\/fi\/produkt\/evolution-collector\/","og_site_name":"Botek","article_publisher":"https:\/\/www.facebook.com\/BotekSystems\/","article_modified_time":"2026-03-19T12:58:16+00:00","og_image":[{"width":2048,"height":1024,"url":"https:\/\/www.botek.se\/wp-content\/uploads\/2023\/05\/botek-evolution-collector-hero.jpg","type":"image\/jpeg"}],"twitter_card":"summary_large_image","twitter_misc":{"Arvioitu lukuaika":"1 minuutti"},"schema":{"@context":"https:\/\/schema.org","@graph":[{"@type":"WebPage","@id":"https:\/\/www.botek.se\/fi\/produkt\/evolution-collector\/","url":"https:\/\/www.botek.se\/fi\/produkt\/evolution-collector\/","name":"Evolution Collector - Botek","isPartOf":{"@id":"https:\/\/www.botek.se\/#website"},"primaryImageOfPage":{"@id":"https:\/\/www.botek.se\/fi\/produkt\/evolution-collector\/#primaryimage"},"image":{"@id":"https:\/\/www.botek.se\/fi\/produkt\/evolution-collector\/#primaryimage"},"thumbnailUrl":"https:\/\/www.botek.se\/wp-content\/uploads\/2023\/05\/botek-evolution-collector-hero.jpg","datePublished":"2023-05-09T08:04:55+00:00","dateModified":"2026-03-19T12:58:16+00:00","breadcrumb":{"@id":"https:\/\/www.botek.se\/fi\/produkt\/evolution-collector\/#breadcrumb"},"inLanguage":"fi","potentialAction":[{"@type":"ReadAction","target":["https:\/\/www.botek.se\/fi\/produkt\/evolution-collector\/"]}]},{"@type":"ImageObject","inLanguage":"fi","@id":"https:\/\/www.botek.se\/fi\/produkt\/evolution-collector\/#primaryimage","url":"https:\/\/www.botek.se\/wp-content\/uploads\/2023\/05\/botek-evolution-collector-hero.jpg","contentUrl":"https:\/\/www.botek.se\/wp-content\/uploads\/2023\/05\/botek-evolution-collector-hero.jpg","width":2048,"height":1024},{"@type":"BreadcrumbList","@id":"https:\/\/www.botek.se\/fi\/produkt\/evolution-collector\/#breadcrumb","itemListElement":[{"@type":"ListItem","position":1,"name":"Etusivu","item":"https:\/\/www.botek.se\/fi\/"},{"@type":"ListItem","position":2,"name":"Evolution Collector"}]},{"@type":"WebSite","@id":"https:\/\/www.botek.se\/#website","url":"https:\/\/www.botek.se\/","name":"Botek","description":"","publisher":{"@id":"https:\/\/www.botek.se\/#organization"},"potentialAction":[{"@type":"SearchAction","target":{"@type":"EntryPoint","urlTemplate":"https:\/\/www.botek.se\/?s={search_term_string}"},"query-input":{"@type":"PropertyValueSpecification","valueRequired":true,"valueName":"search_term_string"}}],"inLanguage":"fi"},{"@type":"Organization","@id":"https:\/\/www.botek.se\/#organization","name":"Botek","url":"https:\/\/www.botek.se\/","logo":{"@type":"ImageObject","inLanguage":"fi","@id":"https:\/\/www.botek.se\/#\/schema\/logo\/image\/","url":"https:\/\/www.botek.se\/wp-content\/uploads\/2023\/05\/logo.png","contentUrl":"https:\/\/www.botek.se\/wp-content\/uploads\/2023\/05\/logo.png","width":594,"height":140,"caption":"Botek"},"image":{"@id":"https:\/\/www.botek.se\/#\/schema\/logo\/image\/"},"sameAs":["https:\/\/www.facebook.com\/BotekSystems\/","https:\/\/www.linkedin.com\/company\/botek-systems-ab\/","https:\/\/www.instagram.com\/boteksystemsab\/"]}]}},"_links":{"self":[{"href":"https:\/\/www.botek.se\/fi\/wp-json\/wp\/v2\/product\/4948","targetHints":{"allow":["GET"]}}],"collection":[{"href":"https:\/\/www.botek.se\/fi\/wp-json\/wp\/v2\/product"}],"about":[{"href":"https:\/\/www.botek.se\/fi\/wp-json\/wp\/v2\/types\/product"}],"version-history":[{"count":1,"href":"https:\/\/www.botek.se\/fi\/wp-json\/wp\/v2\/product\/4948\/revisions"}],"predecessor-version":[{"id":4950,"href":"https:\/\/www.botek.se\/fi\/wp-json\/wp\/v2\/product\/4948\/revisions\/4950"}],"wp:featuredmedia":[{"embeddable":true,"href":"https:\/\/www.botek.se\/fi\/wp-json\/wp\/v2\/media\/4949"}],"wp:attachment":[{"href":"https:\/\/www.botek.se\/fi\/wp-json\/wp\/v2\/media?parent=4948"}],"curies":[{"name":"wp","href":"https:\/\/api.w.org\/{rel}","templated":true}]}}