{"id":4942,"date":"2023-05-09T10:19:33","date_gmt":"2023-05-09T08:19:33","guid":{"rendered":"https:\/\/www.botek.se\/?post_type=product&#038;p=4942"},"modified":"2026-03-19T13:57:55","modified_gmt":"2026-03-19T12:57:55","slug":"evolution-office","status":"publish","type":"product","link":"https:\/\/www.botek.se\/fi\/produkt\/evolution-office\/","title":{"rendered":"Evolution Office"},"content":{"rendered":"<div class=\"container mc mc--xl lw lw--mw-txt bw container--padding-double\"><div class=\"container__inner bw\">\n\n<h3 class=\"wp-block-heading\"><strong>Operatiivinen suunnittelu<\/strong><\/h3>\n\n\n\n<p>Evolution Office -j\u00e4rjestelm\u00e4n avulla voit helposti suunnitella ja optimoida reittej\u00e4si. Uusia reittej\u00e4 voidaan suunnitella tyhjennyskalenterin perusteella karttaa ja osoitetietoja hy\u00f6dynt\u00e4en. Jos s\u00e4ili\u00f6t ovat v\u00e4\u00e4r\u00e4ll\u00e4 reitill\u00e4, voit siirt\u00e4\u00e4 yksitt\u00e4isi\u00e4 j\u00e4teastioita tai kokonaisia alueita eri reiteille ja ker\u00e4ysp\u00e4iville. Ohjelma ehdottaa tehokkainta ajoj\u00e4rjestyst\u00e4.<\/p>\n\n\n\n<h3 class=\"wp-block-heading\"><strong>J\u00e4teastioita voidaan lis\u00e4t\u00e4 tai poistaa<\/strong><\/h3>\n\n\n\n<p>J\u00e4rjestelm\u00e4 antaa selke\u00e4n yleiskuvan ty\u00f6jaosta ajoneuvoittain, mukaan lukien kunkin reitin j\u00e4teastioiden m\u00e4\u00e4r\u00e4 ja arvioitu kesto. Ajoreitti optimoidaan omalla optimointimoottorillamme, joka on kehitetty erityisesti j\u00e4tehuoltoa varten. Operatiivista suunnittelua varten j\u00e4rjestelm\u00e4ss\u00e4 on ty\u00f6kalut j\u00e4teastioiden lis\u00e4\u00e4miseen tai poistamiseen toiminnan aikana. J\u00e4rjestelm\u00e4 ehdottaa sopivaa reitti\u00e4 ja kohtaa reitill\u00e4, johon ylim\u00e4\u00e4r\u00e4inen tyhjennys voidaan suunnitella. Reittej\u00e4 voidaan my\u00f6s jakaa useiden ajoneuvojen kesken.<\/p>\n\n\n\n<h3 class=\"wp-block-heading\"><strong>Ajoj\u00e4rjestys automaattisen reittioptimoinnin avulla<\/strong><\/h3>\n\n\n\n<p>Optimointity\u00f6kalussa reitti\u00e4 voidaan tarkastella sek\u00e4 kartalla ett\u00e4 listana. Reitin ajoj\u00e4rjestyst\u00e4 voidaan muokata mahdollisimman tehokkaan ajon saavuttamiseksi. Ajoj\u00e4rjestyst\u00e4 muuttamalla kuljettaja voi my\u00f6s seurata ennalta m\u00e4\u00e4ritelty\u00e4 reitti\u00e4 ilman, ett\u00e4 h\u00e4nen tarvitsee siirty\u00e4 listalla edestakaisin. J\u00e4rjestelm\u00e4 voi my\u00f6s ehdottaa sopivaa ajoj\u00e4rjestyst\u00e4 automaattisen reittioptimoinnin avulla annettujen parametrien perusteella.&nbsp;<\/p>\n\n\n\n<p>Optimointitoiminto on reaaliaikaisessa yhteydess\u00e4 ajoneuvoissa k\u00e4ytett\u00e4v\u00e4\u00e4n Evolution Collector -j\u00e4rjestelm\u00e4\u00e4n. Jos ajoneuvo poikkeaa suunnitellulta reitilt\u00e4 eik\u00e4 jatka ty\u00f6t\u00e4 samasta kohdasta, kuljettaja voi laskea uuden ajoj\u00e4rjestyksen j\u00e4ljell\u00e4 oleville j\u00e4teastioille.<\/p>\n\n\n\n<figure class=\"wp-block-image size-large lw lw--mw-txt\"><img loading=\"lazy\" decoding=\"async\" width=\"1024\" height=\"683\" src=\"https:\/\/www.botek.se\/wp-content\/uploads\/2023\/05\/S7A0331-1024x683.jpg\" alt=\"\" class=\"wp-image-1837\" srcset=\"https:\/\/www.botek.se\/wp-content\/uploads\/2023\/05\/S7A0331-1024x683.jpg 1024w, https:\/\/www.botek.se\/wp-content\/uploads\/2023\/05\/S7A0331-300x200.jpg 300w, https:\/\/www.botek.se\/wp-content\/uploads\/2023\/05\/S7A0331-768x512.jpg 768w, https:\/\/www.botek.se\/wp-content\/uploads\/2023\/05\/S7A0331-1536x1024.jpg 1536w, https:\/\/www.botek.se\/wp-content\/uploads\/2023\/05\/S7A0331.jpg 2048w\" sizes=\"auto, (max-width: 1024px) 100vw, 1024px\" \/><\/figure>\n\n<\/div><\/div>\n\n\n<div class=\"wp-block-columns are-vertically-aligned-top mc mc--xl lw lw--mw-cntnt-pd is-layout-flex wp-container-core-columns-is-layout-9d6595d7 wp-block-columns-is-layout-flex\">\n<div class=\"wp-block-column is-vertically-aligned-top lw lw--mw-cntnt-pd bw is-layout-flow wp-block-column-is-layout-flow\">\n<h3 class=\"wp-block-heading\"><strong>Evolution Office optimoi reitin<\/strong><\/h3>\n\n\n\n<p>Botekin ohjelmisto auttaa nopeasti yksinkertaistamaan, parantamaan ja tehostamaan j\u00e4tehuoltoa. Evolution Office on t\u00e4rke\u00e4 osa t\u00e4t\u00e4 kehityst\u00e4.<\/p>\n<\/div>\n\n\n\n<div class=\"wp-block-column is-vertically-aligned-top lw lw--mw-cntnt-pd bw is-layout-flow wp-block-column-is-layout-flow\"><\/div>\n<\/div>\n\n\n<div class=\"icon-highlights mc mc--xl lw lw--mw-cntnt-pd icon-highlights--max-per-row-3 icon-highlights--icon-size-small icon-highlights--alignment-left\"> <div class=\"icon-highlights__inner\"> <div class=\"icon-highlights__highlight\"><div class=\"icon-highlights__icon\"><svg width=\"48\" height=\"48\" viewBox=\"0 0 48 48\" fill=\"none\" xmlns=\"http:\/\/www.w3.org\/2000\/svg\"><g clip-path=\"url(#clip0_2323_7015)\"><path d=\"M46.5 9C46.5 12.4 41.426 20.356 39.626 23.072C39.5576 23.1752 39.4648 23.2598 39.3556 23.3182C39.2466 23.3768 39.1248 23.4074 39.001 23.4074C38.8772 23.4074 38.7554 23.3768 38.6464 23.3182C38.5372 23.2598 38.4444 23.1752 38.376 23.072C36.574 20.358 31.5 12.4 31.5 9C31.5 7.01088 32.2902 5.10322 33.6966 3.6967C35.1032 2.29018 37.0108 1.5 39 1.5C40.9892 1.5 42.8968 2.29018 44.3034 3.6967C45.7098 5.10322 46.5 7.01088 46.5 9Z\" stroke=\"#b60008\" stroke-width=\"3\" stroke-linecap=\"round\" stroke-linejoin=\"round\"\/><path d=\"M10.5 16.5C12.8869 16.5 15.1761 17.4482 16.864 19.136C18.5518 20.8238 19.5 23.113 19.5 25.5C19.5 29.342 14.124 36.654 11.682 39.776C11.5417 39.9556 11.3624 40.1008 11.1575 40.2006C10.9527 40.3006 10.7279 40.3524 10.5 40.3524C10.2721 40.3524 10.0473 40.3006 9.84246 40.2006C9.63764 40.1008 9.4583 39.9556 9.318 39.776C6.876 36.652 1.5 29.342 1.5 25.5C1.5 23.113 2.44822 20.8238 4.13604 19.136C5.82386 17.4482 8.11306 16.5 10.5 16.5Z\" stroke=\"#b60008\" stroke-width=\"3\" stroke-linecap=\"round\" stroke-linejoin=\"round\"\/><path d=\"M13.5 46.5L39 30\" stroke=\"#b60008\" stroke-width=\"3\" stroke-linecap=\"round\" stroke-linejoin=\"round\"\/><path d=\"M10.5 26.25C10.0858 26.25 9.75 25.9142 9.75 25.5C9.75 25.0858 10.0858 24.75 10.5 24.75\" stroke=\"#b60008\" stroke-width=\"3\"\/><path d=\"M10.5 26.25C10.9142 26.25 11.25 25.9142 11.25 25.5C11.25 25.0858 10.9142 24.75 10.5 24.75\" stroke=\"#b60008\" stroke-width=\"3\"\/><path d=\"M39 9.75C38.5858 9.75 38.25 9.41422 38.25 9C38.25 8.58578 38.5858 8.25 39 8.25\" stroke=\"#b60008\" stroke-width=\"3\"\/><path d=\"M39 9.75C39.4142 9.75 39.75 9.41422 39.75 9C39.75 8.58578 39.4142 8.25 39 8.25\" stroke=\"#b60008\" stroke-width=\"3\"\/><\/g><defs><clipPath id=\"clip0_2323_7015\"><rect width=\"48\" height=\"48\" fill=\"white\"\/><\/clipPath><\/defs><\/svg><\/div><div class=\"icon-highlights__content\"><span class=\"title\"><\/span><p>Suunnittele ja optimoi j\u00e4tehuollon reittej\u00e4<\/p><\/div><\/div><div class=\"icon-highlights__highlight\"><div class=\"icon-highlights__icon\"><svg width=\"48\" height=\"48\" viewBox=\"0 0 48 48\" fill=\"none\" xmlns=\"http:\/\/www.w3.org\/2000\/svg\"><g clip-path=\"url(#clip0_2323_7016)\"><path d=\"M24 46.5C36.4264 46.5 46.5 36.4264 46.5 24C46.5 11.5736 36.4264 1.5 24 1.5C11.5736 1.5 1.5 11.5736 1.5 24C1.5 36.4264 11.5736 46.5 24 46.5Z\" stroke=\"#b60008\" stroke-width=\"3\" stroke-linecap=\"round\" stroke-linejoin=\"round\"\/><path d=\"M24.0017 15.544C18.6277 15.456 13.0677 19.1 9.57369 22.83C9.20766 23.2198 9.00391 23.7344 9.00391 24.269C9.00391 24.8037 9.20766 25.3183 9.57369 25.708C13.0017 29.36 18.5297 33.086 24.0017 33C29.4737 33.088 35.0017 29.362 38.4337 25.71C38.7997 25.3203 39.0035 24.8057 39.0035 24.271C39.0035 23.7364 38.7997 23.2218 38.4337 22.832C34.9357 19.1 29.3757 15.456 24.0017 15.544Z\" stroke=\"#b60008\" stroke-width=\"3\" stroke-linecap=\"round\" stroke-linejoin=\"round\"\/><path d=\"M24 27.27C25.6569 27.27 27 25.9269 27 24.27C27 22.6132 25.6569 21.27 24 21.27C22.3431 21.27 21 22.6132 21 24.27C21 25.9269 22.3431 27.27 24 27.27Z\" stroke=\"#b60008\" stroke-width=\"3\" stroke-linecap=\"round\" stroke-linejoin=\"round\"\/><\/g><defs><clipPath id=\"clip0_2323_7016\"><rect width=\"48\" height=\"48\" fill=\"white\"\/><\/clipPath><\/defs><\/svg><\/div><div class=\"icon-highlights__content\"><span class=\"title\"><\/span><p>Optimoi ja seuraa ker\u00e4ystoimintaa<\/p><\/div><\/div><div class=\"icon-highlights__highlight\"><div class=\"icon-highlights__icon\"><svg width=\"48\" height=\"48\" viewBox=\"0 0 48 48\" fill=\"none\" xmlns=\"http:\/\/www.w3.org\/2000\/svg\"><path d=\"M31 18L22 30L16 24\" stroke=\"#b60008\" stroke-width=\"3\" stroke-linecap=\"round\" stroke-linejoin=\"round\"\/><g clip-path=\"url(#clip0_2323_7014)\"><path d=\"M24 46.5C36.4264 46.5 46.5 36.4264 46.5 24C46.5 11.5736 36.4264 1.5 24 1.5C11.5736 1.5 1.5 11.5736 1.5 24C1.5 36.4264 11.5736 46.5 24 46.5Z\" stroke=\"#b60008\" stroke-width=\"3\" stroke-linecap=\"round\" stroke-linejoin=\"round\"\/><\/g><defs><clipPath id=\"clip0_2323_7014\"><rect width=\"48\" height=\"48\" fill=\"white\"\/><\/clipPath><\/defs><\/svg><\/div><div class=\"icon-highlights__content\"><span class=\"title\"><\/span><p>J\u00e4teastioita voidaan lis\u00e4t\u00e4 tai poistaa<\/p><\/div><\/div> <\/div> <\/div>\n\n<div class=\"technical-specifications mc mc--xl lw lw--mw-cntnt-pd\"><div class=\"technical-specifications__header\"><h2>Tekniset tiedot<\/h2><span class=\"subtitle\">Evolution Office<\/span><\/div><dl class=\"technical-specifications__specifications\"> <div class=\"specification\"> <dt><\/dt> <dd><p>Verkkopohjainen ohjelmisto<\/p><\/dd> <\/div> <div class=\"specification\"> <dt><\/dt> <dd><p>Operatiivinen suunnittelu<\/p><\/dd> <\/div> <div class=\"specification\"> <dt><\/dt> <dd><p>Reitin optimointi<\/p><\/dd> <\/div> <div class=\"specification\"> <dt><\/dt> <dd><p>Ajoneuvojen reaaliaikainen seuranta<\/p><\/dd> <\/div> <div class=\"specification\"> <dt><\/dt> <dd><p>Tuki tarpeen mukaan tapahtuvalle tyhjennykselle ja dynaamisille reiteille<\/p><\/dd> <\/div> <div class=\"specification\"> <dt><\/dt> <dd><p>J\u00e4teastioiden inventointi<\/p><\/dd> <\/div> <div class=\"specification\"> <dt><\/dt> <dd><p>Raportit, KPI:t ja tilastot<\/p><\/dd> <\/div> <div class=\"specification\"> <dt><\/dt> <dd><p>Vie laskutustiedot<\/p><\/dd> <\/div><\/dl><\/div>\n\n\n<div class=\"wp-block-anchor-block-standard lw lw--mw-cntnt-pd\" id=\"callcenter\" data-anchor-padding=\"40\" style=\"--data-anchor-padding: 40px\"><\/div>\n\n\n<div class=\"large-highlight is-style-image-right mc mc--xl lw lw--mw-cntnt-pd\"> <div class=\"large-highlight__inner\"> <div class=\"large-highlight__photo\"> <div class=\"image image--non-ofi\"> <div style=\"padding-bottom: 66.640440597954%\"><\/div> <img decoding=\"async\" class=\"lazy-image-full js-lazy-image\" src=\"\" data-src=\"https:\/\/www.botek.se\/wp-content\/uploads\/2023\/05\/8345ac81-a5cf-3494-bbe3-6de15fb95b70.jpg\" data-srcset=\"https:\/\/www.botek.se\/wp-content\/uploads\/2023\/05\/8345ac81-a5cf-3494-bbe3-6de15fb95b70.jpg 1271w, https:\/\/www.botek.se\/wp-content\/uploads\/2023\/05\/8345ac81-a5cf-3494-bbe3-6de15fb95b70-300x200.jpg 300w, https:\/\/www.botek.se\/wp-content\/uploads\/2023\/05\/8345ac81-a5cf-3494-bbe3-6de15fb95b70-1024x682.jpg 1024w, https:\/\/www.botek.se\/wp-content\/uploads\/2023\/05\/8345ac81-a5cf-3494-bbe3-6de15fb95b70-768x512.jpg 768w\" sizes=\"(max-width: 1271px) 100vw, 1271px\" alt=\"\"\/><img decoding=\"async\" class=\"lazy-image-preview lazy-image-preview--lazy-not-loaded js-preview-image\" src=\"https:\/\/www.botek.se\/wp-content\/uploads\/2023\/05\/8345ac81-a5cf-3494-bbe3-6de15fb95b70-150x150.jpg\" alt=\"\"\/> <\/div> <\/div> <div class=\"large-highlight__content\"> <span class=\"suptitle\">Evolution Callcenter<\/span><h2>Evolution Callcenter tukee asiakaspalvelua<\/h2><p>Kuten nimest\u00e4 voi p\u00e4\u00e4tell\u00e4, Evolution Callcenter on suunniteltu asiakaspalvelua varten. Evolution Office -j\u00e4rjestelm\u00e4n kevennetty versio, jossa k\u00e4ytt\u00e4j\u00e4 voi hakea asiakkaita ja j\u00e4teastioita helposti eri hakukriteerien perusteella. Ty\u00f6kalu tarjoaa asiakaspalvelulle hyv\u00e4n kokonaiskuvan ja mahdollistaa asiakkaiden ammattimaisen ja t\u00e4sm\u00e4llisen palvelun.<\/p> <\/div> <\/div> <\/div>","protected":false},"featured_media":0,"template":"","class_list":["post-4942","product","type-product","status-publish","hentry"],"acf":[],"yoast_head":"<!-- This site is optimized with the Yoast SEO plugin v27.3 - https:\/\/yoast.com\/product\/yoast-seo-wordpress\/ -->\n<title>Evolution Office - Botek<\/title>\n<meta name=\"robots\" content=\"index, follow, max-snippet:-1, max-image-preview:large, max-video-preview:-1\" \/>\n<link rel=\"canonical\" href=\"https:\/\/www.botek.se\/fi\/produkt\/evolution-office\/\" \/>\n<meta property=\"og:locale\" content=\"fi_FI\" \/>\n<meta property=\"og:type\" content=\"article\" \/>\n<meta property=\"og:title\" content=\"Evolution Office - Botek\" \/>\n<meta property=\"og:description\" content=\"Evolution Office \u00e4r en komplett programvara f\u00f6r driftledare och administrativ personal. H\u00e4r planerar, \u00f6vervakar, optimerar och rapporterar du det dagliga insamlingsarbetet.\" \/>\n<meta property=\"og:url\" content=\"https:\/\/www.botek.se\/fi\/produkt\/evolution-office\/\" \/>\n<meta property=\"og:site_name\" content=\"Botek\" \/>\n<meta property=\"article:publisher\" content=\"https:\/\/www.facebook.com\/BotekSystems\/\" \/>\n<meta property=\"article:modified_time\" content=\"2026-03-19T12:57:55+00:00\" \/>\n<meta property=\"og:image\" content=\"https:\/\/www.botek.se\/wp-content\/uploads\/2023\/05\/S7A0331.jpg\" \/>\n\t<meta property=\"og:image:width\" content=\"2048\" \/>\n\t<meta property=\"og:image:height\" content=\"1365\" \/>\n\t<meta property=\"og:image:type\" content=\"image\/jpeg\" \/>\n<meta name=\"twitter:card\" content=\"summary_large_image\" \/>\n<meta name=\"twitter:label1\" content=\"Arvioitu lukuaika\" \/>\n\t<meta name=\"twitter:data1\" content=\"2 minuuttia\" \/>\n<script type=\"application\/ld+json\" class=\"yoast-schema-graph\">{\"@context\":\"https:\\\/\\\/schema.org\",\"@graph\":[{\"@type\":\"WebPage\",\"@id\":\"https:\\\/\\\/www.botek.se\\\/fi\\\/produkt\\\/evolution-office\\\/\",\"url\":\"https:\\\/\\\/www.botek.se\\\/fi\\\/produkt\\\/evolution-office\\\/\",\"name\":\"Evolution Office - Botek\",\"isPartOf\":{\"@id\":\"https:\\\/\\\/www.botek.se\\\/#website\"},\"primaryImageOfPage\":{\"@id\":\"https:\\\/\\\/www.botek.se\\\/fi\\\/produkt\\\/evolution-office\\\/#primaryimage\"},\"image\":{\"@id\":\"https:\\\/\\\/www.botek.se\\\/fi\\\/produkt\\\/evolution-office\\\/#primaryimage\"},\"thumbnailUrl\":\"https:\\\/\\\/www.botek.se\\\/wp-content\\\/uploads\\\/2023\\\/05\\\/S7A0331-1024x683.jpg\",\"datePublished\":\"2023-05-09T08:19:33+00:00\",\"dateModified\":\"2026-03-19T12:57:55+00:00\",\"breadcrumb\":{\"@id\":\"https:\\\/\\\/www.botek.se\\\/fi\\\/produkt\\\/evolution-office\\\/#breadcrumb\"},\"inLanguage\":\"fi\",\"potentialAction\":[{\"@type\":\"ReadAction\",\"target\":[\"https:\\\/\\\/www.botek.se\\\/fi\\\/produkt\\\/evolution-office\\\/\"]}]},{\"@type\":\"ImageObject\",\"inLanguage\":\"fi\",\"@id\":\"https:\\\/\\\/www.botek.se\\\/fi\\\/produkt\\\/evolution-office\\\/#primaryimage\",\"url\":\"https:\\\/\\\/www.botek.se\\\/wp-content\\\/uploads\\\/2023\\\/05\\\/S7A0331-1024x683.jpg\",\"contentUrl\":\"https:\\\/\\\/www.botek.se\\\/wp-content\\\/uploads\\\/2023\\\/05\\\/S7A0331-1024x683.jpg\"},{\"@type\":\"BreadcrumbList\",\"@id\":\"https:\\\/\\\/www.botek.se\\\/fi\\\/produkt\\\/evolution-office\\\/#breadcrumb\",\"itemListElement\":[{\"@type\":\"ListItem\",\"position\":1,\"name\":\"Etusivu\",\"item\":\"https:\\\/\\\/www.botek.se\\\/fi\\\/\"},{\"@type\":\"ListItem\",\"position\":2,\"name\":\"Evolution Office\"}]},{\"@type\":\"WebSite\",\"@id\":\"https:\\\/\\\/www.botek.se\\\/#website\",\"url\":\"https:\\\/\\\/www.botek.se\\\/\",\"name\":\"Botek\",\"description\":\"\",\"publisher\":{\"@id\":\"https:\\\/\\\/www.botek.se\\\/#organization\"},\"potentialAction\":[{\"@type\":\"SearchAction\",\"target\":{\"@type\":\"EntryPoint\",\"urlTemplate\":\"https:\\\/\\\/www.botek.se\\\/?s={search_term_string}\"},\"query-input\":{\"@type\":\"PropertyValueSpecification\",\"valueRequired\":true,\"valueName\":\"search_term_string\"}}],\"inLanguage\":\"fi\"},{\"@type\":\"Organization\",\"@id\":\"https:\\\/\\\/www.botek.se\\\/#organization\",\"name\":\"Botek\",\"url\":\"https:\\\/\\\/www.botek.se\\\/\",\"logo\":{\"@type\":\"ImageObject\",\"inLanguage\":\"fi\",\"@id\":\"https:\\\/\\\/www.botek.se\\\/#\\\/schema\\\/logo\\\/image\\\/\",\"url\":\"https:\\\/\\\/www.botek.se\\\/wp-content\\\/uploads\\\/2023\\\/05\\\/logo.png\",\"contentUrl\":\"https:\\\/\\\/www.botek.se\\\/wp-content\\\/uploads\\\/2023\\\/05\\\/logo.png\",\"width\":594,\"height\":140,\"caption\":\"Botek\"},\"image\":{\"@id\":\"https:\\\/\\\/www.botek.se\\\/#\\\/schema\\\/logo\\\/image\\\/\"},\"sameAs\":[\"https:\\\/\\\/www.facebook.com\\\/BotekSystems\\\/\",\"https:\\\/\\\/www.linkedin.com\\\/company\\\/botek-systems-ab\\\/\",\"https:\\\/\\\/www.instagram.com\\\/boteksystemsab\\\/\"]}]}<\/script>\n<!-- \/ Yoast SEO plugin. -->","yoast_head_json":{"title":"Evolution Office - Botek","robots":{"index":"index","follow":"follow","max-snippet":"max-snippet:-1","max-image-preview":"max-image-preview:large","max-video-preview":"max-video-preview:-1"},"canonical":"https:\/\/www.botek.se\/fi\/produkt\/evolution-office\/","og_locale":"fi_FI","og_type":"article","og_title":"Evolution Office - Botek","og_description":"Evolution Office \u00e4r en komplett programvara f\u00f6r driftledare och administrativ personal. H\u00e4r planerar, \u00f6vervakar, optimerar och rapporterar du det dagliga insamlingsarbetet.","og_url":"https:\/\/www.botek.se\/fi\/produkt\/evolution-office\/","og_site_name":"Botek","article_publisher":"https:\/\/www.facebook.com\/BotekSystems\/","article_modified_time":"2026-03-19T12:57:55+00:00","og_image":[{"width":2048,"height":1365,"url":"https:\/\/www.botek.se\/wp-content\/uploads\/2023\/05\/S7A0331.jpg","type":"image\/jpeg"}],"twitter_card":"summary_large_image","twitter_misc":{"Arvioitu lukuaika":"2 minuuttia"},"schema":{"@context":"https:\/\/schema.org","@graph":[{"@type":"WebPage","@id":"https:\/\/www.botek.se\/fi\/produkt\/evolution-office\/","url":"https:\/\/www.botek.se\/fi\/produkt\/evolution-office\/","name":"Evolution Office - Botek","isPartOf":{"@id":"https:\/\/www.botek.se\/#website"},"primaryImageOfPage":{"@id":"https:\/\/www.botek.se\/fi\/produkt\/evolution-office\/#primaryimage"},"image":{"@id":"https:\/\/www.botek.se\/fi\/produkt\/evolution-office\/#primaryimage"},"thumbnailUrl":"https:\/\/www.botek.se\/wp-content\/uploads\/2023\/05\/S7A0331-1024x683.jpg","datePublished":"2023-05-09T08:19:33+00:00","dateModified":"2026-03-19T12:57:55+00:00","breadcrumb":{"@id":"https:\/\/www.botek.se\/fi\/produkt\/evolution-office\/#breadcrumb"},"inLanguage":"fi","potentialAction":[{"@type":"ReadAction","target":["https:\/\/www.botek.se\/fi\/produkt\/evolution-office\/"]}]},{"@type":"ImageObject","inLanguage":"fi","@id":"https:\/\/www.botek.se\/fi\/produkt\/evolution-office\/#primaryimage","url":"https:\/\/www.botek.se\/wp-content\/uploads\/2023\/05\/S7A0331-1024x683.jpg","contentUrl":"https:\/\/www.botek.se\/wp-content\/uploads\/2023\/05\/S7A0331-1024x683.jpg"},{"@type":"BreadcrumbList","@id":"https:\/\/www.botek.se\/fi\/produkt\/evolution-office\/#breadcrumb","itemListElement":[{"@type":"ListItem","position":1,"name":"Etusivu","item":"https:\/\/www.botek.se\/fi\/"},{"@type":"ListItem","position":2,"name":"Evolution Office"}]},{"@type":"WebSite","@id":"https:\/\/www.botek.se\/#website","url":"https:\/\/www.botek.se\/","name":"Botek","description":"","publisher":{"@id":"https:\/\/www.botek.se\/#organization"},"potentialAction":[{"@type":"SearchAction","target":{"@type":"EntryPoint","urlTemplate":"https:\/\/www.botek.se\/?s={search_term_string}"},"query-input":{"@type":"PropertyValueSpecification","valueRequired":true,"valueName":"search_term_string"}}],"inLanguage":"fi"},{"@type":"Organization","@id":"https:\/\/www.botek.se\/#organization","name":"Botek","url":"https:\/\/www.botek.se\/","logo":{"@type":"ImageObject","inLanguage":"fi","@id":"https:\/\/www.botek.se\/#\/schema\/logo\/image\/","url":"https:\/\/www.botek.se\/wp-content\/uploads\/2023\/05\/logo.png","contentUrl":"https:\/\/www.botek.se\/wp-content\/uploads\/2023\/05\/logo.png","width":594,"height":140,"caption":"Botek"},"image":{"@id":"https:\/\/www.botek.se\/#\/schema\/logo\/image\/"},"sameAs":["https:\/\/www.facebook.com\/BotekSystems\/","https:\/\/www.linkedin.com\/company\/botek-systems-ab\/","https:\/\/www.instagram.com\/boteksystemsab\/"]}]}},"_links":{"self":[{"href":"https:\/\/www.botek.se\/fi\/wp-json\/wp\/v2\/product\/4942","targetHints":{"allow":["GET"]}}],"collection":[{"href":"https:\/\/www.botek.se\/fi\/wp-json\/wp\/v2\/product"}],"about":[{"href":"https:\/\/www.botek.se\/fi\/wp-json\/wp\/v2\/types\/product"}],"version-history":[{"count":1,"href":"https:\/\/www.botek.se\/fi\/wp-json\/wp\/v2\/product\/4942\/revisions"}],"predecessor-version":[{"id":4946,"href":"https:\/\/www.botek.se\/fi\/wp-json\/wp\/v2\/product\/4942\/revisions\/4946"}],"wp:attachment":[{"href":"https:\/\/www.botek.se\/fi\/wp-json\/wp\/v2\/media?parent=4942"}],"curies":[{"name":"wp","href":"https:\/\/api.w.org\/{rel}","templated":true}]}}