{"id":4934,"date":"2024-01-10T11:32:15","date_gmt":"2024-01-10T10:32:15","guid":{"rendered":"https:\/\/www.botek.se\/?post_type=product&#038;p=4934"},"modified":"2026-03-19T13:57:10","modified_gmt":"2026-03-19T12:57:10","slug":"evolution-planner","status":"publish","type":"product","link":"https:\/\/www.botek.se\/fi\/produkt\/evolution-planner\/","title":{"rendered":"Evolution Planner"},"content":{"rendered":"<div class=\"container mc mc--xl lw lw--mw-txt bw container--padding-double\"><div class=\"container__inner bw\">\n\n<p>Evolution Planner tarjoaa kokonaisvaltaisen ratkaisun j\u00e4tehuollon ker\u00e4yksen strategiseen suunnitteluun. Ohjelmisto toimii joko Evolution Office -j\u00e4rjestelm\u00e4n moduulina tai erillisen\u00e4 ohjelmana. Se mahdollistaa astiarekisterin tuonnin sek\u00e4 reittien viennin muihin j\u00e4rjestelmiin.<\/p>\n\n\n\n<p>Evolution Planner hy\u00f6dynt\u00e4\u00e4 omaa, erityisesti j\u00e4tehuollon ker\u00e4ystarpeisiin kehitetty\u00e4 optimointimoottoriamme. J\u00e4rjestelm\u00e4 optimoi suuren m\u00e4\u00e4r\u00e4n j\u00e4teastioita yhdess\u00e4 prosessissa ja jakaa ne tasapainoisesti tyhjennysp\u00e4iville sek\u00e4 tehokkaille ker\u00e4ysreiteille.<\/p>\n\n\n\n<p>Optimointij\u00e4rjestelm\u00e4 huomioi suuren m\u00e4\u00e4r\u00e4n parametreja, tekij\u00f6it\u00e4 ja prioriteetteja, jotka ovat t\u00e4rkeit\u00e4 j\u00e4tteen ker\u00e4yksen suunnittelussa.<\/p>\n\n\n\n<figure class=\"wp-block-image size-large lw lw--mw-txt\"><img loading=\"lazy\" decoding=\"async\" width=\"1024\" height=\"683\" src=\"https:\/\/www.botek.se\/wp-content\/uploads\/2023\/05\/S7A9990-1024x683.jpg\" alt=\"\" class=\"wp-image-1898\" srcset=\"https:\/\/www.botek.se\/wp-content\/uploads\/2023\/05\/S7A9990-1024x683.jpg 1024w, https:\/\/www.botek.se\/wp-content\/uploads\/2023\/05\/S7A9990-300x200.jpg 300w, https:\/\/www.botek.se\/wp-content\/uploads\/2023\/05\/S7A9990-768x512.jpg 768w, https:\/\/www.botek.se\/wp-content\/uploads\/2023\/05\/S7A9990-1536x1024.jpg 1536w, https:\/\/www.botek.se\/wp-content\/uploads\/2023\/05\/S7A9990.jpg 2048w\" sizes=\"auto, (max-width: 1024px) 100vw, 1024px\" \/><\/figure>\n\n<\/div><\/div>\n\n\n<h4 class=\"wp-block-heading mc mc--m lw lw--mw-txt-left\">Evolution planner inneh\u00e5ller bland annat:<\/h4>\n\n\n<div class=\"icon-highlights mc mc--l lw lw--mw-cntnt-pd icon-highlights--max-per-row-3 icon-highlights--icon-size-small icon-highlights--alignment-left\"> <div class=\"icon-highlights__inner\"> <div class=\"icon-highlights__highlight\"><div class=\"icon-highlights__icon\"><svg width=\"48\" height=\"48\" viewBox=\"0 0 48 48\" fill=\"none\" xmlns=\"http:\/\/www.w3.org\/2000\/svg\"><path d=\"M31 18L22 30L16 24\" stroke=\"#b60008\" stroke-width=\"3\" stroke-linecap=\"round\" stroke-linejoin=\"round\"\/><g clip-path=\"url(#clip0_2323_7014)\"><path d=\"M24 46.5C36.4264 46.5 46.5 36.4264 46.5 24C46.5 11.5736 36.4264 1.5 24 1.5C11.5736 1.5 1.5 11.5736 1.5 24C1.5 36.4264 11.5736 46.5 24 46.5Z\" stroke=\"#b60008\" stroke-width=\"3\" stroke-linecap=\"round\" stroke-linejoin=\"round\"\/><\/g><defs><clipPath id=\"clip0_2323_7014\"><rect width=\"48\" height=\"48\" fill=\"white\"\/><\/clipPath><\/defs><\/svg><\/div><div class=\"icon-highlights__content\"><span class=\"title\"><\/span><p>&#8221;Workbench&#8221;-ty\u00f6p\u00f6yt\u00e4 vaiheittaiseen suunnitteluun valintaa, sijainteja, ty\u00f6p\u00e4ivi\u00e4, reittej\u00e4 ja tarkistusta varten<\/p><\/div><\/div><div class=\"icon-highlights__highlight\"><div class=\"icon-highlights__icon\"><svg width=\"48\" height=\"48\" viewBox=\"0 0 48 48\" fill=\"none\" xmlns=\"http:\/\/www.w3.org\/2000\/svg\"><path d=\"M31 18L22 30L16 24\" stroke=\"#b60008\" stroke-width=\"3\" stroke-linecap=\"round\" stroke-linejoin=\"round\"\/><g clip-path=\"url(#clip0_2323_7014)\"><path d=\"M24 46.5C36.4264 46.5 46.5 36.4264 46.5 24C46.5 11.5736 36.4264 1.5 24 1.5C11.5736 1.5 1.5 11.5736 1.5 24C1.5 36.4264 11.5736 46.5 24 46.5Z\" stroke=\"#b60008\" stroke-width=\"3\" stroke-linecap=\"round\" stroke-linejoin=\"round\"\/><\/g><defs><clipPath id=\"clip0_2323_7014\"><rect width=\"48\" height=\"48\" fill=\"white\"\/><\/clipPath><\/defs><\/svg><\/div><div class=\"icon-highlights__content\"><span class=\"title\"><\/span><p>&#8221;Eagle-eye&#8221;-yleisn\u00e4kym\u00e4 alueista, j\u00e4teastioista, ty\u00f6p\u00e4ivist\u00e4 ja reiteist\u00e4 KPI-mittareineen<\/p><\/div><\/div><div class=\"icon-highlights__highlight\"><div class=\"icon-highlights__icon\"><svg width=\"48\" height=\"48\" viewBox=\"0 0 48 48\" fill=\"none\" xmlns=\"http:\/\/www.w3.org\/2000\/svg\"><path d=\"M31 18L22 30L16 24\" stroke=\"#b60008\" stroke-width=\"3\" stroke-linecap=\"round\" stroke-linejoin=\"round\"\/><g clip-path=\"url(#clip0_2323_7014)\"><path d=\"M24 46.5C36.4264 46.5 46.5 36.4264 46.5 24C46.5 11.5736 36.4264 1.5 24 1.5C11.5736 1.5 1.5 11.5736 1.5 24C1.5 36.4264 11.5736 46.5 24 46.5Z\" stroke=\"#b60008\" stroke-width=\"3\" stroke-linecap=\"round\" stroke-linejoin=\"round\"\/><\/g><defs><clipPath id=\"clip0_2323_7014\"><rect width=\"48\" height=\"48\" fill=\"white\"\/><\/clipPath><\/defs><\/svg><\/div><div class=\"icon-highlights__content\"><span class=\"title\"><\/span><p>Suuri m\u00e4\u00e4r\u00e4 parametreja, ehtoja, tekij\u00f6it\u00e4 ja prioriteetteja optimointia varten<\/p><\/div><\/div><div class=\"icon-highlights__highlight\"><div class=\"icon-highlights__icon\"><svg width=\"48\" height=\"48\" viewBox=\"0 0 48 48\" fill=\"none\" xmlns=\"http:\/\/www.w3.org\/2000\/svg\"><path d=\"M31 18L22 30L16 24\" stroke=\"#b60008\" stroke-width=\"3\" stroke-linecap=\"round\" stroke-linejoin=\"round\"\/><g clip-path=\"url(#clip0_2323_7014)\"><path d=\"M24 46.5C36.4264 46.5 46.5 36.4264 46.5 24C46.5 11.5736 36.4264 1.5 24 1.5C11.5736 1.5 1.5 11.5736 1.5 24C1.5 36.4264 11.5736 46.5 24 46.5Z\" stroke=\"#b60008\" stroke-width=\"3\" stroke-linecap=\"round\" stroke-linejoin=\"round\"\/><\/g><defs><clipPath id=\"clip0_2323_7014\"><rect width=\"48\" height=\"48\" fill=\"white\"\/><\/clipPath><\/defs><\/svg><\/div><div class=\"icon-highlights__content\"><span class=\"title\"><\/span><p>Parametrit voivat perustua oletusarvoihin ja historiallisiin tietoihin<\/p><\/div><\/div><div class=\"icon-highlights__highlight\"><div class=\"icon-highlights__icon\"><svg width=\"48\" height=\"48\" viewBox=\"0 0 48 48\" fill=\"none\" xmlns=\"http:\/\/www.w3.org\/2000\/svg\"><path d=\"M31 18L22 30L16 24\" stroke=\"#b60008\" stroke-width=\"3\" stroke-linecap=\"round\" stroke-linejoin=\"round\"\/><g clip-path=\"url(#clip0_2323_7014)\"><path d=\"M24 46.5C36.4264 46.5 46.5 36.4264 46.5 24C46.5 11.5736 36.4264 1.5 24 1.5C11.5736 1.5 1.5 11.5736 1.5 24C1.5 36.4264 11.5736 46.5 24 46.5Z\" stroke=\"#b60008\" stroke-width=\"3\" stroke-linecap=\"round\" stroke-linejoin=\"round\"\/><\/g><defs><clipPath id=\"clip0_2323_7014\"><rect width=\"48\" height=\"48\" fill=\"white\"\/><\/clipPath><\/defs><\/svg><\/div><div class=\"icon-highlights__content\"><span class=\"title\"><\/span><p>Sis\u00e4\u00e4nrakennettu logiikka, joka huomioi ajoneuvotyypit, s\u00e4ili\u00f6tyypit ja tieluokat<\/p><\/div><\/div><div class=\"icon-highlights__highlight\"><div class=\"icon-highlights__icon\"><svg width=\"48\" height=\"48\" viewBox=\"0 0 48 48\" fill=\"none\" xmlns=\"http:\/\/www.w3.org\/2000\/svg\"><path d=\"M31 18L22 30L16 24\" stroke=\"#b60008\" stroke-width=\"3\" stroke-linecap=\"round\" stroke-linejoin=\"round\"\/><g clip-path=\"url(#clip0_2323_7014)\"><path d=\"M24 46.5C36.4264 46.5 46.5 36.4264 46.5 24C46.5 11.5736 36.4264 1.5 24 1.5C11.5736 1.5 1.5 11.5736 1.5 24C1.5 36.4264 11.5736 46.5 24 46.5Z\" stroke=\"#b60008\" stroke-width=\"3\" stroke-linecap=\"round\" stroke-linejoin=\"round\"\/><\/g><defs><clipPath id=\"clip0_2323_7014\"><rect width=\"48\" height=\"48\" fill=\"white\"\/><\/clipPath><\/defs><\/svg><\/div><div class=\"icon-highlights__content\"><span class=\"title\"><\/span><p>H\u00e4lytyslogiikka<\/p><\/div><\/div><div class=\"icon-highlights__highlight\"><div class=\"icon-highlights__icon\"><svg width=\"48\" height=\"48\" viewBox=\"0 0 48 48\" fill=\"none\" xmlns=\"http:\/\/www.w3.org\/2000\/svg\"><path d=\"M31 18L22 30L16 24\" stroke=\"#b60008\" stroke-width=\"3\" stroke-linecap=\"round\" stroke-linejoin=\"round\"\/><g clip-path=\"url(#clip0_2323_7014)\"><path d=\"M24 46.5C36.4264 46.5 46.5 36.4264 46.5 24C46.5 11.5736 36.4264 1.5 24 1.5C11.5736 1.5 1.5 11.5736 1.5 24C1.5 36.4264 11.5736 46.5 24 46.5Z\" stroke=\"#b60008\" stroke-width=\"3\" stroke-linecap=\"round\" stroke-linejoin=\"round\"\/><\/g><defs><clipPath id=\"clip0_2323_7014\"><rect width=\"48\" height=\"48\" fill=\"white\"\/><\/clipPath><\/defs><\/svg><\/div><div class=\"icon-highlights__content\"><span class=\"title\"><\/span><p>Klusterointi sek\u00e4 VRP- ja TSP-optimointi ehdottavat optimoituja reittej\u00e4<\/p><\/div><\/div><div class=\"icon-highlights__highlight\"><div class=\"icon-highlights__icon\"><svg width=\"48\" height=\"48\" viewBox=\"0 0 48 48\" fill=\"none\" xmlns=\"http:\/\/www.w3.org\/2000\/svg\"><path d=\"M31 18L22 30L16 24\" stroke=\"#b60008\" stroke-width=\"3\" stroke-linecap=\"round\" stroke-linejoin=\"round\"\/><g clip-path=\"url(#clip0_2323_7014)\"><path d=\"M24 46.5C36.4264 46.5 46.5 36.4264 46.5 24C46.5 11.5736 36.4264 1.5 24 1.5C11.5736 1.5 1.5 11.5736 1.5 24C1.5 36.4264 11.5736 46.5 24 46.5Z\" stroke=\"#b60008\" stroke-width=\"3\" stroke-linecap=\"round\" stroke-linejoin=\"round\"\/><\/g><defs><clipPath id=\"clip0_2323_7014\"><rect width=\"48\" height=\"48\" fill=\"white\"\/><\/clipPath><\/defs><\/svg><\/div><div class=\"icon-highlights__content\"><span class=\"title\"><\/span><p>Optimointi ja tasapainotus tunnuslukujen sek\u00e4 karttan\u00e4kym\u00e4n avulla<\/p><\/div><\/div><div class=\"icon-highlights__highlight\"><div class=\"icon-highlights__icon\"><svg width=\"48\" height=\"48\" viewBox=\"0 0 48 48\" fill=\"none\" xmlns=\"http:\/\/www.w3.org\/2000\/svg\"><path d=\"M31 18L22 30L16 24\" stroke=\"#b60008\" stroke-width=\"3\" stroke-linecap=\"round\" stroke-linejoin=\"round\"\/><g clip-path=\"url(#clip0_2323_7014)\"><path d=\"M24 46.5C36.4264 46.5 46.5 36.4264 46.5 24C46.5 11.5736 36.4264 1.5 24 1.5C11.5736 1.5 1.5 11.5736 1.5 24C1.5 36.4264 11.5736 46.5 24 46.5Z\" stroke=\"#b60008\" stroke-width=\"3\" stroke-linecap=\"round\" stroke-linejoin=\"round\"\/><\/g><defs><clipPath id=\"clip0_2323_7014\"><rect width=\"48\" height=\"48\" fill=\"white\"\/><\/clipPath><\/defs><\/svg><\/div><div class=\"icon-highlights__content\"><span class=\"title\"><\/span><p>Tallenna ja vertaile eri suunnitelmia ennen k\u00e4ytt\u00f6\u00f6nottoa<\/p><\/div><\/div> <\/div> <\/div>\n\n\n<div class=\"wp-block-columns mc mc--l lw lw--mw-cntnt-pd is-layout-flex wp-container-core-columns-is-layout-9d6595d7 wp-block-columns-is-layout-flex\">\n<div class=\"wp-block-column lw lw--mw-cntnt-pd bw is-layout-flow wp-block-column-is-layout-flow\">\n<p class=\"mc mc--s\"><strong>Esimerkkej\u00e4 ehdoista:<\/strong><\/p>\n\n\n\n<ul class=\"wp-block-list list\">\n<li class=\"lw lw--mw-cntnt-pd\">Nopeusrajoitukset<\/li>\n\n\n\n<li class=\"lw lw--mw-cntnt-pd\">Tieluokat ja ymp\u00e4rist\u00f6vy\u00f6hykkeet<\/li>\n\n\n\n<li class=\"lw lw--mw-cntnt-pd\">Ajoneuvotyypit ja konttityypit<\/li>\n\n\n\n<li class=\"lw lw--mw-cntnt-pd\">Tyhjennysj\u00e4rjestys ja mahdolliset kiinte\u00e4t tyhjennysp\u00e4iv\u00e4t<\/li>\n\n\n\n<li class=\"lw lw--mw-cntnt-pd\">Aikaikkunat kontti-, pys\u00e4kki- tai sopimustasolla<\/li>\n<\/ul>\n<\/div>\n\n\n\n<div class=\"wp-block-column lw lw--mw-cntnt-pd bw is-layout-flow wp-block-column-is-layout-flow\">\n<p class=\"mc mc--s\"><strong>Esimerkkej\u00e4 tekij\u00f6ist\u00e4<\/strong>:<\/p>\n\n\n\n<ul class=\"wp-block-list list\">\n<li class=\"lw lw--mw-cntnt-pd\">Ty\u00f6ajat, tauot ja ty\u00f6vuorot<\/li>\n\n\n\n<li class=\"lw lw--mw-cntnt-pd\">Ajoneuvojen ominaisuudet ja henkil\u00f6st\u00f6mitoitus<\/li>\n\n\n\n<li class=\"lw lw--mw-cntnt-pd\">Kustannukset tuntia ja kilometri\u00e4 kohti<\/li>\n\n\n\n<li class=\"lw lw--mw-cntnt-pd\">Tyhjennysaika s\u00e4ili\u00f6tyypeitt\u00e4in<\/li>\n\n\n\n<li class=\"lw lw--mw-cntnt-pd\">Vetomatkan aika s\u00e4ili\u00f6tyypeitt\u00e4in<\/li>\n\n\n\n<li class=\"lw lw--mw-cntnt-pd\">Historialliset j\u00e4tepainot ja oletuspainot<\/li>\n\n\n\n<li class=\"lw lw--mw-cntnt-pd\">Tien puoli<\/li>\n\n\n\n<li class=\"lw lw--mw-cntnt-pd\">Purkuasemat ja purkamiseen kuluva aika<\/li>\n\n\n\n<li class=\"lw lw--mw-cntnt-pd\">Tankkaus\/lataus<\/li>\n\n\n\n<li class=\"lw lw--mw-cntnt-pd\">Varikot\/autohallit<\/li>\n<\/ul>\n<\/div>\n\n\n\n<div class=\"wp-block-column lw lw--mw-cntnt-pd bw is-layout-flow wp-block-column-is-layout-flow\">\n<p class=\"mc mc--s\"><strong>Esimerkkej\u00e4 prioriteeteista:<\/strong><\/p>\n\n\n\n<ul class=\"wp-block-list list\">\n<li class=\"lw lw--mw-cntnt-pd\">Aika<\/li>\n\n\n\n<li class=\"lw lw--mw-cntnt-pd\">Matka<\/li>\n\n\n\n<li class=\"lw lw--mw-cntnt-pd\">Hinta<\/li>\n\n\n\n<li class=\"lw lw--mw-cntnt-pd\">Keskusta vai purkupaikka<\/li>\n<\/ul>\n<\/div>\n<\/div>\n\n\n<div class=\"container mc mc--xl lw lw--mw-txt bw\"><div class=\"container__inner bw\">\n\n<p>Optimointimoottori hy\u00f6dynt\u00e4\u00e4 klusterointi-, VRP- ja TSP-algoritmeja tyhjennysp\u00e4ivien ja ker\u00e4ysreittien tasapainottamiseen, reittien optimointiin sek\u00e4 ajoreittien suoritusj\u00e4rjestyksen optimointiin.<\/p>\n\n<\/div><\/div>","protected":false},"featured_media":0,"template":"","class_list":["post-4934","product","type-product","status-publish","hentry"],"acf":[],"yoast_head":"<!-- This site is optimized with the Yoast SEO plugin v27.3 - https:\/\/yoast.com\/product\/yoast-seo-wordpress\/ -->\n<title>Evolution Planner - Botek<\/title>\n<meta name=\"robots\" content=\"index, follow, max-snippet:-1, max-image-preview:large, max-video-preview:-1\" \/>\n<link rel=\"canonical\" href=\"https:\/\/www.botek.se\/fi\/produkt\/evolution-planner\/\" \/>\n<meta property=\"og:locale\" content=\"fi_FI\" \/>\n<meta property=\"og:type\" content=\"article\" \/>\n<meta property=\"og:title\" content=\"Evolution Planner - Botek\" \/>\n<meta property=\"og:description\" content=\"Strategiseen reittisuunnitteluun tarkoitettu ohjelmisto, jossa on tehokas optimointimoottori ja joka on kehitetty erityisesti j\u00e4tteiden ker\u00e4\u00e4miseen.\" \/>\n<meta property=\"og:url\" content=\"https:\/\/www.botek.se\/fi\/produkt\/evolution-planner\/\" \/>\n<meta property=\"og:site_name\" content=\"Botek\" \/>\n<meta property=\"article:publisher\" content=\"https:\/\/www.facebook.com\/BotekSystems\/\" \/>\n<meta property=\"article:modified_time\" content=\"2026-03-19T12:57:10+00:00\" \/>\n<meta property=\"og:image\" content=\"https:\/\/www.botek.se\/wp-content\/uploads\/2023\/05\/S7A9990.jpg\" \/>\n\t<meta property=\"og:image:width\" content=\"2048\" \/>\n\t<meta property=\"og:image:height\" content=\"1365\" \/>\n\t<meta property=\"og:image:type\" content=\"image\/jpeg\" \/>\n<meta name=\"twitter:card\" content=\"summary_large_image\" \/>\n<meta name=\"twitter:label1\" content=\"Arvioitu lukuaika\" \/>\n\t<meta name=\"twitter:data1\" content=\"1 minuutti\" \/>\n<script type=\"application\/ld+json\" class=\"yoast-schema-graph\">{\"@context\":\"https:\\\/\\\/schema.org\",\"@graph\":[{\"@type\":\"WebPage\",\"@id\":\"https:\\\/\\\/www.botek.se\\\/fi\\\/produkt\\\/evolution-planner\\\/\",\"url\":\"https:\\\/\\\/www.botek.se\\\/fi\\\/produkt\\\/evolution-planner\\\/\",\"name\":\"Evolution Planner - Botek\",\"isPartOf\":{\"@id\":\"https:\\\/\\\/www.botek.se\\\/#website\"},\"primaryImageOfPage\":{\"@id\":\"https:\\\/\\\/www.botek.se\\\/fi\\\/produkt\\\/evolution-planner\\\/#primaryimage\"},\"image\":{\"@id\":\"https:\\\/\\\/www.botek.se\\\/fi\\\/produkt\\\/evolution-planner\\\/#primaryimage\"},\"thumbnailUrl\":\"https:\\\/\\\/www.botek.se\\\/wp-content\\\/uploads\\\/2023\\\/05\\\/S7A9990-1024x683.jpg\",\"datePublished\":\"2024-01-10T10:32:15+00:00\",\"dateModified\":\"2026-03-19T12:57:10+00:00\",\"breadcrumb\":{\"@id\":\"https:\\\/\\\/www.botek.se\\\/fi\\\/produkt\\\/evolution-planner\\\/#breadcrumb\"},\"inLanguage\":\"fi\",\"potentialAction\":[{\"@type\":\"ReadAction\",\"target\":[\"https:\\\/\\\/www.botek.se\\\/fi\\\/produkt\\\/evolution-planner\\\/\"]}]},{\"@type\":\"ImageObject\",\"inLanguage\":\"fi\",\"@id\":\"https:\\\/\\\/www.botek.se\\\/fi\\\/produkt\\\/evolution-planner\\\/#primaryimage\",\"url\":\"https:\\\/\\\/www.botek.se\\\/wp-content\\\/uploads\\\/2023\\\/05\\\/S7A9990-1024x683.jpg\",\"contentUrl\":\"https:\\\/\\\/www.botek.se\\\/wp-content\\\/uploads\\\/2023\\\/05\\\/S7A9990-1024x683.jpg\"},{\"@type\":\"BreadcrumbList\",\"@id\":\"https:\\\/\\\/www.botek.se\\\/fi\\\/produkt\\\/evolution-planner\\\/#breadcrumb\",\"itemListElement\":[{\"@type\":\"ListItem\",\"position\":1,\"name\":\"Etusivu\",\"item\":\"https:\\\/\\\/www.botek.se\\\/fi\\\/\"},{\"@type\":\"ListItem\",\"position\":2,\"name\":\"Evolution Planner\"}]},{\"@type\":\"WebSite\",\"@id\":\"https:\\\/\\\/www.botek.se\\\/#website\",\"url\":\"https:\\\/\\\/www.botek.se\\\/\",\"name\":\"Botek\",\"description\":\"\",\"publisher\":{\"@id\":\"https:\\\/\\\/www.botek.se\\\/#organization\"},\"potentialAction\":[{\"@type\":\"SearchAction\",\"target\":{\"@type\":\"EntryPoint\",\"urlTemplate\":\"https:\\\/\\\/www.botek.se\\\/?s={search_term_string}\"},\"query-input\":{\"@type\":\"PropertyValueSpecification\",\"valueRequired\":true,\"valueName\":\"search_term_string\"}}],\"inLanguage\":\"fi\"},{\"@type\":\"Organization\",\"@id\":\"https:\\\/\\\/www.botek.se\\\/#organization\",\"name\":\"Botek\",\"url\":\"https:\\\/\\\/www.botek.se\\\/\",\"logo\":{\"@type\":\"ImageObject\",\"inLanguage\":\"fi\",\"@id\":\"https:\\\/\\\/www.botek.se\\\/#\\\/schema\\\/logo\\\/image\\\/\",\"url\":\"https:\\\/\\\/www.botek.se\\\/wp-content\\\/uploads\\\/2023\\\/05\\\/logo.png\",\"contentUrl\":\"https:\\\/\\\/www.botek.se\\\/wp-content\\\/uploads\\\/2023\\\/05\\\/logo.png\",\"width\":594,\"height\":140,\"caption\":\"Botek\"},\"image\":{\"@id\":\"https:\\\/\\\/www.botek.se\\\/#\\\/schema\\\/logo\\\/image\\\/\"},\"sameAs\":[\"https:\\\/\\\/www.facebook.com\\\/BotekSystems\\\/\",\"https:\\\/\\\/www.linkedin.com\\\/company\\\/botek-systems-ab\\\/\",\"https:\\\/\\\/www.instagram.com\\\/boteksystemsab\\\/\"]}]}<\/script>\n<!-- \/ Yoast SEO plugin. -->","yoast_head_json":{"title":"Evolution Planner - Botek","robots":{"index":"index","follow":"follow","max-snippet":"max-snippet:-1","max-image-preview":"max-image-preview:large","max-video-preview":"max-video-preview:-1"},"canonical":"https:\/\/www.botek.se\/fi\/produkt\/evolution-planner\/","og_locale":"fi_FI","og_type":"article","og_title":"Evolution Planner - Botek","og_description":"Strategiseen reittisuunnitteluun tarkoitettu ohjelmisto, jossa on tehokas optimointimoottori ja joka on kehitetty erityisesti j\u00e4tteiden ker\u00e4\u00e4miseen.","og_url":"https:\/\/www.botek.se\/fi\/produkt\/evolution-planner\/","og_site_name":"Botek","article_publisher":"https:\/\/www.facebook.com\/BotekSystems\/","article_modified_time":"2026-03-19T12:57:10+00:00","og_image":[{"width":2048,"height":1365,"url":"https:\/\/www.botek.se\/wp-content\/uploads\/2023\/05\/S7A9990.jpg","type":"image\/jpeg"}],"twitter_card":"summary_large_image","twitter_misc":{"Arvioitu lukuaika":"1 minuutti"},"schema":{"@context":"https:\/\/schema.org","@graph":[{"@type":"WebPage","@id":"https:\/\/www.botek.se\/fi\/produkt\/evolution-planner\/","url":"https:\/\/www.botek.se\/fi\/produkt\/evolution-planner\/","name":"Evolution Planner - Botek","isPartOf":{"@id":"https:\/\/www.botek.se\/#website"},"primaryImageOfPage":{"@id":"https:\/\/www.botek.se\/fi\/produkt\/evolution-planner\/#primaryimage"},"image":{"@id":"https:\/\/www.botek.se\/fi\/produkt\/evolution-planner\/#primaryimage"},"thumbnailUrl":"https:\/\/www.botek.se\/wp-content\/uploads\/2023\/05\/S7A9990-1024x683.jpg","datePublished":"2024-01-10T10:32:15+00:00","dateModified":"2026-03-19T12:57:10+00:00","breadcrumb":{"@id":"https:\/\/www.botek.se\/fi\/produkt\/evolution-planner\/#breadcrumb"},"inLanguage":"fi","potentialAction":[{"@type":"ReadAction","target":["https:\/\/www.botek.se\/fi\/produkt\/evolution-planner\/"]}]},{"@type":"ImageObject","inLanguage":"fi","@id":"https:\/\/www.botek.se\/fi\/produkt\/evolution-planner\/#primaryimage","url":"https:\/\/www.botek.se\/wp-content\/uploads\/2023\/05\/S7A9990-1024x683.jpg","contentUrl":"https:\/\/www.botek.se\/wp-content\/uploads\/2023\/05\/S7A9990-1024x683.jpg"},{"@type":"BreadcrumbList","@id":"https:\/\/www.botek.se\/fi\/produkt\/evolution-planner\/#breadcrumb","itemListElement":[{"@type":"ListItem","position":1,"name":"Etusivu","item":"https:\/\/www.botek.se\/fi\/"},{"@type":"ListItem","position":2,"name":"Evolution Planner"}]},{"@type":"WebSite","@id":"https:\/\/www.botek.se\/#website","url":"https:\/\/www.botek.se\/","name":"Botek","description":"","publisher":{"@id":"https:\/\/www.botek.se\/#organization"},"potentialAction":[{"@type":"SearchAction","target":{"@type":"EntryPoint","urlTemplate":"https:\/\/www.botek.se\/?s={search_term_string}"},"query-input":{"@type":"PropertyValueSpecification","valueRequired":true,"valueName":"search_term_string"}}],"inLanguage":"fi"},{"@type":"Organization","@id":"https:\/\/www.botek.se\/#organization","name":"Botek","url":"https:\/\/www.botek.se\/","logo":{"@type":"ImageObject","inLanguage":"fi","@id":"https:\/\/www.botek.se\/#\/schema\/logo\/image\/","url":"https:\/\/www.botek.se\/wp-content\/uploads\/2023\/05\/logo.png","contentUrl":"https:\/\/www.botek.se\/wp-content\/uploads\/2023\/05\/logo.png","width":594,"height":140,"caption":"Botek"},"image":{"@id":"https:\/\/www.botek.se\/#\/schema\/logo\/image\/"},"sameAs":["https:\/\/www.facebook.com\/BotekSystems\/","https:\/\/www.linkedin.com\/company\/botek-systems-ab\/","https:\/\/www.instagram.com\/boteksystemsab\/"]}]}},"_links":{"self":[{"href":"https:\/\/www.botek.se\/fi\/wp-json\/wp\/v2\/product\/4934","targetHints":{"allow":["GET"]}}],"collection":[{"href":"https:\/\/www.botek.se\/fi\/wp-json\/wp\/v2\/product"}],"about":[{"href":"https:\/\/www.botek.se\/fi\/wp-json\/wp\/v2\/types\/product"}],"version-history":[{"count":1,"href":"https:\/\/www.botek.se\/fi\/wp-json\/wp\/v2\/product\/4934\/revisions"}],"predecessor-version":[{"id":4935,"href":"https:\/\/www.botek.se\/fi\/wp-json\/wp\/v2\/product\/4934\/revisions\/4935"}],"wp:attachment":[{"href":"https:\/\/www.botek.se\/fi\/wp-json\/wp\/v2\/media?parent=4934"}],"curies":[{"name":"wp","href":"https:\/\/api.w.org\/{rel}","templated":true}]}}