{"id":5028,"date":"2023-05-08T13:53:08","date_gmt":"2023-05-08T11:53:08","guid":{"rendered":"https:\/\/www.botek.se\/?page_id=5028"},"modified":"2026-03-19T14:59:12","modified_gmt":"2026-03-19T13:59:12","slug":"merkinta","status":"publish","type":"page","link":"https:\/\/www.botek.se\/fi\/tuotteet\/merkinta\/","title":{"rendered":"Merkint\u00e4"},"content":{"rendered":"<div class=\"container lw lw--mw-txt-left bw\"><div class=\"container__inner bw\">\n\n<h1 class=\"wp-block-heading\"><strong>J\u00e4teastioiden merkint\u00e4<\/strong><\/h1>\n\n\n\n<p>Jokaisella j\u00e4teastialla on oma yksil\u00f6llinen numero (j\u00e4teastianumero). Numeron avulla astiaan voidaan liitt\u00e4\u00e4 muita tietoja, kuten sijainti, koko, jae, tyhjennysv\u00e4li ja asiakas.<\/p>\n\n\n\n<h2 class=\"wp-block-heading\"><strong>Tietojen turvallinen tallennus tietokantaan<\/strong><\/h2>\n\n\n\n<p>Kun j\u00e4teastiat toimitetaan asiakkaalle, tiedot voidaan rekister\u00f6id\u00e4 k\u00e4sip\u00e4\u00e4tteell\u00e4. Tiedot tallennetaan tietokantaan, jossa urakoitsija, kunta tai muu toimija hallinnoi niit\u00e4.<\/p>\n\n\n\n<p>J\u00e4teastiaa koskevat tiedot, jotka ovat tiedossa ennen j\u00e4teastian k\u00e4ytt\u00f6\u00f6nottoa, tulostetaan tarralle. Tarrassa on yksil\u00f6llinen numero viivakoodina sek\u00e4 muuta valinnaista tietoa, kuten astian koko, j\u00e4tejae, kiinteist\u00f6tunnus tai osoite sek\u00e4 tarvittaessa asiakaspalvelun puhelinnumero.<\/p>\n\n\n\n<h2 class=\"wp-block-heading\"><strong>RFID-lukija j\u00e4teautossa<\/strong><\/h2>\n\n\n\n<p>Kun j\u00e4teastia otetaan k\u00e4ytt\u00f6\u00f6n, RFID-tunniste ja sijainti rekister\u00f6id\u00e4\u00e4n k\u00e4sip\u00e4\u00e4tteell\u00e4, ja samalla luetaan j\u00e4teastianumeron viivakoodi. Rekister\u00f6innin j\u00e4lkeen tarran t\u00e4rkein teht\u00e4v\u00e4 on osoittaa, mille kiinteist\u00f6lle tai asiakkaalle j\u00e4teastia kuuluu. T\u00e4m\u00e4 helpottaa k\u00e4sittely\u00e4 tilanteissa, joissa useita astioita on sijoitettu vierekk\u00e4in.<\/p>\n\n\n\n<p>Merkinn\u00e4n j\u00e4lkeen j\u00e4teastia tunnistetaan RFID-tunnisteen avulla. Se tapahtuu automaattisesti ajoneuvoon asennetulla RFID-lukijalla astian tyhjennyksen yhteydess\u00e4.<\/p>\n\n<\/div><\/div>\n\n<div class=\"highlights lw lw--mw-cntnt-pd highlights--style-card highlights--max-per-row-3\"> <div class=\"highlights__inner\"> <div class=\"card card--style-card\"> <a href=\"https:\/\/www.botek.se\/fi\/produkt\/rfid-tunnisteet\/\"> <div class=\"image ofi-holder\"> <img loading=\"lazy\" decoding=\"async\" width=\"1024\" height=\"601\" src=\"https:\/\/www.botek.se\/wp-content\/uploads\/2023\/05\/tags750-transformed-1-copy-1024x601.png\" class=\"attachment-large size-large\" alt=\"\" sizes=\"auto, (max-width: 500px) 100vw, (max-width: 1180px) 33.333333333333vw, 393.33333333333px\" srcset=\"https:\/\/www.botek.se\/wp-content\/uploads\/2023\/05\/tags750-transformed-1-copy-1024x601.png 1024w, https:\/\/www.botek.se\/wp-content\/uploads\/2023\/05\/tags750-transformed-1-copy-300x176.png 300w, https:\/\/www.botek.se\/wp-content\/uploads\/2023\/05\/tags750-transformed-1-copy-768x451.png 768w, https:\/\/www.botek.se\/wp-content\/uploads\/2023\/05\/tags750-transformed-1-copy.png 1500w\" \/> <\/div> <div class=\"card__content bw\"> <div class=\"card__content-inner bw mc mc--m\"> <h2>RFID-tunnisteet<\/h2><p>Tarjoamme erilaisia j\u00e4teastioihin suunniteltuja RFID-tunnisteita, jotka kest\u00e4v\u00e4t s\u00e4\u00e4olosuhteita.<\/p> <\/div> <svg aria-hidden=\"true\" focusable=\"false\"><use xlink:href=\"#icon-arrow\"><\/use><\/svg> <\/div> <\/a> <\/div><div class=\"card card--style-card\"> <a href=\"https:\/\/www.botek.se\/fi\/produkt\/kasipaate\/\"> <div class=\"image ofi-holder\"> <img loading=\"lazy\" decoding=\"async\" width=\"1024\" height=\"725\" src=\"https:\/\/www.botek.se\/wp-content\/uploads\/2023\/05\/handdator-2-1024x725.png\" class=\"attachment-large size-large\" alt=\"\" sizes=\"auto, (max-width: 500px) 100vw, (max-width: 1180px) 33.333333333333vw, 393.33333333333px\" srcset=\"https:\/\/www.botek.se\/wp-content\/uploads\/2023\/05\/handdator-2-1024x725.png 1024w, https:\/\/www.botek.se\/wp-content\/uploads\/2023\/05\/handdator-2-300x213.png 300w, https:\/\/www.botek.se\/wp-content\/uploads\/2023\/05\/handdator-2-768x544.png 768w, https:\/\/www.botek.se\/wp-content\/uploads\/2023\/05\/handdator-2.png 1200w\" \/> <\/div> <div class=\"card__content bw\"> <div class=\"card__content-inner bw mc mc--m\"> <h2>K\u00e4sip\u00e4\u00e4te<\/h2><p>Handheldin Android-k\u00e4ytt\u00f6j\u00e4rjestelm\u00e4ll\u00e4 varustetussa Nautiz X2 -laitteessa toimiva Uppm\u00e4rkning-ohjelmisto rekister\u00f6i t\u00e4rke\u00e4t tiedot. <\/p> <\/div> <svg aria-hidden=\"true\" focusable=\"false\"><use xlink:href=\"#icon-arrow\"><\/use><\/svg> <\/div> <\/a> <\/div><div class=\"card card--style-card\"> <a href=\"https:\/\/www.botek.se\/fi\/produkt\/tarrat-ja-tulostimet\/\"> <div class=\"image ofi-holder\"> <img loading=\"lazy\" decoding=\"async\" width=\"1024\" height=\"512\" src=\"https:\/\/www.botek.se\/wp-content\/uploads\/2023\/05\/skrivare-1-1024x512.png\" class=\"attachment-large size-large\" alt=\"\" sizes=\"auto, (max-width: 500px) 112.5vw, (max-width: 1180px) 37.5vw, 442.5px\" srcset=\"https:\/\/www.botek.se\/wp-content\/uploads\/2023\/05\/skrivare-1-1024x512.png 1024w, https:\/\/www.botek.se\/wp-content\/uploads\/2023\/05\/skrivare-1-300x150.png 300w, https:\/\/www.botek.se\/wp-content\/uploads\/2023\/05\/skrivare-1-768x384.png 768w, https:\/\/www.botek.se\/wp-content\/uploads\/2023\/05\/skrivare-1-1536x768.png 1536w, https:\/\/www.botek.se\/wp-content\/uploads\/2023\/05\/skrivare-1.png 1920w\" \/> <\/div> <div class=\"card__content bw\"> <div class=\"card__content-inner bw mc mc--m\"> <h2>Tarrat ja tulostimet<\/h2><p>Tulosta tarroja, jotka kest\u00e4v\u00e4t ulko-olosuhteita ja kulutusta jopa 15 vuoden ajan j\u00e4teastioissa. <\/p> <\/div> <svg aria-hidden=\"true\" focusable=\"false\"><use xlink:href=\"#icon-arrow\"><\/use><\/svg> <\/div> <\/a> <\/div> <\/div> <\/div>","protected":false},"excerpt":{"rendered":"<p>J\u00e4teastioiden merkint\u00e4<\/p>\n<p>Jokaisella j\u00e4teastialla on oma yksil\u00f6llinen numero (j\u00e4teastianumero). Numeron avulla astiaan voidaan liitt\u00e4\u00e4 muita tietoja, kuten sijainti, koko, jae, tyhjennysv\u00e4li [..]<\/p>\n","protected":false},"author":1,"featured_media":0,"parent":4920,"menu_order":0,"comment_status":"closed","ping_status":"closed","template":"","meta":{"_acf_changed":false,"footnotes":""},"class_list":["post-5028","page","type-page","status-publish","hentry"],"acf":[],"yoast_head":"<!-- This site is optimized with the Yoast SEO plugin v27.3 - https:\/\/yoast.com\/product\/yoast-seo-wordpress\/ -->\n<title>Merkint\u00e4 - Botek<\/title>\n<meta name=\"robots\" content=\"index, follow, max-snippet:-1, max-image-preview:large, max-video-preview:-1\" \/>\n<link rel=\"canonical\" href=\"https:\/\/www.botek.se\/fi\/tuotteet\/merkinta\/\" \/>\n<meta property=\"og:locale\" content=\"fi_FI\" \/>\n<meta property=\"og:type\" content=\"article\" \/>\n<meta property=\"og:title\" content=\"Merkint\u00e4 - Botek\" \/>\n<meta property=\"og:description\" content=\"J\u00e4teastioiden merkint\u00e4  Jokaisella j\u00e4teastialla on oma yksil\u00f6llinen numero (j\u00e4teastianumero). Numeron avulla astiaan voidaan liitt\u00e4\u00e4 muita tietoja, kuten sijainti, koko, jae, tyhjennysv\u00e4li [..]\" \/>\n<meta property=\"og:url\" content=\"https:\/\/www.botek.se\/fi\/tuotteet\/merkinta\/\" \/>\n<meta property=\"og:site_name\" content=\"Botek\" \/>\n<meta property=\"article:publisher\" content=\"https:\/\/www.facebook.com\/BotekSystems\/\" \/>\n<meta property=\"article:modified_time\" content=\"2026-03-19T13:59:12+00:00\" \/>\n<meta name=\"twitter:card\" content=\"summary_large_image\" \/>\n<meta name=\"twitter:label1\" content=\"Arvioitu lukuaika\" \/>\n\t<meta name=\"twitter:data1\" content=\"1 minuutti\" \/>\n<script type=\"application\/ld+json\" class=\"yoast-schema-graph\">{\"@context\":\"https:\\\/\\\/schema.org\",\"@graph\":[{\"@type\":\"WebPage\",\"@id\":\"https:\\\/\\\/www.botek.se\\\/fi\\\/tuotteet\\\/merkinta\\\/\",\"url\":\"https:\\\/\\\/www.botek.se\\\/fi\\\/tuotteet\\\/merkinta\\\/\",\"name\":\"Merkint\u00e4 - Botek\",\"isPartOf\":{\"@id\":\"https:\\\/\\\/www.botek.se\\\/#website\"},\"datePublished\":\"2023-05-08T11:53:08+00:00\",\"dateModified\":\"2026-03-19T13:59:12+00:00\",\"breadcrumb\":{\"@id\":\"https:\\\/\\\/www.botek.se\\\/fi\\\/tuotteet\\\/merkinta\\\/#breadcrumb\"},\"inLanguage\":\"fi\",\"potentialAction\":[{\"@type\":\"ReadAction\",\"target\":[\"https:\\\/\\\/www.botek.se\\\/fi\\\/tuotteet\\\/merkinta\\\/\"]}]},{\"@type\":\"BreadcrumbList\",\"@id\":\"https:\\\/\\\/www.botek.se\\\/fi\\\/tuotteet\\\/merkinta\\\/#breadcrumb\",\"itemListElement\":[{\"@type\":\"ListItem\",\"position\":1,\"name\":\"Etusivu\",\"item\":\"https:\\\/\\\/www.botek.se\\\/fi\\\/\"},{\"@type\":\"ListItem\",\"position\":2,\"name\":\"Tuotteet\",\"item\":\"https:\\\/\\\/www.botek.se\\\/fi\\\/tuotteet\\\/\"},{\"@type\":\"ListItem\",\"position\":3,\"name\":\"Merkint\u00e4\"}]},{\"@type\":\"WebSite\",\"@id\":\"https:\\\/\\\/www.botek.se\\\/#website\",\"url\":\"https:\\\/\\\/www.botek.se\\\/\",\"name\":\"Botek\",\"description\":\"\",\"publisher\":{\"@id\":\"https:\\\/\\\/www.botek.se\\\/#organization\"},\"potentialAction\":[{\"@type\":\"SearchAction\",\"target\":{\"@type\":\"EntryPoint\",\"urlTemplate\":\"https:\\\/\\\/www.botek.se\\\/?s={search_term_string}\"},\"query-input\":{\"@type\":\"PropertyValueSpecification\",\"valueRequired\":true,\"valueName\":\"search_term_string\"}}],\"inLanguage\":\"fi\"},{\"@type\":\"Organization\",\"@id\":\"https:\\\/\\\/www.botek.se\\\/#organization\",\"name\":\"Botek\",\"url\":\"https:\\\/\\\/www.botek.se\\\/\",\"logo\":{\"@type\":\"ImageObject\",\"inLanguage\":\"fi\",\"@id\":\"https:\\\/\\\/www.botek.se\\\/#\\\/schema\\\/logo\\\/image\\\/\",\"url\":\"https:\\\/\\\/www.botek.se\\\/wp-content\\\/uploads\\\/2023\\\/05\\\/logo.png\",\"contentUrl\":\"https:\\\/\\\/www.botek.se\\\/wp-content\\\/uploads\\\/2023\\\/05\\\/logo.png\",\"width\":594,\"height\":140,\"caption\":\"Botek\"},\"image\":{\"@id\":\"https:\\\/\\\/www.botek.se\\\/#\\\/schema\\\/logo\\\/image\\\/\"},\"sameAs\":[\"https:\\\/\\\/www.facebook.com\\\/BotekSystems\\\/\",\"https:\\\/\\\/www.linkedin.com\\\/company\\\/botek-systems-ab\\\/\",\"https:\\\/\\\/www.instagram.com\\\/boteksystemsab\\\/\"]}]}<\/script>\n<!-- \/ Yoast SEO plugin. -->","yoast_head_json":{"title":"Merkint\u00e4 - Botek","robots":{"index":"index","follow":"follow","max-snippet":"max-snippet:-1","max-image-preview":"max-image-preview:large","max-video-preview":"max-video-preview:-1"},"canonical":"https:\/\/www.botek.se\/fi\/tuotteet\/merkinta\/","og_locale":"fi_FI","og_type":"article","og_title":"Merkint\u00e4 - Botek","og_description":"J\u00e4teastioiden merkint\u00e4  Jokaisella j\u00e4teastialla on oma yksil\u00f6llinen numero (j\u00e4teastianumero). Numeron avulla astiaan voidaan liitt\u00e4\u00e4 muita tietoja, kuten sijainti, koko, jae, tyhjennysv\u00e4li [..]","og_url":"https:\/\/www.botek.se\/fi\/tuotteet\/merkinta\/","og_site_name":"Botek","article_publisher":"https:\/\/www.facebook.com\/BotekSystems\/","article_modified_time":"2026-03-19T13:59:12+00:00","twitter_card":"summary_large_image","twitter_misc":{"Arvioitu lukuaika":"1 minuutti"},"schema":{"@context":"https:\/\/schema.org","@graph":[{"@type":"WebPage","@id":"https:\/\/www.botek.se\/fi\/tuotteet\/merkinta\/","url":"https:\/\/www.botek.se\/fi\/tuotteet\/merkinta\/","name":"Merkint\u00e4 - Botek","isPartOf":{"@id":"https:\/\/www.botek.se\/#website"},"datePublished":"2023-05-08T11:53:08+00:00","dateModified":"2026-03-19T13:59:12+00:00","breadcrumb":{"@id":"https:\/\/www.botek.se\/fi\/tuotteet\/merkinta\/#breadcrumb"},"inLanguage":"fi","potentialAction":[{"@type":"ReadAction","target":["https:\/\/www.botek.se\/fi\/tuotteet\/merkinta\/"]}]},{"@type":"BreadcrumbList","@id":"https:\/\/www.botek.se\/fi\/tuotteet\/merkinta\/#breadcrumb","itemListElement":[{"@type":"ListItem","position":1,"name":"Etusivu","item":"https:\/\/www.botek.se\/fi\/"},{"@type":"ListItem","position":2,"name":"Tuotteet","item":"https:\/\/www.botek.se\/fi\/tuotteet\/"},{"@type":"ListItem","position":3,"name":"Merkint\u00e4"}]},{"@type":"WebSite","@id":"https:\/\/www.botek.se\/#website","url":"https:\/\/www.botek.se\/","name":"Botek","description":"","publisher":{"@id":"https:\/\/www.botek.se\/#organization"},"potentialAction":[{"@type":"SearchAction","target":{"@type":"EntryPoint","urlTemplate":"https:\/\/www.botek.se\/?s={search_term_string}"},"query-input":{"@type":"PropertyValueSpecification","valueRequired":true,"valueName":"search_term_string"}}],"inLanguage":"fi"},{"@type":"Organization","@id":"https:\/\/www.botek.se\/#organization","name":"Botek","url":"https:\/\/www.botek.se\/","logo":{"@type":"ImageObject","inLanguage":"fi","@id":"https:\/\/www.botek.se\/#\/schema\/logo\/image\/","url":"https:\/\/www.botek.se\/wp-content\/uploads\/2023\/05\/logo.png","contentUrl":"https:\/\/www.botek.se\/wp-content\/uploads\/2023\/05\/logo.png","width":594,"height":140,"caption":"Botek"},"image":{"@id":"https:\/\/www.botek.se\/#\/schema\/logo\/image\/"},"sameAs":["https:\/\/www.facebook.com\/BotekSystems\/","https:\/\/www.linkedin.com\/company\/botek-systems-ab\/","https:\/\/www.instagram.com\/boteksystemsab\/"]}]}},"_links":{"self":[{"href":"https:\/\/www.botek.se\/fi\/wp-json\/wp\/v2\/pages\/5028","targetHints":{"allow":["GET"]}}],"collection":[{"href":"https:\/\/www.botek.se\/fi\/wp-json\/wp\/v2\/pages"}],"about":[{"href":"https:\/\/www.botek.se\/fi\/wp-json\/wp\/v2\/types\/page"}],"author":[{"embeddable":true,"href":"https:\/\/www.botek.se\/fi\/wp-json\/wp\/v2\/users\/1"}],"replies":[{"embeddable":true,"href":"https:\/\/www.botek.se\/fi\/wp-json\/wp\/v2\/comments?post=5028"}],"version-history":[{"count":3,"href":"https:\/\/www.botek.se\/fi\/wp-json\/wp\/v2\/pages\/5028\/revisions"}],"predecessor-version":[{"id":5194,"href":"https:\/\/www.botek.se\/fi\/wp-json\/wp\/v2\/pages\/5028\/revisions\/5194"}],"up":[{"embeddable":true,"href":"https:\/\/www.botek.se\/fi\/wp-json\/wp\/v2\/pages\/4920"}],"wp:attachment":[{"href":"https:\/\/www.botek.se\/fi\/wp-json\/wp\/v2\/media?parent=5028"}],"curies":[{"name":"wp","href":"https:\/\/api.w.org\/{rel}","templated":true}]}}