{"id":5023,"date":"2023-05-10T13:08:25","date_gmt":"2023-05-10T11:08:25","guid":{"rendered":"https:\/\/www.botek.se\/?page_id=5023"},"modified":"2026-03-19T11:59:32","modified_gmt":"2026-03-19T10:59:32","slug":"standardit-ja-vaatimukset","status":"publish","type":"page","link":"https:\/\/www.botek.se\/fi\/osaaminen\/standardit-ja-vaatimukset\/","title":{"rendered":"Standardit ja vaatimukset"},"content":{"rendered":"<div class=\"hero lw lw--fw hero--image\"><div class=\"hero__container\"><div class=\"image ofi-holder\"> <img loading=\"lazy\" decoding=\"async\" width=\"2048\" height=\"1365\" src=\"https:\/\/www.botek.se\/wp-content\/uploads\/2023\/05\/S7A1139.jpg\" class=\"attachment-full size-full\" alt=\"\" sizes=\"auto, (max-width: 500px) 112.52747252747vw, 100vw\" srcset=\"https:\/\/www.botek.se\/wp-content\/uploads\/2023\/05\/S7A1139.jpg 2048w, https:\/\/www.botek.se\/wp-content\/uploads\/2023\/05\/S7A1139-300x200.jpg 300w, https:\/\/www.botek.se\/wp-content\/uploads\/2023\/05\/S7A1139-1024x683.jpg 1024w, https:\/\/www.botek.se\/wp-content\/uploads\/2023\/05\/S7A1139-768x512.jpg 768w, https:\/\/www.botek.se\/wp-content\/uploads\/2023\/05\/S7A1139-1536x1024.jpg 1536w\" \/> <\/div><\/div><\/div><nav class=\"breadcrumbs bw--lw\"><ul class=\"crumbs lw lw--mw-cntnt-pd\"><li><a href=\"https:\/\/www.botek.se\/fi\/\">Home<\/a><\/li><\/ul><\/nav>\n\n<div class=\"container lw lw--mw-txt-left bw\"><div class=\"container__inner bw\">\n<div class=\"page-intro lw lw--mw-cntnt-pd\"> <div class=\"page-intro__inner\"> <h1>Standardit ja vaatimukset<\/h1><div class=\"preamble\"><p>J\u00e4tehuollon laitteille, rekister\u00f6innille ja punnitukselle on laadittu useita standardeja, jotka asettavat niille vaatimuksia. N\u00e4iden standardien tarkoituksena on parantaa laatua ja helpottaa hankintaprosesseja. M\u00e4\u00e4rittelem\u00e4ll\u00e4 vaatimukseksi standardin EN 14803:2020 varmistat, ett\u00e4 rekister\u00f6intilaitteisto on korkeatasoista koko j\u00e4rjestelm\u00e4ketjussa. Automaattisilta vaaoilta tulee lis\u00e4ksi edellytt\u00e4\u00e4 MID-direktiivin 2004\/22\/EC ja ei-automaattisilta vaaoilta NAWI-direktiivin 2014\/31\/EU mukaista vaatimustenmukaisuutta.<\/p><\/div> <\/div> <\/div>\n\n<div class=\"call-to-action-row lw lw--mw-cntnt-pd\"><a href=\"https:\/\/www.botek.se\/wp-content\/uploads\/2024\/04\/Infografik_standarder_och_krav_sve.pdf\" class=\"button button--primary\">Lataa materiaali<\/a><\/div>\n<\/div><\/div>\n\n<div class=\"hammer lw lw--mw-cntnt-pd hammer--image\"> <div class=\"hammer__inner\"> <div class=\"hammer__head\"> <div class=\"image ofi-holder hammer__image\"> <img decoding=\"async\" class=\"lazy-image-full js-lazy-image\" src=\"\" data-src=\"https:\/\/www.botek.se\/wp-content\/uploads\/2023\/05\/tomningsregistrering.jpg\" data-srcset=\"https:\/\/www.botek.se\/wp-content\/uploads\/2023\/05\/tomningsregistrering.jpg 675w, https:\/\/www.botek.se\/wp-content\/uploads\/2023\/05\/tomningsregistrering-300x268.jpg 300w\" sizes=\"(max-width: 500px) 100vw, (max-width: 1180px) 50vw, 590px\" alt=\"\"\/><img decoding=\"async\" class=\"lazy-image-preview lazy-image-preview--lazy-not-loaded js-preview-image\" src=\"https:\/\/www.botek.se\/wp-content\/uploads\/2023\/05\/tomningsregistrering-150x150.jpg\" alt=\"\"\/> <\/div> <\/div> <div class=\"hammer__handle\"> <div class=\"hammer__handle-inner bw\"> \n\n<h3 class=\"wp-block-heading\">Tyhjennysten rekister\u00f6inti\u00e4 koskeva standardi:<\/h3>\n\n\n\n<p>EN 14803:2020<\/p>\n\n <\/div> <\/div> <\/div> <\/div>\n\n<div class=\"hammer is-style-head-left lw lw--mw-cntnt-pd hammer--image\"> <div class=\"hammer__inner\"> <div class=\"hammer__head\"> <div class=\"image ofi-holder hammer__image\"> <img decoding=\"async\" class=\"lazy-image-full js-lazy-image\" src=\"\" data-src=\"https:\/\/www.botek.se\/wp-content\/uploads\/2023\/05\/automatiska-vagar.jpg\" data-srcset=\"https:\/\/www.botek.se\/wp-content\/uploads\/2023\/05\/automatiska-vagar.jpg 675w, https:\/\/www.botek.se\/wp-content\/uploads\/2023\/05\/automatiska-vagar-300x268.jpg 300w\" sizes=\"(max-width: 500px) 100vw, (max-width: 1180px) 50vw, 590px\" alt=\"\"\/><img decoding=\"async\" class=\"lazy-image-preview lazy-image-preview--lazy-not-loaded js-preview-image\" src=\"https:\/\/www.botek.se\/wp-content\/uploads\/2023\/05\/automatiska-vagar-150x150.jpg\" alt=\"\"\/> <\/div> <\/div> <div class=\"hammer__handle\"> <div class=\"hammer__handle-inner bw\"> \n\n<h3 class=\"wp-block-heading\">Automaattisia vaakoja koskeva s\u00e4\u00e4ntely:<\/h3>\n\n\n\n<p>STAFS 2016:7 0CH STAFS 2007:1<\/p>\n\n <\/div> <\/div> <\/div> <\/div>\n\n<div class=\"hammer lw lw--mw-cntnt-pd hammer--image\"> <div class=\"hammer__inner\"> <div class=\"hammer__head\"> <div class=\"image ofi-holder hammer__image\"> <img decoding=\"async\" class=\"lazy-image-full js-lazy-image\" src=\"\" data-src=\"https:\/\/www.botek.se\/wp-content\/uploads\/2023\/05\/icke-automatiska-vagar.jpg\" data-srcset=\"https:\/\/www.botek.se\/wp-content\/uploads\/2023\/05\/icke-automatiska-vagar.jpg 675w, https:\/\/www.botek.se\/wp-content\/uploads\/2023\/05\/icke-automatiska-vagar-300x268.jpg 300w\" sizes=\"(max-width: 500px) 100vw, (max-width: 1180px) 50vw, 590px\" alt=\"\"\/><img decoding=\"async\" class=\"lazy-image-preview lazy-image-preview--lazy-not-loaded js-preview-image\" src=\"https:\/\/www.botek.se\/wp-content\/uploads\/2023\/05\/icke-automatiska-vagar-150x150.jpg\" alt=\"\"\/> <\/div> <\/div> <div class=\"hammer__handle\"> <div class=\"hammer__handle-inner bw\"> \n\n<h3 class=\"wp-block-heading\">Ei-automaattisia vaakoja koskeva s\u00e4\u00e4ntely:<\/h3>\n\n\n\n<p>STAFS 2016:12 &amp; STAFS 2007:19<\/p>\n\n <\/div> <\/div> <\/div> <\/div>\n\n<div class=\"container lw lw--mw-txt-left bw\"><div class=\"container__inner bw\">\n\n<p><strong>EN 14803:2020<\/strong><br>Vuodesta 2006 l\u00e4htien on ollut voimassa eurooppalainen standardi, joka koskee j\u00e4tteen tunnistamista ja\/tai j\u00e4tem\u00e4\u00e4r\u00e4n m\u00e4\u00e4ritt\u00e4mist\u00e4. Standardi m\u00e4\u00e4rittelee yleiset vaatimukset laitteistolle, jota k\u00e4ytet\u00e4\u00e4n koko j\u00e4rjestelm\u00e4ketjussa: j\u00e4teastiaan asennettavista laitteista lukulaitteisiin, ajoneuvotietokoneeseen ja toimiston hallintoj\u00e4rjestelm\u00e4\u00e4n.<\/p>\n\n\n\n<p>Standardi asettaa muun muassa vaatimuksia astian RFID-tunnisteen sijoittamiselle luotettavan tiedonsiirron varmistamiseksi j\u00e4teauton RFID-lukijan kanssa. Lis\u00e4ksi se m\u00e4\u00e4rittelee l\u00e4mp\u00f6tila-alueet, joissa j\u00e4rjestelm\u00e4n komponenttien tulee toimia, sek\u00e4 edellytt\u00e4\u00e4, ett\u00e4 laitteisto ilmoittaa virheellisist\u00e4 mittausarvoista tai laitevioista.<\/p>\n\n\n\n<p>Kilpailutettaessa j\u00e4tehuoltopalveluja tai j\u00e4rjestelmi\u00e4, joihin sis\u00e4ltyy punnitus ja tyhjennysten rekister\u00f6inti, tarjouspyynt\u00f6asiakirjoissa on mainittava, ett\u00e4 laitteilta edellytet\u00e4\u00e4n standardin EN 14803:2020 mukaisuutta.<\/p>\n\n\n\n<figure class=\"wp-block-image size-large lw lw--mw-txt\"><img loading=\"lazy\" decoding=\"async\" width=\"1024\" height=\"683\" src=\"https:\/\/www.botek.se\/wp-content\/uploads\/2023\/05\/S7A0985-1024x683.jpg\" alt=\"\" class=\"wp-image-1856\" srcset=\"https:\/\/www.botek.se\/wp-content\/uploads\/2023\/05\/S7A0985-1024x683.jpg 1024w, https:\/\/www.botek.se\/wp-content\/uploads\/2023\/05\/S7A0985-300x200.jpg 300w, https:\/\/www.botek.se\/wp-content\/uploads\/2023\/05\/S7A0985-768x512.jpg 768w, https:\/\/www.botek.se\/wp-content\/uploads\/2023\/05\/S7A0985-1536x1024.jpg 1536w, https:\/\/www.botek.se\/wp-content\/uploads\/2023\/05\/S7A0985.jpg 2048w\" sizes=\"auto, (max-width: 1024px) 100vw, 1024px\" \/><\/figure>\n\n\n\n<p><strong>Automaattiset vaa\u2019at \u2013 MID 2004\/22\/EC<\/strong><br>Mittauslaite, joka m\u00e4\u00e4ritt\u00e4\u00e4 massan ilman k\u00e4ytt\u00e4j\u00e4n osallistumista, luokitellaan automaattiseksi vaa\u2019aksi. Automaattisia vaakoja koskevaa eurooppalaista s\u00e4\u00e4ntely\u00e4 kutsutaan MID 2004\/22\/EC-direktiiviksi. Tyyppihyv\u00e4ksynt\u00e4 tarkoittaa, ett\u00e4 vaa\u2019an valmistaja ja malli t\u00e4ytt\u00e4v\u00e4t MID 2004\/22\/EC -direktiiviss\u00e4 asetetut vaatimukset. Tyyppihyv\u00e4ksynt\u00e4 vaaditaan, jotta vaa\u2019an malli voidaan hyv\u00e4ksy\u00e4 k\u00e4ytt\u00f6\u00f6n. T\u00e4m\u00e4 on lakis\u00e4\u00e4teinen vaatimus vaa\u2019an k\u00e4ytt\u00e4miseksi kaupallisessa k\u00e4yt\u00f6ss\u00e4.<\/p>\n\n\n\n<p>Ajoneuvoon asennetut s\u00e4ili\u00f6vaa\u2019at, jotka punnitsevat j\u00e4teastioita nostolaitteessa dynaamisesti eli liikkeess\u00e4 ilman nostolaitteen pys\u00e4ytt\u00e4mist\u00e4, luokitellaan automaattisiksi vaaoiksi. Jotta s\u00e4ili\u00f6vaakaa voidaan k\u00e4ytt\u00e4\u00e4 laskutuksessa, vaa\u2019an mallin tulee olla tyyppihyv\u00e4ksytty ja asennetun vaa\u2019an varmennettu ennen k\u00e4ytt\u00f6\u00f6nottoa.<\/p>\n\n\n\n<p>Automaattisille s\u00e4ili\u00f6vaaoille yleisimmin asetettu tarkkuusvaatimus on luokka Y(b), mik\u00e4 k\u00e4yt\u00e4nn\u00f6ss\u00e4 tarkoittaa enint\u00e4\u00e4n 1 kg:n mittauspoikkeamaa. Avfall Sverige -j\u00e4rjest\u00f6n suositusten mukaan automaattisen s\u00e4ili\u00f6vaa\u2019an tarkkuuden tulisi olla \u00b10,5 kg, kun mitattu paino on 0\u201350 kg, ja \u00b11 kg, kun paino on v\u00e4hint\u00e4\u00e4n 50 kg, mittauskertaa kohden. Joissakin kunnissa, kuten Tukholman kaupungissa, vaatimuksia on kiristetty siten, ett\u00e4 tarkkuuden tulee olla 0,5 kg 0\u2013300 kg:n painoalueella.<\/p>\n\n\n\n<p>Varmennus tarkoittaa tarkastusta, jossa todetaan vaa\u2019an t\u00e4ytt\u00e4v\u00e4n tyyppihyv\u00e4ksynn\u00e4ss\u00e4 m\u00e4\u00e4ritellyt suorituskykyvaatimukset. Jos vaa\u2019an todetaan t\u00e4ytt\u00e4v\u00e4n vaatimukset, siit\u00e4 annetaan varmennustodistus ja vaaka sinet\u00f6id\u00e4\u00e4n. Varmennus on voimassa m\u00e4\u00e4r\u00e4ajan, ja sen saa suorittaa ainoastaan t\u00e4h\u00e4n teht\u00e4v\u00e4\u00e4n akkreditoitu toimielin.<\/p>\n\n\n\n<p>K\u00e4yt\u00f6ss\u00e4 olevat vaa&#8217;at tarkastetaan m\u00e4\u00e4r\u00e4ajoin. S\u00e4\u00e4nn\u00f6llisen tarkastuksen aikana tarkistetaan, ett\u00e4 vaaka on sallitun toleranssialueen sis\u00e4ll\u00e4. Kansalliset s\u00e4\u00e4d\u00f6kset m\u00e4\u00e4r\u00e4\u00e4v\u00e4t, kuinka usein vaa\u2019alle on teht\u00e4v\u00e4 m\u00e4\u00e4r\u00e4aikaistarkastus. Ruotsissa automaattiset s\u00e4ili\u00f6vaa&#8217;at tarkastetaan kerran vuodessa.<\/p>\n\n\n\n<p>Varmennuksen ja m\u00e4\u00e4r\u00e4aikaistarkastusten tulee noudattaa seuraavia m\u00e4\u00e4r\u00e4yksi\u00e4: STAFS 2016:7 Automaattisia vaakoja koskevat m\u00e4\u00e4r\u00e4ykset sek\u00e4 STAFS 2007:1 Automaattisten vaakojen m\u00e4\u00e4r\u00e4aikaistarkastuksia koskevat m\u00e4\u00e4r\u00e4ykset.<\/p>\n\n\n\n<p>*STAFS tarkoittaa Ruotsin akkreditointi- ja teknisen valvonnan viranomaisen s\u00e4\u00e4d\u00f6skokoelmaa.<\/p>\n\n\n\n<p><strong>Ei-automaattiset vaa\u2019at \u2013 NAWI 2014\/31\/EU<\/strong><br>Ei-automaattinen vaaka on mittauslaite, jossa punnitus edellytt\u00e4\u00e4 k\u00e4ytt\u00e4j\u00e4n toimenpiteit\u00e4. Euroopassa ei-automaattisia vaakoja koskevaa s\u00e4\u00e4ntely\u00e4 kutsutaan NAWI 2014\/31\/EU -direktiiviksi. Tyyppihyv\u00e4ksynt\u00e4 tarkoittaa, ett\u00e4 vaa\u2019an valmistaja ja malli t\u00e4ytt\u00e4v\u00e4t voimassa olevassa teknisess\u00e4 s\u00e4\u00e4ntelyss\u00e4 asetetut vaatimukset. Tyyppihyv\u00e4ksynt\u00e4 vaaditaan, jotta vaa\u2019an malli voidaan hyv\u00e4ksy\u00e4 k\u00e4ytt\u00f6\u00f6n. T\u00e4m\u00e4 on lakis\u00e4\u00e4teinen vaatimus vaa\u2019an k\u00e4ytt\u00e4miseksi kaupallisessa k\u00e4yt\u00f6ss\u00e4.<\/p>\n\n\n\n<p>Ajoneuvoon asennettavat alustavaa\u2019at, joita k\u00e4ytet\u00e4\u00e4n konttien ja syv\u00e4ker\u00e4yss\u00e4ili\u00f6iden sis\u00e4ll\u00f6n punnitsemiseen, luokitellaan ei-automaattisiksi vaaoiksi. Jotta alustavaakaa voidaan k\u00e4ytt\u00e4\u00e4 laskutuksessa, vaa\u2019an mallin tulee olla tyyppihyv\u00e4ksytty ja asennetun vaa\u2019an varmennettu ennen k\u00e4ytt\u00f6\u00f6nottoa.<\/p>\n\n\n\n<p>Alustavaakojen yleisin tarkkuusvaatimus on luokka IIII, mik\u00e4 k\u00e4yt\u00e4nn\u00f6ss\u00e4 tarkoittaa, ett\u00e4 vaa\u2019an tarkkuus on v\u00e4hint\u00e4\u00e4n 10 kg enint\u00e4\u00e4n 5 000 kg:n painoille ja 20 kg enint\u00e4\u00e4n 10 000 kg:n painoille.<\/p>\n\n\n\n<p>Varmennus tarkoittaa tarkastusta, jossa todetaan vaa\u2019an t\u00e4ytt\u00e4v\u00e4n tyyppihyv\u00e4ksynn\u00e4ss\u00e4 m\u00e4\u00e4ritellyt suorituskykyvaatimukset. Jos vaa\u2019an todetaan t\u00e4ytt\u00e4v\u00e4n vaatimukset, siit\u00e4 annetaan varmennustodistus ja vaaka sinet\u00f6id\u00e4\u00e4n. Varmennus on voimassa m\u00e4\u00e4r\u00e4ajan, ja sen saa suorittaa ainoastaan t\u00e4h\u00e4n teht\u00e4v\u00e4\u00e4n akkreditoitu toimielin.<\/p>\n\n\n\n<p>K\u00e4yt\u00f6ss\u00e4 oleville vaaoille tehd\u00e4\u00e4n niin sanottu m\u00e4\u00e4r\u00e4aikaistarkastus. S\u00e4\u00e4nn\u00f6llisen tarkastuksen aikana tarkistetaan, ett\u00e4 vaaka on sallitun toleranssialueen sis\u00e4ll\u00e4. Kansalliset s\u00e4\u00e4d\u00f6kset m\u00e4\u00e4r\u00e4\u00e4v\u00e4t, kuinka usein vaaka tulee tarkastaa. Ruotsissa ei-automaattisille alustavaaoille on teht\u00e4v\u00e4 m\u00e4\u00e4r\u00e4aikaistarkastus kerran vuodessa.<\/p>\n\n\n\n<p>Ajoneuvoon asennettavien ei-automaattisten alustavaakojen tulee noudattaa m\u00e4\u00e4r\u00e4yksi\u00e4 *STAFS 2016:12 &#8221;Ei-automaattisia vaakoja koskevat m\u00e4\u00e4r\u00e4ykset ja yleiset ohjeet&#8221; sek\u00e4 *STAFS 2007:19 &#8221;Ei-automaattisten vaakojen m\u00e4\u00e4r\u00e4aikaistarkastuksia koskevat m\u00e4\u00e4r\u00e4ykset&#8221;.<\/p>\n\n\n\n<p>*STAFS tarkoittaa Ruotsin akkreditointi- ja teknisen valvonnan viranomaisen s\u00e4\u00e4d\u00f6skokoelmaa.<\/p>\n\n<\/div><\/div>","protected":false},"excerpt":{"rendered":"<p>Tyhjennysten rekister\u00f6inti\u00e4 koskeva standardi:<\/p>\n<p>EN 14803:2020<\/p>\n<p>Automaattisia vaakoja koskeva s\u00e4\u00e4ntely:<\/p>\n<p>STAFS 2016:7 0CH STAFS 2007:1<\/p>\n<p>Ei-automaattisia vaakoja koskeva s\u00e4\u00e4ntely:<\/p>\n<p>STAFS 2016:12 &amp; STAFS 2007:19<\/p>\n<p>EN 14803:2020Vuodesta [..]<\/p>\n","protected":false},"author":1,"featured_media":0,"parent":4817,"menu_order":0,"comment_status":"closed","ping_status":"closed","template":"","meta":{"_acf_changed":false,"footnotes":""},"class_list":["post-5023","page","type-page","status-publish","hentry"],"acf":[],"yoast_head":"<!-- This site is optimized with the Yoast SEO plugin v27.3 - https:\/\/yoast.com\/product\/yoast-seo-wordpress\/ -->\n<title>Standardit ja vaatimukset - Botek<\/title>\n<meta name=\"robots\" content=\"index, follow, max-snippet:-1, max-image-preview:large, max-video-preview:-1\" \/>\n<link rel=\"canonical\" href=\"https:\/\/www.botek.se\/fi\/osaaminen\/standardit-ja-vaatimukset\/\" \/>\n<meta property=\"og:locale\" content=\"fi_FI\" \/>\n<meta property=\"og:type\" content=\"article\" \/>\n<meta property=\"og:title\" content=\"Standardit ja vaatimukset - Botek\" \/>\n<meta property=\"og:description\" content=\"Tyhjennysten rekister\u00f6inti\u00e4 koskeva standardi:  EN 14803:2020   Automaattisia vaakoja koskeva s\u00e4\u00e4ntely:  STAFS 2016:7 0CH STAFS 2007:1   Ei-automaattisia vaakoja koskeva s\u00e4\u00e4ntely:  STAFS 2016:12 &amp; STAFS 2007:19   EN 14803:2020Vuodesta [..]\" \/>\n<meta property=\"og:url\" content=\"https:\/\/www.botek.se\/fi\/osaaminen\/standardit-ja-vaatimukset\/\" \/>\n<meta property=\"og:site_name\" content=\"Botek\" \/>\n<meta property=\"article:publisher\" content=\"https:\/\/www.facebook.com\/BotekSystems\/\" \/>\n<meta property=\"article:modified_time\" content=\"2026-03-19T10:59:32+00:00\" \/>\n<meta property=\"og:image\" content=\"https:\/\/www.botek.se\/wp-content\/uploads\/2023\/05\/S7A0985-1024x683.jpg\" \/>\n<meta name=\"twitter:card\" content=\"summary_large_image\" \/>\n<meta name=\"twitter:label1\" content=\"Arvioitu lukuaika\" \/>\n\t<meta name=\"twitter:data1\" content=\"4 minuuttia\" \/>\n<script type=\"application\/ld+json\" class=\"yoast-schema-graph\">{\"@context\":\"https:\\\/\\\/schema.org\",\"@graph\":[{\"@type\":\"WebPage\",\"@id\":\"https:\\\/\\\/www.botek.se\\\/fi\\\/osaaminen\\\/standardit-ja-vaatimukset\\\/\",\"url\":\"https:\\\/\\\/www.botek.se\\\/fi\\\/osaaminen\\\/standardit-ja-vaatimukset\\\/\",\"name\":\"Standardit ja vaatimukset - Botek\",\"isPartOf\":{\"@id\":\"https:\\\/\\\/www.botek.se\\\/#website\"},\"primaryImageOfPage\":{\"@id\":\"https:\\\/\\\/www.botek.se\\\/fi\\\/osaaminen\\\/standardit-ja-vaatimukset\\\/#primaryimage\"},\"image\":{\"@id\":\"https:\\\/\\\/www.botek.se\\\/fi\\\/osaaminen\\\/standardit-ja-vaatimukset\\\/#primaryimage\"},\"thumbnailUrl\":\"https:\\\/\\\/www.botek.se\\\/wp-content\\\/uploads\\\/2023\\\/05\\\/S7A0985-1024x683.jpg\",\"datePublished\":\"2023-05-10T11:08:25+00:00\",\"dateModified\":\"2026-03-19T10:59:32+00:00\",\"breadcrumb\":{\"@id\":\"https:\\\/\\\/www.botek.se\\\/fi\\\/osaaminen\\\/standardit-ja-vaatimukset\\\/#breadcrumb\"},\"inLanguage\":\"fi\",\"potentialAction\":[{\"@type\":\"ReadAction\",\"target\":[\"https:\\\/\\\/www.botek.se\\\/fi\\\/osaaminen\\\/standardit-ja-vaatimukset\\\/\"]}]},{\"@type\":\"ImageObject\",\"inLanguage\":\"fi\",\"@id\":\"https:\\\/\\\/www.botek.se\\\/fi\\\/osaaminen\\\/standardit-ja-vaatimukset\\\/#primaryimage\",\"url\":\"https:\\\/\\\/www.botek.se\\\/wp-content\\\/uploads\\\/2023\\\/05\\\/S7A0985-1024x683.jpg\",\"contentUrl\":\"https:\\\/\\\/www.botek.se\\\/wp-content\\\/uploads\\\/2023\\\/05\\\/S7A0985-1024x683.jpg\"},{\"@type\":\"BreadcrumbList\",\"@id\":\"https:\\\/\\\/www.botek.se\\\/fi\\\/osaaminen\\\/standardit-ja-vaatimukset\\\/#breadcrumb\",\"itemListElement\":[{\"@type\":\"ListItem\",\"position\":1,\"name\":\"Etusivu\",\"item\":\"https:\\\/\\\/www.botek.se\\\/fi\\\/\"},{\"@type\":\"ListItem\",\"position\":2,\"name\":\"Osaaminen\",\"item\":\"https:\\\/\\\/www.botek.se\\\/fi\\\/osaaminen\\\/\"},{\"@type\":\"ListItem\",\"position\":3,\"name\":\"Standardit ja vaatimukset\"}]},{\"@type\":\"WebSite\",\"@id\":\"https:\\\/\\\/www.botek.se\\\/#website\",\"url\":\"https:\\\/\\\/www.botek.se\\\/\",\"name\":\"Botek\",\"description\":\"\",\"publisher\":{\"@id\":\"https:\\\/\\\/www.botek.se\\\/#organization\"},\"potentialAction\":[{\"@type\":\"SearchAction\",\"target\":{\"@type\":\"EntryPoint\",\"urlTemplate\":\"https:\\\/\\\/www.botek.se\\\/?s={search_term_string}\"},\"query-input\":{\"@type\":\"PropertyValueSpecification\",\"valueRequired\":true,\"valueName\":\"search_term_string\"}}],\"inLanguage\":\"fi\"},{\"@type\":\"Organization\",\"@id\":\"https:\\\/\\\/www.botek.se\\\/#organization\",\"name\":\"Botek\",\"url\":\"https:\\\/\\\/www.botek.se\\\/\",\"logo\":{\"@type\":\"ImageObject\",\"inLanguage\":\"fi\",\"@id\":\"https:\\\/\\\/www.botek.se\\\/#\\\/schema\\\/logo\\\/image\\\/\",\"url\":\"https:\\\/\\\/www.botek.se\\\/wp-content\\\/uploads\\\/2023\\\/05\\\/logo.png\",\"contentUrl\":\"https:\\\/\\\/www.botek.se\\\/wp-content\\\/uploads\\\/2023\\\/05\\\/logo.png\",\"width\":594,\"height\":140,\"caption\":\"Botek\"},\"image\":{\"@id\":\"https:\\\/\\\/www.botek.se\\\/#\\\/schema\\\/logo\\\/image\\\/\"},\"sameAs\":[\"https:\\\/\\\/www.facebook.com\\\/BotekSystems\\\/\",\"https:\\\/\\\/www.linkedin.com\\\/company\\\/botek-systems-ab\\\/\",\"https:\\\/\\\/www.instagram.com\\\/boteksystemsab\\\/\"]}]}<\/script>\n<!-- \/ Yoast SEO plugin. -->","yoast_head_json":{"title":"Standardit ja vaatimukset - Botek","robots":{"index":"index","follow":"follow","max-snippet":"max-snippet:-1","max-image-preview":"max-image-preview:large","max-video-preview":"max-video-preview:-1"},"canonical":"https:\/\/www.botek.se\/fi\/osaaminen\/standardit-ja-vaatimukset\/","og_locale":"fi_FI","og_type":"article","og_title":"Standardit ja vaatimukset - Botek","og_description":"Tyhjennysten rekister\u00f6inti\u00e4 koskeva standardi:  EN 14803:2020   Automaattisia vaakoja koskeva s\u00e4\u00e4ntely:  STAFS 2016:7 0CH STAFS 2007:1   Ei-automaattisia vaakoja koskeva s\u00e4\u00e4ntely:  STAFS 2016:12 &amp; STAFS 2007:19   EN 14803:2020Vuodesta [..]","og_url":"https:\/\/www.botek.se\/fi\/osaaminen\/standardit-ja-vaatimukset\/","og_site_name":"Botek","article_publisher":"https:\/\/www.facebook.com\/BotekSystems\/","article_modified_time":"2026-03-19T10:59:32+00:00","og_image":[{"url":"https:\/\/www.botek.se\/wp-content\/uploads\/2023\/05\/S7A0985-1024x683.jpg","type":"","width":"","height":""}],"twitter_card":"summary_large_image","twitter_misc":{"Arvioitu lukuaika":"4 minuuttia"},"schema":{"@context":"https:\/\/schema.org","@graph":[{"@type":"WebPage","@id":"https:\/\/www.botek.se\/fi\/osaaminen\/standardit-ja-vaatimukset\/","url":"https:\/\/www.botek.se\/fi\/osaaminen\/standardit-ja-vaatimukset\/","name":"Standardit ja vaatimukset - Botek","isPartOf":{"@id":"https:\/\/www.botek.se\/#website"},"primaryImageOfPage":{"@id":"https:\/\/www.botek.se\/fi\/osaaminen\/standardit-ja-vaatimukset\/#primaryimage"},"image":{"@id":"https:\/\/www.botek.se\/fi\/osaaminen\/standardit-ja-vaatimukset\/#primaryimage"},"thumbnailUrl":"https:\/\/www.botek.se\/wp-content\/uploads\/2023\/05\/S7A0985-1024x683.jpg","datePublished":"2023-05-10T11:08:25+00:00","dateModified":"2026-03-19T10:59:32+00:00","breadcrumb":{"@id":"https:\/\/www.botek.se\/fi\/osaaminen\/standardit-ja-vaatimukset\/#breadcrumb"},"inLanguage":"fi","potentialAction":[{"@type":"ReadAction","target":["https:\/\/www.botek.se\/fi\/osaaminen\/standardit-ja-vaatimukset\/"]}]},{"@type":"ImageObject","inLanguage":"fi","@id":"https:\/\/www.botek.se\/fi\/osaaminen\/standardit-ja-vaatimukset\/#primaryimage","url":"https:\/\/www.botek.se\/wp-content\/uploads\/2023\/05\/S7A0985-1024x683.jpg","contentUrl":"https:\/\/www.botek.se\/wp-content\/uploads\/2023\/05\/S7A0985-1024x683.jpg"},{"@type":"BreadcrumbList","@id":"https:\/\/www.botek.se\/fi\/osaaminen\/standardit-ja-vaatimukset\/#breadcrumb","itemListElement":[{"@type":"ListItem","position":1,"name":"Etusivu","item":"https:\/\/www.botek.se\/fi\/"},{"@type":"ListItem","position":2,"name":"Osaaminen","item":"https:\/\/www.botek.se\/fi\/osaaminen\/"},{"@type":"ListItem","position":3,"name":"Standardit ja vaatimukset"}]},{"@type":"WebSite","@id":"https:\/\/www.botek.se\/#website","url":"https:\/\/www.botek.se\/","name":"Botek","description":"","publisher":{"@id":"https:\/\/www.botek.se\/#organization"},"potentialAction":[{"@type":"SearchAction","target":{"@type":"EntryPoint","urlTemplate":"https:\/\/www.botek.se\/?s={search_term_string}"},"query-input":{"@type":"PropertyValueSpecification","valueRequired":true,"valueName":"search_term_string"}}],"inLanguage":"fi"},{"@type":"Organization","@id":"https:\/\/www.botek.se\/#organization","name":"Botek","url":"https:\/\/www.botek.se\/","logo":{"@type":"ImageObject","inLanguage":"fi","@id":"https:\/\/www.botek.se\/#\/schema\/logo\/image\/","url":"https:\/\/www.botek.se\/wp-content\/uploads\/2023\/05\/logo.png","contentUrl":"https:\/\/www.botek.se\/wp-content\/uploads\/2023\/05\/logo.png","width":594,"height":140,"caption":"Botek"},"image":{"@id":"https:\/\/www.botek.se\/#\/schema\/logo\/image\/"},"sameAs":["https:\/\/www.facebook.com\/BotekSystems\/","https:\/\/www.linkedin.com\/company\/botek-systems-ab\/","https:\/\/www.instagram.com\/boteksystemsab\/"]}]}},"_links":{"self":[{"href":"https:\/\/www.botek.se\/fi\/wp-json\/wp\/v2\/pages\/5023","targetHints":{"allow":["GET"]}}],"collection":[{"href":"https:\/\/www.botek.se\/fi\/wp-json\/wp\/v2\/pages"}],"about":[{"href":"https:\/\/www.botek.se\/fi\/wp-json\/wp\/v2\/types\/page"}],"author":[{"embeddable":true,"href":"https:\/\/www.botek.se\/fi\/wp-json\/wp\/v2\/users\/1"}],"replies":[{"embeddable":true,"href":"https:\/\/www.botek.se\/fi\/wp-json\/wp\/v2\/comments?post=5023"}],"version-history":[{"count":1,"href":"https:\/\/www.botek.se\/fi\/wp-json\/wp\/v2\/pages\/5023\/revisions"}],"predecessor-version":[{"id":5027,"href":"https:\/\/www.botek.se\/fi\/wp-json\/wp\/v2\/pages\/5023\/revisions\/5027"}],"up":[{"embeddable":true,"href":"https:\/\/www.botek.se\/fi\/wp-json\/wp\/v2\/pages\/4817"}],"wp:attachment":[{"href":"https:\/\/www.botek.se\/fi\/wp-json\/wp\/v2\/media?parent=5023"}],"curies":[{"name":"wp","href":"https:\/\/api.w.org\/{rel}","templated":true}]}}