{"id":5021,"date":"2023-05-08T14:23:56","date_gmt":"2023-05-08T12:23:56","guid":{"rendered":"https:\/\/www.botek.se\/?page_id=5021"},"modified":"2026-03-19T14:59:43","modified_gmt":"2026-03-19T13:59:43","slug":"rfid","status":"publish","type":"page","link":"https:\/\/www.botek.se\/fi\/tuotteet\/rfid\/","title":{"rendered":"RFID"},"content":{"rendered":"<div class=\"container lw lw--mw-txt-left bw\"><div class=\"container__inner bw\">\n\n<h1 class=\"wp-block-heading\"><strong>Tehokas ja kest\u00e4v\u00e4 j\u00e4tehuolto<\/strong><\/h1>\n\n\n\n<p>RFID-teknologia tehostaa j\u00e4tehuoltoa puhtaanapitoalalla mahdollistamalla j\u00e4teastioiden tunnistamisen ja seurannan, vaarallisen j\u00e4tteen turvallisemman k\u00e4sittelyn sek\u00e4 tehokkaamman logistiikan.<\/p>\n\n<\/div><\/div>\n\n<div class=\"highlights lw lw--mw-cntnt-pd highlights--style-card highlights--max-per-row-2\"> <div class=\"highlights__inner\"> <div class=\"card card--style-card\"> <a href=\"https:\/\/www.botek.se\/fi\/produkt\/ajoneuvoon-asennettu-rfid\/\"> <div class=\"image ofi-holder\"> <img loading=\"lazy\" decoding=\"async\" width=\"638\" height=\"460\" src=\"https:\/\/www.botek.se\/wp-content\/uploads\/2023\/05\/RFID-B4200-1.png\" class=\"attachment-large size-large\" alt=\"\" sizes=\"auto, (max-width: 500px) 100vw, (max-width: 1180px) 33.333333333333vw, 393.33333333333px\" srcset=\"https:\/\/www.botek.se\/wp-content\/uploads\/2023\/05\/RFID-B4200-1.png 638w, https:\/\/www.botek.se\/wp-content\/uploads\/2023\/05\/RFID-B4200-1-300x216.png 300w\" \/> <\/div> <div class=\"card__content bw\"> <div class=\"card__content-inner bw mc mc--m\"> <h2>Ajoneuvoon asennettu RFID<\/h2><p>Varmistaa palvelun todentamisen: Monilukija pystyy lukemaan eri tyyppisi\u00e4 RFID-tunnisteista samalla lukijalla riippumatta taajuudesta tai koodauksesta.<\/p> <\/div> <svg aria-hidden=\"true\" focusable=\"false\"><use xlink:href=\"#icon-arrow\"><\/use><\/svg> <\/div> <\/a> <\/div><div class=\"card card--style-card\"> <a href=\"https:\/\/www.botek.se\/fi\/produkt\/kasikayttoinen-rfid\/\"> <div class=\"image ofi-holder\"> <img loading=\"lazy\" decoding=\"async\" width=\"1024\" height=\"683\" src=\"https:\/\/www.botek.se\/wp-content\/uploads\/2023\/05\/Mini-trio-1024x683.png\" class=\"attachment-large size-large\" alt=\"\" sizes=\"auto, (max-width: 500px) 100vw, (max-width: 1180px) 33.333333333333vw, 393.33333333333px\" srcset=\"https:\/\/www.botek.se\/wp-content\/uploads\/2023\/05\/Mini-trio-1024x683.png 1024w, https:\/\/www.botek.se\/wp-content\/uploads\/2023\/05\/Mini-trio-300x200.png 300w, https:\/\/www.botek.se\/wp-content\/uploads\/2023\/05\/Mini-trio-768x512.png 768w, https:\/\/www.botek.se\/wp-content\/uploads\/2023\/05\/Mini-trio-1536x1024.png 1536w, https:\/\/www.botek.se\/wp-content\/uploads\/2023\/05\/Mini-trio.png 1920w\" \/> <\/div> <div class=\"card__content bw\"> <div class=\"card__content-inner bw mc mc--m\"> <h2>K\u00e4sik\u00e4ytt\u00f6inen RFID<\/h2><p>Tarpeellinen haastavissa tyhjennystilanteissa sek\u00e4 silloin, kun tunniste on vaikeasti luettavassa paikassa, kuten j\u00e4tehuoneessa, j\u00e4tes\u00e4ili\u00f6iden k\u00e4sittelyss\u00e4 ja lietekaivoilla. <\/p> <\/div> <svg aria-hidden=\"true\" focusable=\"false\"><use xlink:href=\"#icon-arrow\"><\/use><\/svg> <\/div> <\/a> <\/div> <\/div> <\/div>","protected":false},"excerpt":{"rendered":"<p><!-- wp:acf\/container {\"name\":\"acf\/container\",\"data\":{\"background_color\":\"\",\"_background_color\":\"field_6262b1d14d782\",\"padding\":\"none\",\"_padding\":\"field_628aa5da8452f\",\"center_content\":\"0\",\"_center_content\":\"field_628aa6ca10e22\"},\"mode\":\"preview\",\"layoutWidth\":\"mw-txt-left\"} --><br \/>\n<!-- wp:heading {\"level\":1} --><\/p>\n<h1 class=\"wp-block-heading\"><strong>Tehokas ja kest\u00e4v\u00e4 j\u00e4tehuolto<\/strong><\/h1>\n<p><!-- \/wp:heading --><\/p>\n<p><!-- wp:paragraph --><\/p>\n<p>RFID-teknologia tehostaa j\u00e4tehuoltoa puhtaanapitoalalla mahdollistamalla j\u00e4teastioiden tunnistamisen ja seurannan, vaarallisen j\u00e4tteen turvallisemman k\u00e4sittelyn sek\u00e4 tehokkaamman logistiikan.<\/p>\n<p><!-- \/wp:paragraph --><br \/>\n<!-- \/wp:acf\/container --><\/p>\n<p><!-- wp:acf\/highlights {\"name\":\"acf\/highlights\",\"data\":{\"highlights_0_title\":\"Ajoneuvoon asennettu RFID\",\"_highlights_0_title\":\"field_64367b589550a\",\"highlights_0_content\":\"Varmistaa palvelun todentamisen: Monilukija pystyy lukemaan eri tyyppisi\u00e4 RFID-tunnisteista samalla lukijalla riippumatta taajuudesta tai koodauksesta.\",\"_highlights_0_content\":\"field_64367b809550b\",\"highlights_0_link\":{\"title\":\"Ajoneuvoon asennettu RFID\",\"url\":\"https:\/\/www.botek.se\/fi\/produkt\/ajoneuvoon-asennettu-rfid\/\",\"target\":\"\"},\"_highlights_0_link\":\"field_64367c189550c\",\"highlights_0_image\":4962,\"_highlights_0_image\":\"field_64367c289550d\",\"highlights_1_title\":\"K\u00e4sik\u00e4ytt\u00f6inen RFID\",\"_highlights_1_title\":\"field_64367b589550a\",\"highlights_1_content\":\"Tarpeellinen haastavissa tyhjennystilanteissa sek\u00e4 silloin, kun tunniste on vaikeasti luettavassa paikassa, kuten j\u00e4tehuoneessa, j\u00e4tes\u00e4ili\u00f6iden k\u00e4sittelyss\u00e4 ja lietekaivoilla. \",\"_highlights_1_content\":\"field_64367b809550b\",\"highlights_1_link\":{\"title\":\"K\u00e4sik\u00e4ytt\u00f6inen RFID\",\"url\":\"https:\/\/www.botek.se\/fi\/produkt\/kasikayttoinen-rfid\/\",\"target\":\"\"},\"_highlights_1_link\":\"field_64367c189550c\",\"highlights_1_image\":4956,\"_highlights_1_image\":\"field_64367c289550d\",\"highlights\":2,\"_highlights\":\"field_64367acb95509\",\"style\":\"card\",\"_style\":\"field_6436957ec9900\",\"max_per_row\":\"2\",\"_max_per_row\":\"field_643693b2a5546\",\"mobile_side_scroll\":\"0\",\"_mobile_side_scroll\":\"field_6450dac11c2b8\"},\"mode\":\"preview\",\"layoutWidth\":\"mw-cntnt-pd\"} \/--><\/p>\n","protected":false},"author":1,"featured_media":0,"parent":4920,"menu_order":0,"comment_status":"closed","ping_status":"closed","template":"","meta":{"_acf_changed":false,"footnotes":""},"class_list":["post-5021","page","type-page","status-publish","hentry"],"acf":[],"yoast_head":"<!-- This site is optimized with the Yoast SEO plugin v27.3 - https:\/\/yoast.com\/product\/yoast-seo-wordpress\/ -->\n<title>RFID - Botek<\/title>\n<meta name=\"robots\" content=\"index, follow, max-snippet:-1, max-image-preview:large, max-video-preview:-1\" \/>\n<link rel=\"canonical\" href=\"https:\/\/www.botek.se\/fi\/tuotteet\/rfid\/\" \/>\n<meta property=\"og:locale\" content=\"fi_FI\" \/>\n<meta property=\"og:type\" content=\"article\" \/>\n<meta property=\"og:title\" content=\"RFID - Botek\" \/>\n<meta property=\"og:description\" content=\"Tehokas ja kest\u00e4v\u00e4 j\u00e4tehuolto  RFID-teknologia tehostaa j\u00e4tehuoltoa puhtaanapitoalalla mahdollistamalla j\u00e4teastioiden tunnistamisen ja seurannan, vaarallisen j\u00e4tteen turvallisemman k\u00e4sittelyn sek\u00e4 tehokkaamman logistiikan.\" \/>\n<meta property=\"og:url\" content=\"https:\/\/www.botek.se\/fi\/tuotteet\/rfid\/\" \/>\n<meta property=\"og:site_name\" content=\"Botek\" \/>\n<meta property=\"article:publisher\" content=\"https:\/\/www.facebook.com\/BotekSystems\/\" \/>\n<meta property=\"article:modified_time\" content=\"2026-03-19T13:59:43+00:00\" \/>\n<meta name=\"twitter:card\" content=\"summary_large_image\" \/>\n<meta name=\"twitter:label1\" content=\"Arvioitu lukuaika\" \/>\n\t<meta name=\"twitter:data1\" content=\"1 minuutti\" \/>\n<script type=\"application\/ld+json\" class=\"yoast-schema-graph\">{\"@context\":\"https:\\\/\\\/schema.org\",\"@graph\":[{\"@type\":\"WebPage\",\"@id\":\"https:\\\/\\\/www.botek.se\\\/fi\\\/tuotteet\\\/rfid\\\/\",\"url\":\"https:\\\/\\\/www.botek.se\\\/fi\\\/tuotteet\\\/rfid\\\/\",\"name\":\"RFID - Botek\",\"isPartOf\":{\"@id\":\"https:\\\/\\\/www.botek.se\\\/#website\"},\"datePublished\":\"2023-05-08T12:23:56+00:00\",\"dateModified\":\"2026-03-19T13:59:43+00:00\",\"breadcrumb\":{\"@id\":\"https:\\\/\\\/www.botek.se\\\/fi\\\/tuotteet\\\/rfid\\\/#breadcrumb\"},\"inLanguage\":\"fi\",\"potentialAction\":[{\"@type\":\"ReadAction\",\"target\":[\"https:\\\/\\\/www.botek.se\\\/fi\\\/tuotteet\\\/rfid\\\/\"]}]},{\"@type\":\"BreadcrumbList\",\"@id\":\"https:\\\/\\\/www.botek.se\\\/fi\\\/tuotteet\\\/rfid\\\/#breadcrumb\",\"itemListElement\":[{\"@type\":\"ListItem\",\"position\":1,\"name\":\"Etusivu\",\"item\":\"https:\\\/\\\/www.botek.se\\\/fi\\\/\"},{\"@type\":\"ListItem\",\"position\":2,\"name\":\"Tuotteet\",\"item\":\"https:\\\/\\\/www.botek.se\\\/fi\\\/tuotteet\\\/\"},{\"@type\":\"ListItem\",\"position\":3,\"name\":\"RFID\"}]},{\"@type\":\"WebSite\",\"@id\":\"https:\\\/\\\/www.botek.se\\\/#website\",\"url\":\"https:\\\/\\\/www.botek.se\\\/\",\"name\":\"Botek\",\"description\":\"\",\"publisher\":{\"@id\":\"https:\\\/\\\/www.botek.se\\\/#organization\"},\"potentialAction\":[{\"@type\":\"SearchAction\",\"target\":{\"@type\":\"EntryPoint\",\"urlTemplate\":\"https:\\\/\\\/www.botek.se\\\/?s={search_term_string}\"},\"query-input\":{\"@type\":\"PropertyValueSpecification\",\"valueRequired\":true,\"valueName\":\"search_term_string\"}}],\"inLanguage\":\"fi\"},{\"@type\":\"Organization\",\"@id\":\"https:\\\/\\\/www.botek.se\\\/#organization\",\"name\":\"Botek\",\"url\":\"https:\\\/\\\/www.botek.se\\\/\",\"logo\":{\"@type\":\"ImageObject\",\"inLanguage\":\"fi\",\"@id\":\"https:\\\/\\\/www.botek.se\\\/#\\\/schema\\\/logo\\\/image\\\/\",\"url\":\"https:\\\/\\\/www.botek.se\\\/wp-content\\\/uploads\\\/2023\\\/05\\\/logo.png\",\"contentUrl\":\"https:\\\/\\\/www.botek.se\\\/wp-content\\\/uploads\\\/2023\\\/05\\\/logo.png\",\"width\":594,\"height\":140,\"caption\":\"Botek\"},\"image\":{\"@id\":\"https:\\\/\\\/www.botek.se\\\/#\\\/schema\\\/logo\\\/image\\\/\"},\"sameAs\":[\"https:\\\/\\\/www.facebook.com\\\/BotekSystems\\\/\",\"https:\\\/\\\/www.linkedin.com\\\/company\\\/botek-systems-ab\\\/\",\"https:\\\/\\\/www.instagram.com\\\/boteksystemsab\\\/\"]}]}<\/script>\n<!-- \/ Yoast SEO plugin. -->","yoast_head_json":{"title":"RFID - Botek","robots":{"index":"index","follow":"follow","max-snippet":"max-snippet:-1","max-image-preview":"max-image-preview:large","max-video-preview":"max-video-preview:-1"},"canonical":"https:\/\/www.botek.se\/fi\/tuotteet\/rfid\/","og_locale":"fi_FI","og_type":"article","og_title":"RFID - Botek","og_description":"Tehokas ja kest\u00e4v\u00e4 j\u00e4tehuolto  RFID-teknologia tehostaa j\u00e4tehuoltoa puhtaanapitoalalla mahdollistamalla j\u00e4teastioiden tunnistamisen ja seurannan, vaarallisen j\u00e4tteen turvallisemman k\u00e4sittelyn sek\u00e4 tehokkaamman logistiikan.","og_url":"https:\/\/www.botek.se\/fi\/tuotteet\/rfid\/","og_site_name":"Botek","article_publisher":"https:\/\/www.facebook.com\/BotekSystems\/","article_modified_time":"2026-03-19T13:59:43+00:00","twitter_card":"summary_large_image","twitter_misc":{"Arvioitu lukuaika":"1 minuutti"},"schema":{"@context":"https:\/\/schema.org","@graph":[{"@type":"WebPage","@id":"https:\/\/www.botek.se\/fi\/tuotteet\/rfid\/","url":"https:\/\/www.botek.se\/fi\/tuotteet\/rfid\/","name":"RFID - Botek","isPartOf":{"@id":"https:\/\/www.botek.se\/#website"},"datePublished":"2023-05-08T12:23:56+00:00","dateModified":"2026-03-19T13:59:43+00:00","breadcrumb":{"@id":"https:\/\/www.botek.se\/fi\/tuotteet\/rfid\/#breadcrumb"},"inLanguage":"fi","potentialAction":[{"@type":"ReadAction","target":["https:\/\/www.botek.se\/fi\/tuotteet\/rfid\/"]}]},{"@type":"BreadcrumbList","@id":"https:\/\/www.botek.se\/fi\/tuotteet\/rfid\/#breadcrumb","itemListElement":[{"@type":"ListItem","position":1,"name":"Etusivu","item":"https:\/\/www.botek.se\/fi\/"},{"@type":"ListItem","position":2,"name":"Tuotteet","item":"https:\/\/www.botek.se\/fi\/tuotteet\/"},{"@type":"ListItem","position":3,"name":"RFID"}]},{"@type":"WebSite","@id":"https:\/\/www.botek.se\/#website","url":"https:\/\/www.botek.se\/","name":"Botek","description":"","publisher":{"@id":"https:\/\/www.botek.se\/#organization"},"potentialAction":[{"@type":"SearchAction","target":{"@type":"EntryPoint","urlTemplate":"https:\/\/www.botek.se\/?s={search_term_string}"},"query-input":{"@type":"PropertyValueSpecification","valueRequired":true,"valueName":"search_term_string"}}],"inLanguage":"fi"},{"@type":"Organization","@id":"https:\/\/www.botek.se\/#organization","name":"Botek","url":"https:\/\/www.botek.se\/","logo":{"@type":"ImageObject","inLanguage":"fi","@id":"https:\/\/www.botek.se\/#\/schema\/logo\/image\/","url":"https:\/\/www.botek.se\/wp-content\/uploads\/2023\/05\/logo.png","contentUrl":"https:\/\/www.botek.se\/wp-content\/uploads\/2023\/05\/logo.png","width":594,"height":140,"caption":"Botek"},"image":{"@id":"https:\/\/www.botek.se\/#\/schema\/logo\/image\/"},"sameAs":["https:\/\/www.facebook.com\/BotekSystems\/","https:\/\/www.linkedin.com\/company\/botek-systems-ab\/","https:\/\/www.instagram.com\/boteksystemsab\/"]}]}},"_links":{"self":[{"href":"https:\/\/www.botek.se\/fi\/wp-json\/wp\/v2\/pages\/5021","targetHints":{"allow":["GET"]}}],"collection":[{"href":"https:\/\/www.botek.se\/fi\/wp-json\/wp\/v2\/pages"}],"about":[{"href":"https:\/\/www.botek.se\/fi\/wp-json\/wp\/v2\/types\/page"}],"author":[{"embeddable":true,"href":"https:\/\/www.botek.se\/fi\/wp-json\/wp\/v2\/users\/1"}],"replies":[{"embeddable":true,"href":"https:\/\/www.botek.se\/fi\/wp-json\/wp\/v2\/comments?post=5021"}],"version-history":[{"count":2,"href":"https:\/\/www.botek.se\/fi\/wp-json\/wp\/v2\/pages\/5021\/revisions"}],"predecessor-version":[{"id":5195,"href":"https:\/\/www.botek.se\/fi\/wp-json\/wp\/v2\/pages\/5021\/revisions\/5195"}],"up":[{"embeddable":true,"href":"https:\/\/www.botek.se\/fi\/wp-json\/wp\/v2\/pages\/4920"}],"wp:attachment":[{"href":"https:\/\/www.botek.se\/fi\/wp-json\/wp\/v2\/media?parent=5021"}],"curies":[{"name":"wp","href":"https:\/\/api.w.org\/{rel}","templated":true}]}}