{"id":5015,"date":"2023-05-09T09:56:54","date_gmt":"2023-05-09T07:56:54","guid":{"rendered":"https:\/\/www.botek.se\/?page_id=5015"},"modified":"2026-03-19T14:47:57","modified_gmt":"2026-03-19T13:47:57","slug":"ohjelmisto","status":"publish","type":"page","link":"https:\/\/www.botek.se\/fi\/ohjelmisto\/","title":{"rendered":"Ohjelmisto"},"content":{"rendered":"<div class=\"container lw lw--mw-txt-left bw\"><div class=\"container__inner bw\">\n\n<h1 class=\"wp-block-heading\"><strong>Puhtaanapidon ja j\u00e4tehuollon ohjelmisto<\/strong><\/h1>\n\n\n\n<p>J\u00e4rjestelm\u00e4 ei koostu pelk\u00e4st\u00e4\u00e4n laitteistosta. Ker\u00e4ystoiminnan tehokas hallinta edellytt\u00e4\u00e4 hyvin suunniteltua ohjelmistoa, joka tulkitsee dataa ja esitt\u00e4\u00e4 sen k\u00e4ytt\u00e4j\u00e4yst\u00e4v\u00e4llisess\u00e4 k\u00e4ytt\u00f6liittym\u00e4ss\u00e4.<\/p>\n\n\n\n<p>Onko teill\u00e4 jo hyv\u00e4 ohjelmisto k\u00e4yt\u00f6ss\u00e4? Ei ongelmaa \u2013 oma kehitysosastomme integroi laitteistomme kaikkien ohjelmistotoimittajien j\u00e4rjestelmiin.<\/p>\n\n\n\n<p>Tarjoamme my\u00f6s itse kehitt\u00e4m\u00e4mme Evolution-ohjelmistokokonaisuuden. Se sis\u00e4lt\u00e4\u00e4 kaiken tarvittavan digitaalisiin reitteihin, automaattiseen tyhjennysten rekister\u00f6intiin, punnitukseen ja reittioptimointiin. K\u00e4ytt\u00f6\u00f6noton yhteydess\u00e4 mukautamme j\u00e4rjestelm\u00e4n juuri teid\u00e4n toimintaanne sopivaksi. Voimme my\u00f6s integroida j\u00e4rjestelm\u00e4n talous- ja CRM-j\u00e4rjestelmiinne.<\/p>\n\n<\/div><\/div>\n\n<div class=\"highlights lw lw--mw-cntnt-pd highlights--style-card highlights--max-per-row-3\"> <div class=\"highlights__inner\"> <div class=\"card card--style-card\"> <a href=\"https:\/\/www.botek.se\/fi\/produkt\/evolution-collector\/\"> <div class=\"image ofi-holder\"> <img loading=\"lazy\" decoding=\"async\" width=\"1024\" height=\"576\" src=\"https:\/\/www.botek.se\/wp-content\/uploads\/2024\/05\/botek-evolution-collector-1024x576.jpg\" class=\"attachment-large size-large\" alt=\"\" sizes=\"auto, (max-width: 500px) 100vw, (max-width: 1180px) 33.333333333333vw, 393.33333333333px\" srcset=\"https:\/\/www.botek.se\/wp-content\/uploads\/2024\/05\/botek-evolution-collector-1024x576.jpg 1024w, https:\/\/www.botek.se\/wp-content\/uploads\/2024\/05\/botek-evolution-collector-300x169.jpg 300w, https:\/\/www.botek.se\/wp-content\/uploads\/2024\/05\/botek-evolution-collector-768x432.jpg 768w, https:\/\/www.botek.se\/wp-content\/uploads\/2024\/05\/botek-evolution-collector.jpg 1280w\" \/> <\/div> <div class=\"card__content bw\"> <div class=\"card__content-inner bw mc mc--m\"> <h2>Evolution Collector<\/h2><p>K\u00e4ytt\u00e4j\u00e4yst\u00e4v\u00e4llinen sovellus kuljettajalle tehokasta ker\u00e4ysty\u00f6t\u00e4 ja mobiileja ty\u00f6m\u00e4\u00e4r\u00e4yksi\u00e4 varten. <\/p> <\/div> <svg aria-hidden=\"true\" focusable=\"false\"><use xlink:href=\"#icon-arrow\"><\/use><\/svg> <\/div> <\/a> <\/div><div class=\"card card--style-card\"> <a href=\"https:\/\/www.botek.se\/fi\/produkt\/evolution-office\/\"> <div class=\"image ofi-holder\"> <img loading=\"lazy\" decoding=\"async\" width=\"1024\" height=\"576\" src=\"https:\/\/www.botek.se\/wp-content\/uploads\/2024\/05\/botek-evolution-office-1024x576.jpg\" class=\"attachment-large size-large\" alt=\"\" sizes=\"auto, (max-width: 500px) 100vw, (max-width: 1180px) 33.333333333333vw, 393.33333333333px\" srcset=\"https:\/\/www.botek.se\/wp-content\/uploads\/2024\/05\/botek-evolution-office-1024x576.jpg 1024w, https:\/\/www.botek.se\/wp-content\/uploads\/2024\/05\/botek-evolution-office-300x169.jpg 300w, https:\/\/www.botek.se\/wp-content\/uploads\/2024\/05\/botek-evolution-office-768x432.jpg 768w, https:\/\/www.botek.se\/wp-content\/uploads\/2024\/05\/botek-evolution-office.jpg 1280w\" \/> <\/div> <div class=\"card__content bw\"> <div class=\"card__content-inner bw mc mc--m\"> <h2>Evolution Office<\/h2><p>Kattava reittiohjelmisto ty\u00f6njohdolle ja hallinnolle reittien suunnitteluun, operatiiviseen ohjaukseen ja raportointiin.<\/p> <\/div> <svg aria-hidden=\"true\" focusable=\"false\"><use xlink:href=\"#icon-arrow\"><\/use><\/svg> <\/div> <\/a> <\/div><div class=\"card card--style-card\"> <a href=\"https:\/\/www.botek.se\/fi\/produkt\/evolution-planner\/\"> <div class=\"image ofi-holder\"> <img loading=\"lazy\" decoding=\"async\" width=\"1024\" height=\"576\" src=\"https:\/\/www.botek.se\/wp-content\/uploads\/2024\/05\/botek-evolution-planner-1024x576.jpg\" class=\"attachment-large size-large\" alt=\"\" sizes=\"auto, (max-width: 500px) 100vw, (max-width: 1180px) 33.333333333333vw, 393.33333333333px\" srcset=\"https:\/\/www.botek.se\/wp-content\/uploads\/2024\/05\/botek-evolution-planner-1024x576.jpg 1024w, https:\/\/www.botek.se\/wp-content\/uploads\/2024\/05\/botek-evolution-planner-300x169.jpg 300w, https:\/\/www.botek.se\/wp-content\/uploads\/2024\/05\/botek-evolution-planner-768x432.jpg 768w, https:\/\/www.botek.se\/wp-content\/uploads\/2024\/05\/botek-evolution-planner.jpg 1280w\" \/> <\/div> <div class=\"card__content bw\"> <div class=\"card__content-inner bw mc mc--m\"> <h2>Evolution Planner <\/h2><p>Strategiseen reittisuunnitteluun tarkoitettu ohjelmisto, jossa on tehokas optimointimoottori ja joka on kehitetty erityisesti j\u00e4tteiden ker\u00e4\u00e4miseen. <\/p> <\/div> <svg aria-hidden=\"true\" focusable=\"false\"><use xlink:href=\"#icon-arrow\"><\/use><\/svg> <\/div> <\/a> <\/div> <\/div> <\/div>","protected":false},"excerpt":{"rendered":"<p>Puhtaanapidon ja j\u00e4tehuollon ohjelmisto<\/p>\n<p>J\u00e4rjestelm\u00e4 ei koostu pelk\u00e4st\u00e4\u00e4n laitteistosta. Ker\u00e4ystoiminnan tehokas hallinta edellytt\u00e4\u00e4 hyvin suunniteltua ohjelmistoa, joka tulkitsee dataa ja esitt\u00e4\u00e4 [..]<\/p>\n","protected":false},"author":1,"featured_media":0,"parent":0,"menu_order":0,"comment_status":"closed","ping_status":"closed","template":"","meta":{"_acf_changed":false,"footnotes":""},"class_list":["post-5015","page","type-page","status-publish","hentry"],"acf":[],"yoast_head":"<!-- This site is optimized with the Yoast SEO plugin v27.3 - https:\/\/yoast.com\/product\/yoast-seo-wordpress\/ -->\n<title>Ohjelmisto - Botek<\/title>\n<meta name=\"robots\" content=\"index, follow, max-snippet:-1, max-image-preview:large, max-video-preview:-1\" \/>\n<link rel=\"canonical\" href=\"https:\/\/www.botek.se\/fi\/ohjelmisto\/\" \/>\n<meta property=\"og:locale\" content=\"fi_FI\" \/>\n<meta property=\"og:type\" content=\"article\" \/>\n<meta property=\"og:title\" content=\"Ohjelmisto - Botek\" \/>\n<meta property=\"og:description\" content=\"Puhtaanapidon ja j\u00e4tehuollon ohjelmisto  J\u00e4rjestelm\u00e4 ei koostu pelk\u00e4st\u00e4\u00e4n laitteistosta. Ker\u00e4ystoiminnan tehokas hallinta edellytt\u00e4\u00e4 hyvin suunniteltua ohjelmistoa, joka tulkitsee dataa ja esitt\u00e4\u00e4 [..]\" \/>\n<meta property=\"og:url\" content=\"https:\/\/www.botek.se\/fi\/ohjelmisto\/\" \/>\n<meta property=\"og:site_name\" content=\"Botek\" \/>\n<meta property=\"article:publisher\" content=\"https:\/\/www.facebook.com\/BotekSystems\/\" \/>\n<meta property=\"article:modified_time\" content=\"2026-03-19T13:47:57+00:00\" \/>\n<meta name=\"twitter:card\" content=\"summary_large_image\" \/>\n<meta name=\"twitter:label1\" content=\"Arvioitu lukuaika\" \/>\n\t<meta name=\"twitter:data1\" content=\"1 minuutti\" \/>\n<script type=\"application\/ld+json\" class=\"yoast-schema-graph\">{\"@context\":\"https:\\\/\\\/schema.org\",\"@graph\":[{\"@type\":\"WebPage\",\"@id\":\"https:\\\/\\\/www.botek.se\\\/fi\\\/ohjelmisto\\\/\",\"url\":\"https:\\\/\\\/www.botek.se\\\/fi\\\/ohjelmisto\\\/\",\"name\":\"Ohjelmisto - Botek\",\"isPartOf\":{\"@id\":\"https:\\\/\\\/www.botek.se\\\/#website\"},\"datePublished\":\"2023-05-09T07:56:54+00:00\",\"dateModified\":\"2026-03-19T13:47:57+00:00\",\"breadcrumb\":{\"@id\":\"https:\\\/\\\/www.botek.se\\\/fi\\\/ohjelmisto\\\/#breadcrumb\"},\"inLanguage\":\"fi\",\"potentialAction\":[{\"@type\":\"ReadAction\",\"target\":[\"https:\\\/\\\/www.botek.se\\\/fi\\\/ohjelmisto\\\/\"]}]},{\"@type\":\"BreadcrumbList\",\"@id\":\"https:\\\/\\\/www.botek.se\\\/fi\\\/ohjelmisto\\\/#breadcrumb\",\"itemListElement\":[{\"@type\":\"ListItem\",\"position\":1,\"name\":\"Etusivu\",\"item\":\"https:\\\/\\\/www.botek.se\\\/fi\\\/\"},{\"@type\":\"ListItem\",\"position\":2,\"name\":\"Ohjelmisto\"}]},{\"@type\":\"WebSite\",\"@id\":\"https:\\\/\\\/www.botek.se\\\/#website\",\"url\":\"https:\\\/\\\/www.botek.se\\\/\",\"name\":\"Botek\",\"description\":\"\",\"publisher\":{\"@id\":\"https:\\\/\\\/www.botek.se\\\/#organization\"},\"potentialAction\":[{\"@type\":\"SearchAction\",\"target\":{\"@type\":\"EntryPoint\",\"urlTemplate\":\"https:\\\/\\\/www.botek.se\\\/?s={search_term_string}\"},\"query-input\":{\"@type\":\"PropertyValueSpecification\",\"valueRequired\":true,\"valueName\":\"search_term_string\"}}],\"inLanguage\":\"fi\"},{\"@type\":\"Organization\",\"@id\":\"https:\\\/\\\/www.botek.se\\\/#organization\",\"name\":\"Botek\",\"url\":\"https:\\\/\\\/www.botek.se\\\/\",\"logo\":{\"@type\":\"ImageObject\",\"inLanguage\":\"fi\",\"@id\":\"https:\\\/\\\/www.botek.se\\\/#\\\/schema\\\/logo\\\/image\\\/\",\"url\":\"https:\\\/\\\/www.botek.se\\\/wp-content\\\/uploads\\\/2023\\\/05\\\/logo.png\",\"contentUrl\":\"https:\\\/\\\/www.botek.se\\\/wp-content\\\/uploads\\\/2023\\\/05\\\/logo.png\",\"width\":594,\"height\":140,\"caption\":\"Botek\"},\"image\":{\"@id\":\"https:\\\/\\\/www.botek.se\\\/#\\\/schema\\\/logo\\\/image\\\/\"},\"sameAs\":[\"https:\\\/\\\/www.facebook.com\\\/BotekSystems\\\/\",\"https:\\\/\\\/www.linkedin.com\\\/company\\\/botek-systems-ab\\\/\",\"https:\\\/\\\/www.instagram.com\\\/boteksystemsab\\\/\"]}]}<\/script>\n<!-- \/ Yoast SEO plugin. -->","yoast_head_json":{"title":"Ohjelmisto - Botek","robots":{"index":"index","follow":"follow","max-snippet":"max-snippet:-1","max-image-preview":"max-image-preview:large","max-video-preview":"max-video-preview:-1"},"canonical":"https:\/\/www.botek.se\/fi\/ohjelmisto\/","og_locale":"fi_FI","og_type":"article","og_title":"Ohjelmisto - Botek","og_description":"Puhtaanapidon ja j\u00e4tehuollon ohjelmisto  J\u00e4rjestelm\u00e4 ei koostu pelk\u00e4st\u00e4\u00e4n laitteistosta. Ker\u00e4ystoiminnan tehokas hallinta edellytt\u00e4\u00e4 hyvin suunniteltua ohjelmistoa, joka tulkitsee dataa ja esitt\u00e4\u00e4 [..]","og_url":"https:\/\/www.botek.se\/fi\/ohjelmisto\/","og_site_name":"Botek","article_publisher":"https:\/\/www.facebook.com\/BotekSystems\/","article_modified_time":"2026-03-19T13:47:57+00:00","twitter_card":"summary_large_image","twitter_misc":{"Arvioitu lukuaika":"1 minuutti"},"schema":{"@context":"https:\/\/schema.org","@graph":[{"@type":"WebPage","@id":"https:\/\/www.botek.se\/fi\/ohjelmisto\/","url":"https:\/\/www.botek.se\/fi\/ohjelmisto\/","name":"Ohjelmisto - Botek","isPartOf":{"@id":"https:\/\/www.botek.se\/#website"},"datePublished":"2023-05-09T07:56:54+00:00","dateModified":"2026-03-19T13:47:57+00:00","breadcrumb":{"@id":"https:\/\/www.botek.se\/fi\/ohjelmisto\/#breadcrumb"},"inLanguage":"fi","potentialAction":[{"@type":"ReadAction","target":["https:\/\/www.botek.se\/fi\/ohjelmisto\/"]}]},{"@type":"BreadcrumbList","@id":"https:\/\/www.botek.se\/fi\/ohjelmisto\/#breadcrumb","itemListElement":[{"@type":"ListItem","position":1,"name":"Etusivu","item":"https:\/\/www.botek.se\/fi\/"},{"@type":"ListItem","position":2,"name":"Ohjelmisto"}]},{"@type":"WebSite","@id":"https:\/\/www.botek.se\/#website","url":"https:\/\/www.botek.se\/","name":"Botek","description":"","publisher":{"@id":"https:\/\/www.botek.se\/#organization"},"potentialAction":[{"@type":"SearchAction","target":{"@type":"EntryPoint","urlTemplate":"https:\/\/www.botek.se\/?s={search_term_string}"},"query-input":{"@type":"PropertyValueSpecification","valueRequired":true,"valueName":"search_term_string"}}],"inLanguage":"fi"},{"@type":"Organization","@id":"https:\/\/www.botek.se\/#organization","name":"Botek","url":"https:\/\/www.botek.se\/","logo":{"@type":"ImageObject","inLanguage":"fi","@id":"https:\/\/www.botek.se\/#\/schema\/logo\/image\/","url":"https:\/\/www.botek.se\/wp-content\/uploads\/2023\/05\/logo.png","contentUrl":"https:\/\/www.botek.se\/wp-content\/uploads\/2023\/05\/logo.png","width":594,"height":140,"caption":"Botek"},"image":{"@id":"https:\/\/www.botek.se\/#\/schema\/logo\/image\/"},"sameAs":["https:\/\/www.facebook.com\/BotekSystems\/","https:\/\/www.linkedin.com\/company\/botek-systems-ab\/","https:\/\/www.instagram.com\/boteksystemsab\/"]}]}},"_links":{"self":[{"href":"https:\/\/www.botek.se\/fi\/wp-json\/wp\/v2\/pages\/5015","targetHints":{"allow":["GET"]}}],"collection":[{"href":"https:\/\/www.botek.se\/fi\/wp-json\/wp\/v2\/pages"}],"about":[{"href":"https:\/\/www.botek.se\/fi\/wp-json\/wp\/v2\/types\/page"}],"author":[{"embeddable":true,"href":"https:\/\/www.botek.se\/fi\/wp-json\/wp\/v2\/users\/1"}],"replies":[{"embeddable":true,"href":"https:\/\/www.botek.se\/fi\/wp-json\/wp\/v2\/comments?post=5015"}],"version-history":[{"count":3,"href":"https:\/\/www.botek.se\/fi\/wp-json\/wp\/v2\/pages\/5015\/revisions"}],"predecessor-version":[{"id":5183,"href":"https:\/\/www.botek.se\/fi\/wp-json\/wp\/v2\/pages\/5015\/revisions\/5183"}],"wp:attachment":[{"href":"https:\/\/www.botek.se\/fi\/wp-json\/wp\/v2\/media?parent=5015"}],"curies":[{"name":"wp","href":"https:\/\/api.w.org\/{rel}","templated":true}]}}