{"id":4920,"date":"2023-03-22T10:25:49","date_gmt":"2023-03-22T09:25:49","guid":{"rendered":"https:\/\/www.botek.se\/?page_id=4920"},"modified":"2026-03-19T14:56:29","modified_gmt":"2026-03-19T13:56:29","slug":"tuotteet","status":"publish","type":"page","link":"https:\/\/www.botek.se\/fi\/tuotteet\/","title":{"rendered":"Tuotteet"},"content":{"rendered":"<div class=\"container lw lw--mw-txt-left bw\"><div class=\"container__inner bw\">\n\n<h1 class=\"wp-block-heading\">Kohti kest\u00e4v\u00e4\u00e4 ja tehokasta j\u00e4tehuoltoalaa<\/h1>\n\n\n\n<p>Kehit\u00e4mme ja valmistamme kokonaisratkaisuja \u2013 tuotteita ja ohjelmistoja \u2013 kest\u00e4v\u00e4n ja tehokkaan j\u00e4tehuoltoalan tarpeisiin. Kest\u00e4vi\u00e4 ajoneuvoihin asennettavia vaakoja mobiilipunnitukseen, RFID-rekister\u00f6intiin sek\u00e4 dynaamisia j\u00e4rjestelmi\u00e4 tarkkaan j\u00e4testatistiikkaan.<\/p>\n\n<\/div><\/div>\n\n<div class=\"highlights lw lw--mw-cntnt-pd highlights--style-card highlights--max-per-row-2\"> <div class=\"highlights__inner\"> <div class=\"card card--style-card\"> <a href=\"https:\/\/www.botek.se\/fi\/tuotteet\/ajoneuvoon-asennetut-vaaat\/\"> <div class=\"image ofi-holder\"> <img loading=\"lazy\" decoding=\"async\" width=\"1024\" height=\"683\" src=\"https:\/\/www.botek.se\/wp-content\/uploads\/2023\/07\/S7A9515-ret-1-1024x683.jpg\" class=\"attachment-large size-large\" alt=\"\" sizes=\"auto, (max-width: 500px) 100vw, (max-width: 1180px) 33.333333333333vw, 393.33333333333px\" srcset=\"https:\/\/www.botek.se\/wp-content\/uploads\/2023\/07\/S7A9515-ret-1-1024x683.jpg 1024w, https:\/\/www.botek.se\/wp-content\/uploads\/2023\/07\/S7A9515-ret-1-300x200.jpg 300w, https:\/\/www.botek.se\/wp-content\/uploads\/2023\/07\/S7A9515-ret-1-768x512.jpg 768w, https:\/\/www.botek.se\/wp-content\/uploads\/2023\/07\/S7A9515-ret-1-1536x1024.jpg 1536w, https:\/\/www.botek.se\/wp-content\/uploads\/2023\/07\/S7A9515-ret-1.jpg 2048w\" \/> <\/div> <div class=\"card__content bw\"> <div class=\"card__content-inner bw mc mc--m\"> <h2>Ajoneuvoon asennetut vaa\u2019at<\/h2><p>Seuraa lastatun ja puretun j\u00e4tteen painoa, hy\u00f6dynn\u00e4 tarkkaa tilastotietoa ja varmista j\u00e4teasetuksen noudattaminen.<\/p> <\/div> <svg aria-hidden=\"true\" focusable=\"false\"><use xlink:href=\"#icon-arrow\"><\/use><\/svg> <\/div> <\/a> <\/div><div class=\"card card--style-card\"> <a href=\"https:\/\/www.botek.se\/fi\/tuotteet\/merkinta\/\"> <div class=\"image ofi-holder\"> <img loading=\"lazy\" decoding=\"async\" width=\"1024\" height=\"740\" src=\"https:\/\/www.botek.se\/wp-content\/uploads\/2023\/07\/Skarmavbild-2023-07-04-kl.-14.41.53-1024x740.png\" class=\"attachment-large size-large\" alt=\"\" sizes=\"auto, (max-width: 500px) 100vw, (max-width: 1180px) 33.333333333333vw, 393.33333333333px\" srcset=\"https:\/\/www.botek.se\/wp-content\/uploads\/2023\/07\/Skarmavbild-2023-07-04-kl.-14.41.53-1024x740.png 1024w, https:\/\/www.botek.se\/wp-content\/uploads\/2023\/07\/Skarmavbild-2023-07-04-kl.-14.41.53-300x217.png 300w, https:\/\/www.botek.se\/wp-content\/uploads\/2023\/07\/Skarmavbild-2023-07-04-kl.-14.41.53-768x555.png 768w, https:\/\/www.botek.se\/wp-content\/uploads\/2023\/07\/Skarmavbild-2023-07-04-kl.-14.41.53.png 1312w\" \/> <\/div> <div class=\"card__content bw\"> <div class=\"card__content-inner bw mc mc--m\"> <h2>Merkint\u00e4<\/h2><p>Tehokas k\u00e4sittely ja tarkka data edellytt\u00e4v\u00e4t j\u00e4teastioiden merkitsemist\u00e4 RFID-tunnisteilla sek\u00e4 k\u00e4sip\u00e4\u00e4tteen, etikettien ja tulostimen k\u00e4ytt\u00f6\u00e4.<\/p> <\/div> <svg aria-hidden=\"true\" focusable=\"false\"><use xlink:href=\"#icon-arrow\"><\/use><\/svg> <\/div> <\/a> <\/div><div class=\"card card--style-card\"> <a href=\"https:\/\/www.botek.se\/fi\/tuotteet\/rfid\/\"> <div class=\"image ofi-holder\"> <img loading=\"lazy\" decoding=\"async\" width=\"1024\" height=\"637\" src=\"https:\/\/www.botek.se\/wp-content\/uploads\/2023\/05\/S7A1141-e1684312743564-1024x637.jpg\" class=\"attachment-large size-large\" alt=\"\" sizes=\"auto, (max-width: 500px) 100vw, (max-width: 1180px) 33.333333333333vw, 393.33333333333px\" srcset=\"https:\/\/www.botek.se\/wp-content\/uploads\/2023\/05\/S7A1141-e1684312743564-1024x637.jpg 1024w, https:\/\/www.botek.se\/wp-content\/uploads\/2023\/05\/S7A1141-e1684312743564-300x187.jpg 300w, https:\/\/www.botek.se\/wp-content\/uploads\/2023\/05\/S7A1141-e1684312743564-768x478.jpg 768w, https:\/\/www.botek.se\/wp-content\/uploads\/2023\/05\/S7A1141-e1684312743564.jpg 1364w\" \/> <\/div> <div class=\"card__content bw\"> <div class=\"card__content-inner bw mc mc--m\"> <h2>RFID-lukija<\/h2><p>Tarjoamme sek\u00e4 ajoneuvoon asennettavia ett\u00e4 k\u00e4sik\u00e4ytt\u00f6isi\u00e4 RFID-lukijoita, jotka tukevat j\u00e4tehuoltoalan RFID-standardeja.<\/p> <\/div> <svg aria-hidden=\"true\" focusable=\"false\"><use xlink:href=\"#icon-arrow\"><\/use><\/svg> <\/div> <\/a> <\/div><div class=\"card card--style-card\"> <a href=\"https:\/\/www.botek.se\/fi\/tuotteet\/ajoneuvotietokoneet\/\"> <div class=\"image ofi-holder\"> <img loading=\"lazy\" decoding=\"async\" width=\"1024\" height=\"219\" src=\"https:\/\/www.botek.se\/wp-content\/uploads\/2023\/05\/computer-background14_3-1024x219.jpg\" class=\"attachment-large size-large\" alt=\"\" sizes=\"auto, (max-width: 500px) 262.29508196721vw, (max-width: 1180px) 87.431693989071vw, 1031.693989071px\" srcset=\"https:\/\/www.botek.se\/wp-content\/uploads\/2023\/05\/computer-background14_3-1024x219.jpg 1024w, https:\/\/www.botek.se\/wp-content\/uploads\/2023\/05\/computer-background14_3-300x64.jpg 300w, https:\/\/www.botek.se\/wp-content\/uploads\/2023\/05\/computer-background14_3-768x165.jpg 768w, https:\/\/www.botek.se\/wp-content\/uploads\/2023\/05\/computer-background14_3-1536x329.jpg 1536w, https:\/\/www.botek.se\/wp-content\/uploads\/2023\/05\/computer-background14_3-2048x439.jpg 2048w\" \/> <\/div> <div class=\"card__content bw\"> <div class=\"card__content-inner bw mc mc--m\"> <h2>Ajoneuvotietokoneet<\/h2><p>Kest\u00e4v\u00e4 Getac F110 -tablettitietokone Windows-k\u00e4ytt\u00f6j\u00e4rjestelm\u00e4ll\u00e4 tai Samsung Galaxy Tab S -tabletti Broditin Tough Sleeve -suojakuorella. <\/p> <\/div> <svg aria-hidden=\"true\" focusable=\"false\"><use xlink:href=\"#icon-arrow\"><\/use><\/svg> <\/div> <\/a> <\/div> <\/div> <\/div>","protected":false},"excerpt":{"rendered":"<p>Kohti kest\u00e4v\u00e4\u00e4 ja tehokasta j\u00e4tehuoltoalaa<\/p>\n<p>Kehit\u00e4mme ja valmistamme kokonaisratkaisuja \u2013 tuotteita ja ohjelmistoja \u2013 kest\u00e4v\u00e4n ja tehokkaan j\u00e4tehuoltoalan tarpeisiin. Kest\u00e4vi\u00e4 ajoneuvoihin [..]<\/p>\n","protected":false},"author":1,"featured_media":0,"parent":0,"menu_order":0,"comment_status":"closed","ping_status":"closed","template":"","meta":{"_acf_changed":false,"footnotes":""},"class_list":["post-4920","page","type-page","status-publish","hentry"],"acf":[],"yoast_head":"<!-- This site is optimized with the Yoast SEO plugin v27.3 - https:\/\/yoast.com\/product\/yoast-seo-wordpress\/ -->\n<title>Tuotteet - Botek<\/title>\n<meta name=\"robots\" content=\"index, follow, max-snippet:-1, max-image-preview:large, max-video-preview:-1\" \/>\n<link rel=\"canonical\" href=\"https:\/\/www.botek.se\/fi\/tuotteet\/\" \/>\n<meta property=\"og:locale\" content=\"fi_FI\" \/>\n<meta property=\"og:type\" content=\"article\" \/>\n<meta property=\"og:title\" content=\"Tuotteet - Botek\" \/>\n<meta property=\"og:description\" content=\"Kohti kest\u00e4v\u00e4\u00e4 ja tehokasta j\u00e4tehuoltoalaa  Kehit\u00e4mme ja valmistamme kokonaisratkaisuja \u2013 tuotteita ja ohjelmistoja \u2013 kest\u00e4v\u00e4n ja tehokkaan j\u00e4tehuoltoalan tarpeisiin. Kest\u00e4vi\u00e4 ajoneuvoihin [..]\" \/>\n<meta property=\"og:url\" content=\"https:\/\/www.botek.se\/fi\/tuotteet\/\" \/>\n<meta property=\"og:site_name\" content=\"Botek\" \/>\n<meta property=\"article:publisher\" content=\"https:\/\/www.facebook.com\/BotekSystems\/\" \/>\n<meta property=\"article:modified_time\" content=\"2026-03-19T13:56:29+00:00\" \/>\n<meta name=\"twitter:card\" content=\"summary_large_image\" \/>\n<meta name=\"twitter:label1\" content=\"Arvioitu lukuaika\" \/>\n\t<meta name=\"twitter:data1\" content=\"1 minuutti\" \/>\n<script type=\"application\/ld+json\" class=\"yoast-schema-graph\">{\"@context\":\"https:\\\/\\\/schema.org\",\"@graph\":[{\"@type\":\"WebPage\",\"@id\":\"https:\\\/\\\/www.botek.se\\\/fi\\\/tuotteet\\\/\",\"url\":\"https:\\\/\\\/www.botek.se\\\/fi\\\/tuotteet\\\/\",\"name\":\"Tuotteet - Botek\",\"isPartOf\":{\"@id\":\"https:\\\/\\\/www.botek.se\\\/#website\"},\"datePublished\":\"2023-03-22T09:25:49+00:00\",\"dateModified\":\"2026-03-19T13:56:29+00:00\",\"breadcrumb\":{\"@id\":\"https:\\\/\\\/www.botek.se\\\/fi\\\/tuotteet\\\/#breadcrumb\"},\"inLanguage\":\"fi\",\"potentialAction\":[{\"@type\":\"ReadAction\",\"target\":[\"https:\\\/\\\/www.botek.se\\\/fi\\\/tuotteet\\\/\"]}]},{\"@type\":\"BreadcrumbList\",\"@id\":\"https:\\\/\\\/www.botek.se\\\/fi\\\/tuotteet\\\/#breadcrumb\",\"itemListElement\":[{\"@type\":\"ListItem\",\"position\":1,\"name\":\"Etusivu\",\"item\":\"https:\\\/\\\/www.botek.se\\\/fi\\\/\"},{\"@type\":\"ListItem\",\"position\":2,\"name\":\"Tuotteet\"}]},{\"@type\":\"WebSite\",\"@id\":\"https:\\\/\\\/www.botek.se\\\/#website\",\"url\":\"https:\\\/\\\/www.botek.se\\\/\",\"name\":\"Botek\",\"description\":\"\",\"publisher\":{\"@id\":\"https:\\\/\\\/www.botek.se\\\/#organization\"},\"potentialAction\":[{\"@type\":\"SearchAction\",\"target\":{\"@type\":\"EntryPoint\",\"urlTemplate\":\"https:\\\/\\\/www.botek.se\\\/?s={search_term_string}\"},\"query-input\":{\"@type\":\"PropertyValueSpecification\",\"valueRequired\":true,\"valueName\":\"search_term_string\"}}],\"inLanguage\":\"fi\"},{\"@type\":\"Organization\",\"@id\":\"https:\\\/\\\/www.botek.se\\\/#organization\",\"name\":\"Botek\",\"url\":\"https:\\\/\\\/www.botek.se\\\/\",\"logo\":{\"@type\":\"ImageObject\",\"inLanguage\":\"fi\",\"@id\":\"https:\\\/\\\/www.botek.se\\\/#\\\/schema\\\/logo\\\/image\\\/\",\"url\":\"https:\\\/\\\/www.botek.se\\\/wp-content\\\/uploads\\\/2023\\\/05\\\/logo.png\",\"contentUrl\":\"https:\\\/\\\/www.botek.se\\\/wp-content\\\/uploads\\\/2023\\\/05\\\/logo.png\",\"width\":594,\"height\":140,\"caption\":\"Botek\"},\"image\":{\"@id\":\"https:\\\/\\\/www.botek.se\\\/#\\\/schema\\\/logo\\\/image\\\/\"},\"sameAs\":[\"https:\\\/\\\/www.facebook.com\\\/BotekSystems\\\/\",\"https:\\\/\\\/www.linkedin.com\\\/company\\\/botek-systems-ab\\\/\",\"https:\\\/\\\/www.instagram.com\\\/boteksystemsab\\\/\"]}]}<\/script>\n<!-- \/ Yoast SEO plugin. -->","yoast_head_json":{"title":"Tuotteet - Botek","robots":{"index":"index","follow":"follow","max-snippet":"max-snippet:-1","max-image-preview":"max-image-preview:large","max-video-preview":"max-video-preview:-1"},"canonical":"https:\/\/www.botek.se\/fi\/tuotteet\/","og_locale":"fi_FI","og_type":"article","og_title":"Tuotteet - Botek","og_description":"Kohti kest\u00e4v\u00e4\u00e4 ja tehokasta j\u00e4tehuoltoalaa  Kehit\u00e4mme ja valmistamme kokonaisratkaisuja \u2013 tuotteita ja ohjelmistoja \u2013 kest\u00e4v\u00e4n ja tehokkaan j\u00e4tehuoltoalan tarpeisiin. Kest\u00e4vi\u00e4 ajoneuvoihin [..]","og_url":"https:\/\/www.botek.se\/fi\/tuotteet\/","og_site_name":"Botek","article_publisher":"https:\/\/www.facebook.com\/BotekSystems\/","article_modified_time":"2026-03-19T13:56:29+00:00","twitter_card":"summary_large_image","twitter_misc":{"Arvioitu lukuaika":"1 minuutti"},"schema":{"@context":"https:\/\/schema.org","@graph":[{"@type":"WebPage","@id":"https:\/\/www.botek.se\/fi\/tuotteet\/","url":"https:\/\/www.botek.se\/fi\/tuotteet\/","name":"Tuotteet - Botek","isPartOf":{"@id":"https:\/\/www.botek.se\/#website"},"datePublished":"2023-03-22T09:25:49+00:00","dateModified":"2026-03-19T13:56:29+00:00","breadcrumb":{"@id":"https:\/\/www.botek.se\/fi\/tuotteet\/#breadcrumb"},"inLanguage":"fi","potentialAction":[{"@type":"ReadAction","target":["https:\/\/www.botek.se\/fi\/tuotteet\/"]}]},{"@type":"BreadcrumbList","@id":"https:\/\/www.botek.se\/fi\/tuotteet\/#breadcrumb","itemListElement":[{"@type":"ListItem","position":1,"name":"Etusivu","item":"https:\/\/www.botek.se\/fi\/"},{"@type":"ListItem","position":2,"name":"Tuotteet"}]},{"@type":"WebSite","@id":"https:\/\/www.botek.se\/#website","url":"https:\/\/www.botek.se\/","name":"Botek","description":"","publisher":{"@id":"https:\/\/www.botek.se\/#organization"},"potentialAction":[{"@type":"SearchAction","target":{"@type":"EntryPoint","urlTemplate":"https:\/\/www.botek.se\/?s={search_term_string}"},"query-input":{"@type":"PropertyValueSpecification","valueRequired":true,"valueName":"search_term_string"}}],"inLanguage":"fi"},{"@type":"Organization","@id":"https:\/\/www.botek.se\/#organization","name":"Botek","url":"https:\/\/www.botek.se\/","logo":{"@type":"ImageObject","inLanguage":"fi","@id":"https:\/\/www.botek.se\/#\/schema\/logo\/image\/","url":"https:\/\/www.botek.se\/wp-content\/uploads\/2023\/05\/logo.png","contentUrl":"https:\/\/www.botek.se\/wp-content\/uploads\/2023\/05\/logo.png","width":594,"height":140,"caption":"Botek"},"image":{"@id":"https:\/\/www.botek.se\/#\/schema\/logo\/image\/"},"sameAs":["https:\/\/www.facebook.com\/BotekSystems\/","https:\/\/www.linkedin.com\/company\/botek-systems-ab\/","https:\/\/www.instagram.com\/boteksystemsab\/"]}]}},"_links":{"self":[{"href":"https:\/\/www.botek.se\/fi\/wp-json\/wp\/v2\/pages\/4920","targetHints":{"allow":["GET"]}}],"collection":[{"href":"https:\/\/www.botek.se\/fi\/wp-json\/wp\/v2\/pages"}],"about":[{"href":"https:\/\/www.botek.se\/fi\/wp-json\/wp\/v2\/types\/page"}],"author":[{"embeddable":true,"href":"https:\/\/www.botek.se\/fi\/wp-json\/wp\/v2\/users\/1"}],"replies":[{"embeddable":true,"href":"https:\/\/www.botek.se\/fi\/wp-json\/wp\/v2\/comments?post=4920"}],"version-history":[{"count":3,"href":"https:\/\/www.botek.se\/fi\/wp-json\/wp\/v2\/pages\/4920\/revisions"}],"predecessor-version":[{"id":5191,"href":"https:\/\/www.botek.se\/fi\/wp-json\/wp\/v2\/pages\/4920\/revisions\/5191"}],"wp:attachment":[{"href":"https:\/\/www.botek.se\/fi\/wp-json\/wp\/v2\/media?parent=4920"}],"curies":[{"name":"wp","href":"https:\/\/api.w.org\/{rel}","templated":true}]}}