{"id":4916,"date":"2023-05-09T15:49:34","date_gmt":"2023-05-09T13:49:34","guid":{"rendered":"https:\/\/www.botek.se\/?page_id=4916"},"modified":"2026-03-19T13:19:02","modified_gmt":"2026-03-19T12:19:02","slug":"tietoa-meista","status":"publish","type":"page","link":"https:\/\/www.botek.se\/fi\/tietoa-meista\/","title":{"rendered":"Tietoa meist\u00e4"},"content":{"rendered":"<div class=\"hero lw lw--fw hero--fullscreen hero--moving_image hero--overlay\"><div class=\"hero__container\"><div class=\"moving-image moving-image--fill-parent\"> <div class=\"moving-image__video-container\" data-aspect-ratio=\"16:9\"> <video class=\"moving-image__video\" preload=\"none\" autoplay loop muted playsinline> <source data-src=\"https:\/\/www.botek.se\/wp-content\/uploads\/2023\/05\/DJI_0021_1.mp4\" type=\"video\/mp4\"\/> <\/video> <\/div> <\/div> <div class=\"hero__content-holder bw bw--lw\"> <div class=\"hero__content lw lw--mw-cntnt-pd\"> \n\n<h1 class=\"wp-block-heading\">Ensimm\u00e4inen vaaka asennettiin vuonna 1978<\/h1>\n\n\n\n<p>Kehit\u00e4mme, valmistamme ja myymme ajoneuvoihin asennettavia vaakoja sek\u00e4 RFID-pohjaisia tyhjennysten rekister\u00f6intij\u00e4rjestelmi\u00e4 ja niihin liittyvi\u00e4 ohjelmistoja, joita k\u00e4ytet\u00e4\u00e4n j\u00e4tehuollon ker\u00e4yspalvelujen suunnitteluun, toteutukseen ja raportointiin.<\/p>\n\n <\/div> <\/div> <\/div><\/div><nav class=\"breadcrumbs bw--lw\"><ul class=\"crumbs lw lw--mw-cntnt-pd\"><li><a href=\"https:\/\/www.botek.se\/fi\/\">Home<\/a><\/li><\/ul><\/nav>\n\n<div class=\"container lw lw--mw-txt-left bw\"><div class=\"container__inner bw\">\n\n<p>Vuonna 1978 Botekin perustaja Bo St\u00e5lhandske asensi ensimm\u00e4isen vaa\u2019an kuorma-autoon, ja siit\u00e4 l\u00e4htien yritys on kehitt\u00e4nyt mobiileja punnitusj\u00e4rjestelmi\u00e4. Nykyisin ty\u00f6llist\u00e4mme noin 40 henkil\u00f6\u00e4. Organisaatioomme kuuluu j\u00e4rjestelm\u00e4kehityksen, elektroniikkakomponenttien kehityksen sek\u00e4 elektroniikkatuotannon osastot. Palveluksessamme on asentajia, huoltoteknikoita ja tukiteknikoita, ja toimipisteemme sijaitsevat Ulricehamnissa ja Tukholmassa.<\/p>\n\n\n\n<p>Uskomme joustavuuteen ja pystymme kehitt\u00e4m\u00e4\u00e4n r\u00e4\u00e4t\u00e4l\u00f6ityj\u00e4 ratkaisuja lyhyill\u00e4 toimitusajoilla. Lis\u00e4ksi pid\u00e4mme kaikki varaosat omassa varastossamme, ja yleisimm\u00e4t varaosat ovat saatavilla koulutettujen huoltokorjaamoiden varastoissa.<\/p>\n\n\n\n<p>Kasvavilla kansainv\u00e4lisill\u00e4 markkinoilla toimimme yhteisty\u00f6ss\u00e4 paikallisten j\u00e4lleenmyyjien kanssa, jotka vastaavat myynnist\u00e4, asennuksesta, huollosta ja tuesta.<\/p>\n\n\n\n<p>Meill\u00e4 on kaksi tyt\u00e4ryhti\u00f6t\u00e4: Unisystem AB, joka kehitt\u00e4\u00e4 merik\u00e4ytt\u00f6\u00f6n tarkoitettuja vaakoja kalastusteollisuudelle, sek\u00e4 Elgab AB, joka kehitt\u00e4\u00e4 RFID-teknologiaa.<\/p>\n\n\n\n<p>Vuonna 2015 rakensimme uuden tehtaan ja p\u00e4\u00e4konttorin Ulricehamniin.<\/p>\n\n\n\n<p>Tammikuusta 2023 l\u00e4htien olemme olleet osa Beijer Tech AB:t\u00e4.<\/p>\n\n\n\n<p>Tervetuloa k\u00e4ym\u00e4\u00e4n meill\u00e4!<\/p>\n\n\n\n<figure class=\"wp-block-image size-full mc mc--l lw lw--mw-txt\"><img loading=\"lazy\" decoding=\"async\" width=\"350\" height=\"392\" src=\"https:\/\/www.botek.se\/wp-content\/uploads\/2023\/05\/oldtimes3-350x392-1.jpg\" alt=\"\" class=\"wp-image-1485\" srcset=\"https:\/\/www.botek.se\/wp-content\/uploads\/2023\/05\/oldtimes3-350x392-1.jpg 350w, https:\/\/www.botek.se\/wp-content\/uploads\/2023\/05\/oldtimes3-350x392-1-268x300.jpg 268w\" sizes=\"auto, (max-width: 350px) 100vw, 350px\" \/><\/figure>\n\n\n\n<h3 class=\"wp-block-heading\">J\u00e4rjestelm\u00e4mme<\/h3>\n\n\n\n<p>Kehitt\u00e4m\u00e4mme ja valmistamamme j\u00e4rjestelm\u00e4t sis\u00e4lt\u00e4v\u00e4t digitaaliset ajolistat, j\u00e4teastioiden RFID-tunnistuksen sek\u00e4 laitteiston j\u00e4tteen automaattista punnitusta varten. Jokaisesta tyhjennyksest\u00e4 tallennetaan tiedot, mahdolliset poikkeamat ja GPS-sijainti, jotka v\u00e4littyv\u00e4t toimistolle reaaliajassa.<\/p>\n\n\n\n<p>RFID-j\u00e4rjestelm\u00e4t on kehitetty parantamaan tehokkuutta muun muassa v\u00e4hent\u00e4m\u00e4ll\u00e4 v\u00e4liin j\u00e4\u00e4vi\u00e4 j\u00e4teastioita, est\u00e4m\u00e4ll\u00e4 tyhjennykset asiakkaille, jotka eiv\u00e4t ole maksaneet, sek\u00e4 varmistamalla suoritetut palvelut.<\/p>\n\n\n\n<p>Vaakaj\u00e4rjestelm\u00e4t seuraavat j\u00e4teastioiden ja konttien t\u00e4ytt\u00f6astetta sek\u00e4 tuottavat luotettavaa tietoa painosta jatkolaskutusta varten. T\u00e4m\u00e4 puolestaan kannustaa lajittelemaan kierr\u00e4tysmateriaalit huolellisemmin ja v\u00e4hent\u00e4m\u00e4\u00e4n j\u00e4tekustannuksia.<\/p>\n\n\n\n<p>Botekin ratkaisut auttavat j\u00e4tehuoltoyrityksi\u00e4 varmistamaan laadukkaan ker\u00e4ysprosessin, mik\u00e4 tehostaa toimintaa ja mahdollistaa oikeudenmukaisen j\u00e4temaksun.<\/p>\n\n\n\n<figure class=\"wp-block-image size-large lw lw--mw-txt\"><img loading=\"lazy\" decoding=\"async\" width=\"1024\" height=\"683\" src=\"https:\/\/www.botek.se\/wp-content\/uploads\/2023\/05\/S7A0282-1024x683.jpg\" alt=\"\" class=\"wp-image-1835\" srcset=\"https:\/\/www.botek.se\/wp-content\/uploads\/2023\/05\/S7A0282-1024x683.jpg 1024w, https:\/\/www.botek.se\/wp-content\/uploads\/2023\/05\/S7A0282-300x200.jpg 300w, https:\/\/www.botek.se\/wp-content\/uploads\/2023\/05\/S7A0282-768x512.jpg 768w, https:\/\/www.botek.se\/wp-content\/uploads\/2023\/05\/S7A0282-1536x1024.jpg 1536w, https:\/\/www.botek.se\/wp-content\/uploads\/2023\/05\/S7A0282.jpg 2048w\" sizes=\"auto, (max-width: 1024px) 100vw, 1024px\" \/><\/figure>\n\n\n\n<h3 class=\"wp-block-heading\">Joustavuus ja laatu<\/h3>\n\n\n\n<p>Koska kehit\u00e4mme ja valmistamme sek\u00e4 laitteisto- ett\u00e4 ohjelmistoratkaisut itse, voimme tarjota ratkaisuja, jotka r\u00e4\u00e4t\u00e4l\u00f6id\u00e4\u00e4n asiakkaiden yksil\u00f6llisten tarpeiden mukaisesti. Uskomme joustavuuteen ja pystymme kehitt\u00e4m\u00e4\u00e4n r\u00e4\u00e4t\u00e4l\u00f6ityj\u00e4 ratkaisuja lyhyill\u00e4 toimitusajoilla.<\/p>\n\n\n\n<p>Joustavuuteen kuuluu my\u00f6s erilaiset integraatiot ja yhteisty\u00f6muodot. Vuosien varrella olemme integroineet laitteistomme lukuisiin erilaisiin logistiikka- ja reittiohjelmistoihin. Menestyksek\u00e4s yhteisty\u00f6 eri ohjelmistoyritysten kanssa on meille suuri voimavara.<\/p>\n\n\n\n<p>Laatu ja kest\u00e4vyys ovat my\u00f6s toimintamme keski\u00f6ss\u00e4. Tuotteemme on kehitetty ja testattu perusteellisesti pitk\u00e4n ajan kuluessa. L\u00e4hestymme t\u00e4t\u00e4 kolmesta n\u00e4k\u00f6kulmasta: valitsemme ja kehit\u00e4mme parhaat komponentit, asennamme j\u00e4rjestelm\u00e4t siten, ett\u00e4 ne ovat suojattuja ja kest\u00e4v\u00e4t k\u00e4ytt\u00f6\u00e4, sek\u00e4 valvomme j\u00e4rjestelmien toimintaa reaaliajassa ja ilmoitamme mahdollisista vioista, jotta korjaaviin toimenpiteisiin voidaan ryhty\u00e4 nopeasti.<\/p>\n\n<\/div><\/div>","protected":false},"excerpt":{"rendered":"<p>Ensimm\u00e4inen vaaka asennettiin vuonna 1978<\/p>\n<p>Kehit\u00e4mme, valmistamme ja myymme ajoneuvoihin asennettavia vaakoja sek\u00e4 RFID-pohjaisia tyhjennysten rekister\u00f6intij\u00e4rjestelmi\u00e4 ja niihin liittyvi\u00e4 ohjelmistoja, joita [..]<\/p>\n","protected":false},"author":1,"featured_media":0,"parent":0,"menu_order":0,"comment_status":"closed","ping_status":"closed","template":"","meta":{"_acf_changed":false,"footnotes":""},"class_list":["post-4916","page","type-page","status-publish","hentry"],"acf":[],"yoast_head":"<!-- This site is optimized with the Yoast SEO plugin v27.3 - https:\/\/yoast.com\/product\/yoast-seo-wordpress\/ -->\n<title>Tietoa meist\u00e4 - Botek<\/title>\n<meta name=\"robots\" content=\"index, follow, max-snippet:-1, max-image-preview:large, max-video-preview:-1\" \/>\n<link rel=\"canonical\" href=\"https:\/\/www.botek.se\/fi\/tietoa-meista\/\" \/>\n<meta property=\"og:locale\" content=\"fi_FI\" \/>\n<meta property=\"og:type\" content=\"article\" \/>\n<meta property=\"og:title\" content=\"Tietoa meist\u00e4 - Botek\" \/>\n<meta property=\"og:description\" content=\"Ensimm\u00e4inen vaaka asennettiin vuonna 1978  Kehit\u00e4mme, valmistamme ja myymme ajoneuvoihin asennettavia vaakoja sek\u00e4 RFID-pohjaisia tyhjennysten rekister\u00f6intij\u00e4rjestelmi\u00e4 ja niihin liittyvi\u00e4 ohjelmistoja, joita [..]\" \/>\n<meta property=\"og:url\" content=\"https:\/\/www.botek.se\/fi\/tietoa-meista\/\" \/>\n<meta property=\"og:site_name\" content=\"Botek\" \/>\n<meta property=\"article:publisher\" content=\"https:\/\/www.facebook.com\/BotekSystems\/\" \/>\n<meta property=\"article:modified_time\" content=\"2026-03-19T12:19:02+00:00\" \/>\n<meta property=\"og:image\" content=\"https:\/\/www.botek.se\/wp-content\/uploads\/2023\/05\/oldtimes3-350x392-1.jpg\" \/>\n\t<meta property=\"og:image:width\" content=\"350\" \/>\n\t<meta property=\"og:image:height\" content=\"392\" \/>\n\t<meta property=\"og:image:type\" content=\"image\/jpeg\" \/>\n<meta name=\"twitter:card\" content=\"summary_large_image\" \/>\n<meta name=\"twitter:label1\" content=\"Arvioitu lukuaika\" \/>\n\t<meta name=\"twitter:data1\" content=\"3 minuuttia\" \/>\n<script type=\"application\/ld+json\" class=\"yoast-schema-graph\">{\"@context\":\"https:\\\/\\\/schema.org\",\"@graph\":[{\"@type\":\"WebPage\",\"@id\":\"https:\\\/\\\/www.botek.se\\\/fi\\\/tietoa-meista\\\/\",\"url\":\"https:\\\/\\\/www.botek.se\\\/fi\\\/tietoa-meista\\\/\",\"name\":\"Tietoa meist\u00e4 - Botek\",\"isPartOf\":{\"@id\":\"https:\\\/\\\/www.botek.se\\\/#website\"},\"primaryImageOfPage\":{\"@id\":\"https:\\\/\\\/www.botek.se\\\/fi\\\/tietoa-meista\\\/#primaryimage\"},\"image\":{\"@id\":\"https:\\\/\\\/www.botek.se\\\/fi\\\/tietoa-meista\\\/#primaryimage\"},\"thumbnailUrl\":\"https:\\\/\\\/www.botek.se\\\/wp-content\\\/uploads\\\/2023\\\/05\\\/oldtimes3-350x392-1.jpg\",\"datePublished\":\"2023-05-09T13:49:34+00:00\",\"dateModified\":\"2026-03-19T12:19:02+00:00\",\"breadcrumb\":{\"@id\":\"https:\\\/\\\/www.botek.se\\\/fi\\\/tietoa-meista\\\/#breadcrumb\"},\"inLanguage\":\"fi\",\"potentialAction\":[{\"@type\":\"ReadAction\",\"target\":[\"https:\\\/\\\/www.botek.se\\\/fi\\\/tietoa-meista\\\/\"]}]},{\"@type\":\"ImageObject\",\"inLanguage\":\"fi\",\"@id\":\"https:\\\/\\\/www.botek.se\\\/fi\\\/tietoa-meista\\\/#primaryimage\",\"url\":\"https:\\\/\\\/www.botek.se\\\/wp-content\\\/uploads\\\/2023\\\/05\\\/oldtimes3-350x392-1.jpg\",\"contentUrl\":\"https:\\\/\\\/www.botek.se\\\/wp-content\\\/uploads\\\/2023\\\/05\\\/oldtimes3-350x392-1.jpg\"},{\"@type\":\"BreadcrumbList\",\"@id\":\"https:\\\/\\\/www.botek.se\\\/fi\\\/tietoa-meista\\\/#breadcrumb\",\"itemListElement\":[{\"@type\":\"ListItem\",\"position\":1,\"name\":\"Etusivu\",\"item\":\"https:\\\/\\\/www.botek.se\\\/fi\\\/\"},{\"@type\":\"ListItem\",\"position\":2,\"name\":\"Tietoa meist\u00e4\"}]},{\"@type\":\"WebSite\",\"@id\":\"https:\\\/\\\/www.botek.se\\\/#website\",\"url\":\"https:\\\/\\\/www.botek.se\\\/\",\"name\":\"Botek\",\"description\":\"\",\"publisher\":{\"@id\":\"https:\\\/\\\/www.botek.se\\\/#organization\"},\"potentialAction\":[{\"@type\":\"SearchAction\",\"target\":{\"@type\":\"EntryPoint\",\"urlTemplate\":\"https:\\\/\\\/www.botek.se\\\/?s={search_term_string}\"},\"query-input\":{\"@type\":\"PropertyValueSpecification\",\"valueRequired\":true,\"valueName\":\"search_term_string\"}}],\"inLanguage\":\"fi\"},{\"@type\":\"Organization\",\"@id\":\"https:\\\/\\\/www.botek.se\\\/#organization\",\"name\":\"Botek\",\"url\":\"https:\\\/\\\/www.botek.se\\\/\",\"logo\":{\"@type\":\"ImageObject\",\"inLanguage\":\"fi\",\"@id\":\"https:\\\/\\\/www.botek.se\\\/#\\\/schema\\\/logo\\\/image\\\/\",\"url\":\"https:\\\/\\\/www.botek.se\\\/wp-content\\\/uploads\\\/2023\\\/05\\\/logo.png\",\"contentUrl\":\"https:\\\/\\\/www.botek.se\\\/wp-content\\\/uploads\\\/2023\\\/05\\\/logo.png\",\"width\":594,\"height\":140,\"caption\":\"Botek\"},\"image\":{\"@id\":\"https:\\\/\\\/www.botek.se\\\/#\\\/schema\\\/logo\\\/image\\\/\"},\"sameAs\":[\"https:\\\/\\\/www.facebook.com\\\/BotekSystems\\\/\",\"https:\\\/\\\/www.linkedin.com\\\/company\\\/botek-systems-ab\\\/\",\"https:\\\/\\\/www.instagram.com\\\/boteksystemsab\\\/\"]}]}<\/script>\n<!-- \/ Yoast SEO plugin. -->","yoast_head_json":{"title":"Tietoa meist\u00e4 - Botek","robots":{"index":"index","follow":"follow","max-snippet":"max-snippet:-1","max-image-preview":"max-image-preview:large","max-video-preview":"max-video-preview:-1"},"canonical":"https:\/\/www.botek.se\/fi\/tietoa-meista\/","og_locale":"fi_FI","og_type":"article","og_title":"Tietoa meist\u00e4 - Botek","og_description":"Ensimm\u00e4inen vaaka asennettiin vuonna 1978  Kehit\u00e4mme, valmistamme ja myymme ajoneuvoihin asennettavia vaakoja sek\u00e4 RFID-pohjaisia tyhjennysten rekister\u00f6intij\u00e4rjestelmi\u00e4 ja niihin liittyvi\u00e4 ohjelmistoja, joita [..]","og_url":"https:\/\/www.botek.se\/fi\/tietoa-meista\/","og_site_name":"Botek","article_publisher":"https:\/\/www.facebook.com\/BotekSystems\/","article_modified_time":"2026-03-19T12:19:02+00:00","og_image":[{"width":350,"height":392,"url":"https:\/\/www.botek.se\/wp-content\/uploads\/2023\/05\/oldtimes3-350x392-1.jpg","type":"image\/jpeg"}],"twitter_card":"summary_large_image","twitter_misc":{"Arvioitu lukuaika":"3 minuuttia"},"schema":{"@context":"https:\/\/schema.org","@graph":[{"@type":"WebPage","@id":"https:\/\/www.botek.se\/fi\/tietoa-meista\/","url":"https:\/\/www.botek.se\/fi\/tietoa-meista\/","name":"Tietoa meist\u00e4 - Botek","isPartOf":{"@id":"https:\/\/www.botek.se\/#website"},"primaryImageOfPage":{"@id":"https:\/\/www.botek.se\/fi\/tietoa-meista\/#primaryimage"},"image":{"@id":"https:\/\/www.botek.se\/fi\/tietoa-meista\/#primaryimage"},"thumbnailUrl":"https:\/\/www.botek.se\/wp-content\/uploads\/2023\/05\/oldtimes3-350x392-1.jpg","datePublished":"2023-05-09T13:49:34+00:00","dateModified":"2026-03-19T12:19:02+00:00","breadcrumb":{"@id":"https:\/\/www.botek.se\/fi\/tietoa-meista\/#breadcrumb"},"inLanguage":"fi","potentialAction":[{"@type":"ReadAction","target":["https:\/\/www.botek.se\/fi\/tietoa-meista\/"]}]},{"@type":"ImageObject","inLanguage":"fi","@id":"https:\/\/www.botek.se\/fi\/tietoa-meista\/#primaryimage","url":"https:\/\/www.botek.se\/wp-content\/uploads\/2023\/05\/oldtimes3-350x392-1.jpg","contentUrl":"https:\/\/www.botek.se\/wp-content\/uploads\/2023\/05\/oldtimes3-350x392-1.jpg"},{"@type":"BreadcrumbList","@id":"https:\/\/www.botek.se\/fi\/tietoa-meista\/#breadcrumb","itemListElement":[{"@type":"ListItem","position":1,"name":"Etusivu","item":"https:\/\/www.botek.se\/fi\/"},{"@type":"ListItem","position":2,"name":"Tietoa meist\u00e4"}]},{"@type":"WebSite","@id":"https:\/\/www.botek.se\/#website","url":"https:\/\/www.botek.se\/","name":"Botek","description":"","publisher":{"@id":"https:\/\/www.botek.se\/#organization"},"potentialAction":[{"@type":"SearchAction","target":{"@type":"EntryPoint","urlTemplate":"https:\/\/www.botek.se\/?s={search_term_string}"},"query-input":{"@type":"PropertyValueSpecification","valueRequired":true,"valueName":"search_term_string"}}],"inLanguage":"fi"},{"@type":"Organization","@id":"https:\/\/www.botek.se\/#organization","name":"Botek","url":"https:\/\/www.botek.se\/","logo":{"@type":"ImageObject","inLanguage":"fi","@id":"https:\/\/www.botek.se\/#\/schema\/logo\/image\/","url":"https:\/\/www.botek.se\/wp-content\/uploads\/2023\/05\/logo.png","contentUrl":"https:\/\/www.botek.se\/wp-content\/uploads\/2023\/05\/logo.png","width":594,"height":140,"caption":"Botek"},"image":{"@id":"https:\/\/www.botek.se\/#\/schema\/logo\/image\/"},"sameAs":["https:\/\/www.facebook.com\/BotekSystems\/","https:\/\/www.linkedin.com\/company\/botek-systems-ab\/","https:\/\/www.instagram.com\/boteksystemsab\/"]}]}},"_links":{"self":[{"href":"https:\/\/www.botek.se\/fi\/wp-json\/wp\/v2\/pages\/4916","targetHints":{"allow":["GET"]}}],"collection":[{"href":"https:\/\/www.botek.se\/fi\/wp-json\/wp\/v2\/pages"}],"about":[{"href":"https:\/\/www.botek.se\/fi\/wp-json\/wp\/v2\/types\/page"}],"author":[{"embeddable":true,"href":"https:\/\/www.botek.se\/fi\/wp-json\/wp\/v2\/users\/1"}],"replies":[{"embeddable":true,"href":"https:\/\/www.botek.se\/fi\/wp-json\/wp\/v2\/comments?post=4916"}],"version-history":[{"count":2,"href":"https:\/\/www.botek.se\/fi\/wp-json\/wp\/v2\/pages\/4916\/revisions"}],"predecessor-version":[{"id":5070,"href":"https:\/\/www.botek.se\/fi\/wp-json\/wp\/v2\/pages\/4916\/revisions\/5070"}],"wp:attachment":[{"href":"https:\/\/www.botek.se\/fi\/wp-json\/wp\/v2\/media?parent=4916"}],"curies":[{"name":"wp","href":"https:\/\/api.w.org\/{rel}","templated":true}]}}