{"id":4825,"date":"2023-05-10T13:03:00","date_gmt":"2023-05-10T11:03:00","guid":{"rendered":"https:\/\/www.botek.se\/?page_id=4825"},"modified":"2026-03-18T14:46:07","modified_gmt":"2026-03-18T13:46:07","slug":"ymparistoperusteinen-jatemaksu","status":"publish","type":"page","link":"https:\/\/www.botek.se\/fi\/osaaminen\/ymparistoperusteinen-jatemaksu\/","title":{"rendered":"Ymp\u00e4rist\u00f6perusteinen j\u00e4temaksu"},"content":{"rendered":"<div class=\"hero lw lw--fw hero--image\"><div class=\"hero__container\"><div class=\"image ofi-holder\"> <img loading=\"lazy\" decoding=\"async\" width=\"2048\" height=\"1365\" src=\"https:\/\/www.botek.se\/wp-content\/uploads\/2023\/07\/S7A9669-ret-1.jpg\" class=\"attachment-full size-full\" alt=\"\" sizes=\"auto, (max-width: 500px) 112.52747252747vw, 100vw\" srcset=\"https:\/\/www.botek.se\/wp-content\/uploads\/2023\/07\/S7A9669-ret-1.jpg 2048w, https:\/\/www.botek.se\/wp-content\/uploads\/2023\/07\/S7A9669-ret-1-300x200.jpg 300w, https:\/\/www.botek.se\/wp-content\/uploads\/2023\/07\/S7A9669-ret-1-1024x683.jpg 1024w, https:\/\/www.botek.se\/wp-content\/uploads\/2023\/07\/S7A9669-ret-1-768x512.jpg 768w, https:\/\/www.botek.se\/wp-content\/uploads\/2023\/07\/S7A9669-ret-1-1536x1024.jpg 1536w\" \/> <\/div><\/div><\/div><nav class=\"breadcrumbs bw--lw\"><ul class=\"crumbs lw lw--mw-cntnt-pd\"><li><a href=\"https:\/\/www.botek.se\/fi\/\">Home<\/a><\/li><\/ul><\/nav>\n\n<div class=\"container lw lw--mw-txt-left bw\"><div class=\"container__inner bw\">\n<div class=\"page-intro lw lw--mw-cntnt-pd\"> <div class=\"page-intro__inner\"> <h1>Ymp\u00e4rist\u00f6perusteinen j\u00e4temaksu<\/h1><div class=\"preamble\"><p>Painoperusteinen j\u00e4temaksu antaa asiakkaalle mahdollisuuden vaikuttaa omiin j\u00e4tehuoltokustannuksiinsa: mit\u00e4 v\u00e4hemm\u00e4n j\u00e4tett\u00e4 tuottaa, sit\u00e4 v\u00e4hemm\u00e4n siit\u00e4 tarvitsee maksaa. T\u00e4m\u00e4 kannustaa lis\u00e4\u00e4m\u00e4\u00e4n materiaalien kierr\u00e4tyst\u00e4 ja toimimaan siten j\u00e4tehierarkian ensisijaisuusperusteen mukaisesti. Hy\u00f6ty ei rajoitu pelk\u00e4st\u00e4\u00e4n ymp\u00e4rist\u00f6\u00f6n, vaan my\u00f6s kunnalle aiheutuvat k\u00e4sittelykustannukset pienenev\u00e4t. Tutkimuksen mukaan yli 30 Ruotsin kunnassa, joissa on otettu k\u00e4ytt\u00f6\u00f6n painoperusteinen j\u00e4temaksu, lajittelemattoman j\u00e4tteen m\u00e4\u00e4r\u00e4 on v\u00e4hentynyt keskim\u00e4\u00e4rin 30 %.<\/p><\/div> <\/div> <\/div>\n\n<div class=\"call-to-action-row lw lw--mw-cntnt-pd\"><a href=\"https:\/\/www.botek.se\/wp-content\/uploads\/2024\/04\/Infografik_miljostyrande_taxa_sve.pdf\" class=\"button button--primary\">Lataa materiaali<\/a><\/div>\n<\/div><\/div>\n\n\n<figure class=\"wp-block-image size-large lw lw--mw-cntnt-pd\"><img loading=\"lazy\" decoding=\"async\" width=\"869\" height=\"1024\" src=\"https:\/\/www.botek.se\/wp-content\/uploads\/2023\/05\/miljostyrande-taxa-869x1024.jpg\" alt=\"\" class=\"wp-image-1703\" srcset=\"https:\/\/www.botek.se\/wp-content\/uploads\/2023\/05\/miljostyrande-taxa-869x1024.jpg 869w, https:\/\/www.botek.se\/wp-content\/uploads\/2023\/05\/miljostyrande-taxa-254x300.jpg 254w, https:\/\/www.botek.se\/wp-content\/uploads\/2023\/05\/miljostyrande-taxa-768x905.jpg 768w, https:\/\/www.botek.se\/wp-content\/uploads\/2023\/05\/miljostyrande-taxa-1303x1536.jpg 1303w, https:\/\/www.botek.se\/wp-content\/uploads\/2023\/05\/miljostyrande-taxa-1737x2048.jpg 1737w, https:\/\/www.botek.se\/wp-content\/uploads\/2023\/05\/miljostyrande-taxa.jpg 1800w\" sizes=\"auto, (max-width: 869px) 100vw, 869px\" \/><\/figure>\n\n\n<div class=\"container lw lw--mw-txt-left bw\"><div class=\"container__inner bw\">\n\n<p>Kun k\u00e4yt\u00f6ss\u00e4 on tyhjennysten rekister\u00f6inti ja j\u00e4tteen punnitus, siirtyminen tilavuusperusteisesta j\u00e4temaksusta ymp\u00e4rist\u00f6perusteiseen j\u00e4temaksuun, jossa laskutus perustuu rekister\u00f6ityyn painoon, on helppoa.<\/p>\n\n\n\n<p>Yli 30 kuntaa Ruotsissa k\u00e4ytt\u00e4\u00e4 painopohjaista j\u00e4temaksua sekaj\u00e4tteelle sek\u00e4 joissakin tapauksissa my\u00f6s bioj\u00e4tteelle. On tavallista, ett\u00e4 kunnissa, joissa ei ole yleist\u00e4 painoperusteista j\u00e4temaksua, suurempien j\u00e4teastioiden \u2013 kuten konttien ja maanalaisien s\u00e4ili\u00f6iden \u2013 tyhjennys laskutetaan silti painon perusteella.<\/p>\n\n\n\n<p>Painoperusteinen j\u00e4temaksu toimii taloudellisena ohjauskeinona ja antaa asiakkaalle mahdollisuuden vaikuttaa j\u00e4tehuollon kustannuksiinsa. Loppuk\u00e4ytt\u00e4j\u00e4 maksaa sen mukaan, kuinka paljon h\u00e4n kuluttaa ja kuormittaa j\u00e4tteiden ker\u00e4ys- ja k\u00e4sittelyj\u00e4rjestelm\u00e4\u00e4. Mit\u00e4 enemm\u00e4n j\u00e4tett\u00e4 syntyy, sit\u00e4 enemm\u00e4n siit\u00e4 maksetaan, mik\u00e4 kannustaa kierr\u00e4tt\u00e4m\u00e4\u00e4n enemm\u00e4n ja toimimaan siten j\u00e4tehierarkian ensisijaisuusperusteen mukaisesti.<\/p>\n\n\n\n<p>Kunnat, jotka ovat ottaneet painoperusteisen j\u00e4temaksun k\u00e4ytt\u00f6\u00f6n, ovat tehneet niin eri syist\u00e4. Toistuvia syit\u00e4 ovat sekaj\u00e4tteen ja bioj\u00e4tteen m\u00e4\u00e4r\u00e4n v\u00e4hent\u00e4minen, pakkausten, sanomalehtien ja bioj\u00e4tteen lajittelun lis\u00e4\u00e4minen sek\u00e4 oikeudenmukaisemman laskutusj\u00e4rjestelm\u00e4n ja paremman tilastoseurannan mahdollistaminen. Kotitalousj\u00e4tteen m\u00e4\u00e4r\u00e4n v\u00e4heneminen j\u00e4tteenpoltossa pienent\u00e4\u00e4 kunnalle aiheutuvia k\u00e4sittelymaksuja, mik\u00e4 puolestaan voi mahdollistaa j\u00e4temaksujen alentamisen kotitalouksille.<\/p>\n\n\n\n<figure class=\"wp-block-image size-large lw lw--mw-txt\"><img loading=\"lazy\" decoding=\"async\" width=\"1024\" height=\"683\" src=\"https:\/\/www.botek.se\/wp-content\/uploads\/2023\/05\/S7A9617-1024x683.jpg\" alt=\"\" class=\"wp-image-1872\" srcset=\"https:\/\/www.botek.se\/wp-content\/uploads\/2023\/05\/S7A9617-1024x683.jpg 1024w, https:\/\/www.botek.se\/wp-content\/uploads\/2023\/05\/S7A9617-300x200.jpg 300w, https:\/\/www.botek.se\/wp-content\/uploads\/2023\/05\/S7A9617-768x512.jpg 768w, https:\/\/www.botek.se\/wp-content\/uploads\/2023\/05\/S7A9617-1536x1024.jpg 1536w, https:\/\/www.botek.se\/wp-content\/uploads\/2023\/05\/S7A9617.jpg 2048w\" sizes=\"auto, (max-width: 1024px) 100vw, 1024px\" \/><\/figure>\n\n\n\n<p>Sek\u00e4 Ruotsissa ett\u00e4 kansainv\u00e4lisesti tehdyt tutkimukset osoittavat, ett\u00e4 kotitalouksista ker\u00e4tyn lajittelemattoman j\u00e4tteen m\u00e4\u00e4r\u00e4 v\u00e4henee merkitt\u00e4v\u00e4sti painoperusteisen j\u00e4temaksun my\u00f6t\u00e4. Tukholman yliopiston tekem\u00e4n tutkimuksen mukaan kunnissa, joissa on k\u00e4yt\u00f6ss\u00e4 painoperusteinen j\u00e4temaksu, syntyy keskim\u00e4\u00e4rin 30 % v\u00e4hemm\u00e4n lajittelematonta j\u00e4tett\u00e4 kuin muissa Ruotsin kunnissa.<\/p>\n\n\n\n<p>K\u00e4ytt\u00f6\u00f6noton j\u00e4lkeen j\u00e4tem\u00e4\u00e4r\u00e4 kasvaa vain samaa tahtia kuin talouskasvun mukanaan tuoma yleinen kasvu. T\u00e4m\u00e4 tarkoittaa, ett\u00e4 j\u00e4tem\u00e4\u00e4r\u00e4n v\u00e4heneminen on pysyv\u00e4\u00e4.<\/p>\n\n\n\n<p>Kun j\u00e4tteen v\u00e4hent\u00e4miseen liittyy taloudellinen kannustin ja lajittelemattoman j\u00e4tteen m\u00e4\u00e4r\u00e4 v\u00e4henee, IVL Svenska Milj\u00f6institutet -instituutin tutkimus osoittaa, ett\u00e4 v\u00e4heneminen johtuu p\u00e4\u00e4asiassa bioj\u00e4tteen ja pakkausten lis\u00e4\u00e4ntyneest\u00e4 lajittelusta. Tutkimus osoittaa my\u00f6s, ett\u00e4 roskaantumisen lis\u00e4\u00e4ntyminen on hyvin v\u00e4h\u00e4ist\u00e4, vaikka sit\u00e4 on aiemmin pidetty yhten\u00e4 painoperusteiseen j\u00e4temaksuun liittyvist\u00e4 ep\u00e4varmuustekij\u00f6ist\u00e4.<\/p>\n\n\n\n<p>J\u00e4temaksuj\u00e4rjestelm\u00e4n rakenne voi vaihdella. Joissakin kunnissa bioj\u00e4tteest\u00e4 perit\u00e4\u00e4n painoon perustuva muuttuva maksu, joka on toisinaan yht\u00e4 suuri kuin sekaj\u00e4tteell\u00e4, kun taas toiset kunnat eiv\u00e4t peri bioj\u00e4tteest\u00e4 lainkaan painoperusteista maksua. Sekaj\u00e4tteelle on tavallista, ett\u00e4 maksu koostuu kiinte\u00e4st\u00e4 osasta, joka m\u00e4\u00e4r\u00e4ytyy j\u00e4teastian koon mukaan, sek\u00e4 muuttuvasta osasta, joka perustuu painoon. Niiss\u00e4 noin 30 kunnassa, joissa painoperusteinen j\u00e4temaksu on k\u00e4yt\u00f6ss\u00e4, kilohinta vaihtelee noin 2 kruunusta 6 kruunuun.<\/p>\n\n\n\n<p>Lis\u00e4tietoa ja l\u00e4hteit\u00e4 tyhjennysten rekister\u00f6innist\u00e4 ja j\u00e4tteen punnituksesta:<\/p>\n\n\n\n<p># Fr\u00e5ne Anna, Stare Malin, (2014, raport B2147) Milj\u00f6styrande taxa? En guide till viktbaserad avfallstaxa inf\u00f6r beslut, vid inf\u00f6rande och drift. IVL Ruotsin ymp\u00e4rist\u00f6instituutti<\/p>\n\n<\/div><\/div>","protected":false},"excerpt":{"rendered":"<p>Kun k\u00e4yt\u00f6ss\u00e4 on tyhjennysten rekister\u00f6inti ja j\u00e4tteen punnitus, siirtyminen tilavuusperusteisesta j\u00e4temaksusta ymp\u00e4rist\u00f6perusteiseen j\u00e4temaksuun, jossa laskutus perustuu rekister\u00f6ityyn painoon, on helppoa.<\/p>\n<p>Yli [..]<\/p>\n","protected":false},"author":1,"featured_media":4828,"parent":4817,"menu_order":0,"comment_status":"closed","ping_status":"closed","template":"","meta":{"_acf_changed":false,"footnotes":""},"class_list":["post-4825","page","type-page","status-publish","has-post-thumbnail","hentry"],"acf":[],"yoast_head":"<!-- This site is optimized with the Yoast SEO plugin v27.3 - https:\/\/yoast.com\/product\/yoast-seo-wordpress\/ -->\n<title>Ymp\u00e4rist\u00f6perusteinen j\u00e4temaksu - Botek<\/title>\n<meta name=\"robots\" content=\"index, follow, max-snippet:-1, max-image-preview:large, max-video-preview:-1\" \/>\n<link rel=\"canonical\" href=\"https:\/\/www.botek.se\/fi\/osaaminen\/ymparistoperusteinen-jatemaksu\/\" \/>\n<meta property=\"og:locale\" content=\"fi_FI\" \/>\n<meta property=\"og:type\" content=\"article\" \/>\n<meta property=\"og:title\" content=\"Ymp\u00e4rist\u00f6perusteinen j\u00e4temaksu - Botek\" \/>\n<meta property=\"og:description\" content=\"Kun k\u00e4yt\u00f6ss\u00e4 on tyhjennysten rekister\u00f6inti ja j\u00e4tteen punnitus, siirtyminen tilavuusperusteisesta j\u00e4temaksusta ymp\u00e4rist\u00f6perusteiseen j\u00e4temaksuun, jossa laskutus perustuu rekister\u00f6ityyn painoon, on helppoa.  Yli [..]\" \/>\n<meta property=\"og:url\" content=\"https:\/\/www.botek.se\/fi\/osaaminen\/ymparistoperusteinen-jatemaksu\/\" \/>\n<meta property=\"og:site_name\" content=\"Botek\" \/>\n<meta property=\"article:publisher\" content=\"https:\/\/www.facebook.com\/BotekSystems\/\" \/>\n<meta property=\"article:modified_time\" content=\"2026-03-18T13:46:07+00:00\" \/>\n<meta property=\"og:image\" content=\"https:\/\/www.botek.se\/wp-content\/uploads\/2023\/05\/S7A9669.jpg\" \/>\n\t<meta property=\"og:image:width\" content=\"2048\" \/>\n\t<meta property=\"og:image:height\" content=\"1365\" \/>\n\t<meta property=\"og:image:type\" content=\"image\/jpeg\" \/>\n<meta name=\"twitter:card\" content=\"summary_large_image\" \/>\n<meta name=\"twitter:label1\" content=\"Arvioitu lukuaika\" \/>\n\t<meta name=\"twitter:data1\" content=\"3 minuuttia\" \/>\n<script type=\"application\/ld+json\" class=\"yoast-schema-graph\">{\"@context\":\"https:\\\/\\\/schema.org\",\"@graph\":[{\"@type\":\"WebPage\",\"@id\":\"https:\\\/\\\/www.botek.se\\\/fi\\\/osaaminen\\\/ymparistoperusteinen-jatemaksu\\\/\",\"url\":\"https:\\\/\\\/www.botek.se\\\/fi\\\/osaaminen\\\/ymparistoperusteinen-jatemaksu\\\/\",\"name\":\"Ymp\u00e4rist\u00f6perusteinen j\u00e4temaksu - Botek\",\"isPartOf\":{\"@id\":\"https:\\\/\\\/www.botek.se\\\/#website\"},\"primaryImageOfPage\":{\"@id\":\"https:\\\/\\\/www.botek.se\\\/fi\\\/osaaminen\\\/ymparistoperusteinen-jatemaksu\\\/#primaryimage\"},\"image\":{\"@id\":\"https:\\\/\\\/www.botek.se\\\/fi\\\/osaaminen\\\/ymparistoperusteinen-jatemaksu\\\/#primaryimage\"},\"thumbnailUrl\":\"https:\\\/\\\/www.botek.se\\\/wp-content\\\/uploads\\\/2023\\\/05\\\/S7A9669.jpg\",\"datePublished\":\"2023-05-10T11:03:00+00:00\",\"dateModified\":\"2026-03-18T13:46:07+00:00\",\"breadcrumb\":{\"@id\":\"https:\\\/\\\/www.botek.se\\\/fi\\\/osaaminen\\\/ymparistoperusteinen-jatemaksu\\\/#breadcrumb\"},\"inLanguage\":\"fi\",\"potentialAction\":[{\"@type\":\"ReadAction\",\"target\":[\"https:\\\/\\\/www.botek.se\\\/fi\\\/osaaminen\\\/ymparistoperusteinen-jatemaksu\\\/\"]}]},{\"@type\":\"ImageObject\",\"inLanguage\":\"fi\",\"@id\":\"https:\\\/\\\/www.botek.se\\\/fi\\\/osaaminen\\\/ymparistoperusteinen-jatemaksu\\\/#primaryimage\",\"url\":\"https:\\\/\\\/www.botek.se\\\/wp-content\\\/uploads\\\/2023\\\/05\\\/S7A9669.jpg\",\"contentUrl\":\"https:\\\/\\\/www.botek.se\\\/wp-content\\\/uploads\\\/2023\\\/05\\\/S7A9669.jpg\",\"width\":2048,\"height\":1365},{\"@type\":\"BreadcrumbList\",\"@id\":\"https:\\\/\\\/www.botek.se\\\/fi\\\/osaaminen\\\/ymparistoperusteinen-jatemaksu\\\/#breadcrumb\",\"itemListElement\":[{\"@type\":\"ListItem\",\"position\":1,\"name\":\"Etusivu\",\"item\":\"https:\\\/\\\/www.botek.se\\\/fi\\\/\"},{\"@type\":\"ListItem\",\"position\":2,\"name\":\"Osaaminen\",\"item\":\"https:\\\/\\\/www.botek.se\\\/fi\\\/osaaminen\\\/\"},{\"@type\":\"ListItem\",\"position\":3,\"name\":\"Ymp\u00e4rist\u00f6perusteinen j\u00e4temaksu\"}]},{\"@type\":\"WebSite\",\"@id\":\"https:\\\/\\\/www.botek.se\\\/#website\",\"url\":\"https:\\\/\\\/www.botek.se\\\/\",\"name\":\"Botek\",\"description\":\"\",\"publisher\":{\"@id\":\"https:\\\/\\\/www.botek.se\\\/#organization\"},\"potentialAction\":[{\"@type\":\"SearchAction\",\"target\":{\"@type\":\"EntryPoint\",\"urlTemplate\":\"https:\\\/\\\/www.botek.se\\\/?s={search_term_string}\"},\"query-input\":{\"@type\":\"PropertyValueSpecification\",\"valueRequired\":true,\"valueName\":\"search_term_string\"}}],\"inLanguage\":\"fi\"},{\"@type\":\"Organization\",\"@id\":\"https:\\\/\\\/www.botek.se\\\/#organization\",\"name\":\"Botek\",\"url\":\"https:\\\/\\\/www.botek.se\\\/\",\"logo\":{\"@type\":\"ImageObject\",\"inLanguage\":\"fi\",\"@id\":\"https:\\\/\\\/www.botek.se\\\/#\\\/schema\\\/logo\\\/image\\\/\",\"url\":\"https:\\\/\\\/www.botek.se\\\/wp-content\\\/uploads\\\/2023\\\/05\\\/logo.png\",\"contentUrl\":\"https:\\\/\\\/www.botek.se\\\/wp-content\\\/uploads\\\/2023\\\/05\\\/logo.png\",\"width\":594,\"height\":140,\"caption\":\"Botek\"},\"image\":{\"@id\":\"https:\\\/\\\/www.botek.se\\\/#\\\/schema\\\/logo\\\/image\\\/\"},\"sameAs\":[\"https:\\\/\\\/www.facebook.com\\\/BotekSystems\\\/\",\"https:\\\/\\\/www.linkedin.com\\\/company\\\/botek-systems-ab\\\/\",\"https:\\\/\\\/www.instagram.com\\\/boteksystemsab\\\/\"]}]}<\/script>\n<!-- \/ Yoast SEO plugin. -->","yoast_head_json":{"title":"Ymp\u00e4rist\u00f6perusteinen j\u00e4temaksu - Botek","robots":{"index":"index","follow":"follow","max-snippet":"max-snippet:-1","max-image-preview":"max-image-preview:large","max-video-preview":"max-video-preview:-1"},"canonical":"https:\/\/www.botek.se\/fi\/osaaminen\/ymparistoperusteinen-jatemaksu\/","og_locale":"fi_FI","og_type":"article","og_title":"Ymp\u00e4rist\u00f6perusteinen j\u00e4temaksu - Botek","og_description":"Kun k\u00e4yt\u00f6ss\u00e4 on tyhjennysten rekister\u00f6inti ja j\u00e4tteen punnitus, siirtyminen tilavuusperusteisesta j\u00e4temaksusta ymp\u00e4rist\u00f6perusteiseen j\u00e4temaksuun, jossa laskutus perustuu rekister\u00f6ityyn painoon, on helppoa.  Yli [..]","og_url":"https:\/\/www.botek.se\/fi\/osaaminen\/ymparistoperusteinen-jatemaksu\/","og_site_name":"Botek","article_publisher":"https:\/\/www.facebook.com\/BotekSystems\/","article_modified_time":"2026-03-18T13:46:07+00:00","og_image":[{"width":2048,"height":1365,"url":"https:\/\/www.botek.se\/wp-content\/uploads\/2023\/05\/S7A9669.jpg","type":"image\/jpeg"}],"twitter_card":"summary_large_image","twitter_misc":{"Arvioitu lukuaika":"3 minuuttia"},"schema":{"@context":"https:\/\/schema.org","@graph":[{"@type":"WebPage","@id":"https:\/\/www.botek.se\/fi\/osaaminen\/ymparistoperusteinen-jatemaksu\/","url":"https:\/\/www.botek.se\/fi\/osaaminen\/ymparistoperusteinen-jatemaksu\/","name":"Ymp\u00e4rist\u00f6perusteinen j\u00e4temaksu - Botek","isPartOf":{"@id":"https:\/\/www.botek.se\/#website"},"primaryImageOfPage":{"@id":"https:\/\/www.botek.se\/fi\/osaaminen\/ymparistoperusteinen-jatemaksu\/#primaryimage"},"image":{"@id":"https:\/\/www.botek.se\/fi\/osaaminen\/ymparistoperusteinen-jatemaksu\/#primaryimage"},"thumbnailUrl":"https:\/\/www.botek.se\/wp-content\/uploads\/2023\/05\/S7A9669.jpg","datePublished":"2023-05-10T11:03:00+00:00","dateModified":"2026-03-18T13:46:07+00:00","breadcrumb":{"@id":"https:\/\/www.botek.se\/fi\/osaaminen\/ymparistoperusteinen-jatemaksu\/#breadcrumb"},"inLanguage":"fi","potentialAction":[{"@type":"ReadAction","target":["https:\/\/www.botek.se\/fi\/osaaminen\/ymparistoperusteinen-jatemaksu\/"]}]},{"@type":"ImageObject","inLanguage":"fi","@id":"https:\/\/www.botek.se\/fi\/osaaminen\/ymparistoperusteinen-jatemaksu\/#primaryimage","url":"https:\/\/www.botek.se\/wp-content\/uploads\/2023\/05\/S7A9669.jpg","contentUrl":"https:\/\/www.botek.se\/wp-content\/uploads\/2023\/05\/S7A9669.jpg","width":2048,"height":1365},{"@type":"BreadcrumbList","@id":"https:\/\/www.botek.se\/fi\/osaaminen\/ymparistoperusteinen-jatemaksu\/#breadcrumb","itemListElement":[{"@type":"ListItem","position":1,"name":"Etusivu","item":"https:\/\/www.botek.se\/fi\/"},{"@type":"ListItem","position":2,"name":"Osaaminen","item":"https:\/\/www.botek.se\/fi\/osaaminen\/"},{"@type":"ListItem","position":3,"name":"Ymp\u00e4rist\u00f6perusteinen j\u00e4temaksu"}]},{"@type":"WebSite","@id":"https:\/\/www.botek.se\/#website","url":"https:\/\/www.botek.se\/","name":"Botek","description":"","publisher":{"@id":"https:\/\/www.botek.se\/#organization"},"potentialAction":[{"@type":"SearchAction","target":{"@type":"EntryPoint","urlTemplate":"https:\/\/www.botek.se\/?s={search_term_string}"},"query-input":{"@type":"PropertyValueSpecification","valueRequired":true,"valueName":"search_term_string"}}],"inLanguage":"fi"},{"@type":"Organization","@id":"https:\/\/www.botek.se\/#organization","name":"Botek","url":"https:\/\/www.botek.se\/","logo":{"@type":"ImageObject","inLanguage":"fi","@id":"https:\/\/www.botek.se\/#\/schema\/logo\/image\/","url":"https:\/\/www.botek.se\/wp-content\/uploads\/2023\/05\/logo.png","contentUrl":"https:\/\/www.botek.se\/wp-content\/uploads\/2023\/05\/logo.png","width":594,"height":140,"caption":"Botek"},"image":{"@id":"https:\/\/www.botek.se\/#\/schema\/logo\/image\/"},"sameAs":["https:\/\/www.facebook.com\/BotekSystems\/","https:\/\/www.linkedin.com\/company\/botek-systems-ab\/","https:\/\/www.instagram.com\/boteksystemsab\/"]}]}},"_links":{"self":[{"href":"https:\/\/www.botek.se\/fi\/wp-json\/wp\/v2\/pages\/4825","targetHints":{"allow":["GET"]}}],"collection":[{"href":"https:\/\/www.botek.se\/fi\/wp-json\/wp\/v2\/pages"}],"about":[{"href":"https:\/\/www.botek.se\/fi\/wp-json\/wp\/v2\/types\/page"}],"author":[{"embeddable":true,"href":"https:\/\/www.botek.se\/fi\/wp-json\/wp\/v2\/users\/1"}],"replies":[{"embeddable":true,"href":"https:\/\/www.botek.se\/fi\/wp-json\/wp\/v2\/comments?post=4825"}],"version-history":[{"count":1,"href":"https:\/\/www.botek.se\/fi\/wp-json\/wp\/v2\/pages\/4825\/revisions"}],"predecessor-version":[{"id":4829,"href":"https:\/\/www.botek.se\/fi\/wp-json\/wp\/v2\/pages\/4825\/revisions\/4829"}],"up":[{"embeddable":true,"href":"https:\/\/www.botek.se\/fi\/wp-json\/wp\/v2\/pages\/4817"}],"wp:featuredmedia":[{"embeddable":true,"href":"https:\/\/www.botek.se\/fi\/wp-json\/wp\/v2\/media\/4828"}],"wp:attachment":[{"href":"https:\/\/www.botek.se\/fi\/wp-json\/wp\/v2\/media?parent=4825"}],"curies":[{"name":"wp","href":"https:\/\/api.w.org\/{rel}","templated":true}]}}