{"id":4817,"date":"2023-05-08T12:02:13","date_gmt":"2023-05-08T10:02:13","guid":{"rendered":"https:\/\/www.botek.se\/?page_id=4817"},"modified":"2026-03-19T14:48:50","modified_gmt":"2026-03-19T13:48:50","slug":"osaaminen","status":"publish","type":"page","link":"https:\/\/www.botek.se\/fi\/osaaminen\/","title":{"rendered":"Osaaminen"},"content":{"rendered":"<div class=\"container lw lw--mw-txt-left bw\"><div class=\"container__inner bw\">\n<div class=\"page-intro lw lw--mw-cntnt-pd\"> <div class=\"page-intro__inner\"> <h1>Pohdittavaa, hy\u00f6dyllist\u00e4 ja t\u00e4rke\u00e4\u00e4<\/h1><div class=\"preamble\"><p>Miksi j\u00e4tett\u00e4 kannattaa punnita, miten j\u00e4teastioiden hallintaa voidaan parantaa ja millaisia vaatimuksia tekniikalle tulisi asettaa? Mit\u00e4 enemm\u00e4n ymm\u00e4rr\u00e4mme ja tunnemme asioita, sit\u00e4 parempaa laatua voimme tarjota. T\u00e4m\u00e4 koskee luonnollisesti my\u00f6s asiakkaitamme, ja siksi jaamme mielell\u00e4mme osaamistamme.<\/p><\/div> <\/div> <\/div>\n<\/div><\/div>\n\n<div class=\"highlights lw lw--mw-cntnt-pd highlights--style-classic highlights--max-per-row-3\"> <div class=\"highlights__inner\"> <div class=\"card card--style-classic\"> <a href=\"https:\/\/www.botek.se\/fi\/osaaminen\/punnitse-tilastoja\/\"> <div class=\"image ofi-holder\"> <img loading=\"lazy\" decoding=\"async\" width=\"1024\" height=\"683\" src=\"https:\/\/www.botek.se\/wp-content\/uploads\/2023\/05\/S7A0710-1-1024x683.jpg\" class=\"attachment-large size-large\" alt=\"\" sizes=\"auto, (max-width: 500px) 100vw, (max-width: 1180px) 33.333333333333vw, 393.33333333333px\" srcset=\"https:\/\/www.botek.se\/wp-content\/uploads\/2023\/05\/S7A0710-1-1024x683.jpg 1024w, https:\/\/www.botek.se\/wp-content\/uploads\/2023\/05\/S7A0710-1-300x200.jpg 300w, https:\/\/www.botek.se\/wp-content\/uploads\/2023\/05\/S7A0710-1-768x512.jpg 768w, https:\/\/www.botek.se\/wp-content\/uploads\/2023\/05\/S7A0710-1-1536x1024.jpg 1536w, https:\/\/www.botek.se\/wp-content\/uploads\/2023\/05\/S7A0710-1.jpg 2048w\" \/> <\/div> <div class=\"card__content bw\"> <div class=\"card__content-inner bw mc mc--m\"> <h2>Punnitus tilastointia varten<\/h2><p>Helpota j\u00e4tehuoltoa sek\u00e4 tunnista ja korjaa kalliita virheit\u00e4. Kiertotaloudessa j\u00e4tett\u00e4 tulisi pit\u00e4\u00e4 raaka-aineena.<\/p> <\/div> <p><button class=\"button card__button\">Lue lis\u00e4\u00e4<\/button><\/p> <\/div> <\/a> <\/div><div class=\"card card--style-classic\"> <a href=\"https:\/\/www.botek.se\/fi\/osaaminen\/ymparistoperusteinen-jatemaksu\/\"> <div class=\"image ofi-holder\"> <img loading=\"lazy\" decoding=\"async\" width=\"1024\" height=\"683\" src=\"https:\/\/www.botek.se\/wp-content\/uploads\/2023\/07\/S7A9669-ret-1-1024x683.jpg\" class=\"attachment-large size-large\" alt=\"\" sizes=\"auto, (max-width: 500px) 100vw, (max-width: 1180px) 33.333333333333vw, 393.33333333333px\" srcset=\"https:\/\/www.botek.se\/wp-content\/uploads\/2023\/07\/S7A9669-ret-1-1024x683.jpg 1024w, https:\/\/www.botek.se\/wp-content\/uploads\/2023\/07\/S7A9669-ret-1-300x200.jpg 300w, https:\/\/www.botek.se\/wp-content\/uploads\/2023\/07\/S7A9669-ret-1-768x512.jpg 768w, https:\/\/www.botek.se\/wp-content\/uploads\/2023\/07\/S7A9669-ret-1-1536x1024.jpg 1536w, https:\/\/www.botek.se\/wp-content\/uploads\/2023\/07\/S7A9669-ret-1.jpg 2048w\" \/> <\/div> <div class=\"card__content bw\"> <div class=\"card__content-inner bw mc mc--m\"> <h2>Ymp\u00e4rist\u00f6perusteinen j\u00e4temaksu<\/h2><p>Tutkimuksen mukaan yli 30 Ruotsin kunnassa, joissa on otettu k\u00e4ytt\u00f6\u00f6n painoperusteinen j\u00e4temaksu, lajittelemattoman j\u00e4tteen m\u00e4\u00e4r\u00e4 on v\u00e4hentynyt keskim\u00e4\u00e4rin 30 %.<\/p> <\/div> <p><button class=\"button card__button\">Lue lis\u00e4\u00e4<\/button><\/p> <\/div> <\/a> <\/div><div class=\"card card--style-classic\"> <a href=\"https:\/\/www.botek.se\/fi\/osaaminen\/standardit-ja-vaatimukset\/\"> <div class=\"image ofi-holder\"> <img loading=\"lazy\" decoding=\"async\" width=\"1024\" height=\"683\" src=\"https:\/\/www.botek.se\/wp-content\/uploads\/2023\/05\/S7A1139-1024x683.jpg\" class=\"attachment-large size-large\" alt=\"\" sizes=\"auto, (max-width: 500px) 100vw, (max-width: 1180px) 33.333333333333vw, 393.33333333333px\" srcset=\"https:\/\/www.botek.se\/wp-content\/uploads\/2023\/05\/S7A1139-1024x683.jpg 1024w, https:\/\/www.botek.se\/wp-content\/uploads\/2023\/05\/S7A1139-300x200.jpg 300w, https:\/\/www.botek.se\/wp-content\/uploads\/2023\/05\/S7A1139-768x512.jpg 768w, https:\/\/www.botek.se\/wp-content\/uploads\/2023\/05\/S7A1139-1536x1024.jpg 1536w, https:\/\/www.botek.se\/wp-content\/uploads\/2023\/05\/S7A1139.jpg 2048w\" \/> <\/div> <div class=\"card__content bw\"> <div class=\"card__content-inner bw mc mc--m\"> <h2>Standardit ja vaatimukset<\/h2><p>Aseta oikeat vaatimukset j\u00e4tehuollon sek\u00e4 rekister\u00f6inti- ja punnituslaitteiden osalta. N\u00e4in parannat j\u00e4tehuoltosi laatua<\/p> <\/div> <p><button class=\"button card__button\">Standardit ja vaatimukset<\/button><\/p> <\/div> <\/a> <\/div> <\/div> <\/div>","protected":false},"excerpt":{"rendered":"<p><!-- wp:acf\/container {\"name\":\"acf\/container\",\"data\":{\"background_color\":\"\",\"_background_color\":\"field_6262b1d14d782\",\"padding\":\"none\",\"_padding\":\"field_628aa5da8452f\",\"center_content\":\"0\",\"_center_content\":\"field_628aa6ca10e22\"},\"mode\":\"preview\",\"layoutWidth\":\"mw-txt-left\"} --><br \/>\n<!-- wp:acf\/page-intro {\"name\":\"acf\/page-intro\",\"data\":{\"title\":\"Pohdittavaa, hy\u00f6dyllist\u00e4 ja t\u00e4rke\u00e4\u00e4\",\"_title\":\"field_6454dd2b162be\",\"content\":\"Miksi j\u00e4tett\u00e4 kannattaa punnita, miten j\u00e4teastioiden hallintaa voidaan parantaa ja millaisia vaatimuksia tekniikalle tulisi asettaa? Mit\u00e4 enemm\u00e4n ymm\u00e4rr\u00e4mme ja tunnemme asioita, sit\u00e4 parempaa laatua voimme tarjota. T\u00e4m\u00e4 koskee luonnollisesti my\u00f6s asiakkaitamme, ja siksi jaamme mielell\u00e4mme osaamistamme.\",\"_content\":\"field_6454dd3f162bf\"},\"mode\":\"preview\",\"layoutWidth\":\"mw-cntnt-pd\"} \/--><br \/>\n<!-- \/wp:acf\/container --><\/p>\n<p><!-- wp:acf\/highlights {\"name\":\"acf\/highlights\",\"data\":{\"highlights_0_title\":\"Punnitus tilastointia varten\",\"_highlights_0_title\":\"field_64367b589550a\",\"highlights_0_content\":\"Helpota j\u00e4tehuoltoa sek\u00e4 tunnista ja korjaa kalliita virheit\u00e4. Kiertotaloudessa j\u00e4tett\u00e4 tulisi pit\u00e4\u00e4 raaka-aineena.\",\"_highlights_0_content\":\"field_64367b809550b\",\"highlights_0_link\":{\"title\":\"Lue lis\u00e4\u00e4\",\"url\":\"https:\/\/www.botek.se\/fi\/osaaminen\/punnitse-tilastoja\/\",\"target\":\"\"},\"_highlights_0_link\":\"field_64367c189550c\",\"highlights_0_image\":4818,\"_highlights_0_image\":\"field_64367c289550d\",\"highlights_1_title\":\"Ymp\u00e4rist\u00f6perusteinen j\u00e4temaksu\",\"_highlights_1_title\":\"field_64367b589550a\",\"highlights_1_content\":\"Tutkimuksen mukaan yli 30 Ruotsin kunnassa, joissa on otettu k\u00e4ytt\u00f6\u00f6n painoperusteinen j\u00e4temaksu, lajittelemattoman j\u00e4tteen m\u00e4\u00e4r\u00e4 on v\u00e4hentynyt keskim\u00e4\u00e4rin 30 %.\",\"_highlights_1_content\":\"field_64367b809550b\",\"highlights_1_link\":{\"title\":\"Lue lis\u00e4\u00e4\",\"url\":\"https:\/\/www.botek.se\/fi\/osaaminen\/ymparistoperusteinen-jatemaksu\/\",\"target\":\"\"},\"_highlights_1_link\":\"field_64367c189550c\",\"highlights_1_image\":4826,\"_highlights_1_image\":\"field_64367c289550d\",\"highlights_2_title\":\"Standardit ja vaatimukset\",\"_highlights_2_title\":\"field_64367b589550a\",\"highlights_2_content\":\"Aseta oikeat vaatimukset j\u00e4tehuollon sek\u00e4 rekister\u00f6inti- ja punnituslaitteiden osalta. N\u00e4in parannat j\u00e4tehuoltosi laatua\",\"_highlights_2_content\":\"field_64367b809550b\",\"highlights_2_link\":{\"title\":\"Standardit ja vaatimukset\",\"url\":\"https:\/\/www.botek.se\/fi\/osaaminen\/standardit-ja-vaatimukset\/\",\"target\":\"\"},\"_highlights_2_link\":\"field_64367c189550c\",\"highlights_2_image\":1862,\"_highlights_2_image\":\"field_64367c289550d\",\"highlights\":3,\"_highlights\":\"field_64367acb95509\",\"style\":\"classic\",\"_style\":\"field_6436957ec9900\",\"max_per_row\":\"3\",\"_max_per_row\":\"field_643693b2a5546\",\"mobile_side_scroll\":\"0\",\"_mobile_side_scroll\":\"field_6450dac11c2b8\"},\"mode\":\"preview\",\"layoutWidth\":\"mw-cntnt-pd\"} \/--><\/p>\n","protected":false},"author":1,"featured_media":0,"parent":0,"menu_order":0,"comment_status":"closed","ping_status":"closed","template":"","meta":{"_acf_changed":false,"footnotes":""},"class_list":["post-4817","page","type-page","status-publish","hentry"],"acf":[],"yoast_head":"<!-- This site is optimized with the Yoast SEO plugin v27.3 - https:\/\/yoast.com\/product\/yoast-seo-wordpress\/ -->\n<title>Osaaminen - Botek<\/title>\n<meta name=\"robots\" content=\"index, follow, max-snippet:-1, max-image-preview:large, max-video-preview:-1\" \/>\n<link rel=\"canonical\" href=\"https:\/\/www.botek.se\/fi\/osaaminen\/\" \/>\n<meta property=\"og:locale\" content=\"fi_FI\" \/>\n<meta property=\"og:type\" content=\"article\" \/>\n<meta property=\"og:title\" content=\"Osaaminen - Botek\" \/>\n<meta property=\"og:url\" content=\"https:\/\/www.botek.se\/fi\/osaaminen\/\" \/>\n<meta property=\"og:site_name\" content=\"Botek\" \/>\n<meta property=\"article:publisher\" content=\"https:\/\/www.facebook.com\/BotekSystems\/\" \/>\n<meta property=\"article:modified_time\" content=\"2026-03-19T13:48:50+00:00\" \/>\n<meta name=\"twitter:card\" content=\"summary_large_image\" \/>\n<script type=\"application\/ld+json\" class=\"yoast-schema-graph\">{\"@context\":\"https:\\\/\\\/schema.org\",\"@graph\":[{\"@type\":\"WebPage\",\"@id\":\"https:\\\/\\\/www.botek.se\\\/fi\\\/osaaminen\\\/\",\"url\":\"https:\\\/\\\/www.botek.se\\\/fi\\\/osaaminen\\\/\",\"name\":\"Osaaminen - Botek\",\"isPartOf\":{\"@id\":\"https:\\\/\\\/www.botek.se\\\/#website\"},\"datePublished\":\"2023-05-08T10:02:13+00:00\",\"dateModified\":\"2026-03-19T13:48:50+00:00\",\"breadcrumb\":{\"@id\":\"https:\\\/\\\/www.botek.se\\\/fi\\\/osaaminen\\\/#breadcrumb\"},\"inLanguage\":\"fi\",\"potentialAction\":[{\"@type\":\"ReadAction\",\"target\":[\"https:\\\/\\\/www.botek.se\\\/fi\\\/osaaminen\\\/\"]}]},{\"@type\":\"BreadcrumbList\",\"@id\":\"https:\\\/\\\/www.botek.se\\\/fi\\\/osaaminen\\\/#breadcrumb\",\"itemListElement\":[{\"@type\":\"ListItem\",\"position\":1,\"name\":\"Etusivu\",\"item\":\"https:\\\/\\\/www.botek.se\\\/fi\\\/\"},{\"@type\":\"ListItem\",\"position\":2,\"name\":\"Osaaminen\"}]},{\"@type\":\"WebSite\",\"@id\":\"https:\\\/\\\/www.botek.se\\\/#website\",\"url\":\"https:\\\/\\\/www.botek.se\\\/\",\"name\":\"Botek\",\"description\":\"\",\"publisher\":{\"@id\":\"https:\\\/\\\/www.botek.se\\\/#organization\"},\"potentialAction\":[{\"@type\":\"SearchAction\",\"target\":{\"@type\":\"EntryPoint\",\"urlTemplate\":\"https:\\\/\\\/www.botek.se\\\/?s={search_term_string}\"},\"query-input\":{\"@type\":\"PropertyValueSpecification\",\"valueRequired\":true,\"valueName\":\"search_term_string\"}}],\"inLanguage\":\"fi\"},{\"@type\":\"Organization\",\"@id\":\"https:\\\/\\\/www.botek.se\\\/#organization\",\"name\":\"Botek\",\"url\":\"https:\\\/\\\/www.botek.se\\\/\",\"logo\":{\"@type\":\"ImageObject\",\"inLanguage\":\"fi\",\"@id\":\"https:\\\/\\\/www.botek.se\\\/#\\\/schema\\\/logo\\\/image\\\/\",\"url\":\"https:\\\/\\\/www.botek.se\\\/wp-content\\\/uploads\\\/2023\\\/05\\\/logo.png\",\"contentUrl\":\"https:\\\/\\\/www.botek.se\\\/wp-content\\\/uploads\\\/2023\\\/05\\\/logo.png\",\"width\":594,\"height\":140,\"caption\":\"Botek\"},\"image\":{\"@id\":\"https:\\\/\\\/www.botek.se\\\/#\\\/schema\\\/logo\\\/image\\\/\"},\"sameAs\":[\"https:\\\/\\\/www.facebook.com\\\/BotekSystems\\\/\",\"https:\\\/\\\/www.linkedin.com\\\/company\\\/botek-systems-ab\\\/\",\"https:\\\/\\\/www.instagram.com\\\/boteksystemsab\\\/\"]}]}<\/script>\n<!-- \/ Yoast SEO plugin. -->","yoast_head_json":{"title":"Osaaminen - Botek","robots":{"index":"index","follow":"follow","max-snippet":"max-snippet:-1","max-image-preview":"max-image-preview:large","max-video-preview":"max-video-preview:-1"},"canonical":"https:\/\/www.botek.se\/fi\/osaaminen\/","og_locale":"fi_FI","og_type":"article","og_title":"Osaaminen - Botek","og_url":"https:\/\/www.botek.se\/fi\/osaaminen\/","og_site_name":"Botek","article_publisher":"https:\/\/www.facebook.com\/BotekSystems\/","article_modified_time":"2026-03-19T13:48:50+00:00","twitter_card":"summary_large_image","schema":{"@context":"https:\/\/schema.org","@graph":[{"@type":"WebPage","@id":"https:\/\/www.botek.se\/fi\/osaaminen\/","url":"https:\/\/www.botek.se\/fi\/osaaminen\/","name":"Osaaminen - Botek","isPartOf":{"@id":"https:\/\/www.botek.se\/#website"},"datePublished":"2023-05-08T10:02:13+00:00","dateModified":"2026-03-19T13:48:50+00:00","breadcrumb":{"@id":"https:\/\/www.botek.se\/fi\/osaaminen\/#breadcrumb"},"inLanguage":"fi","potentialAction":[{"@type":"ReadAction","target":["https:\/\/www.botek.se\/fi\/osaaminen\/"]}]},{"@type":"BreadcrumbList","@id":"https:\/\/www.botek.se\/fi\/osaaminen\/#breadcrumb","itemListElement":[{"@type":"ListItem","position":1,"name":"Etusivu","item":"https:\/\/www.botek.se\/fi\/"},{"@type":"ListItem","position":2,"name":"Osaaminen"}]},{"@type":"WebSite","@id":"https:\/\/www.botek.se\/#website","url":"https:\/\/www.botek.se\/","name":"Botek","description":"","publisher":{"@id":"https:\/\/www.botek.se\/#organization"},"potentialAction":[{"@type":"SearchAction","target":{"@type":"EntryPoint","urlTemplate":"https:\/\/www.botek.se\/?s={search_term_string}"},"query-input":{"@type":"PropertyValueSpecification","valueRequired":true,"valueName":"search_term_string"}}],"inLanguage":"fi"},{"@type":"Organization","@id":"https:\/\/www.botek.se\/#organization","name":"Botek","url":"https:\/\/www.botek.se\/","logo":{"@type":"ImageObject","inLanguage":"fi","@id":"https:\/\/www.botek.se\/#\/schema\/logo\/image\/","url":"https:\/\/www.botek.se\/wp-content\/uploads\/2023\/05\/logo.png","contentUrl":"https:\/\/www.botek.se\/wp-content\/uploads\/2023\/05\/logo.png","width":594,"height":140,"caption":"Botek"},"image":{"@id":"https:\/\/www.botek.se\/#\/schema\/logo\/image\/"},"sameAs":["https:\/\/www.facebook.com\/BotekSystems\/","https:\/\/www.linkedin.com\/company\/botek-systems-ab\/","https:\/\/www.instagram.com\/boteksystemsab\/"]}]}},"_links":{"self":[{"href":"https:\/\/www.botek.se\/fi\/wp-json\/wp\/v2\/pages\/4817","targetHints":{"allow":["GET"]}}],"collection":[{"href":"https:\/\/www.botek.se\/fi\/wp-json\/wp\/v2\/pages"}],"about":[{"href":"https:\/\/www.botek.se\/fi\/wp-json\/wp\/v2\/types\/page"}],"author":[{"embeddable":true,"href":"https:\/\/www.botek.se\/fi\/wp-json\/wp\/v2\/users\/1"}],"replies":[{"embeddable":true,"href":"https:\/\/www.botek.se\/fi\/wp-json\/wp\/v2\/comments?post=4817"}],"version-history":[{"count":3,"href":"https:\/\/www.botek.se\/fi\/wp-json\/wp\/v2\/pages\/4817\/revisions"}],"predecessor-version":[{"id":5184,"href":"https:\/\/www.botek.se\/fi\/wp-json\/wp\/v2\/pages\/4817\/revisions\/5184"}],"wp:attachment":[{"href":"https:\/\/www.botek.se\/fi\/wp-json\/wp\/v2\/media?parent=4817"}],"curies":[{"name":"wp","href":"https:\/\/api.w.org\/{rel}","templated":true}]}}