{"id":4811,"date":"2023-02-28T09:39:16","date_gmt":"2023-02-28T08:39:16","guid":{"rendered":"https:\/\/www.botek.se\/?page_id=4811"},"modified":"2026-03-19T14:55:15","modified_gmt":"2026-03-19T13:55:15","slug":"tietosuojaseloste","status":"publish","type":"page","link":"https:\/\/www.botek.se\/fi\/tietosuojaseloste\/","title":{"rendered":"Tietosuojaseloste"},"content":{"rendered":"\n<h1 class=\"wp-block-heading mc mc--l\">Tietosuojaseloste<\/h1>\n\n\n\n<h2 class=\"wp-block-heading\">Ulkoinen tietosuojaseloste<\/h2>\n\n\n\n<p>Ulkoinen tietosuojaselosteemme on luettavissa <a href=\"https:\/\/www.botek.se\/wp-content\/uploads\/2026\/02\/Botek-Systems-AB-Extern-integritetspolicy-Beijer-Tech-1.pdf\" type=\"link\" id=\"https:\/\/www.botek.se\/wp-content\/uploads\/2026\/02\/Botek-Systems-AB-Extern-integritetspolicy-Beijer-Tech-1.pdf\">t\u00e4\u00e4ll\u00e4<\/a>.<\/p>\n\n\n\n<h2 class=\"wp-block-heading\">Ev\u00e4stek\u00e4yt\u00e4nn\u00f6t<\/h2>\n\n\n\n<p>Ev\u00e4ste on pieni tekstitiedosto, jonka verkkosivusto tallentaa k\u00e4ytt\u00e4j\u00e4n laitteelle. T\u00e4m\u00e4 tekstitiedosto ei voi sis\u00e4lt\u00e4\u00e4 viruksia tai muuta tietokoneelle haitallista. Ev\u00e4ste sis\u00e4lt\u00e4\u00e4 tietoa vierailustasi ja sit\u00e4 k\u00e4ytet\u00e4\u00e4n teknisist\u00e4 syist\u00e4 verkkosivuston toiminnan ja k\u00e4ytt\u00f6kokemuksen parantamiseen.<\/p>\n\n\n\n<p>Lis\u00e4tietoja ev\u00e4steit\u00e4 koskevasta lains\u00e4\u00e4d\u00e4nn\u00f6st\u00e4 l\u00f6yd\u00e4t Ruotsin Posti- ja televiranomaisen ev\u00e4steit\u00e4 k\u00e4sittelev\u00e4lt\u00e4 sivulta.<\/p>\n\n\n\n<p>https:\/\/pts.se\/internet-och-telefoni\/kakor-cookies\/<\/p>\n\n\n\n<p><a href=\"https:\/\/web.archive.org\/web\/20231207195436\/http:\/\/pts.se\/sv\/bransch\/regler\/lagar\/lag-om-elektronisk-kommunikation\/kakor-cookies\/fragor-och-svar-om-kakor-for-webbplatsinnehavare\/\" target=\"_blank\" rel=\"noreferrer noopener\">http:\/\/pts.se\/sv\/bransch\/regler\/lagar\/lag-om-elektronisk-kommunikation\/kakor-cookies\/fragor-och-svar-om-kakor-for-webbplatsinnehavare\/<\/a><\/p>\n\n\n\n<h3 class=\"wp-block-heading\">Ev\u00e4steet Botek.se-sivustolla<\/h3>\n\n\n\n<p><strong>Botek.se-sivuston ev\u00e4steet eiv\u00e4t sis\u00e4ll\u00e4 henkil\u00f6tietoja, eik\u00e4 niit\u00e4 k\u00e4ytet\u00e4 seuraamaan, mill\u00e4 muilla verkkosivustoilla vierailet. K\u00e4yt\u00e4mme sek\u00e4 omia ev\u00e4steit\u00e4 ett\u00e4 kolmansien osapuolten ev\u00e4steit\u00e4.<\/strong><\/p>\n\n\n\n<p><\/p>\n\n\n\n<p><strong>Peruuta suostumus<\/strong><\/p>\n\n\n\n<p>Voit muuttaa tai peruuttaa suostumuksesi milloin tahansa <a href=\"https:\/\/www.botek.se\/?page_id=3229\">ev\u00e4stesivullamme<\/a>.<\/p>\n\n\n\n<h2 class=\"wp-block-heading\" id=\"Personal-data\">Tietoja henkil\u00f6tiedoista<\/h2>\n\n\n\n<p>Botek.se-sivuston lomakkeiden kautta annetut henkil\u00f6tiedot tallennetaan markkinointitarkoituksiin sek\u00e4 my\u00f6hemp\u00e4\u00e4 yhteydenpitoa varten.<\/p>\n\n\n\n<p class=\"mc mc--xl\">Jos haluat, ett\u00e4 tietosi poistetaan ota yhteytt\u00e4 osoitteeseen <a href=\"mailto:info@botek.se\">info@botek.se<\/a><\/p>\n","protected":false},"excerpt":{"rendered":"<p>Tietosuojaseloste Ulkoinen tietosuojaseloste Ulkoinen tietosuojaselosteemme on luettavissa t\u00e4\u00e4ll\u00e4. Ev\u00e4stek\u00e4yt\u00e4nn\u00f6t Ev\u00e4ste on pieni tekstitiedosto, jonka verkkosivusto tallentaa k\u00e4ytt\u00e4j\u00e4n laitteelle. T\u00e4m\u00e4 tekstitiedosto ei voi sis\u00e4lt\u00e4\u00e4 viruksia tai [&hellip;]<\/p>\n","protected":false},"author":1,"featured_media":0,"parent":0,"menu_order":0,"comment_status":"closed","ping_status":"closed","template":"","meta":{"_acf_changed":false,"footnotes":""},"class_list":["post-4811","page","type-page","status-publish","hentry"],"acf":[],"yoast_head":"<!-- This site is optimized with the Yoast SEO plugin v27.3 - https:\/\/yoast.com\/product\/yoast-seo-wordpress\/ -->\n<title>Tietosuojaseloste - Botek<\/title>\n<meta name=\"robots\" content=\"index, follow, max-snippet:-1, max-image-preview:large, max-video-preview:-1\" \/>\n<link rel=\"canonical\" href=\"https:\/\/www.botek.se\/fi\/tietosuojaseloste\/\" \/>\n<meta property=\"og:locale\" content=\"fi_FI\" \/>\n<meta property=\"og:type\" content=\"article\" \/>\n<meta property=\"og:title\" content=\"Tietosuojaseloste - Botek\" \/>\n<meta property=\"og:description\" content=\"Tietosuojaseloste Ulkoinen tietosuojaseloste Ulkoinen tietosuojaselosteemme on luettavissa t\u00e4\u00e4ll\u00e4. Ev\u00e4stek\u00e4yt\u00e4nn\u00f6t Ev\u00e4ste on pieni tekstitiedosto, jonka verkkosivusto tallentaa k\u00e4ytt\u00e4j\u00e4n laitteelle. T\u00e4m\u00e4 tekstitiedosto ei voi sis\u00e4lt\u00e4\u00e4 viruksia tai [&hellip;]\" \/>\n<meta property=\"og:url\" content=\"https:\/\/www.botek.se\/fi\/tietosuojaseloste\/\" \/>\n<meta property=\"og:site_name\" content=\"Botek\" \/>\n<meta property=\"article:publisher\" content=\"https:\/\/www.facebook.com\/BotekSystems\/\" \/>\n<meta property=\"article:modified_time\" content=\"2026-03-19T13:55:15+00:00\" \/>\n<meta name=\"twitter:card\" content=\"summary_large_image\" \/>\n<meta name=\"twitter:label1\" content=\"Arvioitu lukuaika\" \/>\n\t<meta name=\"twitter:data1\" content=\"1 minuutti\" \/>\n<script type=\"application\/ld+json\" class=\"yoast-schema-graph\">{\"@context\":\"https:\\\/\\\/schema.org\",\"@graph\":[{\"@type\":\"WebPage\",\"@id\":\"https:\\\/\\\/www.botek.se\\\/fi\\\/tietosuojaseloste\\\/\",\"url\":\"https:\\\/\\\/www.botek.se\\\/fi\\\/tietosuojaseloste\\\/\",\"name\":\"Tietosuojaseloste - Botek\",\"isPartOf\":{\"@id\":\"https:\\\/\\\/www.botek.se\\\/#website\"},\"datePublished\":\"2023-02-28T08:39:16+00:00\",\"dateModified\":\"2026-03-19T13:55:15+00:00\",\"breadcrumb\":{\"@id\":\"https:\\\/\\\/www.botek.se\\\/fi\\\/tietosuojaseloste\\\/#breadcrumb\"},\"inLanguage\":\"fi\",\"potentialAction\":[{\"@type\":\"ReadAction\",\"target\":[\"https:\\\/\\\/www.botek.se\\\/fi\\\/tietosuojaseloste\\\/\"]}]},{\"@type\":\"BreadcrumbList\",\"@id\":\"https:\\\/\\\/www.botek.se\\\/fi\\\/tietosuojaseloste\\\/#breadcrumb\",\"itemListElement\":[{\"@type\":\"ListItem\",\"position\":1,\"name\":\"Etusivu\",\"item\":\"https:\\\/\\\/www.botek.se\\\/fi\\\/\"},{\"@type\":\"ListItem\",\"position\":2,\"name\":\"Tietosuojaseloste\"}]},{\"@type\":\"WebSite\",\"@id\":\"https:\\\/\\\/www.botek.se\\\/#website\",\"url\":\"https:\\\/\\\/www.botek.se\\\/\",\"name\":\"Botek\",\"description\":\"\",\"publisher\":{\"@id\":\"https:\\\/\\\/www.botek.se\\\/#organization\"},\"potentialAction\":[{\"@type\":\"SearchAction\",\"target\":{\"@type\":\"EntryPoint\",\"urlTemplate\":\"https:\\\/\\\/www.botek.se\\\/?s={search_term_string}\"},\"query-input\":{\"@type\":\"PropertyValueSpecification\",\"valueRequired\":true,\"valueName\":\"search_term_string\"}}],\"inLanguage\":\"fi\"},{\"@type\":\"Organization\",\"@id\":\"https:\\\/\\\/www.botek.se\\\/#organization\",\"name\":\"Botek\",\"url\":\"https:\\\/\\\/www.botek.se\\\/\",\"logo\":{\"@type\":\"ImageObject\",\"inLanguage\":\"fi\",\"@id\":\"https:\\\/\\\/www.botek.se\\\/#\\\/schema\\\/logo\\\/image\\\/\",\"url\":\"https:\\\/\\\/www.botek.se\\\/wp-content\\\/uploads\\\/2023\\\/05\\\/logo.png\",\"contentUrl\":\"https:\\\/\\\/www.botek.se\\\/wp-content\\\/uploads\\\/2023\\\/05\\\/logo.png\",\"width\":594,\"height\":140,\"caption\":\"Botek\"},\"image\":{\"@id\":\"https:\\\/\\\/www.botek.se\\\/#\\\/schema\\\/logo\\\/image\\\/\"},\"sameAs\":[\"https:\\\/\\\/www.facebook.com\\\/BotekSystems\\\/\",\"https:\\\/\\\/www.linkedin.com\\\/company\\\/botek-systems-ab\\\/\",\"https:\\\/\\\/www.instagram.com\\\/boteksystemsab\\\/\"]}]}<\/script>\n<!-- \/ Yoast SEO plugin. -->","yoast_head_json":{"title":"Tietosuojaseloste - Botek","robots":{"index":"index","follow":"follow","max-snippet":"max-snippet:-1","max-image-preview":"max-image-preview:large","max-video-preview":"max-video-preview:-1"},"canonical":"https:\/\/www.botek.se\/fi\/tietosuojaseloste\/","og_locale":"fi_FI","og_type":"article","og_title":"Tietosuojaseloste - Botek","og_description":"Tietosuojaseloste Ulkoinen tietosuojaseloste Ulkoinen tietosuojaselosteemme on luettavissa t\u00e4\u00e4ll\u00e4. Ev\u00e4stek\u00e4yt\u00e4nn\u00f6t Ev\u00e4ste on pieni tekstitiedosto, jonka verkkosivusto tallentaa k\u00e4ytt\u00e4j\u00e4n laitteelle. T\u00e4m\u00e4 tekstitiedosto ei voi sis\u00e4lt\u00e4\u00e4 viruksia tai [&hellip;]","og_url":"https:\/\/www.botek.se\/fi\/tietosuojaseloste\/","og_site_name":"Botek","article_publisher":"https:\/\/www.facebook.com\/BotekSystems\/","article_modified_time":"2026-03-19T13:55:15+00:00","twitter_card":"summary_large_image","twitter_misc":{"Arvioitu lukuaika":"1 minuutti"},"schema":{"@context":"https:\/\/schema.org","@graph":[{"@type":"WebPage","@id":"https:\/\/www.botek.se\/fi\/tietosuojaseloste\/","url":"https:\/\/www.botek.se\/fi\/tietosuojaseloste\/","name":"Tietosuojaseloste - Botek","isPartOf":{"@id":"https:\/\/www.botek.se\/#website"},"datePublished":"2023-02-28T08:39:16+00:00","dateModified":"2026-03-19T13:55:15+00:00","breadcrumb":{"@id":"https:\/\/www.botek.se\/fi\/tietosuojaseloste\/#breadcrumb"},"inLanguage":"fi","potentialAction":[{"@type":"ReadAction","target":["https:\/\/www.botek.se\/fi\/tietosuojaseloste\/"]}]},{"@type":"BreadcrumbList","@id":"https:\/\/www.botek.se\/fi\/tietosuojaseloste\/#breadcrumb","itemListElement":[{"@type":"ListItem","position":1,"name":"Etusivu","item":"https:\/\/www.botek.se\/fi\/"},{"@type":"ListItem","position":2,"name":"Tietosuojaseloste"}]},{"@type":"WebSite","@id":"https:\/\/www.botek.se\/#website","url":"https:\/\/www.botek.se\/","name":"Botek","description":"","publisher":{"@id":"https:\/\/www.botek.se\/#organization"},"potentialAction":[{"@type":"SearchAction","target":{"@type":"EntryPoint","urlTemplate":"https:\/\/www.botek.se\/?s={search_term_string}"},"query-input":{"@type":"PropertyValueSpecification","valueRequired":true,"valueName":"search_term_string"}}],"inLanguage":"fi"},{"@type":"Organization","@id":"https:\/\/www.botek.se\/#organization","name":"Botek","url":"https:\/\/www.botek.se\/","logo":{"@type":"ImageObject","inLanguage":"fi","@id":"https:\/\/www.botek.se\/#\/schema\/logo\/image\/","url":"https:\/\/www.botek.se\/wp-content\/uploads\/2023\/05\/logo.png","contentUrl":"https:\/\/www.botek.se\/wp-content\/uploads\/2023\/05\/logo.png","width":594,"height":140,"caption":"Botek"},"image":{"@id":"https:\/\/www.botek.se\/#\/schema\/logo\/image\/"},"sameAs":["https:\/\/www.facebook.com\/BotekSystems\/","https:\/\/www.linkedin.com\/company\/botek-systems-ab\/","https:\/\/www.instagram.com\/boteksystemsab\/"]}]}},"_links":{"self":[{"href":"https:\/\/www.botek.se\/fi\/wp-json\/wp\/v2\/pages\/4811","targetHints":{"allow":["GET"]}}],"collection":[{"href":"https:\/\/www.botek.se\/fi\/wp-json\/wp\/v2\/pages"}],"about":[{"href":"https:\/\/www.botek.se\/fi\/wp-json\/wp\/v2\/types\/page"}],"author":[{"embeddable":true,"href":"https:\/\/www.botek.se\/fi\/wp-json\/wp\/v2\/users\/1"}],"replies":[{"embeddable":true,"href":"https:\/\/www.botek.se\/fi\/wp-json\/wp\/v2\/comments?post=4811"}],"version-history":[{"count":6,"href":"https:\/\/www.botek.se\/fi\/wp-json\/wp\/v2\/pages\/4811\/revisions"}],"predecessor-version":[{"id":5190,"href":"https:\/\/www.botek.se\/fi\/wp-json\/wp\/v2\/pages\/4811\/revisions\/5190"}],"wp:attachment":[{"href":"https:\/\/www.botek.se\/fi\/wp-json\/wp\/v2\/media?parent=4811"}],"curies":[{"name":"wp","href":"https:\/\/api.w.org\/{rel}","templated":true}]}}