{"id":4809,"date":"2023-03-22T10:26:30","date_gmt":"2023-03-22T09:26:30","guid":{"rendered":"https:\/\/www.botek.se\/?page_id=4809"},"modified":"2026-03-19T14:57:58","modified_gmt":"2026-03-19T13:57:58","slug":"ajoneuvoon-asennetut-vaaat","status":"publish","type":"page","link":"https:\/\/www.botek.se\/fi\/tuotteet\/ajoneuvoon-asennetut-vaaat\/","title":{"rendered":"Ajoneuvoon asennetut vaa\u2019at"},"content":{"rendered":"<div class=\"container mc mc--l lw lw--mw-txt-left bw\"><div class=\"container__inner bw\">\n\n<h1 class=\"wp-block-heading\"><strong>Kirjaa kuorman lastaus- ja purkupaino<\/strong><\/h1>\n\n\n\n<p>Ajoneuvoon asennettu vaaka tarjoaa monia etuja kuorman lastaus- ja purkupainon kirjaamisen lis\u00e4ksi. Kuljettaja ja toimistohenkil\u00f6kunta tiet\u00e4v\u00e4t aina, mit\u00e4 ajoneuvoon on lastattu. Lis\u00e4ksi vaa\u2019at ovat tyyppihyv\u00e4ksyttyj\u00e4 ja soveltuvat varmennettuina painoperusteiseen laskutukseen. Lis\u00e4ksi tietoja voidaan k\u00e4ytt\u00e4\u00e4 tilastointiin ja j\u00e4tem\u00e4\u00e4rien seurantaan.<\/p>\n\n\n\n<p>Botek-vaa\u2019at on suunniteltu helppoon ja turvalliseen asennukseen sek\u00e4 nopeaan ja tarkkaan punnitukseen. Suunnittelu ja valmistus takaavat, ett\u00e4 vaa\u2019at kest\u00e4v\u00e4t ajoneuvon koko k\u00e4ytt\u00f6i\u00e4n my\u00f6s vaativassa k\u00e4yt\u00f6ss\u00e4.<\/p>\n\n<\/div><\/div>\n\n<div class=\"highlights lw lw--mw-cntnt-pd highlights--style-card highlights--max-per-row-2\"> <div class=\"highlights__inner\"> <div class=\"card card--style-card\"> <a href=\"https:\/\/www.botek.se\/fi\/produkt\/dynaaminen-sailiovaaka\/\"> <div class=\"image ofi-holder\"> <img loading=\"lazy\" decoding=\"async\" width=\"1024\" height=\"512\" src=\"https:\/\/www.botek.se\/wp-content\/uploads\/2024\/03\/SKISS_2-Fack_KV-2-1024x512.png\" class=\"attachment-large size-large\" alt=\"\" sizes=\"auto, (max-width: 500px) 112.5vw, (max-width: 1180px) 37.5vw, 442.5px\" srcset=\"https:\/\/www.botek.se\/wp-content\/uploads\/2024\/03\/SKISS_2-Fack_KV-2-1024x512.png 1024w, https:\/\/www.botek.se\/wp-content\/uploads\/2024\/03\/SKISS_2-Fack_KV-2-300x150.png 300w, https:\/\/www.botek.se\/wp-content\/uploads\/2024\/03\/SKISS_2-Fack_KV-2-768x384.png 768w, https:\/\/www.botek.se\/wp-content\/uploads\/2024\/03\/SKISS_2-Fack_KV-2.png 1500w\" \/> <\/div> <div class=\"card__content bw\"> <div class=\"card__content-inner bw mc mc--m\"> <h2>Dynaaminen s\u00e4ili\u00f6vaaka<\/h2><p>Takaa ja sivusta lastattaville ajoneuvoille. Punnitsee noston aikana ja kirjaa ker\u00e4tyn painon. Vakiokiinnitys helppoa asennusta varten.<\/p> <\/div> <svg aria-hidden=\"true\" focusable=\"false\"><use xlink:href=\"#icon-arrow\"><\/use><\/svg> <\/div> <\/a> <\/div><div class=\"card card--style-card\"> <a href=\"https:\/\/www.botek.se\/fi\/produkt\/alustavaaka\/\"> <div class=\"image ofi-holder\"> <img loading=\"lazy\" decoding=\"async\" width=\"1024\" height=\"512\" src=\"https:\/\/www.botek.se\/wp-content\/uploads\/2023\/05\/SKISS_1-Fack_CV6-1-1024x512.png\" class=\"attachment-large size-large\" alt=\"\" sizes=\"auto, (max-width: 500px) 112.5vw, (max-width: 1180px) 37.5vw, 442.5px\" srcset=\"https:\/\/www.botek.se\/wp-content\/uploads\/2023\/05\/SKISS_1-Fack_CV6-1-1024x512.png 1024w, https:\/\/www.botek.se\/wp-content\/uploads\/2023\/05\/SKISS_1-Fack_CV6-1-300x150.png 300w, https:\/\/www.botek.se\/wp-content\/uploads\/2023\/05\/SKISS_1-Fack_CV6-1-768x384.png 768w, https:\/\/www.botek.se\/wp-content\/uploads\/2023\/05\/SKISS_1-Fack_CV6-1.png 1500w\" \/> <\/div> <div class=\"card__content bw\"> <div class=\"card__content-inner bw mc mc--m\"> <h2>Alustavaaka<\/h2><p>Sopii erinomaisesti ker\u00e4tyn tai puretun painon perusteella tapahtuvaan laskutukseen sek\u00e4 monilokeroisten ajoneuvojen purkuun.<\/p> <\/div> <svg aria-hidden=\"true\" focusable=\"false\"><use xlink:href=\"#icon-arrow\"><\/use><\/svg> <\/div> <\/a> <\/div><div class=\"card card--style-card\"> <a href=\"https:\/\/www.botek.se\/fi\/produkt\/haarukkavaaka\/\"> <div class=\"image ofi-holder\"> <img loading=\"lazy\" decoding=\"async\" width=\"1024\" height=\"512\" src=\"https:\/\/www.botek.se\/wp-content\/uploads\/2024\/03\/SKISS_FrontlastareGV-2-1024x512.png\" class=\"attachment-large size-large\" alt=\"\" sizes=\"auto, (max-width: 500px) 112.5vw, (max-width: 1180px) 37.5vw, 442.5px\" srcset=\"https:\/\/www.botek.se\/wp-content\/uploads\/2024\/03\/SKISS_FrontlastareGV-2-1024x512.png 1024w, https:\/\/www.botek.se\/wp-content\/uploads\/2024\/03\/SKISS_FrontlastareGV-2-300x150.png 300w, https:\/\/www.botek.se\/wp-content\/uploads\/2024\/03\/SKISS_FrontlastareGV-2-768x384.png 768w, https:\/\/www.botek.se\/wp-content\/uploads\/2024\/03\/SKISS_FrontlastareGV-2.png 1500w\" \/> <\/div> <div class=\"card__content bw\"> <div class=\"card__content-inner bw mc mc--m\"> <h2>Haarukkavaaka<\/h2><p>Etukuormaajaan. Punnitsee nelipy\u00f6r\u00e4iset j\u00e4teastiat ja kontit. Helppo asentaa sek\u00e4 uutena ett\u00e4 j\u00e4lkiasennuksena.<\/p> <\/div> <svg aria-hidden=\"true\" focusable=\"false\"><use xlink:href=\"#icon-arrow\"><\/use><\/svg> <\/div> <\/a> <\/div><div class=\"card card--style-card\"> <a href=\"https:\/\/www.botek.se\/fi\/produkt\/takalaitanostimen-vaaka\/\"> <div class=\"image ofi-holder\"> <img loading=\"lazy\" decoding=\"async\" width=\"1024\" height=\"512\" src=\"https:\/\/www.botek.se\/wp-content\/uploads\/2024\/03\/SKISS_Bakgavelvag-2-1024x512.png\" class=\"attachment-large size-large\" alt=\"\" sizes=\"auto, (max-width: 500px) 112.5vw, (max-width: 1180px) 37.5vw, 442.5px\" srcset=\"https:\/\/www.botek.se\/wp-content\/uploads\/2024\/03\/SKISS_Bakgavelvag-2-1024x512.png 1024w, https:\/\/www.botek.se\/wp-content\/uploads\/2024\/03\/SKISS_Bakgavelvag-2-300x150.png 300w, https:\/\/www.botek.se\/wp-content\/uploads\/2024\/03\/SKISS_Bakgavelvag-2-768x384.png 768w, https:\/\/www.botek.se\/wp-content\/uploads\/2024\/03\/SKISS_Bakgavelvag-2.png 1500w\" \/> <\/div> <div class=\"card__content bw\"> <div class=\"card__content-inner bw mc mc--m\"> <h2>Takalaitanostimen vaaka<\/h2><p>Kest\u00e4v\u00e4 tasovaaka on integroitu takalaitanostimeen. Turvallinen esimerkiksi vaarallisen j\u00e4tteen ja kaasupullojen ker\u00e4ykseen. <\/p> <\/div> <svg aria-hidden=\"true\" focusable=\"false\"><use xlink:href=\"#icon-arrow\"><\/use><\/svg> <\/div> <\/a> <\/div> <\/div> <\/div>","protected":false},"excerpt":{"rendered":"<p>Kirjaa kuorman lastaus- ja purkupaino<\/p>\n<p>Ajoneuvoon asennettu vaaka tarjoaa monia etuja kuorman lastaus- ja purkupainon kirjaamisen lis\u00e4ksi. Kuljettaja ja toimistohenkil\u00f6kunta tiet\u00e4v\u00e4t [..]<\/p>\n","protected":false},"author":1,"featured_media":0,"parent":4920,"menu_order":0,"comment_status":"closed","ping_status":"closed","template":"","meta":{"_acf_changed":false,"footnotes":""},"class_list":["post-4809","page","type-page","status-publish","hentry"],"acf":[],"yoast_head":"<!-- This site is optimized with the Yoast SEO plugin v27.3 - https:\/\/yoast.com\/product\/yoast-seo-wordpress\/ -->\n<title>Ajoneuvoon asennetut vaa\u2019at - Botek<\/title>\n<meta name=\"robots\" content=\"index, follow, max-snippet:-1, max-image-preview:large, max-video-preview:-1\" \/>\n<link rel=\"canonical\" href=\"https:\/\/www.botek.se\/fi\/tuotteet\/ajoneuvoon-asennetut-vaaat\/\" \/>\n<meta property=\"og:locale\" content=\"fi_FI\" \/>\n<meta property=\"og:type\" content=\"article\" \/>\n<meta property=\"og:title\" content=\"Ajoneuvoon asennetut vaa\u2019at - Botek\" \/>\n<meta property=\"og:description\" content=\"Kirjaa kuorman lastaus- ja purkupaino  Ajoneuvoon asennettu vaaka tarjoaa monia etuja kuorman lastaus- ja purkupainon kirjaamisen lis\u00e4ksi. Kuljettaja ja toimistohenkil\u00f6kunta tiet\u00e4v\u00e4t [..]\" \/>\n<meta property=\"og:url\" content=\"https:\/\/www.botek.se\/fi\/tuotteet\/ajoneuvoon-asennetut-vaaat\/\" \/>\n<meta property=\"og:site_name\" content=\"Botek\" \/>\n<meta property=\"article:publisher\" content=\"https:\/\/www.facebook.com\/BotekSystems\/\" \/>\n<meta property=\"article:modified_time\" content=\"2026-03-19T13:57:58+00:00\" \/>\n<meta name=\"twitter:card\" content=\"summary_large_image\" \/>\n<meta name=\"twitter:label1\" content=\"Arvioitu lukuaika\" \/>\n\t<meta name=\"twitter:data1\" content=\"1 minuutti\" \/>\n<script type=\"application\/ld+json\" class=\"yoast-schema-graph\">{\"@context\":\"https:\\\/\\\/schema.org\",\"@graph\":[{\"@type\":\"WebPage\",\"@id\":\"https:\\\/\\\/www.botek.se\\\/fi\\\/tuotteet\\\/ajoneuvoon-asennetut-vaaat\\\/\",\"url\":\"https:\\\/\\\/www.botek.se\\\/fi\\\/tuotteet\\\/ajoneuvoon-asennetut-vaaat\\\/\",\"name\":\"Ajoneuvoon asennetut vaa\u2019at - Botek\",\"isPartOf\":{\"@id\":\"https:\\\/\\\/www.botek.se\\\/#website\"},\"datePublished\":\"2023-03-22T09:26:30+00:00\",\"dateModified\":\"2026-03-19T13:57:58+00:00\",\"breadcrumb\":{\"@id\":\"https:\\\/\\\/www.botek.se\\\/fi\\\/tuotteet\\\/ajoneuvoon-asennetut-vaaat\\\/#breadcrumb\"},\"inLanguage\":\"fi\",\"potentialAction\":[{\"@type\":\"ReadAction\",\"target\":[\"https:\\\/\\\/www.botek.se\\\/fi\\\/tuotteet\\\/ajoneuvoon-asennetut-vaaat\\\/\"]}]},{\"@type\":\"BreadcrumbList\",\"@id\":\"https:\\\/\\\/www.botek.se\\\/fi\\\/tuotteet\\\/ajoneuvoon-asennetut-vaaat\\\/#breadcrumb\",\"itemListElement\":[{\"@type\":\"ListItem\",\"position\":1,\"name\":\"Etusivu\",\"item\":\"https:\\\/\\\/www.botek.se\\\/fi\\\/\"},{\"@type\":\"ListItem\",\"position\":2,\"name\":\"Tuotteet\",\"item\":\"https:\\\/\\\/www.botek.se\\\/fi\\\/tuotteet\\\/\"},{\"@type\":\"ListItem\",\"position\":3,\"name\":\"Ajoneuvoon asennetut vaa\u2019at\"}]},{\"@type\":\"WebSite\",\"@id\":\"https:\\\/\\\/www.botek.se\\\/#website\",\"url\":\"https:\\\/\\\/www.botek.se\\\/\",\"name\":\"Botek\",\"description\":\"\",\"publisher\":{\"@id\":\"https:\\\/\\\/www.botek.se\\\/#organization\"},\"potentialAction\":[{\"@type\":\"SearchAction\",\"target\":{\"@type\":\"EntryPoint\",\"urlTemplate\":\"https:\\\/\\\/www.botek.se\\\/?s={search_term_string}\"},\"query-input\":{\"@type\":\"PropertyValueSpecification\",\"valueRequired\":true,\"valueName\":\"search_term_string\"}}],\"inLanguage\":\"fi\"},{\"@type\":\"Organization\",\"@id\":\"https:\\\/\\\/www.botek.se\\\/#organization\",\"name\":\"Botek\",\"url\":\"https:\\\/\\\/www.botek.se\\\/\",\"logo\":{\"@type\":\"ImageObject\",\"inLanguage\":\"fi\",\"@id\":\"https:\\\/\\\/www.botek.se\\\/#\\\/schema\\\/logo\\\/image\\\/\",\"url\":\"https:\\\/\\\/www.botek.se\\\/wp-content\\\/uploads\\\/2023\\\/05\\\/logo.png\",\"contentUrl\":\"https:\\\/\\\/www.botek.se\\\/wp-content\\\/uploads\\\/2023\\\/05\\\/logo.png\",\"width\":594,\"height\":140,\"caption\":\"Botek\"},\"image\":{\"@id\":\"https:\\\/\\\/www.botek.se\\\/#\\\/schema\\\/logo\\\/image\\\/\"},\"sameAs\":[\"https:\\\/\\\/www.facebook.com\\\/BotekSystems\\\/\",\"https:\\\/\\\/www.linkedin.com\\\/company\\\/botek-systems-ab\\\/\",\"https:\\\/\\\/www.instagram.com\\\/boteksystemsab\\\/\"]}]}<\/script>\n<!-- \/ Yoast SEO plugin. -->","yoast_head_json":{"title":"Ajoneuvoon asennetut vaa\u2019at - Botek","robots":{"index":"index","follow":"follow","max-snippet":"max-snippet:-1","max-image-preview":"max-image-preview:large","max-video-preview":"max-video-preview:-1"},"canonical":"https:\/\/www.botek.se\/fi\/tuotteet\/ajoneuvoon-asennetut-vaaat\/","og_locale":"fi_FI","og_type":"article","og_title":"Ajoneuvoon asennetut vaa\u2019at - Botek","og_description":"Kirjaa kuorman lastaus- ja purkupaino  Ajoneuvoon asennettu vaaka tarjoaa monia etuja kuorman lastaus- ja purkupainon kirjaamisen lis\u00e4ksi. Kuljettaja ja toimistohenkil\u00f6kunta tiet\u00e4v\u00e4t [..]","og_url":"https:\/\/www.botek.se\/fi\/tuotteet\/ajoneuvoon-asennetut-vaaat\/","og_site_name":"Botek","article_publisher":"https:\/\/www.facebook.com\/BotekSystems\/","article_modified_time":"2026-03-19T13:57:58+00:00","twitter_card":"summary_large_image","twitter_misc":{"Arvioitu lukuaika":"1 minuutti"},"schema":{"@context":"https:\/\/schema.org","@graph":[{"@type":"WebPage","@id":"https:\/\/www.botek.se\/fi\/tuotteet\/ajoneuvoon-asennetut-vaaat\/","url":"https:\/\/www.botek.se\/fi\/tuotteet\/ajoneuvoon-asennetut-vaaat\/","name":"Ajoneuvoon asennetut vaa\u2019at - Botek","isPartOf":{"@id":"https:\/\/www.botek.se\/#website"},"datePublished":"2023-03-22T09:26:30+00:00","dateModified":"2026-03-19T13:57:58+00:00","breadcrumb":{"@id":"https:\/\/www.botek.se\/fi\/tuotteet\/ajoneuvoon-asennetut-vaaat\/#breadcrumb"},"inLanguage":"fi","potentialAction":[{"@type":"ReadAction","target":["https:\/\/www.botek.se\/fi\/tuotteet\/ajoneuvoon-asennetut-vaaat\/"]}]},{"@type":"BreadcrumbList","@id":"https:\/\/www.botek.se\/fi\/tuotteet\/ajoneuvoon-asennetut-vaaat\/#breadcrumb","itemListElement":[{"@type":"ListItem","position":1,"name":"Etusivu","item":"https:\/\/www.botek.se\/fi\/"},{"@type":"ListItem","position":2,"name":"Tuotteet","item":"https:\/\/www.botek.se\/fi\/tuotteet\/"},{"@type":"ListItem","position":3,"name":"Ajoneuvoon asennetut vaa\u2019at"}]},{"@type":"WebSite","@id":"https:\/\/www.botek.se\/#website","url":"https:\/\/www.botek.se\/","name":"Botek","description":"","publisher":{"@id":"https:\/\/www.botek.se\/#organization"},"potentialAction":[{"@type":"SearchAction","target":{"@type":"EntryPoint","urlTemplate":"https:\/\/www.botek.se\/?s={search_term_string}"},"query-input":{"@type":"PropertyValueSpecification","valueRequired":true,"valueName":"search_term_string"}}],"inLanguage":"fi"},{"@type":"Organization","@id":"https:\/\/www.botek.se\/#organization","name":"Botek","url":"https:\/\/www.botek.se\/","logo":{"@type":"ImageObject","inLanguage":"fi","@id":"https:\/\/www.botek.se\/#\/schema\/logo\/image\/","url":"https:\/\/www.botek.se\/wp-content\/uploads\/2023\/05\/logo.png","contentUrl":"https:\/\/www.botek.se\/wp-content\/uploads\/2023\/05\/logo.png","width":594,"height":140,"caption":"Botek"},"image":{"@id":"https:\/\/www.botek.se\/#\/schema\/logo\/image\/"},"sameAs":["https:\/\/www.facebook.com\/BotekSystems\/","https:\/\/www.linkedin.com\/company\/botek-systems-ab\/","https:\/\/www.instagram.com\/boteksystemsab\/"]}]}},"_links":{"self":[{"href":"https:\/\/www.botek.se\/fi\/wp-json\/wp\/v2\/pages\/4809","targetHints":{"allow":["GET"]}}],"collection":[{"href":"https:\/\/www.botek.se\/fi\/wp-json\/wp\/v2\/pages"}],"about":[{"href":"https:\/\/www.botek.se\/fi\/wp-json\/wp\/v2\/types\/page"}],"author":[{"embeddable":true,"href":"https:\/\/www.botek.se\/fi\/wp-json\/wp\/v2\/users\/1"}],"replies":[{"embeddable":true,"href":"https:\/\/www.botek.se\/fi\/wp-json\/wp\/v2\/comments?post=4809"}],"version-history":[{"count":3,"href":"https:\/\/www.botek.se\/fi\/wp-json\/wp\/v2\/pages\/4809\/revisions"}],"predecessor-version":[{"id":5192,"href":"https:\/\/www.botek.se\/fi\/wp-json\/wp\/v2\/pages\/4809\/revisions\/5192"}],"up":[{"embeddable":true,"href":"https:\/\/www.botek.se\/fi\/wp-json\/wp\/v2\/pages\/4920"}],"wp:attachment":[{"href":"https:\/\/www.botek.se\/fi\/wp-json\/wp\/v2\/media?parent=4809"}],"curies":[{"name":"wp","href":"https:\/\/api.w.org\/{rel}","templated":true}]}}