{"id":2420,"date":"2023-05-10T13:08:25","date_gmt":"2023-05-10T11:08:25","guid":{"rendered":"https:\/\/www.botek.se\/kunskap\/vaga-for-statistik-3\/"},"modified":"2024-04-04T09:06:02","modified_gmt":"2024-04-04T07:06:02","slug":"standards-and-requirements","status":"publish","type":"page","link":"https:\/\/www.botek.se\/en\/knowledge\/standards-and-requirements\/","title":{"rendered":"Standards and requirements"},"content":{"rendered":"<div class=\"hero lw lw--fw hero--image\"><div class=\"hero__container\"><div class=\"image ofi-holder\"> <img loading=\"lazy\" decoding=\"async\" width=\"2048\" height=\"1365\" src=\"https:\/\/www.botek.se\/wp-content\/uploads\/2023\/05\/S7A1139.jpg\" class=\"attachment-full size-full\" alt=\"\" sizes=\"auto, (max-width: 500px) 112.52747252747vw, 100vw\" srcset=\"https:\/\/www.botek.se\/wp-content\/uploads\/2023\/05\/S7A1139.jpg 2048w, https:\/\/www.botek.se\/wp-content\/uploads\/2023\/05\/S7A1139-300x200.jpg 300w, https:\/\/www.botek.se\/wp-content\/uploads\/2023\/05\/S7A1139-1024x683.jpg 1024w, https:\/\/www.botek.se\/wp-content\/uploads\/2023\/05\/S7A1139-768x512.jpg 768w, https:\/\/www.botek.se\/wp-content\/uploads\/2023\/05\/S7A1139-1536x1024.jpg 1536w\" \/> <\/div><\/div><\/div><nav class=\"breadcrumbs bw--lw\"><ul class=\"crumbs lw lw--mw-cntnt-pd\"><li><a href=\"https:\/\/www.botek.se\/en\/\">Home<\/a><\/li><\/ul><\/nav>\n\n<div class=\"container lw lw--mw-txt-left bw\"><div class=\"container__inner bw\">\n<div class=\"page-intro lw lw--mw-cntnt-pd\"> <div class=\"page-intro__inner\"> <h1>STANDARDS AND REQUIREMENTS<\/h1><div class=\"preamble\"><p>There are a number of standards created to define minimum requirements for equipment related to waste management, recording and weighing. These standards are there to improve quality and simplify procurements. Specify that the equipment shall comply to EN 14803:2020 and you can be sure that the RFID recording equipment will be of high quality. For automatic scales, you should also require that they comply to MID 2004\/22\/EC, and for non-automatic scales NAWI 2014\/31\/EU<\/p><\/div> <\/div> <\/div>\n\n<div class=\"call-to-action-row lw lw--mw-cntnt-pd\"><a href=\"https:\/\/www.botek.se\/wp-content\/uploads\/2024\/04\/Infografic_standards_and_requirements_eng.pdf\" class=\"button button--primary\">Download material<\/a><\/div>\n<\/div><\/div>\n\n<div class=\"hammer lw lw--mw-cntnt-pd hammer--image\"> <div class=\"hammer__inner\"> <div class=\"hammer__head\"> <div class=\"image ofi-holder hammer__image\"> <img decoding=\"async\" class=\"lazy-image-full js-lazy-image\" src=\"\" data-src=\"https:\/\/www.botek.se\/wp-content\/uploads\/2023\/05\/tomningsregistrering.jpg\" data-srcset=\"https:\/\/www.botek.se\/wp-content\/uploads\/2023\/05\/tomningsregistrering.jpg 675w, https:\/\/www.botek.se\/wp-content\/uploads\/2023\/05\/tomningsregistrering-300x268.jpg 300w\" sizes=\"(max-width: 500px) 100vw, (max-width: 1180px) 50vw, 590px\" alt=\"\"\/><img decoding=\"async\" class=\"lazy-image-preview lazy-image-preview--lazy-not-loaded js-preview-image\" src=\"https:\/\/www.botek.se\/wp-content\/uploads\/2023\/05\/tomningsregistrering-150x150.jpg\" alt=\"\"\/> <\/div> <\/div> <div class=\"hammer__handle\"> <div class=\"hammer__handle-inner bw\"> \n\n<h3 class=\"wp-block-heading\">Standard for identification and recording of waste collection:<\/h3>\n\n\n\n<p>EN 14803:2020<\/p>\n\n <\/div> <\/div> <\/div> <\/div>\n\n<div class=\"hammer is-style-head-left lw lw--mw-cntnt-pd hammer--image\"> <div class=\"hammer__inner\"> <div class=\"hammer__head\"> <div class=\"image ofi-holder hammer__image\"> <img decoding=\"async\" class=\"lazy-image-full js-lazy-image\" src=\"\" data-src=\"https:\/\/www.botek.se\/wp-content\/uploads\/2023\/05\/automatiska-vagar.jpg\" data-srcset=\"https:\/\/www.botek.se\/wp-content\/uploads\/2023\/05\/automatiska-vagar.jpg 675w, https:\/\/www.botek.se\/wp-content\/uploads\/2023\/05\/automatiska-vagar-300x268.jpg 300w\" sizes=\"(max-width: 500px) 100vw, (max-width: 1180px) 50vw, 590px\" alt=\"\"\/><img decoding=\"async\" class=\"lazy-image-preview lazy-image-preview--lazy-not-loaded js-preview-image\" src=\"https:\/\/www.botek.se\/wp-content\/uploads\/2023\/05\/automatiska-vagar-150x150.jpg\" alt=\"\"\/> <\/div> <\/div> <div class=\"hammer__handle\"> <div class=\"hammer__handle-inner bw\"> \n\n<h3 class=\"wp-block-heading\">Requirements for automatic scales:<\/h3>\n\n\n\n<p>STAFS 2016:7 &amp; STAFS 2007:1<\/p>\n\n <\/div> <\/div> <\/div> <\/div>\n\n<div class=\"hammer lw lw--mw-cntnt-pd hammer--image\"> <div class=\"hammer__inner\"> <div class=\"hammer__head\"> <div class=\"image ofi-holder hammer__image\"> <img decoding=\"async\" class=\"lazy-image-full js-lazy-image\" src=\"\" data-src=\"https:\/\/www.botek.se\/wp-content\/uploads\/2023\/05\/icke-automatiska-vagar.jpg\" data-srcset=\"https:\/\/www.botek.se\/wp-content\/uploads\/2023\/05\/icke-automatiska-vagar.jpg 675w, https:\/\/www.botek.se\/wp-content\/uploads\/2023\/05\/icke-automatiska-vagar-300x268.jpg 300w\" sizes=\"(max-width: 500px) 100vw, (max-width: 1180px) 50vw, 590px\" alt=\"\"\/><img decoding=\"async\" class=\"lazy-image-preview lazy-image-preview--lazy-not-loaded js-preview-image\" src=\"https:\/\/www.botek.se\/wp-content\/uploads\/2023\/05\/icke-automatiska-vagar-150x150.jpg\" alt=\"\"\/> <\/div> <\/div> <div class=\"hammer__handle\"> <div class=\"hammer__handle-inner bw\"> \n\n<h3 class=\"wp-block-heading\">Requirements for non-automatic scales:<\/h3>\n\n\n\n<p>STAFS 2016:12 &amp; STAFS 2007:19<\/p>\n\n <\/div> <\/div> <\/div> <\/div>\n\n<div class=\"container lw lw--mw-txt-left bw\"><div class=\"container__inner bw\">\n\n<p><strong>EN 14803:2020<\/strong><br>A European standard was established in 2006 for identifying and\/or determination of waste volumes; EN 14803:2020. The purpose of the standard is to define general requirements for the equipment used in the whole process of collection, devices on the bin, reading equipment, vehicle computer and the administrative system in the office.<\/p>\n\n\n\n<p>The standard also imposes requirements on the position of the RFID tag on the bin to ensure secure communication with the RFID-reader on the vehicle. Other standardized requirements are minimum operating temperature for the equipment and the possibility to automatically report errors and defectives.<\/p>\n\n\n\n<p>In a procurement of waste management services that include weighing and collection recording, the specification should always state that the equipment must comply with standard EN 14803:2020.<\/p>\n\n\n\n<p><\/p>\n\n\n\n<figure class=\"wp-block-image size-large lw lw--mw-txt\"><img loading=\"lazy\" decoding=\"async\" width=\"1024\" height=\"683\" src=\"https:\/\/www.botek.se\/wp-content\/uploads\/2023\/05\/S7A0985-1024x683.jpg\" alt=\"\" class=\"wp-image-1856\" srcset=\"https:\/\/www.botek.se\/wp-content\/uploads\/2023\/05\/S7A0985-1024x683.jpg 1024w, https:\/\/www.botek.se\/wp-content\/uploads\/2023\/05\/S7A0985-300x200.jpg 300w, https:\/\/www.botek.se\/wp-content\/uploads\/2023\/05\/S7A0985-768x512.jpg 768w, https:\/\/www.botek.se\/wp-content\/uploads\/2023\/05\/S7A0985-1536x1024.jpg 1536w, https:\/\/www.botek.se\/wp-content\/uploads\/2023\/05\/S7A0985.jpg 2048w\" sizes=\"auto, (max-width: 1024px) 100vw, 1024px\" \/><\/figure>\n\n\n\n<p><strong>AUTOMATIC CATCH-WEIGHING INSTRUMENTS \u2013 MID 2004\/22\/EC<\/strong><br>A measuring instrument that, without the help of an operator, determines the volume is classified as an automatic scale, or automatic catch-weighing instrument. The European legislation for automatic scales is called MID 2004\/22\/EC. Type approval is needed for verification of scales, which is a legal requirement for commercial use of the scale.<\/p>\n\n\n\n<p>Vehicle mounted scales for weighing bins directly on the lifter and dynamically, i.e. during the lift cycle without interruption is classified as automatic scales. To be able to use the scale for billing, it needs to be approved&nbsp;and the installed scale must be verified by a notified body before use.<\/p>\n\n\n\n<p>The most common accuracy requirement for automatic scales is class Y(b), which means that the minimum accuracy is maximum 1 kg. According to Swedish organization for waste &#8220;Avfall Sverige&#8221; an automatic scale should have an accuracy of \u00b1 0,5 kg for weights between 0 and 50 kg, and \u00b1 1 kg for weights of \u2265 50 kg. There is also municipalities in Sweden, e.g. the municipality of Stockholm, which have increased the demand of 0,5 kg accuracy on weights from 0 to 300 kg.<\/p>\n\n\n\n<p>Verification is a process where a notified body verify the performance of the scale according to the provided information in the type approval. If approved, a verification certificate is issued and the scale is sealed. A verification is temporary and can only be done by a notified body.<\/p>\n\n\n\n<p>Verifiering och \u00e5terkommande kontroll ska f\u00f6lja standarder; *STAFS 2016:7 &#8220;F\u00f6reskrifter om automatiska v\u00e5gar&#8221; samt *STAFS 2007:1 &#8220;f\u00f6reskrifter om \u00e5terkommande kontroll av automatiska v\u00e5gar&#8221;.<\/p>\n\n\n\n<p>*<em>STAFS st\u00e5r f\u00f6r Styrelsen f\u00f6r ackreditering och teknisk kontrolls (SWEDAC) f\u00f6rfattningssamling.<\/em><\/p>\n\n\n\n<p><\/p>\n\n\n\n<p><strong>NON-AUTOMATIC SCALES \u2013 NAWI 2014\/31\/EU<\/strong><br>A non-automatic scale is a measuring instrument that requires involvement of an operator when weighing. The regulations for non-automatic scales in Europe is called NAWI 2014\/31\/EU. A type approved scale means that the make and model of the scale complies with the prescribed requirements in NAWI 2014\/31\/EU. Type approval is needed for verification of scales, which is a legal requirement for commercial use of the scale.<\/p>\n\n\n\n<p>Vehicle-mounted chassis scales for weighing of containers and underground bins are classified as non-automatic scales. To be able to use the scale for billing, it needs to be approved according to NAWI 2017\/31\/EU and the installed scale must be verified by a notified body before use.<\/p>\n\n\n\n<p>The most common accuracy requirement on chassis scales is class IIII, which means minimum accuracy of 10 kg for weights up to 5 000 kg and 20 kg for weights up to 10 000 kg.<\/p>\n\n\n\n<p>Verification is a process where a notified body verify the performance of the scale according to the provided information in the type approval. If approved, a verification certificate is issued and the scale is sealed. A verification is temporary and can only be done by a notified body.<\/p>\n\n\n\n<p>Scales in use are regularly checked via re-verifications, to ensure the scale is still performing within the tolerance range. National legislations determine how often a scale should be re-verified. In Sweden, all non-automatic scales must be re-verified each year.<\/p>\n\n\n\n<p>Vehicle-mounted non-automatic scales should follow the standards; *STAFS 2016:12 &#8220;Regulations and general advise about non-automatic scales&#8221; and *STAFS 2007:19&#8243; about recurring inspection of non-automatic scales&#8221;.<\/p>\n\n\n\n<p><em>*Those STAF&#8217;s are based on OIML R76. STAFS is an abbreviation for &#8220;Swedish Board for Accreditation and Conformity Assessment regulations&#8221;.<\/em><\/p>\n\n<\/div><\/div>","protected":false},"excerpt":{"rendered":"<p>Standard for identification and recording of waste collection:<\/p>\n<p>EN 14803:2020<\/p>\n<p>Requirements for automatic scales:<\/p>\n<p>STAFS 2016:7 &amp; STAFS 2007:1<\/p>\n<p>Requirements for non-automatic scales:<\/p>\n<p>STAFS 2016:12 [..]<\/p>\n","protected":false},"author":1,"featured_media":0,"parent":2414,"menu_order":0,"comment_status":"closed","ping_status":"closed","template":"","meta":{"_acf_changed":false,"footnotes":""},"class_list":["post-2420","page","type-page","status-publish","hentry"],"acf":[],"yoast_head":"<!-- This site is optimized with the Yoast SEO plugin v27.3 - https:\/\/yoast.com\/product\/yoast-seo-wordpress\/ -->\n<title>Standards and requirements - Botek<\/title>\n<meta name=\"robots\" content=\"index, follow, max-snippet:-1, max-image-preview:large, max-video-preview:-1\" \/>\n<link rel=\"canonical\" href=\"https:\/\/www.botek.se\/en\/knowledge\/standards-and-requirements\/\" \/>\n<meta property=\"og:locale\" content=\"en_US\" \/>\n<meta property=\"og:type\" content=\"article\" \/>\n<meta property=\"og:title\" content=\"Standards and requirements - Botek\" \/>\n<meta property=\"og:description\" content=\"Standard for identification and recording of waste collection:  EN 14803:2020   Requirements for automatic scales:  STAFS 2016:7 &amp; STAFS 2007:1   Requirements for non-automatic scales:  STAFS 2016:12 [..]\" \/>\n<meta property=\"og:url\" content=\"https:\/\/www.botek.se\/en\/knowledge\/standards-and-requirements\/\" \/>\n<meta property=\"og:site_name\" content=\"Botek\" \/>\n<meta property=\"article:publisher\" content=\"https:\/\/www.facebook.com\/BotekSystems\/\" \/>\n<meta property=\"article:modified_time\" content=\"2024-04-04T07:06:02+00:00\" \/>\n<meta property=\"og:image\" content=\"https:\/\/www.botek.se\/wp-content\/uploads\/2023\/05\/S7A0985-1024x683.jpg\" \/>\n<meta name=\"twitter:card\" content=\"summary_large_image\" \/>\n<meta name=\"twitter:label1\" content=\"Est. reading time\" \/>\n\t<meta name=\"twitter:data1\" content=\"4 minutes\" \/>\n<script type=\"application\/ld+json\" class=\"yoast-schema-graph\">{\"@context\":\"https:\\\/\\\/schema.org\",\"@graph\":[{\"@type\":\"WebPage\",\"@id\":\"https:\\\/\\\/www.botek.se\\\/en\\\/knowledge\\\/standards-and-requirements\\\/\",\"url\":\"https:\\\/\\\/www.botek.se\\\/en\\\/knowledge\\\/standards-and-requirements\\\/\",\"name\":\"Standards and requirements - Botek\",\"isPartOf\":{\"@id\":\"https:\\\/\\\/www.botek.se\\\/#website\"},\"primaryImageOfPage\":{\"@id\":\"https:\\\/\\\/www.botek.se\\\/en\\\/knowledge\\\/standards-and-requirements\\\/#primaryimage\"},\"image\":{\"@id\":\"https:\\\/\\\/www.botek.se\\\/en\\\/knowledge\\\/standards-and-requirements\\\/#primaryimage\"},\"thumbnailUrl\":\"https:\\\/\\\/www.botek.se\\\/wp-content\\\/uploads\\\/2023\\\/05\\\/S7A0985-1024x683.jpg\",\"datePublished\":\"2023-05-10T11:08:25+00:00\",\"dateModified\":\"2024-04-04T07:06:02+00:00\",\"breadcrumb\":{\"@id\":\"https:\\\/\\\/www.botek.se\\\/en\\\/knowledge\\\/standards-and-requirements\\\/#breadcrumb\"},\"inLanguage\":\"en-US\",\"potentialAction\":[{\"@type\":\"ReadAction\",\"target\":[\"https:\\\/\\\/www.botek.se\\\/en\\\/knowledge\\\/standards-and-requirements\\\/\"]}]},{\"@type\":\"ImageObject\",\"inLanguage\":\"en-US\",\"@id\":\"https:\\\/\\\/www.botek.se\\\/en\\\/knowledge\\\/standards-and-requirements\\\/#primaryimage\",\"url\":\"https:\\\/\\\/www.botek.se\\\/wp-content\\\/uploads\\\/2023\\\/05\\\/S7A0985-1024x683.jpg\",\"contentUrl\":\"https:\\\/\\\/www.botek.se\\\/wp-content\\\/uploads\\\/2023\\\/05\\\/S7A0985-1024x683.jpg\"},{\"@type\":\"BreadcrumbList\",\"@id\":\"https:\\\/\\\/www.botek.se\\\/en\\\/knowledge\\\/standards-and-requirements\\\/#breadcrumb\",\"itemListElement\":[{\"@type\":\"ListItem\",\"position\":1,\"name\":\"Home\",\"item\":\"https:\\\/\\\/www.botek.se\\\/en\\\/\"},{\"@type\":\"ListItem\",\"position\":2,\"name\":\"Knowledge\",\"item\":\"https:\\\/\\\/www.botek.se\\\/en\\\/knowledge\\\/\"},{\"@type\":\"ListItem\",\"position\":3,\"name\":\"Standards and requirements\"}]},{\"@type\":\"WebSite\",\"@id\":\"https:\\\/\\\/www.botek.se\\\/#website\",\"url\":\"https:\\\/\\\/www.botek.se\\\/\",\"name\":\"Botek\",\"description\":\"\",\"publisher\":{\"@id\":\"https:\\\/\\\/www.botek.se\\\/#organization\"},\"potentialAction\":[{\"@type\":\"SearchAction\",\"target\":{\"@type\":\"EntryPoint\",\"urlTemplate\":\"https:\\\/\\\/www.botek.se\\\/?s={search_term_string}\"},\"query-input\":{\"@type\":\"PropertyValueSpecification\",\"valueRequired\":true,\"valueName\":\"search_term_string\"}}],\"inLanguage\":\"en-US\"},{\"@type\":\"Organization\",\"@id\":\"https:\\\/\\\/www.botek.se\\\/#organization\",\"name\":\"Botek\",\"url\":\"https:\\\/\\\/www.botek.se\\\/\",\"logo\":{\"@type\":\"ImageObject\",\"inLanguage\":\"en-US\",\"@id\":\"https:\\\/\\\/www.botek.se\\\/#\\\/schema\\\/logo\\\/image\\\/\",\"url\":\"https:\\\/\\\/www.botek.se\\\/wp-content\\\/uploads\\\/2023\\\/05\\\/logo.png\",\"contentUrl\":\"https:\\\/\\\/www.botek.se\\\/wp-content\\\/uploads\\\/2023\\\/05\\\/logo.png\",\"width\":594,\"height\":140,\"caption\":\"Botek\"},\"image\":{\"@id\":\"https:\\\/\\\/www.botek.se\\\/#\\\/schema\\\/logo\\\/image\\\/\"},\"sameAs\":[\"https:\\\/\\\/www.facebook.com\\\/BotekSystems\\\/\",\"https:\\\/\\\/www.linkedin.com\\\/company\\\/botek-systems-ab\\\/\",\"https:\\\/\\\/www.instagram.com\\\/boteksystemsab\\\/\"]}]}<\/script>\n<!-- \/ Yoast SEO plugin. -->","yoast_head_json":{"title":"Standards and requirements - Botek","robots":{"index":"index","follow":"follow","max-snippet":"max-snippet:-1","max-image-preview":"max-image-preview:large","max-video-preview":"max-video-preview:-1"},"canonical":"https:\/\/www.botek.se\/en\/knowledge\/standards-and-requirements\/","og_locale":"en_US","og_type":"article","og_title":"Standards and requirements - Botek","og_description":"Standard for identification and recording of waste collection:  EN 14803:2020   Requirements for automatic scales:  STAFS 2016:7 &amp; STAFS 2007:1   Requirements for non-automatic scales:  STAFS 2016:12 [..]","og_url":"https:\/\/www.botek.se\/en\/knowledge\/standards-and-requirements\/","og_site_name":"Botek","article_publisher":"https:\/\/www.facebook.com\/BotekSystems\/","article_modified_time":"2024-04-04T07:06:02+00:00","og_image":[{"url":"https:\/\/www.botek.se\/wp-content\/uploads\/2023\/05\/S7A0985-1024x683.jpg","type":"","width":"","height":""}],"twitter_card":"summary_large_image","twitter_misc":{"Est. reading time":"4 minutes"},"schema":{"@context":"https:\/\/schema.org","@graph":[{"@type":"WebPage","@id":"https:\/\/www.botek.se\/en\/knowledge\/standards-and-requirements\/","url":"https:\/\/www.botek.se\/en\/knowledge\/standards-and-requirements\/","name":"Standards and requirements - Botek","isPartOf":{"@id":"https:\/\/www.botek.se\/#website"},"primaryImageOfPage":{"@id":"https:\/\/www.botek.se\/en\/knowledge\/standards-and-requirements\/#primaryimage"},"image":{"@id":"https:\/\/www.botek.se\/en\/knowledge\/standards-and-requirements\/#primaryimage"},"thumbnailUrl":"https:\/\/www.botek.se\/wp-content\/uploads\/2023\/05\/S7A0985-1024x683.jpg","datePublished":"2023-05-10T11:08:25+00:00","dateModified":"2024-04-04T07:06:02+00:00","breadcrumb":{"@id":"https:\/\/www.botek.se\/en\/knowledge\/standards-and-requirements\/#breadcrumb"},"inLanguage":"en-US","potentialAction":[{"@type":"ReadAction","target":["https:\/\/www.botek.se\/en\/knowledge\/standards-and-requirements\/"]}]},{"@type":"ImageObject","inLanguage":"en-US","@id":"https:\/\/www.botek.se\/en\/knowledge\/standards-and-requirements\/#primaryimage","url":"https:\/\/www.botek.se\/wp-content\/uploads\/2023\/05\/S7A0985-1024x683.jpg","contentUrl":"https:\/\/www.botek.se\/wp-content\/uploads\/2023\/05\/S7A0985-1024x683.jpg"},{"@type":"BreadcrumbList","@id":"https:\/\/www.botek.se\/en\/knowledge\/standards-and-requirements\/#breadcrumb","itemListElement":[{"@type":"ListItem","position":1,"name":"Home","item":"https:\/\/www.botek.se\/en\/"},{"@type":"ListItem","position":2,"name":"Knowledge","item":"https:\/\/www.botek.se\/en\/knowledge\/"},{"@type":"ListItem","position":3,"name":"Standards and requirements"}]},{"@type":"WebSite","@id":"https:\/\/www.botek.se\/#website","url":"https:\/\/www.botek.se\/","name":"Botek","description":"","publisher":{"@id":"https:\/\/www.botek.se\/#organization"},"potentialAction":[{"@type":"SearchAction","target":{"@type":"EntryPoint","urlTemplate":"https:\/\/www.botek.se\/?s={search_term_string}"},"query-input":{"@type":"PropertyValueSpecification","valueRequired":true,"valueName":"search_term_string"}}],"inLanguage":"en-US"},{"@type":"Organization","@id":"https:\/\/www.botek.se\/#organization","name":"Botek","url":"https:\/\/www.botek.se\/","logo":{"@type":"ImageObject","inLanguage":"en-US","@id":"https:\/\/www.botek.se\/#\/schema\/logo\/image\/","url":"https:\/\/www.botek.se\/wp-content\/uploads\/2023\/05\/logo.png","contentUrl":"https:\/\/www.botek.se\/wp-content\/uploads\/2023\/05\/logo.png","width":594,"height":140,"caption":"Botek"},"image":{"@id":"https:\/\/www.botek.se\/#\/schema\/logo\/image\/"},"sameAs":["https:\/\/www.facebook.com\/BotekSystems\/","https:\/\/www.linkedin.com\/company\/botek-systems-ab\/","https:\/\/www.instagram.com\/boteksystemsab\/"]}]}},"_links":{"self":[{"href":"https:\/\/www.botek.se\/en\/wp-json\/wp\/v2\/pages\/2420","targetHints":{"allow":["GET"]}}],"collection":[{"href":"https:\/\/www.botek.se\/en\/wp-json\/wp\/v2\/pages"}],"about":[{"href":"https:\/\/www.botek.se\/en\/wp-json\/wp\/v2\/types\/page"}],"author":[{"embeddable":true,"href":"https:\/\/www.botek.se\/en\/wp-json\/wp\/v2\/users\/1"}],"replies":[{"embeddable":true,"href":"https:\/\/www.botek.se\/en\/wp-json\/wp\/v2\/comments?post=2420"}],"version-history":[{"count":11,"href":"https:\/\/www.botek.se\/en\/wp-json\/wp\/v2\/pages\/2420\/revisions"}],"predecessor-version":[{"id":2865,"href":"https:\/\/www.botek.se\/en\/wp-json\/wp\/v2\/pages\/2420\/revisions\/2865"}],"up":[{"embeddable":true,"href":"https:\/\/www.botek.se\/en\/wp-json\/wp\/v2\/pages\/2414"}],"wp:attachment":[{"href":"https:\/\/www.botek.se\/en\/wp-json\/wp\/v2\/media?parent=2420"}],"curies":[{"name":"wp","href":"https:\/\/api.w.org\/{rel}","templated":true}]}}