{"id":2411,"date":"2023-05-04T10:18:17","date_gmt":"2023-05-04T08:18:17","guid":{"rendered":"https:\/\/www.botek.se\/kontakt\/"},"modified":"2026-03-25T19:49:16","modified_gmt":"2026-03-25T18:49:16","slug":"contact","status":"publish","type":"page","link":"https:\/\/www.botek.se\/en\/contact\/","title":{"rendered":"Contact"},"content":{"rendered":"<div class=\"container mc mc--none lw lw--mw-cntnt-pd bw\"><div class=\"container__inner bw\">\n\n<h1 class=\"wp-block-heading\">Contact us<\/h1>\n\n\n\n<p class=\"is-style-preamble\">For general inquiries please contact our service desk<br>by phone: +46 (0)321-530 700 or by email: <\/p>\n\n\n\n<h3 class=\"wp-block-heading\"><a href=\"mailto:info@botek.se\">info@botek.se<\/a><\/h3>\n\n\n\n<p class=\"is-style-preamble\">Do you have a support issue? Visit our service page.<\/p>\n\n\n<div class=\"call-to-action mc mc--xl lw lw--mw-cntnt-pd\"><a href=\"https:\/\/www.botek.se\/en\/service\/\" class=\"button button--primary\">Service<\/a><\/div>\n<\/div><\/div>\n\n\n<div class=\"wp-block-columns lw lw--mw-cntnt-pd is-layout-flex wp-container-core-columns-is-layout-9d6595d7 wp-block-columns-is-layout-flex\">\n<div class=\"wp-block-column lw lw--mw-cntnt-pd bw is-layout-flow wp-block-column-is-layout-flow\">\n<h3 class=\"wp-block-heading\">Australia<\/h3>\n\n\n\n<p><strong>E-MAX (AUST.) PTY LTD<\/strong><br>Factory 1<br>69 Acacia Road<br>Ferntree Gully, VIC<br>AUSTRALIA 3152<\/p>\n\n\n\n<p>+61 1300 850 575<\/p>\n\n\n\n<p><a href=\"https:\/\/www.e-max.com.au\">www.e-max.com.au<\/a><br><a href=\"mailto:info@e-max.com.au\">info@e-max.com.au<\/a><\/p>\n<\/div>\n\n\n\n<div class=\"wp-block-column is-vertically-aligned-top lw lw--mw-cntnt-pd bw is-layout-flow wp-block-column-is-layout-flow\">\n<h3 class=\"wp-block-heading\">Bulgaria<\/h3>\n\n\n\n<p><strong>BM LEASING TRADE AD<\/strong><br>Sofia 1517<br>114 Besarabia str.<br>BULGARIA<\/p>\n\n\n\n<p>+359 879 948 248<\/p>\n\n\n\n<p><a href=\"https:\/\/www.bmleasing-trade.com\">www.bmleasing-trade.com<\/a><br><a href=\"mailto:office@bm-leasing.com\">office@bm-leasing.com<\/a><\/p>\n<\/div>\n\n\n\n<div class=\"wp-block-column is-vertically-aligned-top lw lw--mw-cntnt-pd bw is-layout-flow wp-block-column-is-layout-flow\">\n<h3 class=\"wp-block-heading\">Denmark<\/h3>\n\n\n\n<p class=\"has-text-align-left\"><strong>SCANVAEGT SYSTEMS A\/S<\/strong><br>Johann Gutenbergsvej 5-9<br>8200 Aarhus<br>DENMARK<\/p>\n\n\n\n<p>+45 8678 5500<\/p>\n\n\n\n<p><a href=\"http:\/\/www.scanvaegt.com\/da\/heavy-duty-industry\/produkter\/mobilvejesystemer\/botek-vejesystemer-til-lastbiler\">www.scanvaegt.com<\/a><br><a href=\"mailto:info@scanvaegt.dk\">info@scanvaegt.dk<\/a><\/p>\n<\/div>\n<\/div>\n\n\n\n<div class=\"wp-block-columns lw lw--mw-cntnt-pd is-layout-flex wp-container-core-columns-is-layout-9d6595d7 wp-block-columns-is-layout-flex\">\n<div class=\"wp-block-column lw lw--mw-cntnt-pd bw is-layout-flow wp-block-column-is-layout-flow\">\n<h3 class=\"wp-block-heading\">England<\/h3>\n\n\n\n<p><strong>TRUCK-TECH UK LTD<\/strong><br>Unit J Station Road Business Park<br>Station Road<br>Epworth<br>Doncaster<br>DN9 1JZ<br>ENGLAND<\/p>\n\n\n\n<p>+44 (0)1427 875 800<\/p>\n\n\n\n<p><a href=\"https:\/\/www.truck-techuk.co.uk\">www.truck-techuk.co.uk<\/a><br><a href=\"mailto:info@truck-techuk.co.uk\">info@truck-techuk.co.uk<\/a><\/p>\n<\/div>\n\n\n\n<div class=\"wp-block-column lw lw--mw-cntnt-pd bw is-layout-flow wp-block-column-is-layout-flow\">\n<h3 class=\"wp-block-heading\">Estonia<\/h3>\n\n\n\n<p><strong>ERITEHNIK O\u00dc<\/strong><br>Teemeistri 3a<br>Maardu, 74114<br>ESTONIA<\/p>\n\n\n\n<p>+372 53 466 500<\/p>\n\n\n\n<p><a href=\"https:\/\/www.specialtruck.ee\">www.specialtruck.ee<\/a><br><a href=\"mailto:info@specialtruck.ee\">info@specialtruck.ee<\/a><\/p>\n<\/div>\n\n\n\n<div class=\"wp-block-column lw lw--mw-cntnt-pd bw is-layout-flow wp-block-column-is-layout-flow\">\n<h3 class=\"wp-block-heading\">Iceland<\/h3>\n\n\n\n<p><strong>TAEKNIVIT EHF<\/strong><br>Rofab\u00e6 9<br>110 Reykjav\u00edk<br>ICELAND<\/p>\n\n\n\n<p>+354 568 8600<\/p>\n\n\n\n<p><a href=\"https:\/\/www.taeknivit.is\">www.taeknivit.is<\/a><br><a href=\"mailto:magnus@taeknivit.is\">magnus@taeknivit.is<\/a><\/p>\n<\/div>\n<\/div>\n\n\n\n<div class=\"wp-block-columns lw lw--mw-cntnt-pd is-layout-flex wp-container-core-columns-is-layout-9d6595d7 wp-block-columns-is-layout-flex\">\n<div class=\"wp-block-column lw lw--mw-cntnt-pd bw is-layout-flow wp-block-column-is-layout-flow\">\n<h3 class=\"wp-block-heading\">Latvia<\/h3>\n\n\n\n<p><strong>NEMTEX, SIA<\/strong><br>Sunu iela 9<br>Krustkalni<br>Kekavas novads<br>LV-2111<br>LATVIA<\/p>\n\n\n\n<p>+371 20 212 717<\/p>\n\n\n\n<p><a href=\"https:\/\/www.nemtex.lv\">www.nemtex.lv<\/a><br><a href=\"mailto:ugis@nemtex.lv\">ugis@nemtex.lv<\/a><\/p>\n<\/div>\n\n\n\n<div class=\"wp-block-column lw lw--mw-cntnt-pd bw is-layout-flow wp-block-column-is-layout-flow\">\n<h3 class=\"wp-block-heading\">Lithuania<\/h3>\n\n\n\n<p><strong>UAB VAGLITA<\/strong><br>Kirtim\u0173 g. 59 B , Vilnius<br>Lietuva LT-02244<br>LITHUANIA<\/p>\n\n\n\n<p>+370 685 79194<\/p>\n\n\n\n<p><a href=\"https:\/\/www.vaglita.lt\">www.vaglita.lt<\/a><br><a href=\"mailto:audrius@vaglita.lt\">audrius@vaglita.lt<\/a><\/p>\n<\/div>\n\n\n\n<div class=\"wp-block-column lw lw--mw-cntnt-pd bw is-layout-flow wp-block-column-is-layout-flow\">\n<h3 class=\"wp-block-heading\">Portugal<\/h3>\n\n\n\n<p><strong>SIMOPE\u00c7AS LDA<\/strong><br>Rua Mj. Jo\u00e3o Lu\u00eds de Moura Lt 11<br>1685-650 Fam\u00f5es<br>Odivelas<br>PORTUGAL<\/p>\n\n\n\n<p>+351 214 787 042<\/p>\n\n\n\n<p><a href=\"https:\/\/www.simopecas.com\">www.simopecas.com<\/a><br><a href=\"mailto:contacto@simopecas.com\">contacto@simopecas.com<\/a><\/p>\n<\/div>\n<\/div>\n\n\n\n<div class=\"wp-block-columns mc mc--xl lw lw--mw-cntnt-pd is-layout-flex wp-container-core-columns-is-layout-9d6595d7 wp-block-columns-is-layout-flex\">\n<div class=\"wp-block-column lw lw--mw-cntnt-pd bw is-layout-flow wp-block-column-is-layout-flow\"><\/div>\n\n\n\n<div class=\"wp-block-column lw lw--mw-cntnt-pd bw is-layout-flow wp-block-column-is-layout-flow\"><\/div>\n\n\n\n<div class=\"wp-block-column lw lw--mw-cntnt-pd bw is-layout-flow wp-block-column-is-layout-flow\"><\/div>\n<\/div>\n\n\n\n<h3 class=\"wp-block-heading has-text-align-center mc mc--l lw lw--mw-cntnt-pd\">SWEDISH TEAM<\/h3>\n\n\n<div class=\"employees lw lw--mw-cntnt-pd\"><div class=\"employees__content\"><div class=\"employees__department active\"><div class=\"employees__person\"><div class=\"employees__photo\"><img loading=\"lazy\" decoding=\"async\" width=\"851\" height=\"716\" src=\"https:\/\/www.botek.se\/wp-content\/uploads\/2023\/05\/personal-9.jpg\" class=\"attachment-post-thumbnail size-post-thumbnail wp-post-image\" alt=\"\" srcset=\"https:\/\/www.botek.se\/wp-content\/uploads\/2023\/05\/personal-9.jpg 851w, https:\/\/www.botek.se\/wp-content\/uploads\/2023\/05\/personal-9-300x252.jpg 300w, https:\/\/www.botek.se\/wp-content\/uploads\/2023\/05\/personal-9-768x646.jpg 768w\" sizes=\"auto, (max-width: 851px) 100vw, 851px\" \/><\/div><div class=\"employees__contact\"><span class=\"employees__name\">Anders Axelsson<\/span><span class=\"employees__title\">CEO<\/span><span class=\"employees__email\"><a href=\"mailto:anders.axelsson@botek.se\">anders.axelsson@botek.se<\/a><\/span><\/div><\/div><div class=\"employees__person\"><div class=\"employees__photo\"><img loading=\"lazy\" decoding=\"async\" width=\"851\" height=\"716\" src=\"https:\/\/www.botek.se\/wp-content\/uploads\/2023\/05\/personal-23.jpg\" class=\"attachment-post-thumbnail size-post-thumbnail wp-post-image\" alt=\"\" srcset=\"https:\/\/www.botek.se\/wp-content\/uploads\/2023\/05\/personal-23.jpg 851w, https:\/\/www.botek.se\/wp-content\/uploads\/2023\/05\/personal-23-300x252.jpg 300w, https:\/\/www.botek.se\/wp-content\/uploads\/2023\/05\/personal-23-768x646.jpg 768w\" sizes=\"auto, (max-width: 851px) 100vw, 851px\" \/><\/div><div class=\"employees__contact\"><span class=\"employees__name\">Per Nordenski\u00f6ld<\/span><span class=\"employees__title\">Sales\/Service<\/span><span class=\"employees__email\"><a href=\"mailto:per.nordenskiold@botek.se\">per.nordenskiold@botek.se<\/a><\/span><\/div><\/div><div class=\"employees__person\"><div class=\"employees__photo\"><img loading=\"lazy\" decoding=\"async\" width=\"851\" height=\"716\" src=\"https:\/\/www.botek.se\/wp-content\/uploads\/2023\/05\/personal-40-1.jpg\" class=\"attachment-post-thumbnail size-post-thumbnail wp-post-image\" alt=\"\" srcset=\"https:\/\/www.botek.se\/wp-content\/uploads\/2023\/05\/personal-40-1.jpg 851w, https:\/\/www.botek.se\/wp-content\/uploads\/2023\/05\/personal-40-1-300x252.jpg 300w, https:\/\/www.botek.se\/wp-content\/uploads\/2023\/05\/personal-40-1-768x646.jpg 768w\" sizes=\"auto, (max-width: 851px) 100vw, 851px\" \/><\/div><div class=\"employees__contact\"><span class=\"employees__name\">Tobias Wengbrand<\/span><span class=\"employees__title\">Sales Manager &#8211; Digital Services<\/span><span class=\"employees__email\"><a href=\"mailto:tobias.wengbrand@botek.se\">tobias.wengbrand@botek.se<\/a><\/span><\/div><\/div><div class=\"employees__person\"><div class=\"employees__photo\"><img loading=\"lazy\" decoding=\"async\" width=\"851\" height=\"716\" src=\"https:\/\/www.botek.se\/wp-content\/uploads\/2023\/05\/personal-24.jpg\" class=\"attachment-post-thumbnail size-post-thumbnail wp-post-image\" alt=\"\" srcset=\"https:\/\/www.botek.se\/wp-content\/uploads\/2023\/05\/personal-24.jpg 851w, https:\/\/www.botek.se\/wp-content\/uploads\/2023\/05\/personal-24-300x252.jpg 300w, https:\/\/www.botek.se\/wp-content\/uploads\/2023\/05\/personal-24-768x646.jpg 768w\" sizes=\"auto, (max-width: 851px) 100vw, 851px\" \/><\/div><div class=\"employees__contact\"><span class=\"employees__name\">Martin Abelson<\/span><span class=\"employees__title\">Sales Manager &#8211; Vehicle Systems<\/span><span class=\"employees__email\"><a href=\"mailto:martin.abelson@botek.se\">martin.abelson@botek.se<\/a><\/span><\/div><\/div><div class=\"employees__person\"><div class=\"employees__photo\"><img loading=\"lazy\" decoding=\"async\" width=\"2234\" height=\"1880\" src=\"https:\/\/www.botek.se\/wp-content\/uploads\/2026\/03\/PR.jpg\" class=\"attachment-post-thumbnail size-post-thumbnail wp-post-image\" alt=\"\" srcset=\"https:\/\/www.botek.se\/wp-content\/uploads\/2026\/03\/PR.jpg 2234w, https:\/\/www.botek.se\/wp-content\/uploads\/2026\/03\/PR-300x252.jpg 300w, https:\/\/www.botek.se\/wp-content\/uploads\/2026\/03\/PR-1024x862.jpg 1024w, https:\/\/www.botek.se\/wp-content\/uploads\/2026\/03\/PR-768x646.jpg 768w, https:\/\/www.botek.se\/wp-content\/uploads\/2026\/03\/PR-1536x1293.jpg 1536w, https:\/\/www.botek.se\/wp-content\/uploads\/2026\/03\/PR-2048x1723.jpg 2048w\" sizes=\"auto, (max-width: 2234px) 100vw, 2234px\" \/><\/div><div class=\"employees__contact\"><span class=\"employees__name\">Per Ringstr\u00f6m<\/span><span class=\"employees__title\">Sales &#8211; Vehicle Systems<\/span><span class=\"employees__email\"><a href=\"mailto:per.ringstrom@botek.se\">per.ringstrom@botek.se<\/a><\/span><span class=\"employees__phone\"><a href=\"tel:46321530795\">+46 321-530 795<\/a><\/span><\/div><\/div><div class=\"employees__person\"><div class=\"employees__photo\"><img loading=\"lazy\" decoding=\"async\" width=\"851\" height=\"716\" src=\"https:\/\/www.botek.se\/wp-content\/uploads\/2023\/05\/personal-14.jpg\" class=\"attachment-post-thumbnail size-post-thumbnail wp-post-image\" alt=\"\" srcset=\"https:\/\/www.botek.se\/wp-content\/uploads\/2023\/05\/personal-14.jpg 851w, https:\/\/www.botek.se\/wp-content\/uploads\/2023\/05\/personal-14-300x252.jpg 300w, https:\/\/www.botek.se\/wp-content\/uploads\/2023\/05\/personal-14-768x646.jpg 768w\" sizes=\"auto, (max-width: 851px) 100vw, 851px\" \/><\/div><div class=\"employees__contact\"><span class=\"employees__name\">\u00c5sa Fridh<\/span><span class=\"employees__title\">Sales Support<\/span><span class=\"employees__email\"><a href=\"mailto:asa.fridh@botek.se\">asa.fridh@botek.se<\/a><\/span><\/div><\/div><\/div><\/div><\/div>\n\n<div class=\"container lw lw--mw-cntnt-pd bw\"><div class=\"container__inner bw\">\n\n<p><iframe loading=\"lazy\" src=\"https:\/\/www.google.com\/maps\/embed?pb=!1m14!1m8!1m3!1d8503.327396914454!2d13.4636011!3d57.8042032!3m2!1i1024!2i768!4f13.1!3m3!1m2!1s0x0%3A0x8eaeea1a7de69d28!2sBotek+Systems+AB!5e0!3m2!1ssv!2sse!4v1526989009699\" width=\"100%\" height=\"450\" frameborder=\"0\" style=\"border:0\" allowfullscreen=\"\"><\/iframe>\n<\/p>\n\n<\/div><\/div>\n\n<div class=\"container lw lw--mw-cntnt-pd bw\"><div class=\"container__inner bw\">\n\n<p><iframe loading=\"lazy\" src=\"https:\/\/www.google.com\/maps\/embed?pb=!1m18!1m12!1m3!1d4823.2283868687355!2d17.833143286870627!3d59.45112314826581!2m3!1f0!2f0!3f0!3m2!1i1024!2i768!4f13.1!3m3!1m2!1s0x465fa1f6e83ab8a3%3A0xb957488fcdb604e6!2sBotek+AB!5e0!3m2!1ssv!2sse!4v1550737262599\" width=\"100%\" height=\"450\" frameborder=\"0\" style=\"border:0\" allowfullscreen=\"\"><\/iframe>\n<\/p>\n\n<\/div><\/div>","protected":false},"excerpt":{"rendered":"<p>Australia E-MAX (AUST.) PTY LTDFactory 169 Acacia RoadFerntree Gully, VICAUSTRALIA 3152 +61 1300 850 575 www.e-max.com.auinfo@e-max.com.au Bulgaria BM LEASING TRADE ADSofia 1517114 Besarabia str.BULGARIA +359 [&hellip;]<\/p>\n","protected":false},"author":1,"featured_media":0,"parent":0,"menu_order":0,"comment_status":"closed","ping_status":"closed","template":"","meta":{"_acf_changed":false,"footnotes":""},"class_list":["post-2411","page","type-page","status-publish","hentry"],"acf":[],"yoast_head":"<!-- This site is optimized with the Yoast SEO plugin v27.3 - https:\/\/yoast.com\/product\/yoast-seo-wordpress\/ -->\n<title>Contact - Botek<\/title>\n<meta name=\"robots\" content=\"index, follow, max-snippet:-1, max-image-preview:large, max-video-preview:-1\" \/>\n<link rel=\"canonical\" href=\"https:\/\/www.botek.se\/en\/contact\/\" \/>\n<meta property=\"og:locale\" content=\"en_US\" \/>\n<meta property=\"og:type\" content=\"article\" \/>\n<meta property=\"og:title\" content=\"Contact - Botek\" \/>\n<meta property=\"og:description\" content=\"Australia E-MAX (AUST.) PTY LTDFactory 169 Acacia RoadFerntree Gully, VICAUSTRALIA 3152 +61 1300 850 575 www.e-max.com.auinfo@e-max.com.au Bulgaria BM LEASING TRADE ADSofia 1517114 Besarabia str.BULGARIA +359 [&hellip;]\" \/>\n<meta property=\"og:url\" content=\"https:\/\/www.botek.se\/en\/contact\/\" \/>\n<meta property=\"og:site_name\" content=\"Botek\" \/>\n<meta property=\"article:publisher\" content=\"https:\/\/www.facebook.com\/BotekSystems\/\" \/>\n<meta property=\"article:modified_time\" content=\"2026-03-25T18:49:16+00:00\" \/>\n<meta name=\"twitter:card\" content=\"summary_large_image\" \/>\n<meta name=\"twitter:label1\" content=\"Est. reading time\" \/>\n\t<meta name=\"twitter:data1\" content=\"1 minute\" \/>\n<script type=\"application\/ld+json\" class=\"yoast-schema-graph\">{\"@context\":\"https:\\\/\\\/schema.org\",\"@graph\":[{\"@type\":\"WebPage\",\"@id\":\"https:\\\/\\\/www.botek.se\\\/en\\\/contact\\\/\",\"url\":\"https:\\\/\\\/www.botek.se\\\/en\\\/contact\\\/\",\"name\":\"Contact - Botek\",\"isPartOf\":{\"@id\":\"https:\\\/\\\/www.botek.se\\\/#website\"},\"datePublished\":\"2023-05-04T08:18:17+00:00\",\"dateModified\":\"2026-03-25T18:49:16+00:00\",\"breadcrumb\":{\"@id\":\"https:\\\/\\\/www.botek.se\\\/en\\\/contact\\\/#breadcrumb\"},\"inLanguage\":\"en-US\",\"potentialAction\":[{\"@type\":\"ReadAction\",\"target\":[\"https:\\\/\\\/www.botek.se\\\/en\\\/contact\\\/\"]}]},{\"@type\":\"BreadcrumbList\",\"@id\":\"https:\\\/\\\/www.botek.se\\\/en\\\/contact\\\/#breadcrumb\",\"itemListElement\":[{\"@type\":\"ListItem\",\"position\":1,\"name\":\"Home\",\"item\":\"https:\\\/\\\/www.botek.se\\\/en\\\/\"},{\"@type\":\"ListItem\",\"position\":2,\"name\":\"Contact\"}]},{\"@type\":\"WebSite\",\"@id\":\"https:\\\/\\\/www.botek.se\\\/#website\",\"url\":\"https:\\\/\\\/www.botek.se\\\/\",\"name\":\"Botek\",\"description\":\"\",\"publisher\":{\"@id\":\"https:\\\/\\\/www.botek.se\\\/#organization\"},\"potentialAction\":[{\"@type\":\"SearchAction\",\"target\":{\"@type\":\"EntryPoint\",\"urlTemplate\":\"https:\\\/\\\/www.botek.se\\\/?s={search_term_string}\"},\"query-input\":{\"@type\":\"PropertyValueSpecification\",\"valueRequired\":true,\"valueName\":\"search_term_string\"}}],\"inLanguage\":\"en-US\"},{\"@type\":\"Organization\",\"@id\":\"https:\\\/\\\/www.botek.se\\\/#organization\",\"name\":\"Botek\",\"url\":\"https:\\\/\\\/www.botek.se\\\/\",\"logo\":{\"@type\":\"ImageObject\",\"inLanguage\":\"en-US\",\"@id\":\"https:\\\/\\\/www.botek.se\\\/#\\\/schema\\\/logo\\\/image\\\/\",\"url\":\"https:\\\/\\\/www.botek.se\\\/wp-content\\\/uploads\\\/2023\\\/05\\\/logo.png\",\"contentUrl\":\"https:\\\/\\\/www.botek.se\\\/wp-content\\\/uploads\\\/2023\\\/05\\\/logo.png\",\"width\":594,\"height\":140,\"caption\":\"Botek\"},\"image\":{\"@id\":\"https:\\\/\\\/www.botek.se\\\/#\\\/schema\\\/logo\\\/image\\\/\"},\"sameAs\":[\"https:\\\/\\\/www.facebook.com\\\/BotekSystems\\\/\",\"https:\\\/\\\/www.linkedin.com\\\/company\\\/botek-systems-ab\\\/\",\"https:\\\/\\\/www.instagram.com\\\/boteksystemsab\\\/\"]}]}<\/script>\n<!-- \/ Yoast SEO plugin. -->","yoast_head_json":{"title":"Contact - Botek","robots":{"index":"index","follow":"follow","max-snippet":"max-snippet:-1","max-image-preview":"max-image-preview:large","max-video-preview":"max-video-preview:-1"},"canonical":"https:\/\/www.botek.se\/en\/contact\/","og_locale":"en_US","og_type":"article","og_title":"Contact - Botek","og_description":"Australia E-MAX (AUST.) PTY LTDFactory 169 Acacia RoadFerntree Gully, VICAUSTRALIA 3152 +61 1300 850 575 www.e-max.com.auinfo@e-max.com.au Bulgaria BM LEASING TRADE ADSofia 1517114 Besarabia str.BULGARIA +359 [&hellip;]","og_url":"https:\/\/www.botek.se\/en\/contact\/","og_site_name":"Botek","article_publisher":"https:\/\/www.facebook.com\/BotekSystems\/","article_modified_time":"2026-03-25T18:49:16+00:00","twitter_card":"summary_large_image","twitter_misc":{"Est. reading time":"1 minute"},"schema":{"@context":"https:\/\/schema.org","@graph":[{"@type":"WebPage","@id":"https:\/\/www.botek.se\/en\/contact\/","url":"https:\/\/www.botek.se\/en\/contact\/","name":"Contact - Botek","isPartOf":{"@id":"https:\/\/www.botek.se\/#website"},"datePublished":"2023-05-04T08:18:17+00:00","dateModified":"2026-03-25T18:49:16+00:00","breadcrumb":{"@id":"https:\/\/www.botek.se\/en\/contact\/#breadcrumb"},"inLanguage":"en-US","potentialAction":[{"@type":"ReadAction","target":["https:\/\/www.botek.se\/en\/contact\/"]}]},{"@type":"BreadcrumbList","@id":"https:\/\/www.botek.se\/en\/contact\/#breadcrumb","itemListElement":[{"@type":"ListItem","position":1,"name":"Home","item":"https:\/\/www.botek.se\/en\/"},{"@type":"ListItem","position":2,"name":"Contact"}]},{"@type":"WebSite","@id":"https:\/\/www.botek.se\/#website","url":"https:\/\/www.botek.se\/","name":"Botek","description":"","publisher":{"@id":"https:\/\/www.botek.se\/#organization"},"potentialAction":[{"@type":"SearchAction","target":{"@type":"EntryPoint","urlTemplate":"https:\/\/www.botek.se\/?s={search_term_string}"},"query-input":{"@type":"PropertyValueSpecification","valueRequired":true,"valueName":"search_term_string"}}],"inLanguage":"en-US"},{"@type":"Organization","@id":"https:\/\/www.botek.se\/#organization","name":"Botek","url":"https:\/\/www.botek.se\/","logo":{"@type":"ImageObject","inLanguage":"en-US","@id":"https:\/\/www.botek.se\/#\/schema\/logo\/image\/","url":"https:\/\/www.botek.se\/wp-content\/uploads\/2023\/05\/logo.png","contentUrl":"https:\/\/www.botek.se\/wp-content\/uploads\/2023\/05\/logo.png","width":594,"height":140,"caption":"Botek"},"image":{"@id":"https:\/\/www.botek.se\/#\/schema\/logo\/image\/"},"sameAs":["https:\/\/www.facebook.com\/BotekSystems\/","https:\/\/www.linkedin.com\/company\/botek-systems-ab\/","https:\/\/www.instagram.com\/boteksystemsab\/"]}]}},"_links":{"self":[{"href":"https:\/\/www.botek.se\/en\/wp-json\/wp\/v2\/pages\/2411","targetHints":{"allow":["GET"]}}],"collection":[{"href":"https:\/\/www.botek.se\/en\/wp-json\/wp\/v2\/pages"}],"about":[{"href":"https:\/\/www.botek.se\/en\/wp-json\/wp\/v2\/types\/page"}],"author":[{"embeddable":true,"href":"https:\/\/www.botek.se\/en\/wp-json\/wp\/v2\/users\/1"}],"replies":[{"embeddable":true,"href":"https:\/\/www.botek.se\/en\/wp-json\/wp\/v2\/comments?post=2411"}],"version-history":[{"count":49,"href":"https:\/\/www.botek.se\/en\/wp-json\/wp\/v2\/pages\/2411\/revisions"}],"predecessor-version":[{"id":5694,"href":"https:\/\/www.botek.se\/en\/wp-json\/wp\/v2\/pages\/2411\/revisions\/5694"}],"wp:attachment":[{"href":"https:\/\/www.botek.se\/en\/wp-json\/wp\/v2\/media?parent=2411"}],"curies":[{"name":"wp","href":"https:\/\/api.w.org\/{rel}","templated":true}]}}