{"id":2401,"date":"2023-05-09T15:54:05","date_gmt":"2023-05-09T13:54:05","guid":{"rendered":"https:\/\/www.botek.se\/hallbarhet\/"},"modified":"2024-01-29T09:20:54","modified_gmt":"2024-01-29T08:20:54","slug":"hallbarhet","status":"publish","type":"page","link":"https:\/\/www.botek.se\/en\/hallbarhet\/","title":{"rendered":"H\u00e5llbarhet"},"content":{"rendered":"<div class=\"container lw lw--mw-txt-left bw\"><div class=\"container__inner bw\">\n<div class=\"page-intro lw lw--mw-cntnt-pd\"> <div class=\"page-intro__inner\"> <h1>Om oss<\/h1><div class=\"preamble\"><p>Vi utvecklar, tillverkar och s\u00e4ljer fordonsmonterade v\u00e5gar med system f\u00f6r RFID-baserad t\u00f6mningsregistrering och tillh\u00f6rande programvaror f\u00f6r att planera, utf\u00f6ra och rapportera insamlingstj\u00e4nster inom avfallsindustrin.<\/p><\/div> <\/div> <\/div>\n<\/div><\/div>\n\n\n<figure class=\"wp-block-image size-full is-resized mc mc--l lw lw--mw-cntnt-pd\"><img loading=\"lazy\" decoding=\"async\" width=\"1800\" height=\"386\" src=\"https:\/\/www.botek.se\/wp-content\/uploads\/2023\/05\/botek-uhamn14_3.jpg\" alt=\"\" class=\"wp-image-1483\" style=\"width:1180px;height:253px\" srcset=\"https:\/\/www.botek.se\/wp-content\/uploads\/2023\/05\/botek-uhamn14_3.jpg 1800w, https:\/\/www.botek.se\/wp-content\/uploads\/2023\/05\/botek-uhamn14_3-300x64.jpg 300w, https:\/\/www.botek.se\/wp-content\/uploads\/2023\/05\/botek-uhamn14_3-1024x220.jpg 1024w, https:\/\/www.botek.se\/wp-content\/uploads\/2023\/05\/botek-uhamn14_3-768x165.jpg 768w, https:\/\/www.botek.se\/wp-content\/uploads\/2023\/05\/botek-uhamn14_3-1536x329.jpg 1536w\" sizes=\"auto, (max-width: 1800px) 100vw, 1800px\" \/><\/figure>\n\n\n<div class=\"container lw lw--mw-txt-left bw\"><div class=\"container__inner bw\">\n\n<p>1978 monterade Boteks grundare Bo St\u00e5lhandske f\u00f6rsta v\u00e5gen p\u00e5 en lastbil och bolaget har sedan dess utvecklats inom mobila v\u00e5gsystem. Idag syssels\u00e4tter vi ca 40 personer med avdelningar f\u00f6r systemutveckling och utveckling av elektronikkomponenter samt elektronikproduktion. Vi har mont\u00f6rer, servicetekniker samt supporttekniker och lokaler i Ulricehamn och Stockholm.<\/p>\n\n\n\n<p>Vi tror p\u00e5 flexibilitet och kan ta fram specialutvecklade l\u00f6sningar med korta ledtider. Dessutom lagerh\u00e5ller vi sj\u00e4lva alla reservdelar och d\u00e4rut\u00f6ver de vanligaste reservdelarna i konsignationslager hos utbildade serviceverkst\u00e4der.<\/p>\n\n\n\n<p>F\u00f6r den v\u00e4xande internationella marknaden samarbetar vi med \u00e5terf\u00f6rs\u00e4ljare, kompetenta och etablerade p\u00e5 deras marknad, som t\u00e4cker f\u00f6rs\u00e4ljning, installation, service och support.<\/p>\n\n\n\n<p>Vi har tv\u00e5 dotterbolag, Unisystem AB som utvecklar marina v\u00e5gar f\u00f6r fiskeindustrin och Elgab AB som utvecklar RFID-teknik.<\/p>\n\n\n\n<p>Under 2015 uppf\u00f6rde vi en ny fabrik med huvudkontor i Ulricehamn.<\/p>\n\n\n\n<p>Sedan januari 2023 \u00e4r vi en del av Beijer Tech AB.<\/p>\n\n\n\n<p>V\u00e4lkommen att bes\u00f6ka oss!<\/p>\n\n\n\n<figure class=\"wp-block-image size-full mc mc--l lw lw--mw-txt\"><img loading=\"lazy\" decoding=\"async\" width=\"350\" height=\"392\" src=\"https:\/\/www.botek.se\/wp-content\/uploads\/2023\/05\/oldtimes3-350x392-1.jpg\" alt=\"\" class=\"wp-image-1485\" srcset=\"https:\/\/www.botek.se\/wp-content\/uploads\/2023\/05\/oldtimes3-350x392-1.jpg 350w, https:\/\/www.botek.se\/wp-content\/uploads\/2023\/05\/oldtimes3-350x392-1-268x300.jpg 268w\" sizes=\"auto, (max-width: 350px) 100vw, 350px\" \/><\/figure>\n\n\n\n<h2 class=\"wp-block-heading\">V\u00e5ra system<\/h2>\n\n\n\n<p>Systemen vi utvecklar och tillverkar inkluderar digitala k\u00f6rlistor, RFID-identifiering av beh\u00e5llare och utrustning f\u00f6r automatisk v\u00e4gning av avfallet. Information om varje t\u00f6mning registreras tillsammans med eventuella avvikelser och GPS-position vilka rapporteras i realtid till kontoret.<\/p>\n\n\n\n<p>RFID-systemen \u00e4r utvecklade f\u00f6r att \u00f6ka effektiviteten genom att bland annat minska antalet missade beh\u00e5llare, undvika t\u00f6mningar hos icke betalande kunder och verifiera utf\u00f6rda tj\u00e4nster.<\/p>\n\n\n\n<p>V\u00e5gsystemen sp\u00e5rar \u00f6verfulla beh\u00e5llare och containrar och ger giltig viktdata f\u00f6r vidarefakturering. Detta ger i sin tur ett incitament att noggrannare sortera \u00e5tervinningsmaterial och minska kostnaden f\u00f6r avfall.<\/p>\n\n\n\n<p>Boteks l\u00f6sningar hj\u00e4lper avfallsentrepren\u00f6rer att uppn\u00e5 en kvalitetss\u00e4krad insamlingsprocess som leder till en effektiv verksamhet och en r\u00e4ttvis avfallstaxa.<\/p>\n\n\n\n<h2 class=\"wp-block-heading\">Flexibilitet och kvalitet<\/h2>\n\n\n\n<p>Med egen utveckling och tillverkning av b\u00e5de h\u00e5rdvara och mjukvara ges m\u00f6jlighet att utveckla och ta fram l\u00f6sningar som \u00e4r anpassade efter specifika kund\u00f6nskem\u00e5l. Vi tror p\u00e5 flexibilitet och kan ta fram specialutvecklade l\u00f6sningar med korta ledtider.<\/p>\n\n\n\n<p>I flexibilitet ing\u00e5r \u00e4ven olika integrationer och samarbeten. Genom \u00e5ren har vi integrerat v\u00e5r h\u00e5rdvara till ett stort antal olika logistik- och ruttprogram. Lyckade samarbeten med olika mjukvaruf\u00f6retag ser vi som en stor tillg\u00e5ng.<\/p>\n\n\n\n<p>Kvalitet och h\u00e5llbarhet \u00e4r ocks\u00e5 inom v\u00e5rt fokus. V\u00e5ra produkter \u00e4r utvecklade och framtestade \u00f6ver l\u00e5ng tid. Vi g\u00f6r detta utifr\u00e5n tre infallsvinklar; att utveckla och v\u00e4lja de b\u00e4sta komponenterna, att installera systemen p\u00e5 ett s\u00e4tt som skyddar och minska p\u00e5frestningar och slutligen att realtids\u00f6vervaka systemens funktion och varna vid fel f\u00f6r att kunna g\u00f6ra en snabb \u00e5tg\u00e4rd.<\/p>\n\n<\/div><\/div>","protected":false},"excerpt":{"rendered":"<p>1978 monterade Boteks grundare Bo St\u00e5lhandske f\u00f6rsta v\u00e5gen p\u00e5 en lastbil och bolaget har sedan dess utvecklats inom mobila v\u00e5gsystem. [..]<\/p>\n","protected":false},"author":1,"featured_media":0,"parent":0,"menu_order":0,"comment_status":"closed","ping_status":"closed","template":"","meta":{"_acf_changed":false,"footnotes":""},"class_list":["post-2401","page","type-page","status-publish","hentry"],"acf":[],"yoast_head":"<!-- This site is optimized with the Yoast SEO plugin v27.3 - https:\/\/yoast.com\/product\/yoast-seo-wordpress\/ -->\n<title>H\u00e5llbarhet - Botek<\/title>\n<meta name=\"robots\" content=\"index, follow, max-snippet:-1, max-image-preview:large, max-video-preview:-1\" \/>\n<link rel=\"canonical\" href=\"https:\/\/www.botek.se\/en\/hallbarhet\/\" \/>\n<meta property=\"og:locale\" content=\"en_US\" \/>\n<meta property=\"og:type\" content=\"article\" \/>\n<meta property=\"og:title\" content=\"H\u00e5llbarhet - Botek\" \/>\n<meta property=\"og:description\" content=\"1978 monterade Boteks grundare Bo St\u00e5lhandske f\u00f6rsta v\u00e5gen p\u00e5 en lastbil och bolaget har sedan dess utvecklats inom mobila v\u00e5gsystem. [..]\" \/>\n<meta property=\"og:url\" content=\"https:\/\/www.botek.se\/en\/hallbarhet\/\" \/>\n<meta property=\"og:site_name\" content=\"Botek\" \/>\n<meta property=\"article:publisher\" content=\"https:\/\/www.facebook.com\/BotekSystems\/\" \/>\n<meta property=\"article:modified_time\" content=\"2024-01-29T08:20:54+00:00\" \/>\n<meta property=\"og:image\" content=\"https:\/\/www.botek.se\/wp-content\/uploads\/2023\/05\/botek-uhamn14_3.jpg\" \/>\n<meta name=\"twitter:card\" content=\"summary_large_image\" \/>\n<meta name=\"twitter:label1\" content=\"Est. reading time\" \/>\n\t<meta name=\"twitter:data1\" content=\"3 minutes\" \/>\n<script type=\"application\/ld+json\" class=\"yoast-schema-graph\">{\"@context\":\"https:\\\/\\\/schema.org\",\"@graph\":[{\"@type\":\"WebPage\",\"@id\":\"https:\\\/\\\/www.botek.se\\\/en\\\/hallbarhet\\\/\",\"url\":\"https:\\\/\\\/www.botek.se\\\/en\\\/hallbarhet\\\/\",\"name\":\"H\u00e5llbarhet - Botek\",\"isPartOf\":{\"@id\":\"https:\\\/\\\/www.botek.se\\\/#website\"},\"primaryImageOfPage\":{\"@id\":\"https:\\\/\\\/www.botek.se\\\/en\\\/hallbarhet\\\/#primaryimage\"},\"image\":{\"@id\":\"https:\\\/\\\/www.botek.se\\\/en\\\/hallbarhet\\\/#primaryimage\"},\"thumbnailUrl\":\"https:\\\/\\\/www.botek.se\\\/wp-content\\\/uploads\\\/2023\\\/05\\\/botek-uhamn14_3.jpg\",\"datePublished\":\"2023-05-09T13:54:05+00:00\",\"dateModified\":\"2024-01-29T08:20:54+00:00\",\"breadcrumb\":{\"@id\":\"https:\\\/\\\/www.botek.se\\\/en\\\/hallbarhet\\\/#breadcrumb\"},\"inLanguage\":\"en-US\",\"potentialAction\":[{\"@type\":\"ReadAction\",\"target\":[\"https:\\\/\\\/www.botek.se\\\/en\\\/hallbarhet\\\/\"]}]},{\"@type\":\"ImageObject\",\"inLanguage\":\"en-US\",\"@id\":\"https:\\\/\\\/www.botek.se\\\/en\\\/hallbarhet\\\/#primaryimage\",\"url\":\"https:\\\/\\\/www.botek.se\\\/wp-content\\\/uploads\\\/2023\\\/05\\\/botek-uhamn14_3.jpg\",\"contentUrl\":\"https:\\\/\\\/www.botek.se\\\/wp-content\\\/uploads\\\/2023\\\/05\\\/botek-uhamn14_3.jpg\"},{\"@type\":\"BreadcrumbList\",\"@id\":\"https:\\\/\\\/www.botek.se\\\/en\\\/hallbarhet\\\/#breadcrumb\",\"itemListElement\":[{\"@type\":\"ListItem\",\"position\":1,\"name\":\"Home\",\"item\":\"https:\\\/\\\/www.botek.se\\\/en\\\/\"},{\"@type\":\"ListItem\",\"position\":2,\"name\":\"H\u00e5llbarhet\"}]},{\"@type\":\"WebSite\",\"@id\":\"https:\\\/\\\/www.botek.se\\\/#website\",\"url\":\"https:\\\/\\\/www.botek.se\\\/\",\"name\":\"Botek\",\"description\":\"\",\"publisher\":{\"@id\":\"https:\\\/\\\/www.botek.se\\\/#organization\"},\"potentialAction\":[{\"@type\":\"SearchAction\",\"target\":{\"@type\":\"EntryPoint\",\"urlTemplate\":\"https:\\\/\\\/www.botek.se\\\/?s={search_term_string}\"},\"query-input\":{\"@type\":\"PropertyValueSpecification\",\"valueRequired\":true,\"valueName\":\"search_term_string\"}}],\"inLanguage\":\"en-US\"},{\"@type\":\"Organization\",\"@id\":\"https:\\\/\\\/www.botek.se\\\/#organization\",\"name\":\"Botek\",\"url\":\"https:\\\/\\\/www.botek.se\\\/\",\"logo\":{\"@type\":\"ImageObject\",\"inLanguage\":\"en-US\",\"@id\":\"https:\\\/\\\/www.botek.se\\\/#\\\/schema\\\/logo\\\/image\\\/\",\"url\":\"https:\\\/\\\/www.botek.se\\\/wp-content\\\/uploads\\\/2023\\\/05\\\/logo.png\",\"contentUrl\":\"https:\\\/\\\/www.botek.se\\\/wp-content\\\/uploads\\\/2023\\\/05\\\/logo.png\",\"width\":594,\"height\":140,\"caption\":\"Botek\"},\"image\":{\"@id\":\"https:\\\/\\\/www.botek.se\\\/#\\\/schema\\\/logo\\\/image\\\/\"},\"sameAs\":[\"https:\\\/\\\/www.facebook.com\\\/BotekSystems\\\/\",\"https:\\\/\\\/www.linkedin.com\\\/company\\\/botek-systems-ab\\\/\",\"https:\\\/\\\/www.instagram.com\\\/boteksystemsab\\\/\"]}]}<\/script>\n<!-- \/ Yoast SEO plugin. -->","yoast_head_json":{"title":"H\u00e5llbarhet - Botek","robots":{"index":"index","follow":"follow","max-snippet":"max-snippet:-1","max-image-preview":"max-image-preview:large","max-video-preview":"max-video-preview:-1"},"canonical":"https:\/\/www.botek.se\/en\/hallbarhet\/","og_locale":"en_US","og_type":"article","og_title":"H\u00e5llbarhet - Botek","og_description":"1978 monterade Boteks grundare Bo St\u00e5lhandske f\u00f6rsta v\u00e5gen p\u00e5 en lastbil och bolaget har sedan dess utvecklats inom mobila v\u00e5gsystem. [..]","og_url":"https:\/\/www.botek.se\/en\/hallbarhet\/","og_site_name":"Botek","article_publisher":"https:\/\/www.facebook.com\/BotekSystems\/","article_modified_time":"2024-01-29T08:20:54+00:00","og_image":[{"url":"https:\/\/www.botek.se\/wp-content\/uploads\/2023\/05\/botek-uhamn14_3.jpg","type":"","width":"","height":""}],"twitter_card":"summary_large_image","twitter_misc":{"Est. reading time":"3 minutes"},"schema":{"@context":"https:\/\/schema.org","@graph":[{"@type":"WebPage","@id":"https:\/\/www.botek.se\/en\/hallbarhet\/","url":"https:\/\/www.botek.se\/en\/hallbarhet\/","name":"H\u00e5llbarhet - Botek","isPartOf":{"@id":"https:\/\/www.botek.se\/#website"},"primaryImageOfPage":{"@id":"https:\/\/www.botek.se\/en\/hallbarhet\/#primaryimage"},"image":{"@id":"https:\/\/www.botek.se\/en\/hallbarhet\/#primaryimage"},"thumbnailUrl":"https:\/\/www.botek.se\/wp-content\/uploads\/2023\/05\/botek-uhamn14_3.jpg","datePublished":"2023-05-09T13:54:05+00:00","dateModified":"2024-01-29T08:20:54+00:00","breadcrumb":{"@id":"https:\/\/www.botek.se\/en\/hallbarhet\/#breadcrumb"},"inLanguage":"en-US","potentialAction":[{"@type":"ReadAction","target":["https:\/\/www.botek.se\/en\/hallbarhet\/"]}]},{"@type":"ImageObject","inLanguage":"en-US","@id":"https:\/\/www.botek.se\/en\/hallbarhet\/#primaryimage","url":"https:\/\/www.botek.se\/wp-content\/uploads\/2023\/05\/botek-uhamn14_3.jpg","contentUrl":"https:\/\/www.botek.se\/wp-content\/uploads\/2023\/05\/botek-uhamn14_3.jpg"},{"@type":"BreadcrumbList","@id":"https:\/\/www.botek.se\/en\/hallbarhet\/#breadcrumb","itemListElement":[{"@type":"ListItem","position":1,"name":"Home","item":"https:\/\/www.botek.se\/en\/"},{"@type":"ListItem","position":2,"name":"H\u00e5llbarhet"}]},{"@type":"WebSite","@id":"https:\/\/www.botek.se\/#website","url":"https:\/\/www.botek.se\/","name":"Botek","description":"","publisher":{"@id":"https:\/\/www.botek.se\/#organization"},"potentialAction":[{"@type":"SearchAction","target":{"@type":"EntryPoint","urlTemplate":"https:\/\/www.botek.se\/?s={search_term_string}"},"query-input":{"@type":"PropertyValueSpecification","valueRequired":true,"valueName":"search_term_string"}}],"inLanguage":"en-US"},{"@type":"Organization","@id":"https:\/\/www.botek.se\/#organization","name":"Botek","url":"https:\/\/www.botek.se\/","logo":{"@type":"ImageObject","inLanguage":"en-US","@id":"https:\/\/www.botek.se\/#\/schema\/logo\/image\/","url":"https:\/\/www.botek.se\/wp-content\/uploads\/2023\/05\/logo.png","contentUrl":"https:\/\/www.botek.se\/wp-content\/uploads\/2023\/05\/logo.png","width":594,"height":140,"caption":"Botek"},"image":{"@id":"https:\/\/www.botek.se\/#\/schema\/logo\/image\/"},"sameAs":["https:\/\/www.facebook.com\/BotekSystems\/","https:\/\/www.linkedin.com\/company\/botek-systems-ab\/","https:\/\/www.instagram.com\/boteksystemsab\/"]}]}},"_links":{"self":[{"href":"https:\/\/www.botek.se\/en\/wp-json\/wp\/v2\/pages\/2401","targetHints":{"allow":["GET"]}}],"collection":[{"href":"https:\/\/www.botek.se\/en\/wp-json\/wp\/v2\/pages"}],"about":[{"href":"https:\/\/www.botek.se\/en\/wp-json\/wp\/v2\/types\/page"}],"author":[{"embeddable":true,"href":"https:\/\/www.botek.se\/en\/wp-json\/wp\/v2\/users\/1"}],"replies":[{"embeddable":true,"href":"https:\/\/www.botek.se\/en\/wp-json\/wp\/v2\/comments?post=2401"}],"version-history":[{"count":4,"href":"https:\/\/www.botek.se\/en\/wp-json\/wp\/v2\/pages\/2401\/revisions"}],"predecessor-version":[{"id":2405,"href":"https:\/\/www.botek.se\/en\/wp-json\/wp\/v2\/pages\/2401\/revisions\/2405"}],"wp:attachment":[{"href":"https:\/\/www.botek.se\/en\/wp-json\/wp\/v2\/media?parent=2401"}],"curies":[{"name":"wp","href":"https:\/\/api.w.org\/{rel}","templated":true}]}}